{"id":3589,"date":"2024-07-20T11:46:28","date_gmt":"2024-07-20T09:46:28","guid":{"rendered":"https:\/\/art-et-culture-du-monde.fr\/blog\/produit\/mug-brillant-noir-2\/"},"modified":"2024-07-21T12:14:12","modified_gmt":"2024-07-21T10:14:12","slug":"mug-brillant-noir-2","status":"publish","type":"product","link":"https:\/\/art-et-culture-du-monde.fr\/blog\/produit\/mug-brillant-noir-2\/","title":{"rendered":"Mug brillant noir avec Harfang des neiges"},"content":{"rendered":"<p>Cet essentiel de votre placard est robuste, \u00e9l\u00e9gant et parfait pour votre caf\u00e9 du matin ou votre th\u00e9 de l&rsquo;apr\u00e8s-midi.<\/p>\n<p>\u2022 C\u00e9ramique<br \/>\n\u2022 Dimensions de la tasse de 11\u00a0oz\u00a0:\u00a0hauteur 9,8\u00a0cm (3,85 \u00ab\u00a0), diam\u00e8tre 8,5\u00a0cm (3,35\u00a0\u00ab\u00a0)<br \/>\n\u2022 Dimensions de la tasse de 15\u00a0oz\u00a0:\u00a0hauteur 12\u00a0cm (4,7\u00a0\u00ab\u00a0), diam\u00e8tre 8,5\u00a0cm (3,35\u00a0\u00ab\u00a0)<br \/>\n\u2022 Fini brillant<br \/>\n\u2022 Ne passe PAS au lave-vaisselle ou au micro-ondes<br \/>\n\u2022 Lavage \u00e0 la main uniquement<\/p>\n","protected":false},"excerpt":{"rendered":"<p>Cet essentiel de votre placard est robuste, \u00e9l\u00e9gant et parfait pour votre caf\u00e9 du matin ou votre th\u00e9 de l&rsquo;apr\u00e8s-midi. \u2022 C\u00e9ramique \u2022 Dimensions de la tasse de 11\u00a0oz\u00a0:\u00a0hauteur 9,8\u00a0cm (3,85 \u00ab\u00a0), diam\u00e8tre 8,5\u00a0cm (3,35\u00a0\u00ab\u00a0) \u2022 Dimensions de la tasse de 15\u00a0oz\u00a0:\u00a0hauteur 12\u00a0cm (4,7\u00a0\u00ab\u00a0), diam\u00e8tre 8,5\u00a0cm (3,35\u00a0\u00ab\u00a0) \u2022 Fini brillant \u2022 Ne passe PAS au [&hellip;]<\/p>\n","protected":false},"featured_media":3593,"comment_status":"open","ping_status":"closed","template":"","meta":{"_et_pb_use_builder":"","_et_pb_old_content":"","_et_gb_content_width":"","jetpack_publicize_message":"","jetpack_publicize_feature_enabled":true,"jetpack_social_post_already_shared":true,"jetpack_social_options":{"image_generator_settings":{"template":"highway","default_image_id":0,"font":"","enabled":false},"version":2}},"product_brand":[],"product_cat":[59,53],"product_tag":[],"class_list":{"0":"post-3589","1":"product","2":"type-product","3":"status-publish","4":"has-post-thumbnail","6":"product_cat-mugs","7":"product_cat-rapaces","8":"product_shipping_class-colis-lourd","10":"first","11":"instock","12":"shipping-taxable","13":"purchasable","14":"product-type-variable"},"yoast_head":"<!-- This site is optimized with the Yoast SEO plugin v27.2 - https:\/\/yoast.com\/product\/yoast-seo-wordpress\/ -->\n<title>Mug brillant noir avec Harfang des neiges - La Nature d&#039;Eric<\/title>\n<meta name=\"description\" content=\"Mug noir avec l&#039;Harfang des neiges, la chouette d&#039;Harry Potter...\" \/>\n<meta name=\"robots\" content=\"index, follow, max-snippet:-1, max-image-preview:large, max-video-preview:-1\" \/>\n<link rel=\"canonical\" href=\"https:\/\/art-et-culture-du-monde.fr\/blog\/produit\/mug-brillant-noir-2\/\" \/>\n<meta property=\"og:locale\" content=\"fr_FR\" \/>\n<meta property=\"og:type\" content=\"article\" \/>\n<meta property=\"og:title\" content=\"Mug brillant noir avec Harfang des neiges - La Nature d&#039;Eric\" \/>\n<meta property=\"og:description\" content=\"Mug noir avec l&#039;Harfang des neiges, la chouette d&#039;Harry Potter...\" \/>\n<meta property=\"og:url\" content=\"https:\/\/art-et-culture-du-monde.fr\/blog\/produit\/mug-brillant-noir-2\/\" \/>\n<meta property=\"og:site_name\" content=\"La Nature d&#039;Eric\" \/>\n<meta property=\"article:publisher\" content=\"https:\/\/www.facebook.com\/Art-et-Culture-du-Monde-ACM-175103796680\/\" \/>\n<meta property=\"article:modified_time\" content=\"2024-07-21T10:14:12+00:00\" \/>\n<meta property=\"og:image\" content=\"https:\/\/art-et-culture-du-monde.fr\/blog\/wp-content\/uploads\/2024\/07\/black-glossy-mug-black-11-oz-front-669b8760372c4.jpg\" \/>\n\t<meta property=\"og:image:width\" content=\"2000\" \/>\n\t<meta property=\"og:image:height\" content=\"2000\" \/>\n\t<meta property=\"og:image:type\" content=\"image\/jpeg\" \/>\n<meta name=\"twitter:card\" content=\"summary_large_image\" \/>\n<meta name=\"twitter:label1\" content=\"Dur\u00e9e de lecture estim\u00e9e\" \/>\n\t<meta name=\"twitter:data1\" content=\"1 minute\" \/>\n<script type=\"application\/ld+json\" class=\"yoast-schema-graph\">{\"@context\":\"https:\/\/schema.org\",\"@graph\":[{\"@type\":\"WebPage\",\"@id\":\"https:\/\/art-et-culture-du-monde.fr\/blog\/produit\/mug-brillant-noir-2\/\",\"url\":\"https:\/\/art-et-culture-du-monde.fr\/blog\/produit\/mug-brillant-noir-2\/\",\"name\":\"Mug brillant noir avec Harfang des neiges - La Nature d&#039;Eric\",\"isPartOf\":{\"@id\":\"https:\/\/art-et-culture-du-monde.fr\/blog\/#website\"},\"primaryImageOfPage\":{\"@id\":\"https:\/\/art-et-culture-du-monde.fr\/blog\/produit\/mug-brillant-noir-2\/#primaryimage\"},\"image\":{\"@id\":\"https:\/\/art-et-culture-du-monde.fr\/blog\/produit\/mug-brillant-noir-2\/#primaryimage\"},\"thumbnailUrl\":\"https:\/\/art-et-culture-du-monde.fr\/blog\/wp-content\/uploads\/2024\/07\/black-glossy-mug-black-11-oz-front-669b8760372c4.jpg\",\"datePublished\":\"2024-07-20T09:46:28+00:00\",\"dateModified\":\"2024-07-21T10:14:12+00:00\",\"description\":\"Mug noir avec l'Harfang des neiges, la chouette d'Harry Potter...\",\"breadcrumb\":{\"@id\":\"https:\/\/art-et-culture-du-monde.fr\/blog\/produit\/mug-brillant-noir-2\/#breadcrumb\"},\"inLanguage\":\"fr-FR\",\"potentialAction\":[{\"@type\":\"ReadAction\",\"target\":[\"https:\/\/art-et-culture-du-monde.fr\/blog\/produit\/mug-brillant-noir-2\/\"]}]},{\"@type\":\"ImageObject\",\"inLanguage\":\"fr-FR\",\"@id\":\"https:\/\/art-et-culture-du-monde.fr\/blog\/produit\/mug-brillant-noir-2\/#primaryimage\",\"url\":\"https:\/\/art-et-culture-du-monde.fr\/blog\/wp-content\/uploads\/2024\/07\/black-glossy-mug-black-11-oz-front-669b8760372c4.jpg\",\"contentUrl\":\"https:\/\/art-et-culture-du-monde.fr\/blog\/wp-content\/uploads\/2024\/07\/black-glossy-mug-black-11-oz-front-669b8760372c4.jpg\",\"width\":2000,\"height\":2000},{\"@type\":\"BreadcrumbList\",\"@id\":\"https:\/\/art-et-culture-du-monde.fr\/blog\/produit\/mug-brillant-noir-2\/#breadcrumb\",\"itemListElement\":[{\"@type\":\"ListItem\",\"position\":1,\"name\":\"Accueil\",\"item\":\"https:\/\/art-et-culture-du-monde.fr\/blog\/\"},{\"@type\":\"ListItem\",\"position\":2,\"name\":\"Boutique\",\"item\":\"https:\/\/art-et-culture-du-monde.fr\/blog\/boutique\/\"},{\"@type\":\"ListItem\",\"position\":3,\"name\":\"Mug brillant noir avec Harfang des neiges\"}]},{\"@type\":\"WebSite\",\"@id\":\"https:\/\/art-et-culture-du-monde.fr\/blog\/#website\",\"url\":\"https:\/\/art-et-culture-du-monde.fr\/blog\/\",\"name\":\"La Nature d&#039;Eric\",\"description\":\"D\u00e9couvrir - Partager - Pr\u00e9server\",\"potentialAction\":[{\"@type\":\"SearchAction\",\"target\":{\"@type\":\"EntryPoint\",\"urlTemplate\":\"https:\/\/art-et-culture-du-monde.fr\/blog\/?s={search_term_string}\"},\"query-input\":{\"@type\":\"PropertyValueSpecification\",\"valueRequired\":true,\"valueName\":\"search_term_string\"}}],\"inLanguage\":\"fr-FR\"}]}<\/script>\n<!-- \/ Yoast SEO plugin. -->","yoast_head_json":{"title":"Mug brillant noir avec Harfang des neiges - La Nature d&#039;Eric","description":"Mug noir avec l'Harfang des neiges, la chouette d'Harry Potter...","robots":{"index":"index","follow":"follow","max-snippet":"max-snippet:-1","max-image-preview":"max-image-preview:large","max-video-preview":"max-video-preview:-1"},"canonical":"https:\/\/art-et-culture-du-monde.fr\/blog\/produit\/mug-brillant-noir-2\/","og_locale":"fr_FR","og_type":"article","og_title":"Mug brillant noir avec Harfang des neiges - La Nature d&#039;Eric","og_description":"Mug noir avec l'Harfang des neiges, la chouette d'Harry Potter...","og_url":"https:\/\/art-et-culture-du-monde.fr\/blog\/produit\/mug-brillant-noir-2\/","og_site_name":"La Nature d&#039;Eric","article_publisher":"https:\/\/www.facebook.com\/Art-et-Culture-du-Monde-ACM-175103796680\/","article_modified_time":"2024-07-21T10:14:12+00:00","og_image":[{"width":2000,"height":2000,"url":"https:\/\/art-et-culture-du-monde.fr\/blog\/wp-content\/uploads\/2024\/07\/black-glossy-mug-black-11-oz-front-669b8760372c4.jpg","type":"image\/jpeg"}],"twitter_card":"summary_large_image","twitter_misc":{"Dur\u00e9e de lecture estim\u00e9e":"1 minute"},"schema":{"@context":"https:\/\/schema.org","@graph":[{"@type":"WebPage","@id":"https:\/\/art-et-culture-du-monde.fr\/blog\/produit\/mug-brillant-noir-2\/","url":"https:\/\/art-et-culture-du-monde.fr\/blog\/produit\/mug-brillant-noir-2\/","name":"Mug brillant noir avec Harfang des neiges - La Nature d&#039;Eric","isPartOf":{"@id":"https:\/\/art-et-culture-du-monde.fr\/blog\/#website"},"primaryImageOfPage":{"@id":"https:\/\/art-et-culture-du-monde.fr\/blog\/produit\/mug-brillant-noir-2\/#primaryimage"},"image":{"@id":"https:\/\/art-et-culture-du-monde.fr\/blog\/produit\/mug-brillant-noir-2\/#primaryimage"},"thumbnailUrl":"https:\/\/art-et-culture-du-monde.fr\/blog\/wp-content\/uploads\/2024\/07\/black-glossy-mug-black-11-oz-front-669b8760372c4.jpg","datePublished":"2024-07-20T09:46:28+00:00","dateModified":"2024-07-21T10:14:12+00:00","description":"Mug noir avec l'Harfang des neiges, la chouette d'Harry Potter...","breadcrumb":{"@id":"https:\/\/art-et-culture-du-monde.fr\/blog\/produit\/mug-brillant-noir-2\/#breadcrumb"},"inLanguage":"fr-FR","potentialAction":[{"@type":"ReadAction","target":["https:\/\/art-et-culture-du-monde.fr\/blog\/produit\/mug-brillant-noir-2\/"]}]},{"@type":"ImageObject","inLanguage":"fr-FR","@id":"https:\/\/art-et-culture-du-monde.fr\/blog\/produit\/mug-brillant-noir-2\/#primaryimage","url":"https:\/\/art-et-culture-du-monde.fr\/blog\/wp-content\/uploads\/2024\/07\/black-glossy-mug-black-11-oz-front-669b8760372c4.jpg","contentUrl":"https:\/\/art-et-culture-du-monde.fr\/blog\/wp-content\/uploads\/2024\/07\/black-glossy-mug-black-11-oz-front-669b8760372c4.jpg","width":2000,"height":2000},{"@type":"BreadcrumbList","@id":"https:\/\/art-et-culture-du-monde.fr\/blog\/produit\/mug-brillant-noir-2\/#breadcrumb","itemListElement":[{"@type":"ListItem","position":1,"name":"Accueil","item":"https:\/\/art-et-culture-du-monde.fr\/blog\/"},{"@type":"ListItem","position":2,"name":"Boutique","item":"https:\/\/art-et-culture-du-monde.fr\/blog\/boutique\/"},{"@type":"ListItem","position":3,"name":"Mug brillant noir avec Harfang des neiges"}]},{"@type":"WebSite","@id":"https:\/\/art-et-culture-du-monde.fr\/blog\/#website","url":"https:\/\/art-et-culture-du-monde.fr\/blog\/","name":"La Nature d&#039;Eric","description":"D\u00e9couvrir - Partager - Pr\u00e9server","potentialAction":[{"@type":"SearchAction","target":{"@type":"EntryPoint","urlTemplate":"https:\/\/art-et-culture-du-monde.fr\/blog\/?s={search_term_string}"},"query-input":{"@type":"PropertyValueSpecification","valueRequired":true,"valueName":"search_term_string"}}],"inLanguage":"fr-FR"}]}},"jetpack_publicize_connections":[],"jetpack-related-posts":[],"jetpack_sharing_enabled":true,"_links":{"self":[{"href":"https:\/\/art-et-culture-du-monde.fr\/blog\/wp-json\/wp\/v2\/product\/3589","targetHints":{"allow":["GET"]}}],"collection":[{"href":"https:\/\/art-et-culture-du-monde.fr\/blog\/wp-json\/wp\/v2\/product"}],"about":[{"href":"https:\/\/art-et-culture-du-monde.fr\/blog\/wp-json\/wp\/v2\/types\/product"}],"replies":[{"embeddable":true,"href":"https:\/\/art-et-culture-du-monde.fr\/blog\/wp-json\/wp\/v2\/comments?post=3589"}],"wp:featuredmedia":[{"embeddable":true,"href":"https:\/\/art-et-culture-du-monde.fr\/blog\/wp-json\/wp\/v2\/media\/3593"}],"wp:attachment":[{"href":"https:\/\/art-et-culture-du-monde.fr\/blog\/wp-json\/wp\/v2\/media?parent=3589"}],"wp:term":[{"taxonomy":"product_brand","embeddable":true,"href":"https:\/\/art-et-culture-du-monde.fr\/blog\/wp-json\/wp\/v2\/product_brand?post=3589"},{"taxonomy":"product_cat","embeddable":true,"href":"https:\/\/art-et-culture-du-monde.fr\/blog\/wp-json\/wp\/v2\/product_cat?post=3589"},{"taxonomy":"product_tag","embeddable":true,"href":"https:\/\/art-et-culture-du-monde.fr\/blog\/wp-json\/wp\/v2\/product_tag?post=3589"}],"curies":[{"name":"wp","href":"https:\/\/api.w.org\/{rel}","templated":true}]}}