{"id":3245,"date":"2021-09-26T22:42:52","date_gmt":"2021-09-26T20:42:52","guid":{"rendered":"https:\/\/art-et-culture-du-monde.fr\/blog\/?post_type=product&#038;p=3245"},"modified":"2024-04-30T23:53:34","modified_gmt":"2024-04-30T21:53:34","slug":"chouette-hulotte","status":"publish","type":"product","link":"https:\/\/art-et-culture-du-monde.fr\/blog\/produit\/chouette-hulotte\/","title":{"rendered":"Chouette Hulotte"},"content":{"rendered":"<p><strong>Dans les yeux d&rsquo;une chouette Hulotte.<\/strong> Tirage 20&#215;30 cm<\/p>\n<p>Oiseau qui pr\u00e9f\u00e8re les zones foresti\u00e8res et qui ne d\u00e9daigne pas de manger d&rsquo;autres rapaces nocturnes plus petits. A noter que les petits de la Hulotte quittent parfois le nid avant de savoir voler. Il ne faut donc pas s&rsquo;inqui\u00e9ter si vous trouvez des petits au sol. Les parents ne sont probablement pas loin !<\/p>\n<p>Donc, ne touchez pas les petits saufs s&rsquo;ils sont en danger imm\u00e9diat, parce que sur un bord de route par exemple. Dans ce cas, juste les poser un peu plus loin sur une branche basse. Et ne tra\u00eenez pas car les parents n&rsquo;h\u00e9siteront pas \u00e0 attaquer s&rsquo;ils pensent leurs petits en danger.<\/p>\n<p>Ces d\u00e9ratiseurs hors pair m\u00e9ritent toute notre consid\u00e9ration. Entendre son \u00ab\u00a0Hou-hou\u00a0\u00bb caract\u00e9ristique indique que cette chouette veille sur votre sommeil.<\/p>\n<p>Si celle-ci a un plumage plut\u00f4t marron, certaines peuvent aussi tirer sur le gris.<\/p>\n<p>Il n&rsquo;y a aucun filigrane sur le tirage envoy\u00e9.<\/p>\n<p>&nbsp;<\/p>\n","protected":false},"excerpt":{"rendered":"<p>Dans les yeux d&rsquo;une chouette Hulotte. Tirage 20&#215;30 cm<\/p>\n<p>D\u00e9lai de livraison 15 jours.<\/p>\n","protected":false},"featured_media":3246,"comment_status":"open","ping_status":"closed","template":"","meta":{"_et_pb_use_builder":"","_et_pb_old_content":"","_et_gb_content_width":"","jetpack_publicize_message":"","jetpack_publicize_feature_enabled":true,"jetpack_social_post_already_shared":false,"jetpack_social_options":{"image_generator_settings":{"template":"highway","default_image_id":0,"font":"","enabled":false},"version":2}},"product_brand":[],"product_cat":[53],"product_tag":[],"class_list":{"0":"post-3245","1":"product","2":"type-product","3":"status-publish","4":"has-post-thumbnail","6":"product_cat-rapaces","8":"first","9":"instock","10":"shipping-taxable","11":"purchasable","12":"product-type-simple"},"yoast_head":"<!-- This site is optimized with the Yoast SEO plugin v27.2 - https:\/\/yoast.com\/product\/yoast-seo-wordpress\/ -->\n<title>Chouette Hulotte<\/title>\n<meta name=\"description\" content=\"Dans les yeux d&#039;une chouette Hulotte. Tirage 20x30 cm\" \/>\n<meta name=\"robots\" content=\"index, follow, max-snippet:-1, max-image-preview:large, max-video-preview:-1\" \/>\n<link rel=\"canonical\" href=\"https:\/\/art-et-culture-du-monde.fr\/blog\/produit\/chouette-hulotte\/\" \/>\n<meta property=\"og:locale\" content=\"fr_FR\" \/>\n<meta property=\"og:type\" content=\"article\" \/>\n<meta property=\"og:title\" content=\"Chouette Hulotte\" \/>\n<meta property=\"og:description\" content=\"Dans les yeux d&#039;une chouette Hulotte. Tirage 20x30 cm\" \/>\n<meta property=\"og:url\" content=\"https:\/\/art-et-culture-du-monde.fr\/blog\/produit\/chouette-hulotte\/\" \/>\n<meta property=\"og:site_name\" content=\"La Nature d&#039;Eric\" \/>\n<meta property=\"article:publisher\" content=\"https:\/\/www.facebook.com\/Art-et-Culture-du-Monde-ACM-175103796680\/\" \/>\n<meta property=\"article:modified_time\" content=\"2024-04-30T21:53:34+00:00\" \/>\n<meta property=\"og:image\" content=\"https:\/\/art-et-culture-du-monde.fr\/blog\/wp-content\/uploads\/2021\/09\/IMG_9081_red_filigranee.jpg\" \/>\n\t<meta property=\"og:image:width\" content=\"800\" \/>\n\t<meta property=\"og:image:height\" content=\"533\" \/>\n\t<meta property=\"og:image:type\" content=\"image\/jpeg\" \/>\n<meta name=\"twitter:card\" content=\"summary_large_image\" \/>\n<meta name=\"twitter:label1\" content=\"Dur\u00e9e de lecture estim\u00e9e\" \/>\n\t<meta name=\"twitter:data1\" content=\"1 minute\" \/>\n<script type=\"application\/ld+json\" class=\"yoast-schema-graph\">{\"@context\":\"https:\/\/schema.org\",\"@graph\":[{\"@type\":\"WebPage\",\"@id\":\"https:\/\/art-et-culture-du-monde.fr\/blog\/produit\/chouette-hulotte\/\",\"url\":\"https:\/\/art-et-culture-du-monde.fr\/blog\/produit\/chouette-hulotte\/\",\"name\":\"Chouette Hulotte\",\"isPartOf\":{\"@id\":\"https:\/\/art-et-culture-du-monde.fr\/blog\/#website\"},\"primaryImageOfPage\":{\"@id\":\"https:\/\/art-et-culture-du-monde.fr\/blog\/produit\/chouette-hulotte\/#primaryimage\"},\"image\":{\"@id\":\"https:\/\/art-et-culture-du-monde.fr\/blog\/produit\/chouette-hulotte\/#primaryimage\"},\"thumbnailUrl\":\"https:\/\/art-et-culture-du-monde.fr\/blog\/wp-content\/uploads\/2021\/09\/IMG_9081_red_filigranee.jpg\",\"datePublished\":\"2021-09-26T20:42:52+00:00\",\"dateModified\":\"2024-04-30T21:53:34+00:00\",\"description\":\"Dans les yeux d'une chouette Hulotte. Tirage 20x30 cm\",\"breadcrumb\":{\"@id\":\"https:\/\/art-et-culture-du-monde.fr\/blog\/produit\/chouette-hulotte\/#breadcrumb\"},\"inLanguage\":\"fr-FR\",\"potentialAction\":[{\"@type\":\"ReadAction\",\"target\":[\"https:\/\/art-et-culture-du-monde.fr\/blog\/produit\/chouette-hulotte\/\"]}]},{\"@type\":\"ImageObject\",\"inLanguage\":\"fr-FR\",\"@id\":\"https:\/\/art-et-culture-du-monde.fr\/blog\/produit\/chouette-hulotte\/#primaryimage\",\"url\":\"https:\/\/art-et-culture-du-monde.fr\/blog\/wp-content\/uploads\/2021\/09\/IMG_9081_red_filigranee.jpg\",\"contentUrl\":\"https:\/\/art-et-culture-du-monde.fr\/blog\/wp-content\/uploads\/2021\/09\/IMG_9081_red_filigranee.jpg\",\"width\":800,\"height\":533,\"caption\":\"Chouette Hulotte\"},{\"@type\":\"BreadcrumbList\",\"@id\":\"https:\/\/art-et-culture-du-monde.fr\/blog\/produit\/chouette-hulotte\/#breadcrumb\",\"itemListElement\":[{\"@type\":\"ListItem\",\"position\":1,\"name\":\"Accueil\",\"item\":\"https:\/\/art-et-culture-du-monde.fr\/blog\/\"},{\"@type\":\"ListItem\",\"position\":2,\"name\":\"Boutique\",\"item\":\"https:\/\/art-et-culture-du-monde.fr\/blog\/boutique\/\"},{\"@type\":\"ListItem\",\"position\":3,\"name\":\"Chouette Hulotte\"}]},{\"@type\":\"WebSite\",\"@id\":\"https:\/\/art-et-culture-du-monde.fr\/blog\/#website\",\"url\":\"https:\/\/art-et-culture-du-monde.fr\/blog\/\",\"name\":\"La Nature d&#039;Eric\",\"description\":\"D\u00e9couvrir - Partager - Pr\u00e9server\",\"potentialAction\":[{\"@type\":\"SearchAction\",\"target\":{\"@type\":\"EntryPoint\",\"urlTemplate\":\"https:\/\/art-et-culture-du-monde.fr\/blog\/?s={search_term_string}\"},\"query-input\":{\"@type\":\"PropertyValueSpecification\",\"valueRequired\":true,\"valueName\":\"search_term_string\"}}],\"inLanguage\":\"fr-FR\"}]}<\/script>\n<!-- \/ Yoast SEO plugin. -->","yoast_head_json":{"title":"Chouette Hulotte","description":"Dans les yeux d'une chouette Hulotte. Tirage 20x30 cm","robots":{"index":"index","follow":"follow","max-snippet":"max-snippet:-1","max-image-preview":"max-image-preview:large","max-video-preview":"max-video-preview:-1"},"canonical":"https:\/\/art-et-culture-du-monde.fr\/blog\/produit\/chouette-hulotte\/","og_locale":"fr_FR","og_type":"article","og_title":"Chouette Hulotte","og_description":"Dans les yeux d'une chouette Hulotte. Tirage 20x30 cm","og_url":"https:\/\/art-et-culture-du-monde.fr\/blog\/produit\/chouette-hulotte\/","og_site_name":"La Nature d&#039;Eric","article_publisher":"https:\/\/www.facebook.com\/Art-et-Culture-du-Monde-ACM-175103796680\/","article_modified_time":"2024-04-30T21:53:34+00:00","og_image":[{"width":800,"height":533,"url":"https:\/\/art-et-culture-du-monde.fr\/blog\/wp-content\/uploads\/2021\/09\/IMG_9081_red_filigranee.jpg","type":"image\/jpeg"}],"twitter_card":"summary_large_image","twitter_misc":{"Dur\u00e9e de lecture estim\u00e9e":"1 minute"},"schema":{"@context":"https:\/\/schema.org","@graph":[{"@type":"WebPage","@id":"https:\/\/art-et-culture-du-monde.fr\/blog\/produit\/chouette-hulotte\/","url":"https:\/\/art-et-culture-du-monde.fr\/blog\/produit\/chouette-hulotte\/","name":"Chouette Hulotte","isPartOf":{"@id":"https:\/\/art-et-culture-du-monde.fr\/blog\/#website"},"primaryImageOfPage":{"@id":"https:\/\/art-et-culture-du-monde.fr\/blog\/produit\/chouette-hulotte\/#primaryimage"},"image":{"@id":"https:\/\/art-et-culture-du-monde.fr\/blog\/produit\/chouette-hulotte\/#primaryimage"},"thumbnailUrl":"https:\/\/art-et-culture-du-monde.fr\/blog\/wp-content\/uploads\/2021\/09\/IMG_9081_red_filigranee.jpg","datePublished":"2021-09-26T20:42:52+00:00","dateModified":"2024-04-30T21:53:34+00:00","description":"Dans les yeux d'une chouette Hulotte. Tirage 20x30 cm","breadcrumb":{"@id":"https:\/\/art-et-culture-du-monde.fr\/blog\/produit\/chouette-hulotte\/#breadcrumb"},"inLanguage":"fr-FR","potentialAction":[{"@type":"ReadAction","target":["https:\/\/art-et-culture-du-monde.fr\/blog\/produit\/chouette-hulotte\/"]}]},{"@type":"ImageObject","inLanguage":"fr-FR","@id":"https:\/\/art-et-culture-du-monde.fr\/blog\/produit\/chouette-hulotte\/#primaryimage","url":"https:\/\/art-et-culture-du-monde.fr\/blog\/wp-content\/uploads\/2021\/09\/IMG_9081_red_filigranee.jpg","contentUrl":"https:\/\/art-et-culture-du-monde.fr\/blog\/wp-content\/uploads\/2021\/09\/IMG_9081_red_filigranee.jpg","width":800,"height":533,"caption":"Chouette Hulotte"},{"@type":"BreadcrumbList","@id":"https:\/\/art-et-culture-du-monde.fr\/blog\/produit\/chouette-hulotte\/#breadcrumb","itemListElement":[{"@type":"ListItem","position":1,"name":"Accueil","item":"https:\/\/art-et-culture-du-monde.fr\/blog\/"},{"@type":"ListItem","position":2,"name":"Boutique","item":"https:\/\/art-et-culture-du-monde.fr\/blog\/boutique\/"},{"@type":"ListItem","position":3,"name":"Chouette Hulotte"}]},{"@type":"WebSite","@id":"https:\/\/art-et-culture-du-monde.fr\/blog\/#website","url":"https:\/\/art-et-culture-du-monde.fr\/blog\/","name":"La Nature d&#039;Eric","description":"D\u00e9couvrir - Partager - Pr\u00e9server","potentialAction":[{"@type":"SearchAction","target":{"@type":"EntryPoint","urlTemplate":"https:\/\/art-et-culture-du-monde.fr\/blog\/?s={search_term_string}"},"query-input":{"@type":"PropertyValueSpecification","valueRequired":true,"valueName":"search_term_string"}}],"inLanguage":"fr-FR"}]}},"jetpack_publicize_connections":[],"jetpack-related-posts":[],"jetpack_sharing_enabled":true,"_links":{"self":[{"href":"https:\/\/art-et-culture-du-monde.fr\/blog\/wp-json\/wp\/v2\/product\/3245","targetHints":{"allow":["GET"]}}],"collection":[{"href":"https:\/\/art-et-culture-du-monde.fr\/blog\/wp-json\/wp\/v2\/product"}],"about":[{"href":"https:\/\/art-et-culture-du-monde.fr\/blog\/wp-json\/wp\/v2\/types\/product"}],"replies":[{"embeddable":true,"href":"https:\/\/art-et-culture-du-monde.fr\/blog\/wp-json\/wp\/v2\/comments?post=3245"}],"wp:featuredmedia":[{"embeddable":true,"href":"https:\/\/art-et-culture-du-monde.fr\/blog\/wp-json\/wp\/v2\/media\/3246"}],"wp:attachment":[{"href":"https:\/\/art-et-culture-du-monde.fr\/blog\/wp-json\/wp\/v2\/media?parent=3245"}],"wp:term":[{"taxonomy":"product_brand","embeddable":true,"href":"https:\/\/art-et-culture-du-monde.fr\/blog\/wp-json\/wp\/v2\/product_brand?post=3245"},{"taxonomy":"product_cat","embeddable":true,"href":"https:\/\/art-et-culture-du-monde.fr\/blog\/wp-json\/wp\/v2\/product_cat?post=3245"},{"taxonomy":"product_tag","embeddable":true,"href":"https:\/\/art-et-culture-du-monde.fr\/blog\/wp-json\/wp\/v2\/product_tag?post=3245"}],"curies":[{"name":"wp","href":"https:\/\/api.w.org\/{rel}","templated":true}]}}