{"id":3236,"date":"2021-07-24T23:28:36","date_gmt":"2021-07-24T21:28:36","guid":{"rendered":"https:\/\/art-et-culture-du-monde.fr\/blog\/?post_type=product&#038;p=3236"},"modified":"2024-07-20T11:51:50","modified_gmt":"2024-07-20T09:51:50","slug":"chouette-lapone","status":"publish","type":"product","link":"https:\/\/art-et-culture-du-monde.fr\/blog\/produit\/chouette-lapone\/","title":{"rendered":"Chouette lapone"},"content":{"rendered":"<p>Une Chouette lapone vous regarde. Tirage 20&#215;30 cm<\/p>\n<p>Cette admirable chouette est capable de chasser \u00e0 l&rsquo;oreille des proies qui se d\u00e9placent sous la neige. Habitante de la Ta\u00efga, son plumage lui permet de se confondre tr\u00e8s facilement avec les arbres.<\/p>\n<p>Celle-ci doit son air \u00ab\u00a0grognon\u00a0\u00bb \u00e0 2 choses:<\/p>\n<ul>\n<li>ses \u00ab\u00a0sourcils blancs\u00a0\u00bb<\/li>\n<li>la prise de vue en contre-plong\u00e9e<\/li>\n<\/ul>\n<p>&nbsp;<\/p>\n","protected":false},"excerpt":{"rendered":"<p>Une Chouette lapone vous regarde. Tirage 20&#215;30 cm<\/p>\n<p>D\u00e9lai de livraison 15 jours.<\/p>\n","protected":false},"featured_media":3237,"comment_status":"open","ping_status":"closed","template":"","meta":{"_et_pb_use_builder":"","_et_pb_old_content":"","_et_gb_content_width":"","jetpack_publicize_message":"","jetpack_publicize_feature_enabled":true,"jetpack_social_post_already_shared":false,"jetpack_social_options":{"image_generator_settings":{"template":"highway","default_image_id":0,"font":"","enabled":false},"version":2}},"product_brand":[],"product_cat":[53],"product_tag":[],"class_list":{"0":"post-3236","1":"product","2":"type-product","3":"status-publish","4":"has-post-thumbnail","6":"product_cat-rapaces","8":"first","9":"instock","10":"shipping-taxable","11":"purchasable","12":"product-type-simple"},"yoast_head":"<!-- This site is optimized with the Yoast SEO plugin v27.2 - https:\/\/yoast.com\/product\/yoast-seo-wordpress\/ -->\n<title>Chouette lapone<\/title>\n<meta name=\"description\" content=\"Une Chouette lapone vous regarde. Tirage 20x30 cm\" \/>\n<meta name=\"robots\" content=\"index, follow, max-snippet:-1, max-image-preview:large, max-video-preview:-1\" \/>\n<link rel=\"canonical\" href=\"https:\/\/art-et-culture-du-monde.fr\/blog\/produit\/chouette-lapone\/\" \/>\n<meta property=\"og:locale\" content=\"fr_FR\" \/>\n<meta property=\"og:type\" content=\"article\" \/>\n<meta property=\"og:title\" content=\"Chouette lapone\" \/>\n<meta property=\"og:description\" content=\"Une Chouette lapone vous regarde. Tirage 20x30 cm\" \/>\n<meta property=\"og:url\" content=\"https:\/\/art-et-culture-du-monde.fr\/blog\/produit\/chouette-lapone\/\" \/>\n<meta property=\"og:site_name\" content=\"La Nature d&#039;Eric\" \/>\n<meta property=\"article:publisher\" content=\"https:\/\/www.facebook.com\/Art-et-Culture-du-Monde-ACM-175103796680\/\" \/>\n<meta property=\"article:modified_time\" content=\"2024-07-20T09:51:50+00:00\" \/>\n<meta property=\"og:image\" content=\"https:\/\/art-et-culture-du-monde.fr\/blog\/wp-content\/uploads\/2021\/07\/IMG_9024_red.jpg\" \/>\n\t<meta property=\"og:image:width\" content=\"800\" \/>\n\t<meta property=\"og:image:height\" content=\"533\" \/>\n\t<meta property=\"og:image:type\" content=\"image\/jpeg\" \/>\n<meta name=\"twitter:card\" content=\"summary_large_image\" \/>\n<meta name=\"twitter:label1\" content=\"Dur\u00e9e de lecture estim\u00e9e\" \/>\n\t<meta name=\"twitter:data1\" content=\"1 minute\" \/>\n<script type=\"application\/ld+json\" class=\"yoast-schema-graph\">{\"@context\":\"https:\/\/schema.org\",\"@graph\":[{\"@type\":\"WebPage\",\"@id\":\"https:\/\/art-et-culture-du-monde.fr\/blog\/produit\/chouette-lapone\/\",\"url\":\"https:\/\/art-et-culture-du-monde.fr\/blog\/produit\/chouette-lapone\/\",\"name\":\"Chouette lapone\",\"isPartOf\":{\"@id\":\"https:\/\/art-et-culture-du-monde.fr\/blog\/#website\"},\"primaryImageOfPage\":{\"@id\":\"https:\/\/art-et-culture-du-monde.fr\/blog\/produit\/chouette-lapone\/#primaryimage\"},\"image\":{\"@id\":\"https:\/\/art-et-culture-du-monde.fr\/blog\/produit\/chouette-lapone\/#primaryimage\"},\"thumbnailUrl\":\"https:\/\/art-et-culture-du-monde.fr\/blog\/wp-content\/uploads\/2021\/07\/IMG_9024_red.jpg\",\"datePublished\":\"2021-07-24T21:28:36+00:00\",\"dateModified\":\"2024-07-20T09:51:50+00:00\",\"description\":\"Une Chouette lapone vous regarde. Tirage 20x30 cm\",\"breadcrumb\":{\"@id\":\"https:\/\/art-et-culture-du-monde.fr\/blog\/produit\/chouette-lapone\/#breadcrumb\"},\"inLanguage\":\"fr-FR\",\"potentialAction\":[{\"@type\":\"ReadAction\",\"target\":[\"https:\/\/art-et-culture-du-monde.fr\/blog\/produit\/chouette-lapone\/\"]}]},{\"@type\":\"ImageObject\",\"inLanguage\":\"fr-FR\",\"@id\":\"https:\/\/art-et-culture-du-monde.fr\/blog\/produit\/chouette-lapone\/#primaryimage\",\"url\":\"https:\/\/art-et-culture-du-monde.fr\/blog\/wp-content\/uploads\/2021\/07\/IMG_9024_red.jpg\",\"contentUrl\":\"https:\/\/art-et-culture-du-monde.fr\/blog\/wp-content\/uploads\/2021\/07\/IMG_9024_red.jpg\",\"width\":800,\"height\":533,\"caption\":\"Chouette lapone\"},{\"@type\":\"BreadcrumbList\",\"@id\":\"https:\/\/art-et-culture-du-monde.fr\/blog\/produit\/chouette-lapone\/#breadcrumb\",\"itemListElement\":[{\"@type\":\"ListItem\",\"position\":1,\"name\":\"Accueil\",\"item\":\"https:\/\/art-et-culture-du-monde.fr\/blog\/\"},{\"@type\":\"ListItem\",\"position\":2,\"name\":\"Boutique\",\"item\":\"https:\/\/art-et-culture-du-monde.fr\/blog\/boutique\/\"},{\"@type\":\"ListItem\",\"position\":3,\"name\":\"Chouette lapone\"}]},{\"@type\":\"WebSite\",\"@id\":\"https:\/\/art-et-culture-du-monde.fr\/blog\/#website\",\"url\":\"https:\/\/art-et-culture-du-monde.fr\/blog\/\",\"name\":\"La Nature d&#039;Eric\",\"description\":\"D\u00e9couvrir - Partager - Pr\u00e9server\",\"potentialAction\":[{\"@type\":\"SearchAction\",\"target\":{\"@type\":\"EntryPoint\",\"urlTemplate\":\"https:\/\/art-et-culture-du-monde.fr\/blog\/?s={search_term_string}\"},\"query-input\":{\"@type\":\"PropertyValueSpecification\",\"valueRequired\":true,\"valueName\":\"search_term_string\"}}],\"inLanguage\":\"fr-FR\"}]}<\/script>\n<!-- \/ Yoast SEO plugin. -->","yoast_head_json":{"title":"Chouette lapone","description":"Une Chouette lapone vous regarde. Tirage 20x30 cm","robots":{"index":"index","follow":"follow","max-snippet":"max-snippet:-1","max-image-preview":"max-image-preview:large","max-video-preview":"max-video-preview:-1"},"canonical":"https:\/\/art-et-culture-du-monde.fr\/blog\/produit\/chouette-lapone\/","og_locale":"fr_FR","og_type":"article","og_title":"Chouette lapone","og_description":"Une Chouette lapone vous regarde. Tirage 20x30 cm","og_url":"https:\/\/art-et-culture-du-monde.fr\/blog\/produit\/chouette-lapone\/","og_site_name":"La Nature d&#039;Eric","article_publisher":"https:\/\/www.facebook.com\/Art-et-Culture-du-Monde-ACM-175103796680\/","article_modified_time":"2024-07-20T09:51:50+00:00","og_image":[{"width":800,"height":533,"url":"https:\/\/art-et-culture-du-monde.fr\/blog\/wp-content\/uploads\/2021\/07\/IMG_9024_red.jpg","type":"image\/jpeg"}],"twitter_card":"summary_large_image","twitter_misc":{"Dur\u00e9e de lecture estim\u00e9e":"1 minute"},"schema":{"@context":"https:\/\/schema.org","@graph":[{"@type":"WebPage","@id":"https:\/\/art-et-culture-du-monde.fr\/blog\/produit\/chouette-lapone\/","url":"https:\/\/art-et-culture-du-monde.fr\/blog\/produit\/chouette-lapone\/","name":"Chouette lapone","isPartOf":{"@id":"https:\/\/art-et-culture-du-monde.fr\/blog\/#website"},"primaryImageOfPage":{"@id":"https:\/\/art-et-culture-du-monde.fr\/blog\/produit\/chouette-lapone\/#primaryimage"},"image":{"@id":"https:\/\/art-et-culture-du-monde.fr\/blog\/produit\/chouette-lapone\/#primaryimage"},"thumbnailUrl":"https:\/\/art-et-culture-du-monde.fr\/blog\/wp-content\/uploads\/2021\/07\/IMG_9024_red.jpg","datePublished":"2021-07-24T21:28:36+00:00","dateModified":"2024-07-20T09:51:50+00:00","description":"Une Chouette lapone vous regarde. Tirage 20x30 cm","breadcrumb":{"@id":"https:\/\/art-et-culture-du-monde.fr\/blog\/produit\/chouette-lapone\/#breadcrumb"},"inLanguage":"fr-FR","potentialAction":[{"@type":"ReadAction","target":["https:\/\/art-et-culture-du-monde.fr\/blog\/produit\/chouette-lapone\/"]}]},{"@type":"ImageObject","inLanguage":"fr-FR","@id":"https:\/\/art-et-culture-du-monde.fr\/blog\/produit\/chouette-lapone\/#primaryimage","url":"https:\/\/art-et-culture-du-monde.fr\/blog\/wp-content\/uploads\/2021\/07\/IMG_9024_red.jpg","contentUrl":"https:\/\/art-et-culture-du-monde.fr\/blog\/wp-content\/uploads\/2021\/07\/IMG_9024_red.jpg","width":800,"height":533,"caption":"Chouette lapone"},{"@type":"BreadcrumbList","@id":"https:\/\/art-et-culture-du-monde.fr\/blog\/produit\/chouette-lapone\/#breadcrumb","itemListElement":[{"@type":"ListItem","position":1,"name":"Accueil","item":"https:\/\/art-et-culture-du-monde.fr\/blog\/"},{"@type":"ListItem","position":2,"name":"Boutique","item":"https:\/\/art-et-culture-du-monde.fr\/blog\/boutique\/"},{"@type":"ListItem","position":3,"name":"Chouette lapone"}]},{"@type":"WebSite","@id":"https:\/\/art-et-culture-du-monde.fr\/blog\/#website","url":"https:\/\/art-et-culture-du-monde.fr\/blog\/","name":"La Nature d&#039;Eric","description":"D\u00e9couvrir - Partager - Pr\u00e9server","potentialAction":[{"@type":"SearchAction","target":{"@type":"EntryPoint","urlTemplate":"https:\/\/art-et-culture-du-monde.fr\/blog\/?s={search_term_string}"},"query-input":{"@type":"PropertyValueSpecification","valueRequired":true,"valueName":"search_term_string"}}],"inLanguage":"fr-FR"}]}},"jetpack_publicize_connections":[],"jetpack-related-posts":[],"jetpack_sharing_enabled":true,"_links":{"self":[{"href":"https:\/\/art-et-culture-du-monde.fr\/blog\/wp-json\/wp\/v2\/product\/3236","targetHints":{"allow":["GET"]}}],"collection":[{"href":"https:\/\/art-et-culture-du-monde.fr\/blog\/wp-json\/wp\/v2\/product"}],"about":[{"href":"https:\/\/art-et-culture-du-monde.fr\/blog\/wp-json\/wp\/v2\/types\/product"}],"replies":[{"embeddable":true,"href":"https:\/\/art-et-culture-du-monde.fr\/blog\/wp-json\/wp\/v2\/comments?post=3236"}],"wp:featuredmedia":[{"embeddable":true,"href":"https:\/\/art-et-culture-du-monde.fr\/blog\/wp-json\/wp\/v2\/media\/3237"}],"wp:attachment":[{"href":"https:\/\/art-et-culture-du-monde.fr\/blog\/wp-json\/wp\/v2\/media?parent=3236"}],"wp:term":[{"taxonomy":"product_brand","embeddable":true,"href":"https:\/\/art-et-culture-du-monde.fr\/blog\/wp-json\/wp\/v2\/product_brand?post=3236"},{"taxonomy":"product_cat","embeddable":true,"href":"https:\/\/art-et-culture-du-monde.fr\/blog\/wp-json\/wp\/v2\/product_cat?post=3236"},{"taxonomy":"product_tag","embeddable":true,"href":"https:\/\/art-et-culture-du-monde.fr\/blog\/wp-json\/wp\/v2\/product_tag?post=3236"}],"curies":[{"name":"wp","href":"https:\/\/api.w.org\/{rel}","templated":true}]}}