{"id":782,"date":"2017-02-13T15:13:47","date_gmt":"2017-02-13T14:13:47","guid":{"rendered":"http:\/\/art-et-culture-du-monde.fr\/blog\/?page_id=782"},"modified":"2021-06-29T22:55:53","modified_gmt":"2021-06-29T20:55:53","slug":"bienvenue","status":"publish","type":"page","link":"https:\/\/art-et-culture-du-monde.fr\/blog\/","title":{"rendered":"Bienvenue !"},"content":{"rendered":"<p>[et_pb_section fb_built=\u00a0\u00bb1&Prime; admin_label=\u00a0\u00bbsection\u00a0\u00bb _builder_version=\u00a0\u00bb3.22&Prime; background_color=\u00a0\u00bbrgba(124,226,77,0.54)\u00a0\u00bb custom_padding=\u00a0\u00bb54px|0px|54px|0px\u00a0\u00bb transparent_background=\u00a0\u00bboff\u00a0\u00bb][et_pb_row _builder_version=\u00a0\u00bb4.7.7&Prime; background_enable_image=\u00a0\u00bboff\u00a0\u00bb background_size=\u00a0\u00bbinitial\u00a0\u00bb background_position=\u00a0\u00bbtop_left\u00a0\u00bb background_repeat=\u00a0\u00bbrepeat\u00a0\u00bb custom_padding=\u00a0\u00bb0px|60px|60px|60px\u00a0\u00bb][et_pb_column type=\u00a0\u00bb4_4&Prime; _builder_version=\u00a0\u00bb3.25&Prime; custom_padding=\u00a0\u00bb|||\u00a0\u00bb custom_padding__hover=\u00a0\u00bb|||\u00a0\u00bb][et_pb_video src=\u00a0\u00bbhttps:\/\/youtu.be\/EOuEOn0ndnw\u00a0\u00bb _builder_version=\u00a0\u00bb3.0.47&Prime;]<\/p>\n<p>&nbsp;<\/p>\n<p>[\/et_pb_video][\/et_pb_column][\/et_pb_row][et_pb_row column_structure=\u00a0\u00bb2_5,3_5&Prime; _builder_version=\u00a0\u00bb4.7.7&Prime; background_enable_image=\u00a0\u00bboff\u00a0\u00bb background_size=\u00a0\u00bbinitial\u00a0\u00bb background_position=\u00a0\u00bbtop_left\u00a0\u00bb background_repeat=\u00a0\u00bbrepeat\u00a0\u00bb][et_pb_column type=\u00a0\u00bb2_5&Prime; _builder_version=\u00a0\u00bb3.25&Prime; custom_padding=\u00a0\u00bb|||20px\u00a0\u00bb custom_padding__hover=\u00a0\u00bb|||\u00a0\u00bb][et_pb_cta button_url=\u00a0\u00bbhttp:\/\/art-et-culture-du-monde.fr\/blog\/pourquoi-faire-appel-a-nous\/\u00a0\u00bb url_new_window=\u00a0\u00bbon\u00a0\u00bb button_text=\u00a0\u00bbPourquoi faire appel \u00e0 nous ?\u00a0\u00bb _builder_version=\u00a0\u00bb3.16&Prime; header_text_color=\u00a0\u00bb#000000&Prime; header_font_size=\u00a0\u00bb12&Prime; header_line_height=\u00a0\u00bb0&Prime; background_color=\u00a0\u00bbrgba(124,226,77,0.54)\u00a0\u00bb background_size=\u00a0\u00bbinitial\u00a0\u00bb background_position=\u00a0\u00bbtop_left\u00a0\u00bb background_repeat=\u00a0\u00bbrepeat\u00a0\u00bb background_layout=\u00a0\u00bblight\u00a0\u00bb custom_margin=\u00a0\u00bb35px|10px|10px|10px\u00a0\u00bb use_border_color=\u00a0\u00bboff\u00a0\u00bb button_text_size__hover_enabled=\u00a0\u00bboff\u00a0\u00bb button_one_text_size__hover_enabled=\u00a0\u00bboff\u00a0\u00bb button_two_text_size__hover_enabled=\u00a0\u00bboff\u00a0\u00bb button_text_color__hover_enabled=\u00a0\u00bboff\u00a0\u00bb button_one_text_color__hover_enabled=\u00a0\u00bboff\u00a0\u00bb button_two_text_color__hover_enabled=\u00a0\u00bboff\u00a0\u00bb button_border_width__hover_enabled=\u00a0\u00bboff\u00a0\u00bb button_one_border_width__hover_enabled=\u00a0\u00bboff\u00a0\u00bb button_two_border_width__hover_enabled=\u00a0\u00bboff\u00a0\u00bb button_border_color__hover_enabled=\u00a0\u00bboff\u00a0\u00bb button_one_border_color__hover_enabled=\u00a0\u00bboff\u00a0\u00bb button_two_border_color__hover_enabled=\u00a0\u00bboff\u00a0\u00bb button_border_radius__hover_enabled=\u00a0\u00bboff\u00a0\u00bb button_one_border_radius__hover_enabled=\u00a0\u00bboff\u00a0\u00bb button_two_border_radius__hover_enabled=\u00a0\u00bboff\u00a0\u00bb button_letter_spacing__hover_enabled=\u00a0\u00bboff\u00a0\u00bb button_one_letter_spacing__hover_enabled=\u00a0\u00bboff\u00a0\u00bb button_two_letter_spacing__hover_enabled=\u00a0\u00bboff\u00a0\u00bb button_bg_color__hover_enabled=\u00a0\u00bboff\u00a0\u00bb button_one_bg_color__hover_enabled=\u00a0\u00bboff\u00a0\u00bb button_two_bg_color__hover_enabled=\u00a0\u00bboff\u00a0\u00bb]<\/p>\n<p>&nbsp;<\/p>\n<p>[\/et_pb_cta][et_pb_cta button_url=\u00a0\u00bbhttp:\/\/art-et-culture-du-monde.fr\/blog\/ils-nous-font-confiance\/\u00a0\u00bb url_new_window=\u00a0\u00bbon\u00a0\u00bb button_text=\u00a0\u00bbIls nous ont fait confiance &#8230;\u00a0\u00bb _builder_version=\u00a0\u00bb3.16&Prime; header_text_color=\u00a0\u00bb#000000&Prime; background_color=\u00a0\u00bbrgba(124,226,77,0.54)\u00a0\u00bb background_size=\u00a0\u00bbinitial\u00a0\u00bb background_position=\u00a0\u00bbtop_left\u00a0\u00bb background_repeat=\u00a0\u00bbrepeat\u00a0\u00bb background_layout=\u00a0\u00bblight\u00a0\u00bb custom_margin=\u00a0\u00bb35px|10px|10px|10px\u00a0\u00bb use_border_color=\u00a0\u00bboff\u00a0\u00bb border_color=\u00a0\u00bb#ffffff\u00a0\u00bb border_style=\u00a0\u00bbsolid\u00a0\u00bb button_letter_spacing_hover=\u00a0\u00bb0&Prime; button_text_size__hover_enabled=\u00a0\u00bboff\u00a0\u00bb button_one_text_size__hover_enabled=\u00a0\u00bboff\u00a0\u00bb button_two_text_size__hover_enabled=\u00a0\u00bboff\u00a0\u00bb button_text_color__hover_enabled=\u00a0\u00bboff\u00a0\u00bb button_one_text_color__hover_enabled=\u00a0\u00bboff\u00a0\u00bb button_two_text_color__hover_enabled=\u00a0\u00bboff\u00a0\u00bb button_border_width__hover_enabled=\u00a0\u00bboff\u00a0\u00bb button_one_border_width__hover_enabled=\u00a0\u00bboff\u00a0\u00bb button_two_border_width__hover_enabled=\u00a0\u00bboff\u00a0\u00bb button_border_color__hover_enabled=\u00a0\u00bboff\u00a0\u00bb button_one_border_color__hover_enabled=\u00a0\u00bboff\u00a0\u00bb button_two_border_color__hover_enabled=\u00a0\u00bboff\u00a0\u00bb button_border_radius__hover_enabled=\u00a0\u00bboff\u00a0\u00bb button_one_border_radius__hover_enabled=\u00a0\u00bboff\u00a0\u00bb button_two_border_radius__hover_enabled=\u00a0\u00bboff\u00a0\u00bb button_letter_spacing__hover_enabled=\u00a0\u00bbon\u00a0\u00bb button_letter_spacing__hover=\u00a0\u00bb0&Prime; button_one_letter_spacing__hover_enabled=\u00a0\u00bboff\u00a0\u00bb button_two_letter_spacing__hover_enabled=\u00a0\u00bboff\u00a0\u00bb button_bg_color__hover_enabled=\u00a0\u00bboff\u00a0\u00bb button_one_bg_color__hover_enabled=\u00a0\u00bboff\u00a0\u00bb button_two_bg_color__hover_enabled=\u00a0\u00bboff\u00a0\u00bb]<\/p>\n<p>&nbsp;<\/p>\n<p>[\/et_pb_cta][\/et_pb_column][et_pb_column type=\u00a0\u00bb3_5&Prime; _builder_version=\u00a0\u00bb3.25&Prime; custom_padding=\u00a0\u00bb|||\u00a0\u00bb custom_padding__hover=\u00a0\u00bb|||\u00a0\u00bb][et_pb_text _builder_version=\u00a0\u00bb4.9.7&Prime; _module_preset=\u00a0\u00bbdefault\u00a0\u00bb]<iframe loading=\"lazy\" width=\"540\" height=\"950\" src=\"https:\/\/c7adbfc1.sibforms.com\/serve\/MUIEAFpPFmG3L-nf8gspEHTftnfXZ60E54kFaWmRs07JTzLQrCglTQW7qvmAoDiqsFkV-XMBFQX93lsal4Ent7d5E6ch62NN0HO6bZ4RtvpG0rqLwid6RX7HvXaHYJWg2Io4gc_8qiBI68Dc394C_zyU2QS17O4G9uw8d8L5f3f6d4JHO-PgsKIFD_5Es2qMbVWDlr1_Z4S_HGwV\" frameborder=\"0\" scrolling=\"auto\" allowfullscreen style=\"display: block;margin-left: auto;margin-right: auto;max-width: 100%;\"><\/iframe>[\/et_pb_text][\/et_pb_column][\/et_pb_row][et_pb_row column_structure=\u00a0\u00bb1_2,1_2&Prime; admin_label=\u00a0\u00bbrow\u00a0\u00bb _builder_version=\u00a0\u00bb3.25&Prime; background_color=\u00a0\u00bb#72e246&Prime; background_size=\u00a0\u00bbinitial\u00a0\u00bb background_position=\u00a0\u00bbtop_left\u00a0\u00bb background_repeat=\u00a0\u00bbrepeat\u00a0\u00bb][et_pb_column type=\u00a0\u00bb1_2&Prime; _builder_version=\u00a0\u00bb3.25&Prime; custom_padding=\u00a0\u00bb|||\u00a0\u00bb custom_padding__hover=\u00a0\u00bb|||\u00a0\u00bb][et_pb_text _builder_version=\u00a0\u00bb3.27.4&Prime; text_text_color=\u00a0\u00bb#000000&Prime; background_size=\u00a0\u00bbinitial\u00a0\u00bb background_position=\u00a0\u00bbtop_left\u00a0\u00bb background_repeat=\u00a0\u00bbrepeat\u00a0\u00bb use_border_color=\u00a0\u00bboff\u00a0\u00bb]<\/p>\n<p>\n<span style=\"color: rgba(0, 0, 0, 0, 6);\"><strong>&nbsp;&nbsp;&nbsp;&nbsp; <span style=\"text-decoration: underline;\"><span style=\"font-size: large;\">THEMES<\/span> &nbsp; &nbsp;<\/span><\/strong> &nbsp; &nbsp; &nbsp; <\/span><span style=\"color: rgba(0, 0, 0, 0, 6);\">&nbsp; &nbsp; &nbsp; &nbsp; &nbsp; &nbsp; &nbsp; &nbsp; &nbsp; &nbsp; &nbsp; &nbsp; &nbsp; &nbsp; &nbsp; &nbsp; &nbsp; &nbsp;&nbsp;<strong>&nbsp; &nbsp; &nbsp; &nbsp; &nbsp;&nbsp; <\/strong><\/span><\/p>\n<ul>\n<li><span style=\"color: rgba(0, 0, 0, 0.6);\"><strong><span style=\"font-size: large;\"><strong><a href=\"http:\/\/art-et-culture-du-monde.fr\/blog\/themes\/\" target=\"_blank\" rel=\"noopener noreferrer\"><span style=\"color: rgba(0, 0, 0, 0.6);\">Sur les traces des animaux<\/a><\/strong><\/span><\/strong><\/span><\/li>\n<li><strong><span style=\"color: rgba(0, 0, 0, 0.6);\"><strong><span style=\"font-size: large;\"><a href=\"http:\/\/art-et-culture-du-monde.fr\/blog\/themes\/\" target=\"_blank\" rel=\"noopener noreferrer\"><span style=\"color: rgba(0, 0, 0, 0.6);\">Chev\u00eache, la chouette aux yeux d&rsquo;or<\/a><\/span><\/strong><\/span><\/strong><\/li>\n<li><strong><span style=\"color: rgba(0, 0, 0, 0.6);\"><strong><span style=\"font-size: large;\"><a href=\"http:\/\/art-et-culture-du-monde.fr\/blog\/themes\/\" target=\"_blank\" rel=\"noopener noreferrer\"><span style=\"color: rgba(0, 0, 0, 0.6);\">Grand Nord : Sur la route de l&rsquo;Alaska<\/a><\/span><\/strong><\/span><\/strong><\/li>\n<li><strong><span style=\"color: rgba(0, 0, 0, 0.6);\"><strong><span style=\"font-size: large;\"><a href=\"http:\/\/art-et-culture-du-monde.fr\/blog\/themes\/\" target=\"_blank\" rel=\"noopener noreferrer\"><span style=\"color: rgba(0, 0, 0, 0.6);\">Rapaces nocturnes : Le monde de la nuit<\/a><\/span><\/strong><\/span><\/strong><\/li>\n<li><strong><span style=\"color: rgba(0, 0, 0, 0.6);\"><strong><span style=\"font-size: large;\"><a href=\"http:\/\/art-et-culture-du-monde.fr\/blog\/themes\/\" target=\"_blank\" rel=\"noopener noreferrer\"><span style=\"color: rgba(0, 0, 0, 0.6);\">L&rsquo;oeuf tout un art<\/span><\/a><\/span><\/strong><\/span><\/strong><\/li>\n<\/ul>\n<p>[\/et_pb_text][\/et_pb_column][et_pb_column type=\u00a0\u00bb1_2&Prime; _builder_version=\u00a0\u00bb3.25&Prime; custom_padding=\u00a0\u00bb|||\u00a0\u00bb custom_padding__hover=\u00a0\u00bb|||\u00a0\u00bb][et_pb_text _builder_version=\u00a0\u00bb3.27.4&Prime; background_size=\u00a0\u00bbinitial\u00a0\u00bb background_position=\u00a0\u00bbtop_left\u00a0\u00bb background_repeat=\u00a0\u00bbrepeat\u00a0\u00bb use_border_color=\u00a0\u00bboff\u00a0\u00bb]<\/p>\n<p><span style=\"text-decoration: underline;\"><span style=\"color: rgba(0, 0, 0, 0.6);\"><strong><span style=\"font-size: large;\">EN PRATIQUE<\/span><\/strong><\/span><\/span><\/p>\n<p><span style=\"color: rgba(0, 0, 0, 0.6);\"><strong><a style=\"color: rgba(0, 0, 0, 0.6);\" href=\"accueillir-une-exposition\/\"><span style=\"font-size: large;\">&#8211; Accueillir une exposition<\/span><\/a><\/strong><\/span><br \/><span style=\"color: rgba(0, 0, 0, 0.6);\"> <strong> &#8211; <a style=\"color: rgba(0, 0, 0, 0.6);\" href=\"organiser-une-rencontre\/\"><span style=\"font-size: large;\">Organiser une rencontre<\/span><\/a><\/strong><\/span><br \/><span style=\"color: rgba(0, 0, 0, 0.6);\"> <strong> &#8211; <a style=\"color: rgba(0, 0, 0, 0.6);\" href=\"pour-quels-publics\/\"><span style=\"font-size: large;\">Pour quels publics ?<\/span><\/a><\/strong><\/span><\/p>\n<p>[\/et_pb_text][et_pb_text _builder_version=\u00a0\u00bb3.27.4&Prime; background_size=\u00a0\u00bbinitial\u00a0\u00bb background_position=\u00a0\u00bbtop_left\u00a0\u00bb background_repeat=\u00a0\u00bbrepeat\u00a0\u00bb use_border_color=\u00a0\u00bboff\u00a0\u00bb]<\/p>\n<p><span style=\"text-decoration: underline;\"><span style=\"color: rgba(0, 0, 0, 0.6);\"><strong><span style=\"font-size: large;\">Nos dossiers<br \/><\/span><\/strong><\/span><\/span><\/p>\n<p><span style=\"color: #000000;\"><strong>&#8211; <a style=\"color: #000000;\" href=\"http:\/\/art-et-culture-du-monde.fr\/blog\/dossier-oiseaux\/\"><span style=\"font-size: large;\">Oiseaux<\/span><\/a><\/strong><\/span><br \/><span style=\"color: rgba(0, 0, 0, 0.6);\"> <strong><span style=\"color: #000000;\"> &#8211; <\/span><a href=\"http:\/\/art-et-culture-du-monde.fr\/blog\/dossier-yukon\/\"><span style=\"color: #000000;\"><span style=\"font-size: large;\">Canada \/ Yukon<\/span><\/span><\/a><\/strong><\/span><\/p>\n<p>[\/et_pb_text][\/et_pb_column][\/et_pb_row][\/et_pb_section]<\/p>\n","protected":false},"excerpt":{"rendered":"<p>&nbsp; &nbsp; &nbsp; &nbsp;&nbsp;&nbsp;&nbsp; THEMES &nbsp; &nbsp; &nbsp; &nbsp; &nbsp; &nbsp; &nbsp; &nbsp; &nbsp; &nbsp; &nbsp; &nbsp; &nbsp; &nbsp; &nbsp; &nbsp; &nbsp; &nbsp; &nbsp; &nbsp; &nbsp; &nbsp; &nbsp;&nbsp;&nbsp; &nbsp; &nbsp; &nbsp; &nbsp;&nbsp; Sur les traces des animaux Chev\u00eache, la chouette aux yeux d&rsquo;or Grand Nord : Sur la route de l&rsquo;Alaska Rapaces nocturnes : Le [&hellip;]<\/p>\n","protected":false},"author":1,"featured_media":0,"parent":0,"menu_order":0,"comment_status":"closed","ping_status":"closed","template":"","meta":{"_et_pb_use_builder":"on","_et_pb_old_content":"","_et_gb_content_width":"","footnotes":""},"class_list":["post-782","page","type-page","status-publish","hentry"],"yoast_head":"<!-- This site is optimized with the Yoast SEO plugin v27.2 - https:\/\/yoast.com\/product\/yoast-seo-wordpress\/ -->\n<title>Art et Culture du Monde - Location d&#039;exposition - Interventions<\/title>\n<meta name=\"description\" content=\"Bienvenue ! - Location d&#039;exposition - Interventions p\u00e9dagogiques et ludiques avec des animateurs passionn\u00e9s qui ma\u00eetrisent leur sujet.\" \/>\n<meta name=\"robots\" content=\"index, follow, max-snippet:-1, max-image-preview:large, max-video-preview:-1\" \/>\n<link rel=\"canonical\" href=\"https:\/\/art-et-culture-du-monde.fr\/blog\/\" \/>\n<meta property=\"og:locale\" content=\"fr_FR\" \/>\n<meta property=\"og:type\" content=\"article\" \/>\n<meta property=\"og:title\" content=\"Art et Culture du Monde - Location d&#039;exposition - Interventions\" \/>\n<meta property=\"og:description\" content=\"Bienvenue ! - Location d&#039;exposition - Interventions p\u00e9dagogiques et ludiques avec des animateurs passionn\u00e9s qui ma\u00eetrisent leur sujet.\" \/>\n<meta property=\"og:url\" content=\"https:\/\/art-et-culture-du-monde.fr\/blog\/\" \/>\n<meta property=\"og:site_name\" content=\"La Nature d&#039;Eric\" \/>\n<meta property=\"article:publisher\" content=\"https:\/\/www.facebook.com\/Art-et-Culture-du-Monde-ACM-175103796680\/\" \/>\n<meta property=\"article:modified_time\" content=\"2021-06-29T20:55:53+00:00\" \/>\n<meta name=\"twitter:card\" content=\"summary_large_image\" \/>\n<meta name=\"twitter:label1\" content=\"Dur\u00e9e de lecture estim\u00e9e\" \/>\n\t<meta name=\"twitter:data1\" content=\"4 minutes\" \/>\n<script type=\"application\/ld+json\" class=\"yoast-schema-graph\">{\"@context\":\"https:\/\/schema.org\",\"@graph\":[{\"@type\":\"WebPage\",\"@id\":\"https:\/\/art-et-culture-du-monde.fr\/blog\/\",\"url\":\"https:\/\/art-et-culture-du-monde.fr\/blog\/\",\"name\":\"Art et Culture du Monde - Location d'exposition - Interventions\",\"isPartOf\":{\"@id\":\"https:\/\/art-et-culture-du-monde.fr\/blog\/#website\"},\"datePublished\":\"2017-02-13T14:13:47+00:00\",\"dateModified\":\"2021-06-29T20:55:53+00:00\",\"description\":\"Bienvenue ! - Location d'exposition - Interventions p\u00e9dagogiques et ludiques avec des animateurs passionn\u00e9s qui ma\u00eetrisent leur sujet.\",\"breadcrumb\":{\"@id\":\"https:\/\/art-et-culture-du-monde.fr\/blog\/#breadcrumb\"},\"inLanguage\":\"fr-FR\",\"potentialAction\":[{\"@type\":\"ReadAction\",\"target\":[\"https:\/\/art-et-culture-du-monde.fr\/blog\/\"]}]},{\"@type\":\"BreadcrumbList\",\"@id\":\"https:\/\/art-et-culture-du-monde.fr\/blog\/#breadcrumb\",\"itemListElement\":[{\"@type\":\"ListItem\",\"position\":1,\"name\":\"Accueil\",\"item\":\"https:\/\/art-et-culture-du-monde.fr\/blog\/\"},{\"@type\":\"ListItem\",\"position\":2,\"name\":\"Bienvenue !\"}]},{\"@type\":\"WebSite\",\"@id\":\"https:\/\/art-et-culture-du-monde.fr\/blog\/#website\",\"url\":\"https:\/\/art-et-culture-du-monde.fr\/blog\/\",\"name\":\"La Nature d&#039;Eric\",\"description\":\"D\u00e9couvrir - Partager - Pr\u00e9server\",\"potentialAction\":[{\"@type\":\"SearchAction\",\"target\":{\"@type\":\"EntryPoint\",\"urlTemplate\":\"https:\/\/art-et-culture-du-monde.fr\/blog\/?s={search_term_string}\"},\"query-input\":{\"@type\":\"PropertyValueSpecification\",\"valueRequired\":true,\"valueName\":\"search_term_string\"}}],\"inLanguage\":\"fr-FR\"}]}<\/script>\n<!-- \/ Yoast SEO plugin. -->","yoast_head_json":{"title":"Art et Culture du Monde - Location d'exposition - Interventions","description":"Bienvenue ! - Location d'exposition - Interventions p\u00e9dagogiques et ludiques avec des animateurs passionn\u00e9s qui ma\u00eetrisent leur sujet.","robots":{"index":"index","follow":"follow","max-snippet":"max-snippet:-1","max-image-preview":"max-image-preview:large","max-video-preview":"max-video-preview:-1"},"canonical":"https:\/\/art-et-culture-du-monde.fr\/blog\/","og_locale":"fr_FR","og_type":"article","og_title":"Art et Culture du Monde - Location d'exposition - Interventions","og_description":"Bienvenue ! - Location d'exposition - Interventions p\u00e9dagogiques et ludiques avec des animateurs passionn\u00e9s qui ma\u00eetrisent leur sujet.","og_url":"https:\/\/art-et-culture-du-monde.fr\/blog\/","og_site_name":"La Nature d&#039;Eric","article_publisher":"https:\/\/www.facebook.com\/Art-et-Culture-du-Monde-ACM-175103796680\/","article_modified_time":"2021-06-29T20:55:53+00:00","twitter_card":"summary_large_image","twitter_misc":{"Dur\u00e9e de lecture estim\u00e9e":"4 minutes"},"schema":{"@context":"https:\/\/schema.org","@graph":[{"@type":"WebPage","@id":"https:\/\/art-et-culture-du-monde.fr\/blog\/","url":"https:\/\/art-et-culture-du-monde.fr\/blog\/","name":"Art et Culture du Monde - Location d'exposition - Interventions","isPartOf":{"@id":"https:\/\/art-et-culture-du-monde.fr\/blog\/#website"},"datePublished":"2017-02-13T14:13:47+00:00","dateModified":"2021-06-29T20:55:53+00:00","description":"Bienvenue ! - Location d'exposition - Interventions p\u00e9dagogiques et ludiques avec des animateurs passionn\u00e9s qui ma\u00eetrisent leur sujet.","breadcrumb":{"@id":"https:\/\/art-et-culture-du-monde.fr\/blog\/#breadcrumb"},"inLanguage":"fr-FR","potentialAction":[{"@type":"ReadAction","target":["https:\/\/art-et-culture-du-monde.fr\/blog\/"]}]},{"@type":"BreadcrumbList","@id":"https:\/\/art-et-culture-du-monde.fr\/blog\/#breadcrumb","itemListElement":[{"@type":"ListItem","position":1,"name":"Accueil","item":"https:\/\/art-et-culture-du-monde.fr\/blog\/"},{"@type":"ListItem","position":2,"name":"Bienvenue !"}]},{"@type":"WebSite","@id":"https:\/\/art-et-culture-du-monde.fr\/blog\/#website","url":"https:\/\/art-et-culture-du-monde.fr\/blog\/","name":"La Nature d&#039;Eric","description":"D\u00e9couvrir - Partager - Pr\u00e9server","potentialAction":[{"@type":"SearchAction","target":{"@type":"EntryPoint","urlTemplate":"https:\/\/art-et-culture-du-monde.fr\/blog\/?s={search_term_string}"},"query-input":{"@type":"PropertyValueSpecification","valueRequired":true,"valueName":"search_term_string"}}],"inLanguage":"fr-FR"}]}},"jetpack-related-posts":[],"jetpack_sharing_enabled":true,"_links":{"self":[{"href":"https:\/\/art-et-culture-du-monde.fr\/blog\/wp-json\/wp\/v2\/pages\/782","targetHints":{"allow":["GET"]}}],"collection":[{"href":"https:\/\/art-et-culture-du-monde.fr\/blog\/wp-json\/wp\/v2\/pages"}],"about":[{"href":"https:\/\/art-et-culture-du-monde.fr\/blog\/wp-json\/wp\/v2\/types\/page"}],"author":[{"embeddable":true,"href":"https:\/\/art-et-culture-du-monde.fr\/blog\/wp-json\/wp\/v2\/users\/1"}],"replies":[{"embeddable":true,"href":"https:\/\/art-et-culture-du-monde.fr\/blog\/wp-json\/wp\/v2\/comments?post=782"}],"version-history":[{"count":141,"href":"https:\/\/art-et-culture-du-monde.fr\/blog\/wp-json\/wp\/v2\/pages\/782\/revisions"}],"predecessor-version":[{"id":3274,"href":"https:\/\/art-et-culture-du-monde.fr\/blog\/wp-json\/wp\/v2\/pages\/782\/revisions\/3274"}],"wp:attachment":[{"href":"https:\/\/art-et-culture-du-monde.fr\/blog\/wp-json\/wp\/v2\/media?parent=782"}],"curies":[{"name":"wp","href":"https:\/\/api.w.org\/{rel}","templated":true}]}}