{"id":730,"date":"2017-02-08T16:46:40","date_gmt":"2017-02-08T15:46:40","guid":{"rendered":"http:\/\/art-et-culture-du-monde.fr\/blog\/?page_id=730"},"modified":"2018-08-30T19:41:28","modified_gmt":"2018-08-30T17:41:28","slug":"fauconnerie-historique-vocabulaire-idees-recues","status":"publish","type":"page","link":"https:\/\/art-et-culture-du-monde.fr\/blog\/fauconnerie-historique-vocabulaire-idees-recues\/","title":{"rendered":"Fauconnerie : Historique, vocabulaire, id\u00e9es re\u00e7ues"},"content":{"rendered":"<p>[et_pb_section bb_built=\u00a0\u00bb1&Prime; admin_label=\u00a0\u00bbsection\u00a0\u00bb transparent_background=\u00a0\u00bboff\u00a0\u00bb background_color=\u00a0\u00bbrgba(124,226,77,0.54)\u00a0\u00bb allow_player_pause=\u00a0\u00bboff\u00a0\u00bb inner_shadow=\u00a0\u00bboff\u00a0\u00bb parallax=\u00a0\u00bboff\u00a0\u00bb parallax_method=\u00a0\u00bboff\u00a0\u00bb make_fullwidth=\u00a0\u00bboff\u00a0\u00bb use_custom_width=\u00a0\u00bboff\u00a0\u00bb width_unit=\u00a0\u00bbon\u00a0\u00bb custom_width_px=\u00a0\u00bb1080px\u00a0\u00bb custom_width_percent=\u00a0\u00bb80%\u00a0\u00bb make_equal=\u00a0\u00bboff\u00a0\u00bb use_custom_gutter=\u00a0\u00bboff\u00a0\u00bb fullwidth=\u00a0\u00bboff\u00a0\u00bb specialty=\u00a0\u00bboff\u00a0\u00bb disabled=\u00a0\u00bboff\u00a0\u00bb][et_pb_row admin_label=\u00a0\u00bbrow\u00a0\u00bb make_fullwidth=\u00a0\u00bboff\u00a0\u00bb use_custom_width=\u00a0\u00bboff\u00a0\u00bb width_unit=\u00a0\u00bbon\u00a0\u00bb custom_width_px=\u00a0\u00bb1080px\u00a0\u00bb custom_width_percent=\u00a0\u00bb80%\u00a0\u00bb use_custom_gutter=\u00a0\u00bboff\u00a0\u00bb gutter_width=\u00a0\u00bb3&Prime; background_color=\u00a0\u00bb#ffffff\u00a0\u00bb allow_player_pause=\u00a0\u00bboff\u00a0\u00bb parallax=\u00a0\u00bboff\u00a0\u00bb parallax_method=\u00a0\u00bboff\u00a0\u00bb make_equal=\u00a0\u00bboff\u00a0\u00bb parallax_1=\u00a0\u00bboff\u00a0\u00bb parallax_method_1=\u00a0\u00bboff\u00a0\u00bb parallax_2=\u00a0\u00bboff\u00a0\u00bb parallax_method_2=\u00a0\u00bbon\u00a0\u00bb parallax_3=\u00a0\u00bboff\u00a0\u00bb parallax_method_3=\u00a0\u00bbon\u00a0\u00bb parallax_4=\u00a0\u00bboff\u00a0\u00bb parallax_method_4=\u00a0\u00bbon\u00a0\u00bb disabled=\u00a0\u00bboff\u00a0\u00bb background_position=\u00a0\u00bbtop_left\u00a0\u00bb background_repeat=\u00a0\u00bbrepeat\u00a0\u00bb background_size=\u00a0\u00bbinitial\u00a0\u00bb][et_pb_column type=\u00a0\u00bb4_4&Prime;][et_pb_post_title title=\u00a0\u00bbon\u00a0\u00bb meta=\u00a0\u00bboff\u00a0\u00bb author=\u00a0\u00bboff\u00a0\u00bb date=\u00a0\u00bboff\u00a0\u00bb categories=\u00a0\u00bbon\u00a0\u00bb comments=\u00a0\u00bbon\u00a0\u00bb featured_image=\u00a0\u00bbon\u00a0\u00bb featured_placement=\u00a0\u00bbbelow\u00a0\u00bb parallax_effect=\u00a0\u00bbon\u00a0\u00bb parallax_method=\u00a0\u00bboff\u00a0\u00bb text_orientation=\u00a0\u00bbcenter\u00a0\u00bb text_color=\u00a0\u00bbdark\u00a0\u00bb text_background=\u00a0\u00bboff\u00a0\u00bb text_bg_color=\u00a0\u00bbrgba(255,255,255,0.9)\u00a0\u00bb use_border_color=\u00a0\u00bboff\u00a0\u00bb border_color=\u00a0\u00bb#ffffff\u00a0\u00bb border_style=\u00a0\u00bbsolid\u00a0\u00bb module_bg_color=\u00a0\u00bb#7cda24&Prime; title_line_height=\u00a0\u00bb2em\u00a0\u00bb meta_line_height=\u00a0\u00bb2em\u00a0\u00bb saved_tabs=\u00a0\u00bball\u00a0\u00bb parallax=\u00a0\u00bbon\u00a0\u00bb background_color=\u00a0\u00bb#7cda24&Prime;]<\/p>\n<p>&nbsp;<\/p>\n<p>[\/et_pb_post_title][et_pb_text use_border_color=\u00a0\u00bboff\u00a0\u00bb disabled=\u00a0\u00bboff\u00a0\u00bb background_position=\u00a0\u00bbtop_left\u00a0\u00bb background_repeat=\u00a0\u00bbrepeat\u00a0\u00bb background_size=\u00a0\u00bbinitial\u00a0\u00bb _builder_version=\u00a0\u00bb3.12&Prime;]<\/p>\n<h2><span style=\"font-size: large;\">D\u00e9couvrez ce qui se cache derri\u00e8re le terme \u00ab\u00a0fauconnerie\u00a0\u00bb, les mythes et la r\u00e9alit\u00e9 &#8230;<\/span><\/h2>\n<p><span style=\"font-size: large;\">Quelle diff\u00e9rence entre fauconnerie et volerie ?<\/span> <span style=\"font-size: large;\">Nous d\u00e9couvrirons aussi le vocabulaire tr\u00e8s imag\u00e9: qu&rsquo;est-ce qu&rsquo;abattre un oiseau ? Qu&rsquo;est-ce qu&rsquo;un oiseau ignoble ?<\/span><\/p>\n<p style=\"text-align: center;\"><a href=\"..\/wp-content\/uploads\/2017\/02\/MG_8416-rec-ret.jpg\"><img loading=\"lazy\" decoding=\"async\" class=\"alignnone size-thumbnail wp-image-1139\" src=\"..\/wp-content\/uploads\/2017\/02\/MG_8416-rec-ret-150x150.jpg\" alt=\"Pygargue \u00e0 t\u00eate blanche\" width=\"150\" height=\"150\" srcset=\"https:\/\/art-et-culture-du-monde.fr\/blog\/wp-content\/uploads\/2017\/02\/MG_8416-rec-ret-150x150.jpg 150w, https:\/\/art-et-culture-du-monde.fr\/blog\/wp-content\/uploads\/2017\/02\/MG_8416-rec-ret-300x300.jpg 300w, https:\/\/art-et-culture-du-monde.fr\/blog\/wp-content\/uploads\/2017\/02\/MG_8416-rec-ret-100x100.jpg 100w\" sizes=\"(max-width: 150px) 100vw, 150px\" \/><\/a> <a href=\"..\/wp-content\/uploads\/2017\/02\/MG_8463-rec-ret.jpg\"><img loading=\"lazy\" decoding=\"async\" class=\"alignnone size-thumbnail wp-image-1140\" src=\"..\/wp-content\/uploads\/2017\/02\/MG_8463-rec-ret-150x150.jpg\" alt=\"Chouette Lapone\" width=\"150\" height=\"150\" srcset=\"https:\/\/art-et-culture-du-monde.fr\/blog\/wp-content\/uploads\/2017\/02\/MG_8463-rec-ret-150x150.jpg 150w, https:\/\/art-et-culture-du-monde.fr\/blog\/wp-content\/uploads\/2017\/02\/MG_8463-rec-ret-300x300.jpg 300w, https:\/\/art-et-culture-du-monde.fr\/blog\/wp-content\/uploads\/2017\/02\/MG_8463-rec-ret-100x100.jpg 100w\" sizes=\"(max-width: 150px) 100vw, 150px\" \/><\/a> <a href=\"..\/wp-content\/uploads\/2017\/02\/MG_8485-rec-ret.jpg\"><img loading=\"lazy\" decoding=\"async\" class=\"alignnone size-thumbnail wp-image-1141\" src=\"..\/wp-content\/uploads\/2017\/02\/MG_8485-rec-ret-150x150.jpg\" alt=\"Vautour Fauve\" width=\"150\" height=\"150\" srcset=\"https:\/\/art-et-culture-du-monde.fr\/blog\/wp-content\/uploads\/2017\/02\/MG_8485-rec-ret-150x150.jpg 150w, https:\/\/art-et-culture-du-monde.fr\/blog\/wp-content\/uploads\/2017\/02\/MG_8485-rec-ret-300x300.jpg 300w, https:\/\/art-et-culture-du-monde.fr\/blog\/wp-content\/uploads\/2017\/02\/MG_8485-rec-ret-100x100.jpg 100w\" sizes=\"(max-width: 150px) 100vw, 150px\" \/><\/a> <a href=\"..\/wp-content\/uploads\/2017\/02\/MG_8479-rec-ret.jpg\"><img loading=\"lazy\" decoding=\"async\" class=\"alignnone size-thumbnail wp-image-1142\" src=\"..\/wp-content\/uploads\/2017\/02\/MG_8479-rec-ret-150x150.jpg\" alt=\"Fauconnier en d\u00e9monstration\" width=\"150\" height=\"150\" srcset=\"https:\/\/art-et-culture-du-monde.fr\/blog\/wp-content\/uploads\/2017\/02\/MG_8479-rec-ret-150x150.jpg 150w, https:\/\/art-et-culture-du-monde.fr\/blog\/wp-content\/uploads\/2017\/02\/MG_8479-rec-ret-300x300.jpg 300w, https:\/\/art-et-culture-du-monde.fr\/blog\/wp-content\/uploads\/2017\/02\/MG_8479-rec-ret-100x100.jpg 100w\" sizes=\"(max-width: 150px) 100vw, 150px\" \/><\/a><\/p>\n<p><span style=\"font-size: large;\">Les panneaux de l&rsquo;exposition vous permettrons aussi d&rsquo;admirer ces magnifiques animaux !<\/span><\/p>\n<p style=\"text-align: center;\">&nbsp; <a href='http:\/\/art-et-culture-du-monde.fr\/blog\/wp-content\/uploads\/2017\/08\/Fiche-fauconnerie.pdf' class='small-button smallblue' target=\"_blank\"><span style=\"font-size: large;\"> Fiche t\u00e9l\u00e9chargeable de l&rsquo;exposition<\/a>\n<\/p>\n<p>[\/et_pb_text][et_pb_text use_border_color=\u00a0\u00bboff\u00a0\u00bb custom_padding=\u00a0\u00bb|140px||140px\u00a0\u00bb custom_padding_phone=\u00a0\u00bb|20px||20px\u00a0\u00bb custom_padding_last_edited=\u00a0\u00bbon|phone\u00a0\u00bb background_color=\u00a0\u00bb#7cda24&Prime; saved_tabs=\u00a0\u00bball\u00a0\u00bb background_position=\u00a0\u00bbtop_left\u00a0\u00bb background_repeat=\u00a0\u00bbrepeat\u00a0\u00bb background_size=\u00a0\u00bbinitial\u00a0\u00bb _builder_version=\u00a0\u00bb3.12&Prime;]<\/p>\n<p style=\"text-align: center;\">&#8211;<\/p>\n<p style=\"text-align: center;\"><a href='http:\/\/art-et-culture-du-monde.fr\/blog\/nos-actions\/location-dexposition\/' class='small-button smallblue'><span style=\"font-size: large;\"> Retour vers la page location d&rsquo;expositions<\/a>\n<\/p>\n<p style=\"text-align: center;\"><a href='http:\/\/art-et-culture-du-monde.fr\/blog\/animations\/' class='small-button smallblue'><span style=\"font-size: large;\">Retour vers la page Rencontres<\/a>\n<\/p>\n<p style=\"text-align: center;\">&#8211;<\/p>\n<p style=\"text-align: center;\">\n<p>[\/et_pb_text][\/et_pb_column][\/et_pb_row][\/et_pb_section]<\/p>\n","protected":false},"excerpt":{"rendered":"<p>&nbsp; D\u00e9couvrez ce qui se cache derri\u00e8re le terme \u00ab\u00a0fauconnerie\u00a0\u00bb, les mythes et la r\u00e9alit\u00e9 &#8230; Quelle diff\u00e9rence entre fauconnerie et volerie ? Nous d\u00e9couvrirons aussi le vocabulaire tr\u00e8s imag\u00e9: qu&rsquo;est-ce qu&rsquo;abattre un oiseau ? Qu&rsquo;est-ce qu&rsquo;un oiseau ignoble ? Les panneaux de l&rsquo;exposition vous permettrons aussi d&rsquo;admirer ces magnifiques animaux ! &nbsp; <a href='' class='small-button smallblue'><\/a><\/p>\n","protected":false},"author":1,"featured_media":0,"parent":0,"menu_order":0,"comment_status":"closed","ping_status":"closed","template":"","meta":{"_et_pb_use_builder":"on","_et_pb_old_content":"<p>D\u00e9couvrez ce qui se cache derri\u00e8re le terme \"fauconnerie\", les mythes et la r\u00e9alit\u00e9 ...<\/p><p><a href=\"http:\/\/art-et-culture-du-monde.fr\/blog\/nos-actions\/location-dexposition\/\">Retour vers la page location d'exposition<\/a><\/p><p><a href=\"http:\/\/art-et-culture-du-monde.fr\/blog\/animations\/\">Retour vers la page Rencontres<\/a><\/p><p>\u00a0<\/p><p>\u00a0<\/p>","_et_gb_content_width":"","footnotes":""},"class_list":["post-730","page","type-page","status-publish","hentry"],"yoast_head":"<!-- This site is optimized with the Yoast SEO plugin v27.2 - https:\/\/yoast.com\/product\/yoast-seo-wordpress\/ -->\n<title>Fauconnerie: Historique, vocabulaire, id\u00e9es re\u00e7ues ...<\/title>\n<meta name=\"description\" content=\"D\u00e9couvrez ce qui se cache derri\u00e8re le terme &quot;fauconnerie&quot;, l&#039;histoire, les mythes et la r\u00e9alit\u00e9, la mat\u00e9riel, le vocabulaire, la r\u00e9glementation.\" \/>\n<meta name=\"robots\" content=\"index, follow, max-snippet:-1, max-image-preview:large, max-video-preview:-1\" \/>\n<link rel=\"canonical\" href=\"https:\/\/art-et-culture-du-monde.fr\/blog\/fauconnerie-historique-vocabulaire-idees-recues\/\" \/>\n<meta property=\"og:locale\" content=\"fr_FR\" \/>\n<meta property=\"og:type\" content=\"article\" \/>\n<meta property=\"og:title\" content=\"Fauconnerie: Historique, vocabulaire, id\u00e9es re\u00e7ues ...\" \/>\n<meta property=\"og:description\" content=\"D\u00e9couvrez ce qui se cache derri\u00e8re le terme &quot;fauconnerie&quot;, l&#039;histoire, les mythes et la r\u00e9alit\u00e9, la mat\u00e9riel, le vocabulaire, la r\u00e9glementation.\" \/>\n<meta property=\"og:url\" content=\"https:\/\/art-et-culture-du-monde.fr\/blog\/fauconnerie-historique-vocabulaire-idees-recues\/\" \/>\n<meta property=\"og:site_name\" content=\"La Nature d&#039;Eric\" \/>\n<meta property=\"article:publisher\" content=\"https:\/\/www.facebook.com\/Art-et-Culture-du-Monde-ACM-175103796680\/\" \/>\n<meta property=\"article:modified_time\" content=\"2018-08-30T17:41:28+00:00\" \/>\n<meta property=\"og:image\" content=\"http:\/\/..\/wp-content\/uploads\/2017\/02\/MG_8416-rec-ret-150x150.jpg\" \/>\n<meta name=\"twitter:card\" content=\"summary_large_image\" \/>\n<meta name=\"twitter:label1\" content=\"Dur\u00e9e de lecture estim\u00e9e\" \/>\n\t<meta name=\"twitter:data1\" content=\"2 minutes\" \/>\n<script type=\"application\/ld+json\" class=\"yoast-schema-graph\">{\"@context\":\"https:\/\/schema.org\",\"@graph\":[{\"@type\":\"WebPage\",\"@id\":\"https:\/\/art-et-culture-du-monde.fr\/blog\/fauconnerie-historique-vocabulaire-idees-recues\/\",\"url\":\"https:\/\/art-et-culture-du-monde.fr\/blog\/fauconnerie-historique-vocabulaire-idees-recues\/\",\"name\":\"Fauconnerie: Historique, vocabulaire, id\u00e9es re\u00e7ues ...\",\"isPartOf\":{\"@id\":\"https:\/\/art-et-culture-du-monde.fr\/blog\/#website\"},\"datePublished\":\"2017-02-08T15:46:40+00:00\",\"dateModified\":\"2018-08-30T17:41:28+00:00\",\"description\":\"D\u00e9couvrez ce qui se cache derri\u00e8re le terme \\\"fauconnerie\\\", l'histoire, les mythes et la r\u00e9alit\u00e9, la mat\u00e9riel, le vocabulaire, la r\u00e9glementation.\",\"breadcrumb\":{\"@id\":\"https:\/\/art-et-culture-du-monde.fr\/blog\/fauconnerie-historique-vocabulaire-idees-recues\/#breadcrumb\"},\"inLanguage\":\"fr-FR\",\"potentialAction\":[{\"@type\":\"ReadAction\",\"target\":[\"https:\/\/art-et-culture-du-monde.fr\/blog\/fauconnerie-historique-vocabulaire-idees-recues\/\"]}]},{\"@type\":\"BreadcrumbList\",\"@id\":\"https:\/\/art-et-culture-du-monde.fr\/blog\/fauconnerie-historique-vocabulaire-idees-recues\/#breadcrumb\",\"itemListElement\":[{\"@type\":\"ListItem\",\"position\":1,\"name\":\"Accueil\",\"item\":\"https:\/\/art-et-culture-du-monde.fr\/blog\/\"},{\"@type\":\"ListItem\",\"position\":2,\"name\":\"Fauconnerie : Historique, vocabulaire, id\u00e9es re\u00e7ues\"}]},{\"@type\":\"WebSite\",\"@id\":\"https:\/\/art-et-culture-du-monde.fr\/blog\/#website\",\"url\":\"https:\/\/art-et-culture-du-monde.fr\/blog\/\",\"name\":\"La Nature d&#039;Eric\",\"description\":\"D\u00e9couvrir - Partager - Pr\u00e9server\",\"potentialAction\":[{\"@type\":\"SearchAction\",\"target\":{\"@type\":\"EntryPoint\",\"urlTemplate\":\"https:\/\/art-et-culture-du-monde.fr\/blog\/?s={search_term_string}\"},\"query-input\":{\"@type\":\"PropertyValueSpecification\",\"valueRequired\":true,\"valueName\":\"search_term_string\"}}],\"inLanguage\":\"fr-FR\"}]}<\/script>\n<!-- \/ Yoast SEO plugin. -->","yoast_head_json":{"title":"Fauconnerie: Historique, vocabulaire, id\u00e9es re\u00e7ues ...","description":"D\u00e9couvrez ce qui se cache derri\u00e8re le terme \"fauconnerie\", l'histoire, les mythes et la r\u00e9alit\u00e9, la mat\u00e9riel, le vocabulaire, la r\u00e9glementation.","robots":{"index":"index","follow":"follow","max-snippet":"max-snippet:-1","max-image-preview":"max-image-preview:large","max-video-preview":"max-video-preview:-1"},"canonical":"https:\/\/art-et-culture-du-monde.fr\/blog\/fauconnerie-historique-vocabulaire-idees-recues\/","og_locale":"fr_FR","og_type":"article","og_title":"Fauconnerie: Historique, vocabulaire, id\u00e9es re\u00e7ues ...","og_description":"D\u00e9couvrez ce qui se cache derri\u00e8re le terme \"fauconnerie\", l'histoire, les mythes et la r\u00e9alit\u00e9, la mat\u00e9riel, le vocabulaire, la r\u00e9glementation.","og_url":"https:\/\/art-et-culture-du-monde.fr\/blog\/fauconnerie-historique-vocabulaire-idees-recues\/","og_site_name":"La Nature d&#039;Eric","article_publisher":"https:\/\/www.facebook.com\/Art-et-Culture-du-Monde-ACM-175103796680\/","article_modified_time":"2018-08-30T17:41:28+00:00","og_image":[{"url":"..\/wp-content\/uploads\/2017\/02\/MG_8416-rec-ret-150x150.jpg","type":"","width":"","height":""}],"twitter_card":"summary_large_image","twitter_misc":{"Dur\u00e9e de lecture estim\u00e9e":"2 minutes"},"schema":{"@context":"https:\/\/schema.org","@graph":[{"@type":"WebPage","@id":"https:\/\/art-et-culture-du-monde.fr\/blog\/fauconnerie-historique-vocabulaire-idees-recues\/","url":"https:\/\/art-et-culture-du-monde.fr\/blog\/fauconnerie-historique-vocabulaire-idees-recues\/","name":"Fauconnerie: Historique, vocabulaire, id\u00e9es re\u00e7ues ...","isPartOf":{"@id":"https:\/\/art-et-culture-du-monde.fr\/blog\/#website"},"datePublished":"2017-02-08T15:46:40+00:00","dateModified":"2018-08-30T17:41:28+00:00","description":"D\u00e9couvrez ce qui se cache derri\u00e8re le terme \"fauconnerie\", l'histoire, les mythes et la r\u00e9alit\u00e9, la mat\u00e9riel, le vocabulaire, la r\u00e9glementation.","breadcrumb":{"@id":"https:\/\/art-et-culture-du-monde.fr\/blog\/fauconnerie-historique-vocabulaire-idees-recues\/#breadcrumb"},"inLanguage":"fr-FR","potentialAction":[{"@type":"ReadAction","target":["https:\/\/art-et-culture-du-monde.fr\/blog\/fauconnerie-historique-vocabulaire-idees-recues\/"]}]},{"@type":"BreadcrumbList","@id":"https:\/\/art-et-culture-du-monde.fr\/blog\/fauconnerie-historique-vocabulaire-idees-recues\/#breadcrumb","itemListElement":[{"@type":"ListItem","position":1,"name":"Accueil","item":"https:\/\/art-et-culture-du-monde.fr\/blog\/"},{"@type":"ListItem","position":2,"name":"Fauconnerie : Historique, vocabulaire, id\u00e9es re\u00e7ues"}]},{"@type":"WebSite","@id":"https:\/\/art-et-culture-du-monde.fr\/blog\/#website","url":"https:\/\/art-et-culture-du-monde.fr\/blog\/","name":"La Nature d&#039;Eric","description":"D\u00e9couvrir - Partager - Pr\u00e9server","potentialAction":[{"@type":"SearchAction","target":{"@type":"EntryPoint","urlTemplate":"https:\/\/art-et-culture-du-monde.fr\/blog\/?s={search_term_string}"},"query-input":{"@type":"PropertyValueSpecification","valueRequired":true,"valueName":"search_term_string"}}],"inLanguage":"fr-FR"}]}},"jetpack-related-posts":[],"jetpack_sharing_enabled":true,"_links":{"self":[{"href":"https:\/\/art-et-culture-du-monde.fr\/blog\/wp-json\/wp\/v2\/pages\/730","targetHints":{"allow":["GET"]}}],"collection":[{"href":"https:\/\/art-et-culture-du-monde.fr\/blog\/wp-json\/wp\/v2\/pages"}],"about":[{"href":"https:\/\/art-et-culture-du-monde.fr\/blog\/wp-json\/wp\/v2\/types\/page"}],"author":[{"embeddable":true,"href":"https:\/\/art-et-culture-du-monde.fr\/blog\/wp-json\/wp\/v2\/users\/1"}],"replies":[{"embeddable":true,"href":"https:\/\/art-et-culture-du-monde.fr\/blog\/wp-json\/wp\/v2\/comments?post=730"}],"version-history":[{"count":15,"href":"https:\/\/art-et-culture-du-monde.fr\/blog\/wp-json\/wp\/v2\/pages\/730\/revisions"}],"predecessor-version":[{"id":2199,"href":"https:\/\/art-et-culture-du-monde.fr\/blog\/wp-json\/wp\/v2\/pages\/730\/revisions\/2199"}],"wp:attachment":[{"href":"https:\/\/art-et-culture-du-monde.fr\/blog\/wp-json\/wp\/v2\/media?parent=730"}],"curies":[{"name":"wp","href":"https:\/\/api.w.org\/{rel}","templated":true}]}}