{"id":725,"date":"2017-02-08T16:20:20","date_gmt":"2017-02-08T15:20:20","guid":{"rendered":"http:\/\/art-et-culture-du-monde.fr\/blog\/?page_id=725"},"modified":"2019-03-29T10:50:01","modified_gmt":"2019-03-29T09:50:01","slug":"cheveche-la-chouette-aux-yeux-dor","status":"publish","type":"page","link":"https:\/\/art-et-culture-du-monde.fr\/blog\/cheveche-la-chouette-aux-yeux-dor\/","title":{"rendered":"Chev\u00eache, la chouette aux yeux d&rsquo;or"},"content":{"rendered":"<p>[et_pb_section bb_built=\u00a0\u00bb1&Prime; admin_label=\u00a0\u00bbsection\u00a0\u00bb transparent_background=\u00a0\u00bboff\u00a0\u00bb background_color=\u00a0\u00bbrgba(124,226,77,0.54)\u00a0\u00bb allow_player_pause=\u00a0\u00bboff\u00a0\u00bb inner_shadow=\u00a0\u00bboff\u00a0\u00bb parallax=\u00a0\u00bboff\u00a0\u00bb parallax_method=\u00a0\u00bboff\u00a0\u00bb make_fullwidth=\u00a0\u00bboff\u00a0\u00bb use_custom_width=\u00a0\u00bboff\u00a0\u00bb width_unit=\u00a0\u00bbon\u00a0\u00bb make_equal=\u00a0\u00bboff\u00a0\u00bb use_custom_gutter=\u00a0\u00bboff\u00a0\u00bb][et_pb_row admin_label=\u00a0\u00bbrow\u00a0\u00bb make_fullwidth=\u00a0\u00bboff\u00a0\u00bb use_custom_width=\u00a0\u00bboff\u00a0\u00bb width_unit=\u00a0\u00bbon\u00a0\u00bb use_custom_gutter=\u00a0\u00bboff\u00a0\u00bb background_color=\u00a0\u00bb#ffffff\u00a0\u00bb allow_player_pause=\u00a0\u00bboff\u00a0\u00bb parallax=\u00a0\u00bboff\u00a0\u00bb parallax_method=\u00a0\u00bboff\u00a0\u00bb make_equal=\u00a0\u00bboff\u00a0\u00bb parallax_1=\u00a0\u00bboff\u00a0\u00bb parallax_method_1=\u00a0\u00bboff\u00a0\u00bb background_position=\u00a0\u00bbtop_left\u00a0\u00bb background_repeat=\u00a0\u00bbrepeat\u00a0\u00bb background_size=\u00a0\u00bbinitial\u00a0\u00bb][et_pb_column type=\u00a0\u00bb4_4&Prime;][et_pb_text background_layout=\u00a0\u00bblight\u00a0\u00bb text_orientation=\u00a0\u00bbleft\u00a0\u00bb background_color=\u00a0\u00bb#7cda24&Prime; use_border_color=\u00a0\u00bboff\u00a0\u00bb border_color=\u00a0\u00bb#ffffff\u00a0\u00bb border_style=\u00a0\u00bbsolid\u00a0\u00bb background_position=\u00a0\u00bbtop_left\u00a0\u00bb background_repeat=\u00a0\u00bbrepeat\u00a0\u00bb background_size=\u00a0\u00bbinitial\u00a0\u00bb]<\/p>\n<p style=\"text-align: center;\">&#8211;<\/p>\n<h2 style=\"text-align: center;\">Chev\u00eache, la chouette aux yeux d&rsquo;or<\/h2>\n<p style=\"text-align: center;\">&#8211;<\/p>\n<p>[\/et_pb_text][et_pb_text use_border_color=\u00a0\u00bboff\u00a0\u00bb custom_padding=\u00a0\u00bb|140px||140px\u00a0\u00bb custom_padding_phone=\u00a0\u00bb|20px||20px\u00a0\u00bb custom_padding_last_edited=\u00a0\u00bbon|phone\u00a0\u00bb background_position=\u00a0\u00bbtop_left\u00a0\u00bb background_repeat=\u00a0\u00bbrepeat\u00a0\u00bb background_size=\u00a0\u00bbinitial\u00a0\u00bb _builder_version=\u00a0\u00bb3.12&Prime;]<\/p>\n<p>\n<span style=\"font-size: large;\">D\u00e9couvrez la chouette qui fut le rapace nocturne le plus abondant dans nos campagnes jusque dans les ann\u00e9es 70. Apprenez \u00e0 la reconna\u00eetre et comprendre son r\u00f4le dans les \u00e9cosyst\u00e8mes.<\/p>\n<p>[\/et_pb_text][\/et_pb_column][\/et_pb_row][et_pb_row admin_label=\u00a0\u00bbrow\u00a0\u00bb make_fullwidth=\u00a0\u00bboff\u00a0\u00bb use_custom_width=\u00a0\u00bboff\u00a0\u00bb width_unit=\u00a0\u00bbon\u00a0\u00bb use_custom_gutter=\u00a0\u00bboff\u00a0\u00bb background_color=\u00a0\u00bb#ffffff\u00a0\u00bb allow_player_pause=\u00a0\u00bboff\u00a0\u00bb parallax=\u00a0\u00bboff\u00a0\u00bb parallax_method=\u00a0\u00bboff\u00a0\u00bb make_equal=\u00a0\u00bboff\u00a0\u00bb parallax_1=\u00a0\u00bboff\u00a0\u00bb parallax_method_1=\u00a0\u00bboff\u00a0\u00bb background_position=\u00a0\u00bbtop_left\u00a0\u00bb background_repeat=\u00a0\u00bbrepeat\u00a0\u00bb background_size=\u00a0\u00bbinitial\u00a0\u00bb][et_pb_column type=\u00a0\u00bb1_3&Prime;][et_pb_text background_layout=\u00a0\u00bblight\u00a0\u00bb text_orientation=\u00a0\u00bbleft\u00a0\u00bb use_border_color=\u00a0\u00bboff\u00a0\u00bb border_color=\u00a0\u00bb#ffffff\u00a0\u00bb border_style=\u00a0\u00bbsolid\u00a0\u00bb custom_padding=\u00a0\u00bb|||150px\u00a0\u00bb custom_padding_phone=\u00a0\u00bb|||20px\u00a0\u00bb custom_padding_last_edited=\u00a0\u00bbon|phone\u00a0\u00bb background_position=\u00a0\u00bbtop_left\u00a0\u00bb background_repeat=\u00a0\u00bbrepeat\u00a0\u00bb background_size=\u00a0\u00bbinitial\u00a0\u00bb]<\/p>\n<p style=\"text-align: left;\"><a href=\"http:\/\/art-et-culture-du-monde.fr\/blog\/wp-content\/uploads\/2017\/02\/Cheveche.jpg\"><img loading=\"lazy\" decoding=\"async\" class=\"wp-image-744 aligncenter\" src=\"http:\/\/art-et-culture-du-monde.fr\/blog\/wp-content\/uploads\/2017\/02\/Cheveche-150x150.jpg\" alt=\"Chouette Chev\u00eache\" width=\"155\" height=\"155\" srcset=\"https:\/\/art-et-culture-du-monde.fr\/blog\/wp-content\/uploads\/2017\/02\/Cheveche-150x150.jpg 150w, https:\/\/art-et-culture-du-monde.fr\/blog\/wp-content\/uploads\/2017\/02\/Cheveche-100x100.jpg 100w\" sizes=\"(max-width: 155px) 100vw, 155px\" \/><\/a><\/p>\n<p>[\/et_pb_text][\/et_pb_column][et_pb_column type=\u00a0\u00bb2_3&Prime;][et_pb_text use_border_color=\u00a0\u00bboff\u00a0\u00bb background_position=\u00a0\u00bbtop_left\u00a0\u00bb background_repeat=\u00a0\u00bbrepeat\u00a0\u00bb background_size=\u00a0\u00bbinitial\u00a0\u00bb _builder_version=\u00a0\u00bb3.12&Prime;]<\/p>\n<p style=\"text-align: left;\"><span style=\"font-size: large;\">D\u00e9ratiseur efficace \u00e0 la bonne t\u00eate de peluche et au cri particuli\u00e8rement insolite! Vous d\u00e9couvrirez aussi comment l&rsquo;aider si vous le souhaitez &#8230;<\/span><\/p>\n<ul><span style=\"font-size: large;\"><\/p>\n<li>Nichoirs<\/li>\n<li>Protection des points d&rsquo;eau<\/li>\n<li>Gestion des pesticides<\/li>\n<li>Plantation d&rsquo;arbres fruitiers<\/li>\n<\/ul>\n<p>[\/et_pb_text][\/et_pb_column][\/et_pb_row][et_pb_row admin_label=\u00a0\u00bbrow\u00a0\u00bb make_fullwidth=\u00a0\u00bboff\u00a0\u00bb use_custom_width=\u00a0\u00bboff\u00a0\u00bb width_unit=\u00a0\u00bbon\u00a0\u00bb use_custom_gutter=\u00a0\u00bboff\u00a0\u00bb background_color=\u00a0\u00bb#ffffff\u00a0\u00bb allow_player_pause=\u00a0\u00bboff\u00a0\u00bb parallax=\u00a0\u00bboff\u00a0\u00bb parallax_method=\u00a0\u00bboff\u00a0\u00bb make_equal=\u00a0\u00bboff\u00a0\u00bb parallax_1=\u00a0\u00bboff\u00a0\u00bb parallax_method_1=\u00a0\u00bboff\u00a0\u00bb background_position=\u00a0\u00bbtop_left\u00a0\u00bb background_repeat=\u00a0\u00bbrepeat\u00a0\u00bb background_size=\u00a0\u00bbinitial\u00a0\u00bb][et_pb_column type=\u00a0\u00bb4_4&Prime;][et_pb_text background_layout=\u00a0\u00bblight\u00a0\u00bb text_orientation=\u00a0\u00bbleft\u00a0\u00bb use_border_color=\u00a0\u00bboff\u00a0\u00bb border_color=\u00a0\u00bb#ffffff\u00a0\u00bb border_style=\u00a0\u00bbsolid\u00a0\u00bb background_position=\u00a0\u00bbtop_left\u00a0\u00bb background_repeat=\u00a0\u00bbrepeat\u00a0\u00bb background_size=\u00a0\u00bbinitial\u00a0\u00bb _builder_version=\u00a0\u00bb3.12&Prime;]<\/p>\n<div id=\"attachment_775\" style=\"width: 810px\" class=\"wp-caption aligncenter\"><a href=\"http:\/\/art-et-culture-du-monde.fr\/blog\/wp-content\/uploads\/2017\/02\/Cheveche-Savigny_7-07-07_C-Maliverney-red.jpg\"><img loading=\"lazy\" decoding=\"async\" aria-describedby=\"caption-attachment-775\" class=\"wp-image-775 size-full\" src=\"http:\/\/art-et-culture-du-monde.fr\/blog\/wp-content\/uploads\/2017\/02\/Cheveche-Savigny_7-07-07_C-Maliverney-red.jpg\" alt=\"Chouette Chev\u00eache\" width=\"800\" height=\"535\" srcset=\"https:\/\/art-et-culture-du-monde.fr\/blog\/wp-content\/uploads\/2017\/02\/Cheveche-Savigny_7-07-07_C-Maliverney-red.jpg 800w, https:\/\/art-et-culture-du-monde.fr\/blog\/wp-content\/uploads\/2017\/02\/Cheveche-Savigny_7-07-07_C-Maliverney-red-600x401.jpg 600w, https:\/\/art-et-culture-du-monde.fr\/blog\/wp-content\/uploads\/2017\/02\/Cheveche-Savigny_7-07-07_C-Maliverney-red-300x201.jpg 300w, https:\/\/art-et-culture-du-monde.fr\/blog\/wp-content\/uploads\/2017\/02\/Cheveche-Savigny_7-07-07_C-Maliverney-red-768x514.jpg 768w, https:\/\/art-et-culture-du-monde.fr\/blog\/wp-content\/uploads\/2017\/02\/Cheveche-Savigny_7-07-07_C-Maliverney-red-624x417.jpg 624w\" sizes=\"(max-width: 800px) 100vw, 800px\" \/><\/a><p id=\"caption-attachment-775\" class=\"wp-caption-text\">Photo: C.Maliverney<\/p><\/div>\n<p>[\/et_pb_text][\/et_pb_column][\/et_pb_row][et_pb_row admin_label=\u00a0\u00bbrow\u00a0\u00bb make_fullwidth=\u00a0\u00bboff\u00a0\u00bb use_custom_width=\u00a0\u00bboff\u00a0\u00bb width_unit=\u00a0\u00bbon\u00a0\u00bb use_custom_gutter=\u00a0\u00bboff\u00a0\u00bb background_color=\u00a0\u00bb#ffffff\u00a0\u00bb allow_player_pause=\u00a0\u00bboff\u00a0\u00bb parallax=\u00a0\u00bboff\u00a0\u00bb parallax_method=\u00a0\u00bboff\u00a0\u00bb make_equal=\u00a0\u00bboff\u00a0\u00bb parallax_1=\u00a0\u00bboff\u00a0\u00bb parallax_method_1=\u00a0\u00bboff\u00a0\u00bb background_position=\u00a0\u00bbtop_left\u00a0\u00bb background_repeat=\u00a0\u00bbrepeat\u00a0\u00bb background_size=\u00a0\u00bbinitial\u00a0\u00bb][et_pb_column type=\u00a0\u00bb4_4&Prime;][et_pb_text use_border_color=\u00a0\u00bboff\u00a0\u00bb custom_padding=\u00a0\u00bb|140px||140px\u00a0\u00bb custom_padding_phone=\u00a0\u00bb|20px||20px\u00a0\u00bb custom_padding_last_edited=\u00a0\u00bbon|phone\u00a0\u00bb background_position=\u00a0\u00bbtop_left\u00a0\u00bb background_repeat=\u00a0\u00bbrepeat\u00a0\u00bb background_size=\u00a0\u00bbinitial\u00a0\u00bb _builder_version=\u00a0\u00bb3.12&Prime;]<\/p>\n<p>\n<span style=\"font-size: large;\">L&rsquo;exposition peut \u00eatre associ\u00e9e \u00e0 une rencontre p\u00e9dagogique et ludique incluant des silhouettes grandeur nature, des maquettes, une vid\u00e9o. \u00a0 <\/span><\/p>\n<p><span style=\"font-size: large;\"><a href='http:\/\/art-et-culture-du-monde.fr\/blog\/wp-content\/uploads\/2017\/08\/Fiche-cheveche.pdf' class='small-button smallblue' target=\"_blank\"><span style=\"font-size: large;\">Fiche t\u00e9l\u00e9chargeable de l&rsquo;exposition<\/a><\/span><\/span><\/p>\n<p>[\/et_pb_text][\/et_pb_column][\/et_pb_row][et_pb_row admin_label=\u00a0\u00bbrow\u00a0\u00bb make_fullwidth=\u00a0\u00bboff\u00a0\u00bb use_custom_width=\u00a0\u00bboff\u00a0\u00bb width_unit=\u00a0\u00bbon\u00a0\u00bb use_custom_gutter=\u00a0\u00bboff\u00a0\u00bb background_color=\u00a0\u00bb#ffffff\u00a0\u00bb allow_player_pause=\u00a0\u00bboff\u00a0\u00bb parallax=\u00a0\u00bboff\u00a0\u00bb parallax_method=\u00a0\u00bboff\u00a0\u00bb make_equal=\u00a0\u00bboff\u00a0\u00bb parallax_1=\u00a0\u00bboff\u00a0\u00bb parallax_method_1=\u00a0\u00bboff\u00a0\u00bb background_position=\u00a0\u00bbtop_left\u00a0\u00bb background_repeat=\u00a0\u00bbrepeat\u00a0\u00bb background_size=\u00a0\u00bbinitial\u00a0\u00bb][et_pb_column type=\u00a0\u00bb4_4&Prime;][et_pb_text use_border_color=\u00a0\u00bboff\u00a0\u00bb custom_padding=\u00a0\u00bb|140px||140px\u00a0\u00bb custom_padding_phone=\u00a0\u00bb|20px||20px\u00a0\u00bb custom_padding_last_edited=\u00a0\u00bbon|phone\u00a0\u00bb background_color=\u00a0\u00bb#7cda24&Prime; background_position=\u00a0\u00bbtop_left\u00a0\u00bb background_repeat=\u00a0\u00bbrepeat\u00a0\u00bb background_size=\u00a0\u00bbinitial\u00a0\u00bb _builder_version=\u00a0\u00bb3.19.7&Prime;]<\/p>\n<p style=\"text-align: center;\">&#8211;<\/p>\n<p style=\"text-align: center;\"><a href='http:\/\/art-et-culture-du-monde.fr\/blog\/themes\/' class='small-button smallblue'><span style=\"font-size: large;\">Retour vers la liste des prestations<\/a><\/span><\/p>\n<p style=\"text-align: center;\">&#8211;<\/p>\n<p style=\"text-align: center;\">\u00a0<\/p>\n<p>[\/et_pb_text][\/et_pb_column][\/et_pb_row][\/et_pb_section]<\/p>\n","protected":false},"excerpt":{"rendered":"<p>&#8211; Chev\u00eache, la chouette aux yeux d&rsquo;or &#8211; D\u00e9couvrez la chouette qui fut le rapace nocturne le plus abondant dans nos campagnes jusque dans les ann\u00e9es 70. Apprenez \u00e0 la reconna\u00eetre et comprendre son r\u00f4le dans les \u00e9cosyst\u00e8mes. D\u00e9ratiseur efficace \u00e0 la bonne t\u00eate de peluche et au cri particuli\u00e8rement insolite! Vous d\u00e9couvrirez aussi comment [&hellip;]<\/p>\n","protected":false},"author":1,"featured_media":0,"parent":0,"menu_order":0,"comment_status":"closed","ping_status":"closed","template":"","meta":{"_et_pb_use_builder":"on","_et_pb_old_content":"<p>D\u00e9couvrez celle qui fut le rapace nocturne le plus abondant dans nos campagnes jusque dans les ann\u00e9es 70.<\/p><p>Apprenez \u00e0 la reconna\u00eetre et comprendre son r\u00f4le dans les \u00e9cosyst\u00e8mes.<\/p><p><a href=\"http:\/\/art-et-culture-du-monde.fr\/blog\/wp-content\/uploads\/2017\/02\/Cheveche.jpg\"><img class=\"size-thumbnail wp-image-744 alignleft\" src=\"http:\/\/art-et-culture-du-monde.fr\/blog\/wp-content\/uploads\/2017\/02\/Cheveche-150x150.jpg\" alt=\"\" width=\"150\" height=\"150\" \/><\/a>D\u00e9ratiseur efficace \u00e0 la bonne t\u00eate de peluche et au cri particuli\u00e8rement insolite!<\/p><p>Vous d\u00e9couvrirez aussi comment l'aider si vous le souhaitez ...<\/p><ul><li>Nichoirs<\/li><li>Protection des points d'eau<\/li><li>Gestion des pesticides ...<\/li><\/ul>[caption id=\"attachment_775\" align=\"alignnone\" width=\"800\"]<a href=\"http:\/\/art-et-culture-du-monde.fr\/blog\/wp-content\/uploads\/2017\/02\/Cheveche-Savigny_7-07-07_C-Maliverney-red.jpg\"><img class=\"wp-image-775 size-full\" src=\"http:\/\/art-et-culture-du-monde.fr\/blog\/wp-content\/uploads\/2017\/02\/Cheveche-Savigny_7-07-07_C-Maliverney-red.jpg\" width=\"800\" height=\"535\" \/><\/a> Photo: C.Maliverney[\/caption]<p>L'exposition peut \u00eatre associ\u00e9e \u00e0 une rencontre p\u00e9dagogique et ludique incluant des silhouettes grandeur nature, des maquettes, une vid\u00e9o.<\/p><p><a href=\"http:\/\/art-et-culture-du-monde.fr\/blog\/nos-actions\/location-dexposition\/\">Retour vers la page location d'exposition<\/a><\/p><p><a href=\"http:\/\/art-et-culture-du-monde.fr\/blog\/animations\/\">Retour vers la page Rencontres<\/a><\/p>","_et_gb_content_width":"","footnotes":""},"class_list":["post-725","page","type-page","status-publish","hentry"],"yoast_head":"<!-- This site is optimized with the Yoast SEO plugin v27.2 - https:\/\/yoast.com\/product\/yoast-seo-wordpress\/ -->\n<title>Exposition &quot;Chev\u00eache, la chouette aux yeux d&#039;or&quot;<\/title>\n<meta name=\"description\" content=\"D\u00e9couvrez la chouette qui fut le rapace nocturne le plus abondant dans nos campagnes jusque dans les ann\u00e9es 70.La reconna\u00eetre et conna\u00eetre son comportement.\" \/>\n<meta name=\"robots\" content=\"index, follow, max-snippet:-1, max-image-preview:large, max-video-preview:-1\" \/>\n<link rel=\"canonical\" href=\"https:\/\/art-et-culture-du-monde.fr\/blog\/cheveche-la-chouette-aux-yeux-dor\/\" \/>\n<meta property=\"og:locale\" content=\"fr_FR\" \/>\n<meta property=\"og:type\" content=\"article\" \/>\n<meta property=\"og:title\" content=\"Exposition &quot;Chev\u00eache, la chouette aux yeux d&#039;or&quot;\" \/>\n<meta property=\"og:description\" content=\"D\u00e9couvrez la chouette qui fut le rapace nocturne le plus abondant dans nos campagnes jusque dans les ann\u00e9es 70.La reconna\u00eetre et conna\u00eetre son comportement.\" \/>\n<meta property=\"og:url\" content=\"https:\/\/art-et-culture-du-monde.fr\/blog\/cheveche-la-chouette-aux-yeux-dor\/\" \/>\n<meta property=\"og:site_name\" content=\"La Nature d&#039;Eric\" \/>\n<meta property=\"article:publisher\" content=\"https:\/\/www.facebook.com\/Art-et-Culture-du-Monde-ACM-175103796680\/\" \/>\n<meta property=\"article:modified_time\" content=\"2019-03-29T09:50:01+00:00\" \/>\n<meta property=\"og:image\" content=\"http:\/\/art-et-culture-du-monde.fr\/blog\/wp-content\/uploads\/2017\/02\/Cheveche-150x150.jpg\" \/>\n<meta name=\"twitter:card\" content=\"summary_large_image\" \/>\n<meta name=\"twitter:label1\" content=\"Dur\u00e9e de lecture estim\u00e9e\" \/>\n\t<meta name=\"twitter:data1\" content=\"4 minutes\" \/>\n<script type=\"application\/ld+json\" class=\"yoast-schema-graph\">{\"@context\":\"https:\/\/schema.org\",\"@graph\":[{\"@type\":\"WebPage\",\"@id\":\"https:\/\/art-et-culture-du-monde.fr\/blog\/cheveche-la-chouette-aux-yeux-dor\/\",\"url\":\"https:\/\/art-et-culture-du-monde.fr\/blog\/cheveche-la-chouette-aux-yeux-dor\/\",\"name\":\"Exposition \\\"Chev\u00eache, la chouette aux yeux d'or\\\"\",\"isPartOf\":{\"@id\":\"https:\/\/art-et-culture-du-monde.fr\/blog\/#website\"},\"primaryImageOfPage\":{\"@id\":\"https:\/\/art-et-culture-du-monde.fr\/blog\/cheveche-la-chouette-aux-yeux-dor\/#primaryimage\"},\"image\":{\"@id\":\"https:\/\/art-et-culture-du-monde.fr\/blog\/cheveche-la-chouette-aux-yeux-dor\/#primaryimage\"},\"thumbnailUrl\":\"http:\/\/art-et-culture-du-monde.fr\/blog\/wp-content\/uploads\/2017\/02\/Cheveche-150x150.jpg\",\"datePublished\":\"2017-02-08T15:20:20+00:00\",\"dateModified\":\"2019-03-29T09:50:01+00:00\",\"description\":\"D\u00e9couvrez la chouette qui fut le rapace nocturne le plus abondant dans nos campagnes jusque dans les ann\u00e9es 70.La reconna\u00eetre et conna\u00eetre son comportement.\",\"breadcrumb\":{\"@id\":\"https:\/\/art-et-culture-du-monde.fr\/blog\/cheveche-la-chouette-aux-yeux-dor\/#breadcrumb\"},\"inLanguage\":\"fr-FR\",\"potentialAction\":[{\"@type\":\"ReadAction\",\"target\":[\"https:\/\/art-et-culture-du-monde.fr\/blog\/cheveche-la-chouette-aux-yeux-dor\/\"]}]},{\"@type\":\"ImageObject\",\"inLanguage\":\"fr-FR\",\"@id\":\"https:\/\/art-et-culture-du-monde.fr\/blog\/cheveche-la-chouette-aux-yeux-dor\/#primaryimage\",\"url\":\"http:\/\/art-et-culture-du-monde.fr\/blog\/wp-content\/uploads\/2017\/02\/Cheveche-150x150.jpg\",\"contentUrl\":\"http:\/\/art-et-culture-du-monde.fr\/blog\/wp-content\/uploads\/2017\/02\/Cheveche-150x150.jpg\"},{\"@type\":\"BreadcrumbList\",\"@id\":\"https:\/\/art-et-culture-du-monde.fr\/blog\/cheveche-la-chouette-aux-yeux-dor\/#breadcrumb\",\"itemListElement\":[{\"@type\":\"ListItem\",\"position\":1,\"name\":\"Accueil\",\"item\":\"https:\/\/art-et-culture-du-monde.fr\/blog\/\"},{\"@type\":\"ListItem\",\"position\":2,\"name\":\"Chev\u00eache, la chouette aux yeux d&#8217;or\"}]},{\"@type\":\"WebSite\",\"@id\":\"https:\/\/art-et-culture-du-monde.fr\/blog\/#website\",\"url\":\"https:\/\/art-et-culture-du-monde.fr\/blog\/\",\"name\":\"La Nature d&#039;Eric\",\"description\":\"D\u00e9couvrir - Partager - Pr\u00e9server\",\"potentialAction\":[{\"@type\":\"SearchAction\",\"target\":{\"@type\":\"EntryPoint\",\"urlTemplate\":\"https:\/\/art-et-culture-du-monde.fr\/blog\/?s={search_term_string}\"},\"query-input\":{\"@type\":\"PropertyValueSpecification\",\"valueRequired\":true,\"valueName\":\"search_term_string\"}}],\"inLanguage\":\"fr-FR\"}]}<\/script>\n<!-- \/ Yoast SEO plugin. -->","yoast_head_json":{"title":"Exposition \"Chev\u00eache, la chouette aux yeux d'or\"","description":"D\u00e9couvrez la chouette qui fut le rapace nocturne le plus abondant dans nos campagnes jusque dans les ann\u00e9es 70.La reconna\u00eetre et conna\u00eetre son comportement.","robots":{"index":"index","follow":"follow","max-snippet":"max-snippet:-1","max-image-preview":"max-image-preview:large","max-video-preview":"max-video-preview:-1"},"canonical":"https:\/\/art-et-culture-du-monde.fr\/blog\/cheveche-la-chouette-aux-yeux-dor\/","og_locale":"fr_FR","og_type":"article","og_title":"Exposition \"Chev\u00eache, la chouette aux yeux d'or\"","og_description":"D\u00e9couvrez la chouette qui fut le rapace nocturne le plus abondant dans nos campagnes jusque dans les ann\u00e9es 70.La reconna\u00eetre et conna\u00eetre son comportement.","og_url":"https:\/\/art-et-culture-du-monde.fr\/blog\/cheveche-la-chouette-aux-yeux-dor\/","og_site_name":"La Nature d&#039;Eric","article_publisher":"https:\/\/www.facebook.com\/Art-et-Culture-du-Monde-ACM-175103796680\/","article_modified_time":"2019-03-29T09:50:01+00:00","og_image":[{"url":"http:\/\/art-et-culture-du-monde.fr\/blog\/wp-content\/uploads\/2017\/02\/Cheveche-150x150.jpg","type":"","width":"","height":""}],"twitter_card":"summary_large_image","twitter_misc":{"Dur\u00e9e de lecture estim\u00e9e":"4 minutes"},"schema":{"@context":"https:\/\/schema.org","@graph":[{"@type":"WebPage","@id":"https:\/\/art-et-culture-du-monde.fr\/blog\/cheveche-la-chouette-aux-yeux-dor\/","url":"https:\/\/art-et-culture-du-monde.fr\/blog\/cheveche-la-chouette-aux-yeux-dor\/","name":"Exposition \"Chev\u00eache, la chouette aux yeux d'or\"","isPartOf":{"@id":"https:\/\/art-et-culture-du-monde.fr\/blog\/#website"},"primaryImageOfPage":{"@id":"https:\/\/art-et-culture-du-monde.fr\/blog\/cheveche-la-chouette-aux-yeux-dor\/#primaryimage"},"image":{"@id":"https:\/\/art-et-culture-du-monde.fr\/blog\/cheveche-la-chouette-aux-yeux-dor\/#primaryimage"},"thumbnailUrl":"http:\/\/art-et-culture-du-monde.fr\/blog\/wp-content\/uploads\/2017\/02\/Cheveche-150x150.jpg","datePublished":"2017-02-08T15:20:20+00:00","dateModified":"2019-03-29T09:50:01+00:00","description":"D\u00e9couvrez la chouette qui fut le rapace nocturne le plus abondant dans nos campagnes jusque dans les ann\u00e9es 70.La reconna\u00eetre et conna\u00eetre son comportement.","breadcrumb":{"@id":"https:\/\/art-et-culture-du-monde.fr\/blog\/cheveche-la-chouette-aux-yeux-dor\/#breadcrumb"},"inLanguage":"fr-FR","potentialAction":[{"@type":"ReadAction","target":["https:\/\/art-et-culture-du-monde.fr\/blog\/cheveche-la-chouette-aux-yeux-dor\/"]}]},{"@type":"ImageObject","inLanguage":"fr-FR","@id":"https:\/\/art-et-culture-du-monde.fr\/blog\/cheveche-la-chouette-aux-yeux-dor\/#primaryimage","url":"http:\/\/art-et-culture-du-monde.fr\/blog\/wp-content\/uploads\/2017\/02\/Cheveche-150x150.jpg","contentUrl":"http:\/\/art-et-culture-du-monde.fr\/blog\/wp-content\/uploads\/2017\/02\/Cheveche-150x150.jpg"},{"@type":"BreadcrumbList","@id":"https:\/\/art-et-culture-du-monde.fr\/blog\/cheveche-la-chouette-aux-yeux-dor\/#breadcrumb","itemListElement":[{"@type":"ListItem","position":1,"name":"Accueil","item":"https:\/\/art-et-culture-du-monde.fr\/blog\/"},{"@type":"ListItem","position":2,"name":"Chev\u00eache, la chouette aux yeux d&#8217;or"}]},{"@type":"WebSite","@id":"https:\/\/art-et-culture-du-monde.fr\/blog\/#website","url":"https:\/\/art-et-culture-du-monde.fr\/blog\/","name":"La Nature d&#039;Eric","description":"D\u00e9couvrir - Partager - Pr\u00e9server","potentialAction":[{"@type":"SearchAction","target":{"@type":"EntryPoint","urlTemplate":"https:\/\/art-et-culture-du-monde.fr\/blog\/?s={search_term_string}"},"query-input":{"@type":"PropertyValueSpecification","valueRequired":true,"valueName":"search_term_string"}}],"inLanguage":"fr-FR"}]}},"jetpack-related-posts":[],"jetpack_sharing_enabled":true,"_links":{"self":[{"href":"https:\/\/art-et-culture-du-monde.fr\/blog\/wp-json\/wp\/v2\/pages\/725","targetHints":{"allow":["GET"]}}],"collection":[{"href":"https:\/\/art-et-culture-du-monde.fr\/blog\/wp-json\/wp\/v2\/pages"}],"about":[{"href":"https:\/\/art-et-culture-du-monde.fr\/blog\/wp-json\/wp\/v2\/types\/page"}],"author":[{"embeddable":true,"href":"https:\/\/art-et-culture-du-monde.fr\/blog\/wp-json\/wp\/v2\/users\/1"}],"replies":[{"embeddable":true,"href":"https:\/\/art-et-culture-du-monde.fr\/blog\/wp-json\/wp\/v2\/comments?post=725"}],"version-history":[{"count":36,"href":"https:\/\/art-et-culture-du-monde.fr\/blog\/wp-json\/wp\/v2\/pages\/725\/revisions"}],"predecessor-version":[{"id":2771,"href":"https:\/\/art-et-culture-du-monde.fr\/blog\/wp-json\/wp\/v2\/pages\/725\/revisions\/2771"}],"wp:attachment":[{"href":"https:\/\/art-et-culture-du-monde.fr\/blog\/wp-json\/wp\/v2\/media?parent=725"}],"curies":[{"name":"wp","href":"https:\/\/api.w.org\/{rel}","templated":true}]}}