{"id":540,"date":"2016-07-01T16:15:28","date_gmt":"2016-07-01T14:15:28","guid":{"rendered":"http:\/\/art-et-culture-du-monde.fr\/blog\/?page_id=540"},"modified":"2018-09-02T12:10:26","modified_gmt":"2018-09-02T10:10:26","slug":"grand-duc-deurope","status":"publish","type":"page","link":"https:\/\/art-et-culture-du-monde.fr\/blog\/dossier-oiseaux\/rapaces-fauconnerie\/grand-duc-deurope\/","title":{"rendered":"Grand-duc d&rsquo;Europe"},"content":{"rendered":"<p>[et_pb_section bb_built=\u00a0\u00bb1&Prime;][et_pb_row][et_pb_column type=\u00a0\u00bb4_4&Prime;][et_pb_text admin_label=\u00a0\u00bbHibou Grand-duc d&rsquo;Europe\u00a0\u00bb background_layout=\u00a0\u00bblight\u00a0\u00bb background_color=\u00a0\u00bb#7cda24&Prime; use_border_color=\u00a0\u00bboff\u00a0\u00bb header_line_height=\u00a0\u00bb2em\u00a0\u00bb text_line_height=\u00a0\u00bb2.3em\u00a0\u00bb background_position=\u00a0\u00bbtop_left\u00a0\u00bb background_repeat=\u00a0\u00bbrepeat\u00a0\u00bb background_size=\u00a0\u00bbinitial\u00a0\u00bb _builder_version=\u00a0\u00bb3.0.97&Prime; saved_tabs=\u00a0\u00bball\u00a0\u00bb]<\/p>\n<p style=\"text-align: center;\">&#8211;<\/p>\n<h1 class=\"entry-title\" style=\"text-align: center;\">Hibou Grand-duc d&rsquo;Europe<\/h1>\n<p style=\"text-align: center;\">&#8211;<\/p>\n<p>[\/et_pb_text][\/et_pb_column][\/et_pb_row][et_pb_row][et_pb_column type=\u00a0\u00bb1_3&Prime;][et_pb_image _builder_version=\u00a0\u00bb3.12&Prime; src=\u00a0\u00bbhttp:\/\/art-et-culture-du-monde.fr\/blog\/wp-content\/uploads\/2018\/07\/20180628_204112-red.jpg\u00a0\u00bb align=\u00a0\u00bbcenter\u00a0\u00bb alt=\u00a0\u00bbHibou Grand-Duc d&rsquo;Europe &#8211; Dessin Eric Mourniac\u00a0\u00bb \/][\/et_pb_column][et_pb_column type=\u00a0\u00bb2_3&Prime;][et_pb_text _builder_version=\u00a0\u00bb3.12&Prime;]<\/p>\n<div class=\"entry-content\">\n<p><span style=\"font-size: large;\">Il est le plus grand rapace nocturne du monde. Tr\u00e8s souple dans ses sites de nidification, il affectionne particuli\u00e8rement les falaises et anciennes carri\u00e8res.<\/span><\/p>\n<p><span style=\"font-size: large;\">On a toutefois, trouv\u00e9 des nids dans des carri\u00e8res en activit\u00e9.<\/span><\/p>\n<p><span style=\"font-size: large;\">L&rsquo;homme lui a beaucoup nuit mais l&rsquo;a parfois favoris\u00e9: Ainsi, l&rsquo;abondance des rats dans les d\u00e9charges ou les rassemblements d&rsquo;oiseaux d&rsquo;eau sur les lacs de barrages sont des opportunit\u00e9s importants pour le Grand-duc.<\/span><\/p>\n<ul>\n<li><strong><span style=\"font-size: large;\">Description<\/span><\/strong><\/li>\n<\/ul>\n<p><span style=\"font-size: large;\">Nom scientifique: Bubo bubo<br \/>\n<span style=\"font-size: large;\">Poids: 1600-4500 g<br \/>\n<span style=\"font-size: large;\">Envergure: 160 &#8211; 170 cm<br \/>\n<span style=\"font-size: large;\">Taille: 60 &#8211; 70 cm de haut<\/span><\/span><\/span><\/span><\/p>\n<ul>\n<li><strong><span style=\"font-size: large;\">Habitat<\/span><\/strong><\/li>\n<\/ul>\n<\/div>\n<p><span style=\"font-size: large;\">Le Grand Duc vit dans des habitats tr\u00e8s vari\u00e9s. Cependant, il chasse essentiellement en milieu ouvert ou peu bois\u00e9. Pour nicher, il affectionne les falaises rocheuses mais sait se montrer flexible. Il appr\u00e9cie la proximit\u00e9 de l&rsquo;eau car il trouve une grande vari\u00e9t\u00e9 de proies.<\/span><\/p>\n<div class=\"entry-content\">\n<ul>\n<li><strong><span style=\"font-size: large;\">R\u00e9gime alimentaire<\/span><\/strong><\/li>\n<\/ul>\n<\/div>\n<p><span style=\"font-size: large;\">Tr\u00e8s vari\u00e9, le Grand Duc fait preuve d&rsquo;opportunisme. Son r\u00e9gime alimentaire varie donc suivant les saisons et les r\u00e9gions o\u00f9 il demeure.On retrouve toutefois, dans des proportions variables, des rongeurs, des lapins, des perdrix, des corvid\u00e9s, des rapaces diurnes et nocturnes.<\/span><\/p>\n<div class=\"entry-content\">\n<ul>\n<li><strong><span style=\"font-size: large;\">Menaces<\/span><\/strong><\/li>\n<\/ul>\n<\/div>\n<div class=\"entry-content\"><span style=\"font-size: large;\">D\u00e9rangement par l&rsquo;homme, collisions avec des v\u00e9hicules, des lignes \u00e9lectriques.<\/span><\/div>\n<div><span style=\"font-size: large;\">L&rsquo;intensification de l&rsquo;agriculture a conduit \u00e0 une diminution du nombre de proies potentielles.<\/span><\/div>\n<div class=\"entry-content\">\n<ul>\n<li><strong><span style=\"font-size: large;\">Comment l\u2019aider ?<\/span><\/strong><\/li>\n<\/ul>\n<\/div>\n<div class=\"entry-content\"><span style=\"font-size: large;\">Favoriser la protection des territoires o\u00f9 il y a des Grand Duc est la principale mesure.<\/span><\/div>\n<div class=\"entry-content\"><span style=\"font-size: large;\">Am\u00e9nager les pyl\u00f4nes pour limiter les risques d&rsquo;\u00e9lectrocution.<\/span><\/div>\n<div><span style=\"font-size: large;\">Sensibiliser les usagers de la nature au risque potentiel de d\u00e9rangement en p\u00e9riode de nidification.<\/span><\/div>\n<div class=\"entry-content\">\n<ul>\n<li><strong><span style=\"font-size: large;\">Pourquoi l\u2019aider ?<\/span><\/strong><\/li>\n<\/ul>\n<p><span style=\"font-size: large;\">On peut se demander pourquoi se pr\u00e9occuper plus de cette esp\u00e8ce plut\u00f4t que d\u2019une autre ?<br \/>\nEn fait, la bonne sant\u00e9 d&rsquo;une esp\u00e8ce de super pr\u00e9dateur d\u00e9pend de la sant\u00e9 de toutes les esp\u00e8ces qui rentrent dans son r\u00e9gime alimentaire.<\/span><\/p>\n<p><span style=\"font-size: large;\">Si le Grand-Duc est pr\u00e9sent et bien portant, c&rsquo;est un signe que l&rsquo;environnement se porte bien et cela c&rsquo;est bon aussi pour les humains.<\/span><\/p>\n<\/div>\n<p>&nbsp;<\/p>\n<p>[\/et_pb_text][\/et_pb_column][\/et_pb_row][et_pb_row][et_pb_column type=\u00a0\u00bb4_4&Prime;][et_pb_text use_border_color=\u00a0\u00bboff\u00a0\u00bb custom_padding=\u00a0\u00bb|140px||140px\u00a0\u00bb custom_padding_phone=\u00a0\u00bb|20px||20px\u00a0\u00bb custom_padding_last_edited=\u00a0\u00bbon|phone\u00a0\u00bb background_color=\u00a0\u00bb#7cda24&Prime; saved_tabs=\u00a0\u00bball\u00a0\u00bb _builder_version=\u00a0\u00bb3.12&Prime;]<\/p>\n<p style=\"text-align: center;\">&#8211;<\/p>\n<p style=\"text-align: center;\"><a href='http:\/\/art-et-culture-du-monde.fr\/blog\/dossier-oiseaux\/' class='big-button bigblue'><span style=\"font-size: large;\">Retour vers la page \u00ab\u00a0Dossier oiseaux\u00a0\u00bb<\/a><\/span><\/p>\n<p>&nbsp;<\/p>\n<p style=\"text-align: center;\">&#8211;<\/p>\n<p>[\/et_pb_text][\/et_pb_column][\/et_pb_row][\/et_pb_section]<\/p>\n","protected":false},"excerpt":{"rendered":"<p><div class=\"et_pb_row et_pb_row_0 et_pb_row_empty\">\n\t\t\t\t\n\t\t\t\t\n\t\t\t\t\n\t\t\t\t\n\t\t\t\t\n\t\t\t<\/div> &#8211; Hibou Grand-duc d&rsquo;Europe &#8211; <div class=\"et_pb_row et_pb_row_1 et_pb_row_empty\">\n\t\t\t\t\n\t\t\t\t\n\t\t\t\t\n\t\t\t\t\n\t\t\t\t\n\t\t\t<\/div> Il est le plus grand rapace nocturne du monde. Tr\u00e8s souple dans ses sites de nidification, il affectionne particuli\u00e8rement les falaises et anciennes carri\u00e8res. On a toutefois, trouv\u00e9 des nids dans des carri\u00e8res en activit\u00e9. L&rsquo;homme lui a beaucoup nuit mais l&rsquo;a parfois favoris\u00e9: Ainsi, l&rsquo;abondance des rats [&hellip;]<\/p>\n","protected":false},"author":1,"featured_media":0,"parent":209,"menu_order":0,"comment_status":"closed","ping_status":"open","template":"","meta":{"_et_pb_use_builder":"on","_et_pb_old_content":"<header class=\"entry-header\"><h1 class=\"entry-title\">Hibou Grand-duc d'Europe<\/h1><\/header><div class=\"entry-content\"><p>Il est le plus grand rapace nocturne du monde. Tr\u00e8s souple dans ses sites de nidification, il affectionne particuli\u00e8rement les falaises et anciennes carri\u00e8res.<\/p><p>On a toutefois, trouv\u00e9 des nids dans des carri\u00e8res en activit\u00e9.<\/p><p>L'homme lui a beaucoup nuit mais l'a parfois favoris\u00e9: Ainsi, l'abondance des rats dans les d\u00e9charges ou les rassemblements d'oiseaux d'eau sur les lacs de barrages sont des opportunit\u00e9s importants pour le Grand-duc.<\/p><ul><li><strong>Description<\/strong><\/li><\/ul><p>Nom scientifique: Bubo bubo<br \/>Poids: 1600-4500 g<br \/>Envergure: 160 - 170 cm<br \/>Taille: 60 - 70 cm de haut<\/p><ul><li><strong>Habitat<\/strong><\/li><\/ul><\/div><p>\u00a0<\/p><div class=\"entry-content\"><ul><li><strong>R\u00e9gime alimentaire<\/strong><\/li><\/ul><\/div><p>\u00a0<\/p><div class=\"entry-content\"><ul><li><strong>Menaces<\/strong><\/li><\/ul><\/div><div class=\"entry-content\">\u00a0<\/div><div class=\"entry-content\">\u00a0<\/div><div class=\"entry-content\">\u00a0<\/div><div class=\"entry-content\">\u00a0<\/div><div class=\"entry-content\">\u00a0<\/div><div class=\"entry-content\"><ul><li><strong>Comment l\u2019aider ?<\/strong><\/li><\/ul><\/div><div class=\"entry-content\">\u00a0<\/div><div class=\"entry-content\">\u00a0<\/div><div class=\"entry-content\">\u00a0<\/div><div class=\"entry-content\">\u00a0<\/div><div class=\"entry-content\">\u00a0<\/div><div class=\"entry-content\">\u00a0<\/div><div class=\"entry-content\"><ul><li><strong>Pourquoi l\u2019aider ?<\/strong><\/li><\/ul><p>On peut se demander pourquoi se pr\u00e9occuper plus de cette esp\u00e8ce plut\u00f4t que d\u2019une autre ?<br \/>En effet, tout \u00eatre vivant a un r\u00f4le dans nos \u00e9cosyst\u00e8mes et m\u00e9rite de fait respect.<br \/>Toutefois, la Chouette chev\u00eache a plusieurs particularit\u00e9 qui m\u00e9ritent consid\u00e9ration:<br \/>1- Elle ne pr\u00e9sente aucun danger pour l\u2019Homme.<br \/>2- Elle est utile en d\u00e9ratisant et supprimant les insectes nuisibles de nos jardins.<br \/>3- Son milieu favori est favorable a beaucoup d\u2019esp\u00e8ces et donc la prot\u00e9ger rend service \u00e0 beaucoup d\u2019autres \u00eatres vivants.<\/p><\/div>","_et_gb_content_width":"","footnotes":""},"class_list":["post-540","page","type-page","status-publish","hentry"],"yoast_head":"<!-- This site is optimized with the Yoast SEO plugin v27.2 - https:\/\/yoast.com\/product\/yoast-seo-wordpress\/ -->\n<title>Hibou Grand-duc d&#039;Europe - Le plus grand rapace nocturne<\/title>\n<meta name=\"description\" content=\"Le Grand-Duc d&#039;Europe est le plus grand rapace nocturne. Super pr\u00e9dateur, il est un \u00e9l\u00e9ment essentiel des \u00e9cosyst\u00e8mes.\" \/>\n<meta name=\"robots\" content=\"index, follow, max-snippet:-1, max-image-preview:large, max-video-preview:-1\" \/>\n<link rel=\"canonical\" href=\"https:\/\/art-et-culture-du-monde.fr\/blog\/dossier-oiseaux\/rapaces-fauconnerie\/grand-duc-deurope\/\" \/>\n<meta property=\"og:locale\" content=\"fr_FR\" \/>\n<meta property=\"og:type\" content=\"article\" \/>\n<meta property=\"og:title\" content=\"Hibou Grand-duc d&#039;Europe - Le plus grand rapace nocturne\" \/>\n<meta property=\"og:description\" content=\"Le Grand-Duc d&#039;Europe est le plus grand rapace nocturne. Super pr\u00e9dateur, il est un \u00e9l\u00e9ment essentiel des \u00e9cosyst\u00e8mes.\" \/>\n<meta property=\"og:url\" content=\"https:\/\/art-et-culture-du-monde.fr\/blog\/dossier-oiseaux\/rapaces-fauconnerie\/grand-duc-deurope\/\" \/>\n<meta property=\"og:site_name\" content=\"La Nature d&#039;Eric\" \/>\n<meta property=\"article:publisher\" content=\"https:\/\/www.facebook.com\/Art-et-Culture-du-Monde-ACM-175103796680\/\" \/>\n<meta property=\"article:modified_time\" content=\"2018-09-02T10:10:26+00:00\" \/>\n<meta name=\"twitter:card\" content=\"summary_large_image\" \/>\n<meta name=\"twitter:label1\" content=\"Dur\u00e9e de lecture estim\u00e9e\" \/>\n\t<meta name=\"twitter:data1\" content=\"3 minutes\" \/>\n<script type=\"application\/ld+json\" class=\"yoast-schema-graph\">{\"@context\":\"https:\/\/schema.org\",\"@graph\":[{\"@type\":\"WebPage\",\"@id\":\"https:\/\/art-et-culture-du-monde.fr\/blog\/dossier-oiseaux\/rapaces-fauconnerie\/grand-duc-deurope\/\",\"url\":\"https:\/\/art-et-culture-du-monde.fr\/blog\/dossier-oiseaux\/rapaces-fauconnerie\/grand-duc-deurope\/\",\"name\":\"Hibou Grand-duc d'Europe - Le plus grand rapace nocturne\",\"isPartOf\":{\"@id\":\"https:\/\/art-et-culture-du-monde.fr\/blog\/#website\"},\"datePublished\":\"2016-07-01T14:15:28+00:00\",\"dateModified\":\"2018-09-02T10:10:26+00:00\",\"description\":\"Le Grand-Duc d'Europe est le plus grand rapace nocturne. Super pr\u00e9dateur, il est un \u00e9l\u00e9ment essentiel des \u00e9cosyst\u00e8mes.\",\"breadcrumb\":{\"@id\":\"https:\/\/art-et-culture-du-monde.fr\/blog\/dossier-oiseaux\/rapaces-fauconnerie\/grand-duc-deurope\/#breadcrumb\"},\"inLanguage\":\"fr-FR\",\"potentialAction\":[{\"@type\":\"ReadAction\",\"target\":[\"https:\/\/art-et-culture-du-monde.fr\/blog\/dossier-oiseaux\/rapaces-fauconnerie\/grand-duc-deurope\/\"]}]},{\"@type\":\"BreadcrumbList\",\"@id\":\"https:\/\/art-et-culture-du-monde.fr\/blog\/dossier-oiseaux\/rapaces-fauconnerie\/grand-duc-deurope\/#breadcrumb\",\"itemListElement\":[{\"@type\":\"ListItem\",\"position\":1,\"name\":\"Accueil\",\"item\":\"https:\/\/art-et-culture-du-monde.fr\/blog\/\"},{\"@type\":\"ListItem\",\"position\":2,\"name\":\"Dossier Oiseaux\",\"item\":\"https:\/\/art-et-culture-du-monde.fr\/blog\/dossier-oiseaux\/\"},{\"@type\":\"ListItem\",\"position\":3,\"name\":\"Rapaces\",\"item\":\"https:\/\/art-et-culture-du-monde.fr\/blog\/dossier-oiseaux\/rapaces-fauconnerie\/\"},{\"@type\":\"ListItem\",\"position\":4,\"name\":\"Grand-duc d&#8217;Europe\"}]},{\"@type\":\"WebSite\",\"@id\":\"https:\/\/art-et-culture-du-monde.fr\/blog\/#website\",\"url\":\"https:\/\/art-et-culture-du-monde.fr\/blog\/\",\"name\":\"La Nature d&#039;Eric\",\"description\":\"D\u00e9couvrir - Partager - Pr\u00e9server\",\"potentialAction\":[{\"@type\":\"SearchAction\",\"target\":{\"@type\":\"EntryPoint\",\"urlTemplate\":\"https:\/\/art-et-culture-du-monde.fr\/blog\/?s={search_term_string}\"},\"query-input\":{\"@type\":\"PropertyValueSpecification\",\"valueRequired\":true,\"valueName\":\"search_term_string\"}}],\"inLanguage\":\"fr-FR\"}]}<\/script>\n<!-- \/ Yoast SEO plugin. -->","yoast_head_json":{"title":"Hibou Grand-duc d'Europe - Le plus grand rapace nocturne","description":"Le Grand-Duc d'Europe est le plus grand rapace nocturne. Super pr\u00e9dateur, il est un \u00e9l\u00e9ment essentiel des \u00e9cosyst\u00e8mes.","robots":{"index":"index","follow":"follow","max-snippet":"max-snippet:-1","max-image-preview":"max-image-preview:large","max-video-preview":"max-video-preview:-1"},"canonical":"https:\/\/art-et-culture-du-monde.fr\/blog\/dossier-oiseaux\/rapaces-fauconnerie\/grand-duc-deurope\/","og_locale":"fr_FR","og_type":"article","og_title":"Hibou Grand-duc d'Europe - Le plus grand rapace nocturne","og_description":"Le Grand-Duc d'Europe est le plus grand rapace nocturne. Super pr\u00e9dateur, il est un \u00e9l\u00e9ment essentiel des \u00e9cosyst\u00e8mes.","og_url":"https:\/\/art-et-culture-du-monde.fr\/blog\/dossier-oiseaux\/rapaces-fauconnerie\/grand-duc-deurope\/","og_site_name":"La Nature d&#039;Eric","article_publisher":"https:\/\/www.facebook.com\/Art-et-Culture-du-Monde-ACM-175103796680\/","article_modified_time":"2018-09-02T10:10:26+00:00","twitter_card":"summary_large_image","twitter_misc":{"Dur\u00e9e de lecture estim\u00e9e":"3 minutes"},"schema":{"@context":"https:\/\/schema.org","@graph":[{"@type":"WebPage","@id":"https:\/\/art-et-culture-du-monde.fr\/blog\/dossier-oiseaux\/rapaces-fauconnerie\/grand-duc-deurope\/","url":"https:\/\/art-et-culture-du-monde.fr\/blog\/dossier-oiseaux\/rapaces-fauconnerie\/grand-duc-deurope\/","name":"Hibou Grand-duc d'Europe - Le plus grand rapace nocturne","isPartOf":{"@id":"https:\/\/art-et-culture-du-monde.fr\/blog\/#website"},"datePublished":"2016-07-01T14:15:28+00:00","dateModified":"2018-09-02T10:10:26+00:00","description":"Le Grand-Duc d'Europe est le plus grand rapace nocturne. Super pr\u00e9dateur, il est un \u00e9l\u00e9ment essentiel des \u00e9cosyst\u00e8mes.","breadcrumb":{"@id":"https:\/\/art-et-culture-du-monde.fr\/blog\/dossier-oiseaux\/rapaces-fauconnerie\/grand-duc-deurope\/#breadcrumb"},"inLanguage":"fr-FR","potentialAction":[{"@type":"ReadAction","target":["https:\/\/art-et-culture-du-monde.fr\/blog\/dossier-oiseaux\/rapaces-fauconnerie\/grand-duc-deurope\/"]}]},{"@type":"BreadcrumbList","@id":"https:\/\/art-et-culture-du-monde.fr\/blog\/dossier-oiseaux\/rapaces-fauconnerie\/grand-duc-deurope\/#breadcrumb","itemListElement":[{"@type":"ListItem","position":1,"name":"Accueil","item":"https:\/\/art-et-culture-du-monde.fr\/blog\/"},{"@type":"ListItem","position":2,"name":"Dossier Oiseaux","item":"https:\/\/art-et-culture-du-monde.fr\/blog\/dossier-oiseaux\/"},{"@type":"ListItem","position":3,"name":"Rapaces","item":"https:\/\/art-et-culture-du-monde.fr\/blog\/dossier-oiseaux\/rapaces-fauconnerie\/"},{"@type":"ListItem","position":4,"name":"Grand-duc d&#8217;Europe"}]},{"@type":"WebSite","@id":"https:\/\/art-et-culture-du-monde.fr\/blog\/#website","url":"https:\/\/art-et-culture-du-monde.fr\/blog\/","name":"La Nature d&#039;Eric","description":"D\u00e9couvrir - Partager - Pr\u00e9server","potentialAction":[{"@type":"SearchAction","target":{"@type":"EntryPoint","urlTemplate":"https:\/\/art-et-culture-du-monde.fr\/blog\/?s={search_term_string}"},"query-input":{"@type":"PropertyValueSpecification","valueRequired":true,"valueName":"search_term_string"}}],"inLanguage":"fr-FR"}]}},"jetpack-related-posts":[],"jetpack_sharing_enabled":true,"_links":{"self":[{"href":"https:\/\/art-et-culture-du-monde.fr\/blog\/wp-json\/wp\/v2\/pages\/540","targetHints":{"allow":["GET"]}}],"collection":[{"href":"https:\/\/art-et-culture-du-monde.fr\/blog\/wp-json\/wp\/v2\/pages"}],"about":[{"href":"https:\/\/art-et-culture-du-monde.fr\/blog\/wp-json\/wp\/v2\/types\/page"}],"author":[{"embeddable":true,"href":"https:\/\/art-et-culture-du-monde.fr\/blog\/wp-json\/wp\/v2\/users\/1"}],"replies":[{"embeddable":true,"href":"https:\/\/art-et-culture-du-monde.fr\/blog\/wp-json\/wp\/v2\/comments?post=540"}],"version-history":[{"count":11,"href":"https:\/\/art-et-culture-du-monde.fr\/blog\/wp-json\/wp\/v2\/pages\/540\/revisions"}],"predecessor-version":[{"id":2315,"href":"https:\/\/art-et-culture-du-monde.fr\/blog\/wp-json\/wp\/v2\/pages\/540\/revisions\/2315"}],"up":[{"embeddable":true,"href":"https:\/\/art-et-culture-du-monde.fr\/blog\/wp-json\/wp\/v2\/pages\/209"}],"wp:attachment":[{"href":"https:\/\/art-et-culture-du-monde.fr\/blog\/wp-json\/wp\/v2\/media?parent=540"}],"curies":[{"name":"wp","href":"https:\/\/api.w.org\/{rel}","templated":true}]}}