{"id":418,"date":"2016-04-11T22:40:05","date_gmt":"2016-04-11T20:40:05","guid":{"rendered":"http:\/\/art-et-culture-du-monde.fr\/blog\/?page_id=418"},"modified":"2018-09-05T18:26:51","modified_gmt":"2018-09-05T16:26:51","slug":"art-artisanat","status":"publish","type":"page","link":"https:\/\/art-et-culture-du-monde.fr\/blog\/dossier-yukon\/art-artisanat\/","title":{"rendered":"Art &#8211; Artisanat"},"content":{"rendered":"<p>[et_pb_section bb_built=\u00a0\u00bb1&Prime;][et_pb_row][et_pb_column type=\u00a0\u00bb4_4&Prime;][et_pb_text admin_label=\u00a0\u00bbArt et Artisanat\u00a0\u00bb background_layout=\u00a0\u00bblight\u00a0\u00bb background_color=\u00a0\u00bb#7cda24&Prime; use_border_color=\u00a0\u00bboff\u00a0\u00bb header_line_height=\u00a0\u00bb2em\u00a0\u00bb text_line_height=\u00a0\u00bb2.3em\u00a0\u00bb background_position=\u00a0\u00bbtop_left\u00a0\u00bb background_repeat=\u00a0\u00bbrepeat\u00a0\u00bb background_size=\u00a0\u00bbinitial\u00a0\u00bb _builder_version=\u00a0\u00bb3.0.97&Prime; saved_tabs=\u00a0\u00bball\u00a0\u00bb]<\/p>\n<p style=\"text-align: center;\">&#8211;<\/p>\n<h2 style=\"text-align: center;\">Art et Artisanat au Yukon<\/h2>\n<p style=\"text-align: center;\">&#8211;<\/p>\n<p>[\/et_pb_text][et_pb_text _builder_version=\u00a0\u00bb3.12&Prime;]<\/p>\n<h2>&#8211;<\/h2>\n<h2>Au Yukon, une politique artistique volontaire<\/h2>\n<div id=\"attachment_1763\" style=\"width: 153px\" class=\"wp-caption alignleft\"><a href=\"http:\/\/art-et-culture-du-monde.fr\/blog\/wp-content\/uploads\/2018\/01\/logo-created-in-Yukon.jpg\"><img loading=\"lazy\" decoding=\"async\" aria-describedby=\"caption-attachment-1763\" class=\"wp-image-1763 size-full\" title=\"Logo pour les cr\u00e9ations yukonnaises\" src=\"http:\/\/art-et-culture-du-monde.fr\/blog\/wp-content\/uploads\/2018\/01\/logo-created-in-Yukon.jpg\" alt=\"Logo pour les cr\u00e9ations yukonnaises\" width=\"143\" height=\"241\"><\/a><p id=\"caption-attachment-1763\" class=\"wp-caption-text\">Logo des cr\u00e9ations yukonnaises<\/p><\/div>\n<p><span style=\"font-size: large;\">Les artistes du Yukon b\u00e9n\u00e9ficient d&rsquo;un soutien fort du territoire, achat d\u2019\u0153uvre, organisation d&rsquo;\u00e9v\u00e8nement, et aussi cr\u00e9ation d&rsquo;une marque \u00ab\u00a0cr\u00e9ation Yukonnaise\u00a0\u00bb. Les \u0153uvres sont fortement centr\u00e9es sur le Nord, soit en repr\u00e9sentant des \u00e9l\u00e9ments marquants (aurores bor\u00e9ales, neige, glace, ours, loup, premi\u00e8res nations), soit en utilisant des \u00e9l\u00e9ments du Nord comme les sculptures sur bois (orignal et caribou), le travail de la fourrure ou des poils.<\/p>\n<p><span style=\"font-size: large;\">Certains artistes sont particuli\u00e8rement marquants. Conscient que c&rsquo;est particuli\u00e8rement subjectifs, nous ne ferons pas de longue liste. <a href=\"http:\/\/caldwellart.com\/adventureGallery.html\" target=\"_blank\" rel=\"noopener\">Voici juste le site internet de notre pr\u00e9f\u00e9r\u00e9e<\/a> par son coup de crayon, son humour et sa capacit\u00e9 \u00e0 repr\u00e9senter les \u00e9l\u00e9ments importants du territoire.<\/p>\n<p>&nbsp;<\/p>\n<p>&nbsp;<\/p>\n<p><\/span><\/p>\n<p>[\/et_pb_text][et_pb_text admin_label=\u00a0\u00bbBas de page\u00a0\u00bb use_border_color=\u00a0\u00bboff\u00a0\u00bb custom_padding=\u00a0\u00bb|140px||140px\u00a0\u00bb custom_padding_phone=\u00a0\u00bb|20px||20px\u00a0\u00bb custom_padding_last_edited=\u00a0\u00bbon|phone\u00a0\u00bb background_color=\u00a0\u00bb#7cda24&Prime; saved_tabs=\u00a0\u00bball\u00a0\u00bb background_position=\u00a0\u00bbtop_left\u00a0\u00bb background_repeat=\u00a0\u00bbrepeat\u00a0\u00bb background_size=\u00a0\u00bbinitial\u00a0\u00bb _builder_version=\u00a0\u00bb3.12&Prime;]<\/p>\n<p style=\"text-align: center;\">&#8211;<\/p>\n<p style=\"text-align: center;\"><a href='http:\/\/art-et-culture-du-monde.fr\/blog\/dossier-yukon\/' class='small-button smallblue'><span style=\"font-size: large;\">Retour vers le dossier Yukon<\/span><\/a><\/p>\n<p style=\"text-align: center;\">&#8211;<\/p>\n<p>[\/et_pb_text][\/et_pb_column][\/et_pb_row][\/et_pb_section]<\/p>\n","protected":false},"excerpt":{"rendered":"<p><div class=\"et_pb_row et_pb_row_0 et_pb_row_empty\">\n\t\t\t\t\n\t\t\t\t\n\t\t\t\t\n\t\t\t\t\n\t\t\t\t\n\t\t\t<\/div> &#8211; Art et Artisanat au Yukon &#8211; &#8211; Au Yukon, une politique artistique volontaire Les artistes du Yukon b\u00e9n\u00e9ficient d&rsquo;un soutien fort du territoire, achat d\u2019\u0153uvre, organisation d&rsquo;\u00e9v\u00e8nement, et aussi cr\u00e9ation d&rsquo;une marque \u00ab\u00a0cr\u00e9ation Yukonnaise\u00a0\u00bb. Les \u0153uvres sont fortement centr\u00e9es sur le Nord, soit en repr\u00e9sentant des \u00e9l\u00e9ments marquants (aurores bor\u00e9ales, neige, glace, ours, [&hellip;]<\/p>\n","protected":false},"author":1,"featured_media":0,"parent":205,"menu_order":0,"comment_status":"closed","ping_status":"open","template":"","meta":{"_et_pb_use_builder":"on","_et_pb_old_content":"<h2>-<\/h2><h2>Au Yukon, une politique artistique volontaire<\/h2>[caption id=\"attachment_1763\" align=\"alignleft\" width=\"143\"]<a href=\"http:\/\/art-et-culture-du-monde.fr\/blog\/wp-content\/uploads\/2018\/01\/logo-created-in-Yukon.jpg\"><img class=\"wp-image-1763 size-full\" title=\"Logo pour les cr\u00e9ations yukonnaises\" src=\"http:\/\/art-et-culture-du-monde.fr\/blog\/wp-content\/uploads\/2018\/01\/logo-created-in-Yukon.jpg\" alt=\"Logo pour les cr\u00e9ations yukonnaises\" width=\"143\" height=\"241\" \/><\/a> Logo des cr\u00e9ations yukonnaises[\/caption]<p>Les artistes du Yukon b\u00e9n\u00e9ficient d'un soutien fort du territoire, achat d\u2019\u0153uvre, organisation d'\u00e9v\u00e8nement, et aussi cr\u00e9ation d'une marque \"cr\u00e9ation Yukonnaise\". Les \u0153uvres sont fortement centr\u00e9es sur le Nord, soit en repr\u00e9sentant des \u00e9l\u00e9ments marquants (aurores bor\u00e9ales, neige, glace, ours, loup, premi\u00e8res nations), soit en utilisant des \u00e9l\u00e9ments du Nord comme les sculptures sur bois (orignal et caribou), le travail de la fourrure ou des poils.<\/p><p>Certains artistes sont particuli\u00e8rement marquants. Conscient que c'est particuli\u00e8rement subjectifs, nous ne ferons pas de longue liste. <a href=\"http:\/\/caldwellart.com\/adventureGallery.html\" target=\"_blank\" rel=\"noopener\">Voici juste le site internet de notre pr\u00e9f\u00e9r\u00e9e<\/a> par son coup de crayon, son humour et sa capacit\u00e9 \u00e0 repr\u00e9senter les \u00e9l\u00e9ments importants du territoire.<\/p><p>\u00a0<\/p><p>\u00a0<\/p><p>\u00a0<\/p><p style=\"text-align: center;\">[button link=\"http:\/\/art-et-culture-du-monde.fr\/blog\/dossier-yukon\"] Retour au dossier Yukon[\/button]<\/p>","_et_gb_content_width":"","footnotes":""},"class_list":["post-418","page","type-page","status-publish","hentry"],"yoast_head":"<!-- This site is optimized with the Yoast SEO plugin v27.2 - https:\/\/yoast.com\/product\/yoast-seo-wordpress\/ -->\n<title>Politique de l&#039;Art et de l&#039;Artisanat au territoire du Yukon<\/title>\n<meta name=\"description\" content=\"Le soutien aux artistes et artisanat est important au territoire du Yukon. Ainsi la vie artistique est tr\u00e8s d\u00e9velopp\u00e9e..\" \/>\n<meta name=\"robots\" content=\"index, follow, max-snippet:-1, max-image-preview:large, max-video-preview:-1\" \/>\n<link rel=\"canonical\" href=\"https:\/\/art-et-culture-du-monde.fr\/blog\/dossier-yukon\/art-artisanat\/\" \/>\n<meta property=\"og:locale\" content=\"fr_FR\" \/>\n<meta property=\"og:type\" content=\"article\" \/>\n<meta property=\"og:title\" content=\"Politique de l&#039;Art et de l&#039;Artisanat au territoire du Yukon\" \/>\n<meta property=\"og:description\" content=\"Le soutien aux artistes et artisanat est important au territoire du Yukon. Ainsi la vie artistique est tr\u00e8s d\u00e9velopp\u00e9e..\" \/>\n<meta property=\"og:url\" content=\"https:\/\/art-et-culture-du-monde.fr\/blog\/dossier-yukon\/art-artisanat\/\" \/>\n<meta property=\"og:site_name\" content=\"La Nature d&#039;Eric\" \/>\n<meta property=\"article:publisher\" content=\"https:\/\/www.facebook.com\/Art-et-Culture-du-Monde-ACM-175103796680\/\" \/>\n<meta property=\"article:modified_time\" content=\"2018-09-05T16:26:51+00:00\" \/>\n<meta property=\"og:image\" content=\"http:\/\/art-et-culture-du-monde.fr\/blog\/wp-content\/uploads\/2018\/01\/logo-created-in-Yukon.jpg\" \/>\n<meta name=\"twitter:card\" content=\"summary_large_image\" \/>\n<meta name=\"twitter:label1\" content=\"Dur\u00e9e de lecture estim\u00e9e\" \/>\n\t<meta name=\"twitter:data1\" content=\"1 minute\" \/>\n<script type=\"application\/ld+json\" class=\"yoast-schema-graph\">{\"@context\":\"https:\/\/schema.org\",\"@graph\":[{\"@type\":\"WebPage\",\"@id\":\"https:\/\/art-et-culture-du-monde.fr\/blog\/dossier-yukon\/art-artisanat\/\",\"url\":\"https:\/\/art-et-culture-du-monde.fr\/blog\/dossier-yukon\/art-artisanat\/\",\"name\":\"Politique de l'Art et de l'Artisanat au territoire du Yukon\",\"isPartOf\":{\"@id\":\"https:\/\/art-et-culture-du-monde.fr\/blog\/#website\"},\"primaryImageOfPage\":{\"@id\":\"https:\/\/art-et-culture-du-monde.fr\/blog\/dossier-yukon\/art-artisanat\/#primaryimage\"},\"image\":{\"@id\":\"https:\/\/art-et-culture-du-monde.fr\/blog\/dossier-yukon\/art-artisanat\/#primaryimage\"},\"thumbnailUrl\":\"http:\/\/art-et-culture-du-monde.fr\/blog\/wp-content\/uploads\/2018\/01\/logo-created-in-Yukon.jpg\",\"datePublished\":\"2016-04-11T20:40:05+00:00\",\"dateModified\":\"2018-09-05T16:26:51+00:00\",\"description\":\"Le soutien aux artistes et artisanat est important au territoire du Yukon. Ainsi la vie artistique est tr\u00e8s d\u00e9velopp\u00e9e..\",\"breadcrumb\":{\"@id\":\"https:\/\/art-et-culture-du-monde.fr\/blog\/dossier-yukon\/art-artisanat\/#breadcrumb\"},\"inLanguage\":\"fr-FR\",\"potentialAction\":[{\"@type\":\"ReadAction\",\"target\":[\"https:\/\/art-et-culture-du-monde.fr\/blog\/dossier-yukon\/art-artisanat\/\"]}]},{\"@type\":\"ImageObject\",\"inLanguage\":\"fr-FR\",\"@id\":\"https:\/\/art-et-culture-du-monde.fr\/blog\/dossier-yukon\/art-artisanat\/#primaryimage\",\"url\":\"https:\/\/art-et-culture-du-monde.fr\/blog\/wp-content\/uploads\/2018\/01\/logo-created-in-Yukon.jpg\",\"contentUrl\":\"https:\/\/art-et-culture-du-monde.fr\/blog\/wp-content\/uploads\/2018\/01\/logo-created-in-Yukon.jpg\",\"width\":143,\"height\":241},{\"@type\":\"BreadcrumbList\",\"@id\":\"https:\/\/art-et-culture-du-monde.fr\/blog\/dossier-yukon\/art-artisanat\/#breadcrumb\",\"itemListElement\":[{\"@type\":\"ListItem\",\"position\":1,\"name\":\"Accueil\",\"item\":\"https:\/\/art-et-culture-du-monde.fr\/blog\/\"},{\"@type\":\"ListItem\",\"position\":2,\"name\":\"Dossier Yukon\",\"item\":\"https:\/\/art-et-culture-du-monde.fr\/blog\/dossier-yukon\/\"},{\"@type\":\"ListItem\",\"position\":3,\"name\":\"Art &#8211; Artisanat\"}]},{\"@type\":\"WebSite\",\"@id\":\"https:\/\/art-et-culture-du-monde.fr\/blog\/#website\",\"url\":\"https:\/\/art-et-culture-du-monde.fr\/blog\/\",\"name\":\"La Nature d&#039;Eric\",\"description\":\"D\u00e9couvrir - Partager - Pr\u00e9server\",\"potentialAction\":[{\"@type\":\"SearchAction\",\"target\":{\"@type\":\"EntryPoint\",\"urlTemplate\":\"https:\/\/art-et-culture-du-monde.fr\/blog\/?s={search_term_string}\"},\"query-input\":{\"@type\":\"PropertyValueSpecification\",\"valueRequired\":true,\"valueName\":\"search_term_string\"}}],\"inLanguage\":\"fr-FR\"}]}<\/script>\n<!-- \/ Yoast SEO plugin. -->","yoast_head_json":{"title":"Politique de l'Art et de l'Artisanat au territoire du Yukon","description":"Le soutien aux artistes et artisanat est important au territoire du Yukon. Ainsi la vie artistique est tr\u00e8s d\u00e9velopp\u00e9e..","robots":{"index":"index","follow":"follow","max-snippet":"max-snippet:-1","max-image-preview":"max-image-preview:large","max-video-preview":"max-video-preview:-1"},"canonical":"https:\/\/art-et-culture-du-monde.fr\/blog\/dossier-yukon\/art-artisanat\/","og_locale":"fr_FR","og_type":"article","og_title":"Politique de l'Art et de l'Artisanat au territoire du Yukon","og_description":"Le soutien aux artistes et artisanat est important au territoire du Yukon. Ainsi la vie artistique est tr\u00e8s d\u00e9velopp\u00e9e..","og_url":"https:\/\/art-et-culture-du-monde.fr\/blog\/dossier-yukon\/art-artisanat\/","og_site_name":"La Nature d&#039;Eric","article_publisher":"https:\/\/www.facebook.com\/Art-et-Culture-du-Monde-ACM-175103796680\/","article_modified_time":"2018-09-05T16:26:51+00:00","og_image":[{"url":"http:\/\/art-et-culture-du-monde.fr\/blog\/wp-content\/uploads\/2018\/01\/logo-created-in-Yukon.jpg","type":"","width":"","height":""}],"twitter_card":"summary_large_image","twitter_misc":{"Dur\u00e9e de lecture estim\u00e9e":"1 minute"},"schema":{"@context":"https:\/\/schema.org","@graph":[{"@type":"WebPage","@id":"https:\/\/art-et-culture-du-monde.fr\/blog\/dossier-yukon\/art-artisanat\/","url":"https:\/\/art-et-culture-du-monde.fr\/blog\/dossier-yukon\/art-artisanat\/","name":"Politique de l'Art et de l'Artisanat au territoire du Yukon","isPartOf":{"@id":"https:\/\/art-et-culture-du-monde.fr\/blog\/#website"},"primaryImageOfPage":{"@id":"https:\/\/art-et-culture-du-monde.fr\/blog\/dossier-yukon\/art-artisanat\/#primaryimage"},"image":{"@id":"https:\/\/art-et-culture-du-monde.fr\/blog\/dossier-yukon\/art-artisanat\/#primaryimage"},"thumbnailUrl":"http:\/\/art-et-culture-du-monde.fr\/blog\/wp-content\/uploads\/2018\/01\/logo-created-in-Yukon.jpg","datePublished":"2016-04-11T20:40:05+00:00","dateModified":"2018-09-05T16:26:51+00:00","description":"Le soutien aux artistes et artisanat est important au territoire du Yukon. Ainsi la vie artistique est tr\u00e8s d\u00e9velopp\u00e9e..","breadcrumb":{"@id":"https:\/\/art-et-culture-du-monde.fr\/blog\/dossier-yukon\/art-artisanat\/#breadcrumb"},"inLanguage":"fr-FR","potentialAction":[{"@type":"ReadAction","target":["https:\/\/art-et-culture-du-monde.fr\/blog\/dossier-yukon\/art-artisanat\/"]}]},{"@type":"ImageObject","inLanguage":"fr-FR","@id":"https:\/\/art-et-culture-du-monde.fr\/blog\/dossier-yukon\/art-artisanat\/#primaryimage","url":"https:\/\/art-et-culture-du-monde.fr\/blog\/wp-content\/uploads\/2018\/01\/logo-created-in-Yukon.jpg","contentUrl":"https:\/\/art-et-culture-du-monde.fr\/blog\/wp-content\/uploads\/2018\/01\/logo-created-in-Yukon.jpg","width":143,"height":241},{"@type":"BreadcrumbList","@id":"https:\/\/art-et-culture-du-monde.fr\/blog\/dossier-yukon\/art-artisanat\/#breadcrumb","itemListElement":[{"@type":"ListItem","position":1,"name":"Accueil","item":"https:\/\/art-et-culture-du-monde.fr\/blog\/"},{"@type":"ListItem","position":2,"name":"Dossier Yukon","item":"https:\/\/art-et-culture-du-monde.fr\/blog\/dossier-yukon\/"},{"@type":"ListItem","position":3,"name":"Art &#8211; Artisanat"}]},{"@type":"WebSite","@id":"https:\/\/art-et-culture-du-monde.fr\/blog\/#website","url":"https:\/\/art-et-culture-du-monde.fr\/blog\/","name":"La Nature d&#039;Eric","description":"D\u00e9couvrir - Partager - Pr\u00e9server","potentialAction":[{"@type":"SearchAction","target":{"@type":"EntryPoint","urlTemplate":"https:\/\/art-et-culture-du-monde.fr\/blog\/?s={search_term_string}"},"query-input":{"@type":"PropertyValueSpecification","valueRequired":true,"valueName":"search_term_string"}}],"inLanguage":"fr-FR"}]}},"jetpack-related-posts":[],"jetpack_sharing_enabled":true,"_links":{"self":[{"href":"https:\/\/art-et-culture-du-monde.fr\/blog\/wp-json\/wp\/v2\/pages\/418","targetHints":{"allow":["GET"]}}],"collection":[{"href":"https:\/\/art-et-culture-du-monde.fr\/blog\/wp-json\/wp\/v2\/pages"}],"about":[{"href":"https:\/\/art-et-culture-du-monde.fr\/blog\/wp-json\/wp\/v2\/types\/page"}],"author":[{"embeddable":true,"href":"https:\/\/art-et-culture-du-monde.fr\/blog\/wp-json\/wp\/v2\/users\/1"}],"replies":[{"embeddable":true,"href":"https:\/\/art-et-culture-du-monde.fr\/blog\/wp-json\/wp\/v2\/comments?post=418"}],"version-history":[{"count":13,"href":"https:\/\/art-et-culture-du-monde.fr\/blog\/wp-json\/wp\/v2\/pages\/418\/revisions"}],"predecessor-version":[{"id":2337,"href":"https:\/\/art-et-culture-du-monde.fr\/blog\/wp-json\/wp\/v2\/pages\/418\/revisions\/2337"}],"up":[{"embeddable":true,"href":"https:\/\/art-et-culture-du-monde.fr\/blog\/wp-json\/wp\/v2\/pages\/205"}],"wp:attachment":[{"href":"https:\/\/art-et-culture-du-monde.fr\/blog\/wp-json\/wp\/v2\/media?parent=418"}],"curies":[{"name":"wp","href":"https:\/\/api.w.org\/{rel}","templated":true}]}}