{"id":332,"date":"2016-04-08T14:08:39","date_gmt":"2016-04-08T12:08:39","guid":{"rendered":"http:\/\/art-et-culture-du-monde.fr\/blog\/?page_id=332"},"modified":"2019-04-28T22:19:09","modified_gmt":"2019-04-28T20:19:09","slug":"immigration","status":"publish","type":"page","link":"https:\/\/art-et-culture-du-monde.fr\/blog\/dossier-yukon\/immigration\/","title":{"rendered":"Immigration"},"content":{"rendered":"<p>[et_pb_section bb_built=\u00a0\u00bb1&Prime;][et_pb_row][et_pb_column type=\u00a0\u00bb4_4&Prime;][et_pb_text admin_label=\u00a0\u00bbL&rsquo;immigration au Yukon\u00a0\u00bb background_layout=\u00a0\u00bblight\u00a0\u00bb background_color=\u00a0\u00bb#7cda24&Prime; use_border_color=\u00a0\u00bboff\u00a0\u00bb header_line_height=\u00a0\u00bb2em\u00a0\u00bb text_line_height=\u00a0\u00bb2.3em\u00a0\u00bb background_position=\u00a0\u00bbtop_left\u00a0\u00bb background_repeat=\u00a0\u00bbrepeat\u00a0\u00bb background_size=\u00a0\u00bbinitial\u00a0\u00bb _builder_version=\u00a0\u00bb3.0.97&Prime; saved_tabs=\u00a0\u00bball\u00a0\u00bb]<\/p>\n<p style=\"text-align: center;\">&#8211;<\/p>\n<h2 style=\"text-align: center;\">L&rsquo;immigration au territoire du Yukon<\/h2>\n<p style=\"text-align: center;\">&#8211;<\/p>\n<p>[\/et_pb_text][et_pb_text _builder_version=\u00a0\u00bb3.19.7&Prime;]<\/p>\n<h2>Le territoire du Yukon est ouvert \u00e0 l&rsquo;immigration<\/h2>\n<p><span style=\"font-size: large;\">Le Yukon est ouvert \u00e0 l&rsquo;immigration. C&rsquo;est un territoire dynamique qui fait tout pour se d\u00e9velopper et les bonnes volont\u00e9s sont les bienvenues!<\/span><\/p>\n<p><span style=\"font-size: large;\">Dans la plupart des cas, le Yukon s&rsquo;en tient aux r\u00e8gles f\u00e9d\u00e9rales, applicables donc n&rsquo;importe o\u00f9 au Canada. Toutefois, il existe aussi un PTCI (Programme territorial de candidature \u00e0 l&rsquo;immigration) dans le cadre duquel le gouvernement du Yukon peut d\u00e9signer des candidats privil\u00e9gi\u00e9s. Mais, \u00e7a ne dispense pas des proc\u00e9dures f\u00e9d\u00e9rales!<\/span><\/p>\n<p><span style=\"font-size: large;\">Les candidats francophones ne sont pas exclus du tout. Mais, bien \u00e9videmment une certaine connaissance de l&rsquo;anglais est indispensable.<br \/><i> Des programmes de cours d&rsquo;anglais sont d&rsquo;ailleurs pr\u00e9vus pour les immigrants. Cela prouve bien qu&rsquo;une connaissance imparfaite de l&rsquo;anglais n&rsquo;est pas \u00e9liminatoire! <\/i><\/span><\/p>\n<p><span style=\"font-size: large;\">Pendant les d\u00e9marches, les francophones b\u00e9n\u00e9ficient des conseils de l&rsquo;AFY ( Association franco-yukonnaise ,<strong> <a href=\"http:\/\/www.afy.yk.ca\/secteurs\/main\/fr\/index.php?site=afy\" target=\"blank\">www.afy.yk.ca<\/a> <\/strong>) toujours ravie d&rsquo;accro\u00eetre le nombre de francophones au Yukon.<br \/>Attention, l&rsquo;AFY aide mais n&rsquo;a pas de pouvoir de d\u00e9cision. De plus, m\u00eame si le nom peut pr\u00eater \u00e0 confusion, il ne s&rsquo;agit pas d&rsquo;une association fran\u00e7aise de France mais d&rsquo;une association YUKONNAISE de francophones qui ont \u00e0 c\u0153ur de vivre sur leur territoire avec sa culture mais en faisant la promotion du bilinguisme.<\/span><\/p>\n<p><span style=\"font-size: large;\">L&rsquo;AFY a r\u00e9alis\u00e9 un tr\u00e9s bon site au sujet de l&rsquo;immigration au Yukon:<strong> <a href=\"http:\/\/www.direction-yukon.ca\/home\/\">http:\/\/www.direction-yukon.ca<\/a><\/strong><\/span><\/p>\n<p><span style=\"font-size: large;\">Pour se faire une id\u00e9e de la vie de la communaut\u00e9 francophone au Yukon, vous pourrez trouver ici le journal de la communaut\u00e9 francophone <strong>: <\/strong><a href=\"http:\/\/www.afy.yk.ca\/secteurs\/main\/fr\/index.php?site=aurore-boreale\"><strong> L&rsquo;Aurore Bor\u00e9ale<\/strong> <\/a><\/span><\/p>\n<p><span style=\"font-size: large;\">Avant de vous d\u00e9cider, ne perdez pas de vue que vous arriverez sur un march\u00e9 du travail \u00e0 l&rsquo;am\u00e9ricaine, plus dynamique qu&rsquo;en France. C&rsquo;est \u00e0 dire que s&rsquo;il est plus facile de trouver du travail, il est aussi plus facile de le perdre. A chacun de faire son choix en fonction de ses envies et de ses besoins.<br \/>Les informations officielles sur le site suivant : <a href=\"http:\/\/www.immigration.gov.yk.ca\/fr\/index.html\"><strong> www.immigration.gov.yk.ca<\/strong> <\/a><\/span><\/p>\n<p><span style=\"font-size: large;\">et aussi sur : <a href=\"http:\/\/www.cic.gc.ca\/francais\/centre-aide\/index-en-vedette-int.asp\" target=\"_blank\" rel=\"noopener\"><strong>www.cic.gc.ca\/francais\/centre-aide\/index-en-vedette-int.asp<\/strong><\/a><\/span><\/p>\n<p>[\/et_pb_text][et_pb_text admin_label=\u00a0\u00bbBas de page\u00a0\u00bb use_border_color=\u00a0\u00bboff\u00a0\u00bb custom_padding=\u00a0\u00bb|140px||140px\u00a0\u00bb custom_padding_phone=\u00a0\u00bb|20px||20px\u00a0\u00bb custom_padding_last_edited=\u00a0\u00bbon|phone\u00a0\u00bb background_color=\u00a0\u00bb#7cda24&Prime; saved_tabs=\u00a0\u00bball\u00a0\u00bb background_position=\u00a0\u00bbtop_left\u00a0\u00bb background_repeat=\u00a0\u00bbrepeat\u00a0\u00bb background_size=\u00a0\u00bbinitial\u00a0\u00bb _builder_version=\u00a0\u00bb3.12&Prime;]<\/p>\n<p style=\"text-align: center;\">&#8211;<\/p>\n<p style=\"text-align: center;\"><a href='http:\/\/art-et-culture-du-monde.fr\/blog\/dossier-yukon\/' class='small-button smallblue'><span style=\"font-size: large;\">Retour vers le dossier Yukon<\/span><\/a><\/p>\n<p style=\"text-align: center;\">&#8211;<\/p>\n<p>[\/et_pb_text][\/et_pb_column][\/et_pb_row][\/et_pb_section]<\/p>\n","protected":false},"excerpt":{"rendered":"<p><div class=\"et_pb_row et_pb_row_0 et_pb_row_empty\">\n\t\t\t\t\n\t\t\t\t\n\t\t\t\t\n\t\t\t\t\n\t\t\t\t\n\t\t\t<\/div> &#8211; L&rsquo;immigration au territoire du Yukon &#8211; Le territoire du Yukon est ouvert \u00e0 l&rsquo;immigrationLe Yukon est ouvert \u00e0 l&rsquo;immigration. C&rsquo;est un territoire dynamique qui fait tout pour se d\u00e9velopper et les bonnes volont\u00e9s sont les bienvenues!Dans la plupart des cas, le Yukon s&rsquo;en tient aux r\u00e8gles f\u00e9d\u00e9rales, applicables donc n&rsquo;importe o\u00f9 au Canada. [&hellip;]<\/p>\n","protected":false},"author":1,"featured_media":0,"parent":205,"menu_order":0,"comment_status":"open","ping_status":"open","template":"","meta":{"_et_pb_use_builder":"on","_et_pb_old_content":"<p>Le Yukon est ouvert \u00e0 l'immigration. C'est un territoire dynamique qui fait tout pour se d\u00e9velopper et les bonnes volont\u00e9s sont les bienvenues!<br \/> Dans la plupart des cas, le Yukon s'en tient aux r\u00e8gles f\u00e9d\u00e9rales, applicables donc n'importe o\u00f9 au Canada. Toutefois, il existe aussi un PTCI (Programme territorial de candidature \u00e0 l'immigration) dans le cadre duquel le gouvernement du Yukon peut d\u00e9signer des candidats privill\u00e8gi\u00e9s. Mais, \u00e7a ne dispense pas des proc\u00e9dures f\u00e9d\u00e9rales!<br \/> Sachez que les candidats francophones ne sont pas exclus du tout, m\u00eame si bien \u00e9videmment une certaine connaissance de l'anglais est indispensable.<br \/> <i> Des programmes de cours d'anglais sont d'ailleurs pr\u00e9vus pour les immigrants, ce qui prouve bien qu'une connaissance imparfaite de l'anglais n'est pas \u00e9liminatoire! <\/i><\/p><p>Les francophones pourront b\u00e9n\u00e9ficier pendant les d\u00e9marches des conseils de l'AFY ( Association franco-yukonaise , <a href=\"http:\/\/www.afy.yk.ca\/secteurs\/main\/fr\/index.php?site=afy\" target=\"blank\">www.afy.yk.ca<\/a> ) toujours ravie d'accro\u00eetre le nombre de francophones au Yukon.<br \/> Attention, l'AFY aide mais n'a pas de pouvoir de d\u00e9cision. De plus, m\u00eame si le nom peut pr\u00eater \u00e0 confusion, il ne s'agit pas d'une association fran\u00e7aise de France mais d'une association YUKONAISE de francophones qui ont \u00e0 c\u0153ur de vivre sur leur territoire avec sa culture mais en faisant la promotion du bilinguisme.<br \/> Pour ceux qui veulent se faire une id\u00e9e de la vie de la communaut\u00e9 francophone au Yukon, vous pourrez trouver ici le journal de la communaut\u00e9 francophone : <a href=\"http:\/\/www.afy.yk.ca\/secteurs\/main\/fr\/index.php?site=aurore-boreale\"> L'Aurore Bor\u00e9ale <\/a><\/p><p>Avant de vous d\u00e9cider, ne perdez pas de vue que vous arriverez sur un march\u00e9 du travail \u00e0 l'am\u00e9ricaine, plus dynamique qu'en France. C'est \u00e0 dire que s'il est plus facile de trouver du travail, il est aussi plus facile de le perdre. A chacun de faire son choix en fonction de ses envies et de ses besoins.<br \/> Les informations officielles sur le site suivant : <a href=\"http:\/\/www.immigration.gov.yk.ca\/fr\/index.html\"> www.immigration.gov.yk.ca <\/a><\/p>","_et_gb_content_width":"","footnotes":""},"class_list":["post-332","page","type-page","status-publish","hentry"],"yoast_head":"<!-- This site is optimized with the Yoast SEO plugin v27.2 - https:\/\/yoast.com\/product\/yoast-seo-wordpress\/ -->\n<title>Les possibilit\u00e9s d&#039;immigration au territoire du Yukon<\/title>\n<meta name=\"description\" content=\"Peut-on s&#039;installer au Yukon ? Faut-il parler parfaitement anglais ? Comment se faire aider ? Conna\u00eetre les nouvelles ? Toutes les r\u00e9ponses.\" \/>\n<meta name=\"robots\" content=\"index, follow, max-snippet:-1, max-image-preview:large, max-video-preview:-1\" \/>\n<link rel=\"canonical\" href=\"https:\/\/art-et-culture-du-monde.fr\/blog\/dossier-yukon\/immigration\/\" \/>\n<meta property=\"og:locale\" content=\"fr_FR\" \/>\n<meta property=\"og:type\" content=\"article\" \/>\n<meta property=\"og:title\" content=\"Les possibilit\u00e9s d&#039;immigration au territoire du Yukon\" \/>\n<meta property=\"og:description\" content=\"Peut-on s&#039;installer au Yukon ? Faut-il parler parfaitement anglais ? Comment se faire aider ? Conna\u00eetre les nouvelles ? Toutes les r\u00e9ponses.\" \/>\n<meta property=\"og:url\" content=\"https:\/\/art-et-culture-du-monde.fr\/blog\/dossier-yukon\/immigration\/\" \/>\n<meta property=\"og:site_name\" content=\"La Nature d&#039;Eric\" \/>\n<meta property=\"article:publisher\" content=\"https:\/\/www.facebook.com\/Art-et-Culture-du-Monde-ACM-175103796680\/\" \/>\n<meta property=\"article:modified_time\" content=\"2019-04-28T20:19:09+00:00\" \/>\n<meta name=\"twitter:card\" content=\"summary_large_image\" \/>\n<meta name=\"twitter:label1\" content=\"Dur\u00e9e de lecture estim\u00e9e\" \/>\n\t<meta name=\"twitter:data1\" content=\"2 minutes\" \/>\n<script type=\"application\/ld+json\" class=\"yoast-schema-graph\">{\"@context\":\"https:\/\/schema.org\",\"@graph\":[{\"@type\":\"WebPage\",\"@id\":\"https:\/\/art-et-culture-du-monde.fr\/blog\/dossier-yukon\/immigration\/\",\"url\":\"https:\/\/art-et-culture-du-monde.fr\/blog\/dossier-yukon\/immigration\/\",\"name\":\"Les possibilit\u00e9s d'immigration au territoire du Yukon\",\"isPartOf\":{\"@id\":\"https:\/\/art-et-culture-du-monde.fr\/blog\/#website\"},\"datePublished\":\"2016-04-08T12:08:39+00:00\",\"dateModified\":\"2019-04-28T20:19:09+00:00\",\"description\":\"Peut-on s'installer au Yukon ? Faut-il parler parfaitement anglais ? Comment se faire aider ? Conna\u00eetre les nouvelles ? Toutes les r\u00e9ponses.\",\"breadcrumb\":{\"@id\":\"https:\/\/art-et-culture-du-monde.fr\/blog\/dossier-yukon\/immigration\/#breadcrumb\"},\"inLanguage\":\"fr-FR\",\"potentialAction\":[{\"@type\":\"ReadAction\",\"target\":[\"https:\/\/art-et-culture-du-monde.fr\/blog\/dossier-yukon\/immigration\/\"]}]},{\"@type\":\"BreadcrumbList\",\"@id\":\"https:\/\/art-et-culture-du-monde.fr\/blog\/dossier-yukon\/immigration\/#breadcrumb\",\"itemListElement\":[{\"@type\":\"ListItem\",\"position\":1,\"name\":\"Accueil\",\"item\":\"https:\/\/art-et-culture-du-monde.fr\/blog\/\"},{\"@type\":\"ListItem\",\"position\":2,\"name\":\"Dossier Yukon\",\"item\":\"https:\/\/art-et-culture-du-monde.fr\/blog\/dossier-yukon\/\"},{\"@type\":\"ListItem\",\"position\":3,\"name\":\"Immigration\"}]},{\"@type\":\"WebSite\",\"@id\":\"https:\/\/art-et-culture-du-monde.fr\/blog\/#website\",\"url\":\"https:\/\/art-et-culture-du-monde.fr\/blog\/\",\"name\":\"La Nature d&#039;Eric\",\"description\":\"D\u00e9couvrir - Partager - Pr\u00e9server\",\"potentialAction\":[{\"@type\":\"SearchAction\",\"target\":{\"@type\":\"EntryPoint\",\"urlTemplate\":\"https:\/\/art-et-culture-du-monde.fr\/blog\/?s={search_term_string}\"},\"query-input\":{\"@type\":\"PropertyValueSpecification\",\"valueRequired\":true,\"valueName\":\"search_term_string\"}}],\"inLanguage\":\"fr-FR\"}]}<\/script>\n<!-- \/ Yoast SEO plugin. -->","yoast_head_json":{"title":"Les possibilit\u00e9s d'immigration au territoire du Yukon","description":"Peut-on s'installer au Yukon ? Faut-il parler parfaitement anglais ? Comment se faire aider ? Conna\u00eetre les nouvelles ? Toutes les r\u00e9ponses.","robots":{"index":"index","follow":"follow","max-snippet":"max-snippet:-1","max-image-preview":"max-image-preview:large","max-video-preview":"max-video-preview:-1"},"canonical":"https:\/\/art-et-culture-du-monde.fr\/blog\/dossier-yukon\/immigration\/","og_locale":"fr_FR","og_type":"article","og_title":"Les possibilit\u00e9s d'immigration au territoire du Yukon","og_description":"Peut-on s'installer au Yukon ? Faut-il parler parfaitement anglais ? Comment se faire aider ? Conna\u00eetre les nouvelles ? Toutes les r\u00e9ponses.","og_url":"https:\/\/art-et-culture-du-monde.fr\/blog\/dossier-yukon\/immigration\/","og_site_name":"La Nature d&#039;Eric","article_publisher":"https:\/\/www.facebook.com\/Art-et-Culture-du-Monde-ACM-175103796680\/","article_modified_time":"2019-04-28T20:19:09+00:00","twitter_card":"summary_large_image","twitter_misc":{"Dur\u00e9e de lecture estim\u00e9e":"2 minutes"},"schema":{"@context":"https:\/\/schema.org","@graph":[{"@type":"WebPage","@id":"https:\/\/art-et-culture-du-monde.fr\/blog\/dossier-yukon\/immigration\/","url":"https:\/\/art-et-culture-du-monde.fr\/blog\/dossier-yukon\/immigration\/","name":"Les possibilit\u00e9s d'immigration au territoire du Yukon","isPartOf":{"@id":"https:\/\/art-et-culture-du-monde.fr\/blog\/#website"},"datePublished":"2016-04-08T12:08:39+00:00","dateModified":"2019-04-28T20:19:09+00:00","description":"Peut-on s'installer au Yukon ? Faut-il parler parfaitement anglais ? Comment se faire aider ? Conna\u00eetre les nouvelles ? Toutes les r\u00e9ponses.","breadcrumb":{"@id":"https:\/\/art-et-culture-du-monde.fr\/blog\/dossier-yukon\/immigration\/#breadcrumb"},"inLanguage":"fr-FR","potentialAction":[{"@type":"ReadAction","target":["https:\/\/art-et-culture-du-monde.fr\/blog\/dossier-yukon\/immigration\/"]}]},{"@type":"BreadcrumbList","@id":"https:\/\/art-et-culture-du-monde.fr\/blog\/dossier-yukon\/immigration\/#breadcrumb","itemListElement":[{"@type":"ListItem","position":1,"name":"Accueil","item":"https:\/\/art-et-culture-du-monde.fr\/blog\/"},{"@type":"ListItem","position":2,"name":"Dossier Yukon","item":"https:\/\/art-et-culture-du-monde.fr\/blog\/dossier-yukon\/"},{"@type":"ListItem","position":3,"name":"Immigration"}]},{"@type":"WebSite","@id":"https:\/\/art-et-culture-du-monde.fr\/blog\/#website","url":"https:\/\/art-et-culture-du-monde.fr\/blog\/","name":"La Nature d&#039;Eric","description":"D\u00e9couvrir - Partager - Pr\u00e9server","potentialAction":[{"@type":"SearchAction","target":{"@type":"EntryPoint","urlTemplate":"https:\/\/art-et-culture-du-monde.fr\/blog\/?s={search_term_string}"},"query-input":{"@type":"PropertyValueSpecification","valueRequired":true,"valueName":"search_term_string"}}],"inLanguage":"fr-FR"}]}},"jetpack-related-posts":[],"jetpack_sharing_enabled":true,"_links":{"self":[{"href":"https:\/\/art-et-culture-du-monde.fr\/blog\/wp-json\/wp\/v2\/pages\/332","targetHints":{"allow":["GET"]}}],"collection":[{"href":"https:\/\/art-et-culture-du-monde.fr\/blog\/wp-json\/wp\/v2\/pages"}],"about":[{"href":"https:\/\/art-et-culture-du-monde.fr\/blog\/wp-json\/wp\/v2\/types\/page"}],"author":[{"embeddable":true,"href":"https:\/\/art-et-culture-du-monde.fr\/blog\/wp-json\/wp\/v2\/users\/1"}],"replies":[{"embeddable":true,"href":"https:\/\/art-et-culture-du-monde.fr\/blog\/wp-json\/wp\/v2\/comments?post=332"}],"version-history":[{"count":12,"href":"https:\/\/art-et-culture-du-monde.fr\/blog\/wp-json\/wp\/v2\/pages\/332\/revisions"}],"predecessor-version":[{"id":2850,"href":"https:\/\/art-et-culture-du-monde.fr\/blog\/wp-json\/wp\/v2\/pages\/332\/revisions\/2850"}],"up":[{"embeddable":true,"href":"https:\/\/art-et-culture-du-monde.fr\/blog\/wp-json\/wp\/v2\/pages\/205"}],"wp:attachment":[{"href":"https:\/\/art-et-culture-du-monde.fr\/blog\/wp-json\/wp\/v2\/media?parent=332"}],"curies":[{"name":"wp","href":"https:\/\/api.w.org\/{rel}","templated":true}]}}