{"id":323,"date":"2016-04-08T13:48:36","date_gmt":"2016-04-08T11:48:36","guid":{"rendered":"http:\/\/art-et-culture-du-monde.fr\/blog\/?page_id=323"},"modified":"2018-01-15T13:54:06","modified_gmt":"2018-01-15T12:54:06","slug":"premieres-nations","status":"publish","type":"page","link":"https:\/\/art-et-culture-du-monde.fr\/blog\/dossier-yukon\/premieres-nations\/","title":{"rendered":"Premi\u00e8res nations"},"content":{"rendered":"<p>[et_pb_section admin_label=\u00a0\u00bbsection\u00a0\u00bb][et_pb_row admin_label=\u00a0\u00bbrow\u00a0\u00bb][et_pb_column type=\u00a0\u00bb4_4&Prime;][et_pb_text admin_label=\u00a0\u00bbTexte\u00a0\u00bb]<\/p>\n<p>On d\u00e9signe par <b><u>Premi\u00e8res Nations<\/u><\/b> les peuples autochtones pr\u00e9sents avant l&rsquo;arriv\u00e9e des Europ\u00e9ens au Canada.<br \/>\nAu Yukon, il y a 14 premi\u00e8res nations.<\/p>\n<p><a href=\"http:\/\/art-et-culture-du-monde.fr\/blog\/wp-content\/uploads\/2016\/04\/totem.jpg\"><img loading=\"lazy\" decoding=\"async\" class=\" size-medium wp-image-325 alignleft\" src=\"http:\/\/art-et-culture-du-monde.fr\/blog\/wp-content\/uploads\/2016\/04\/totem-201x300.jpg\" alt=\"totem\" width=\"201\" height=\"300\" srcset=\"https:\/\/art-et-culture-du-monde.fr\/blog\/wp-content\/uploads\/2016\/04\/totem-201x300.jpg 201w, https:\/\/art-et-culture-du-monde.fr\/blog\/wp-content\/uploads\/2016\/04\/totem-600x897.jpg 600w, https:\/\/art-et-culture-du-monde.fr\/blog\/wp-content\/uploads\/2016\/04\/totem.jpg 602w\" sizes=\"(max-width: 201px) 100vw, 201px\" \/><\/a>\u00a0On suppose qu&rsquo;initialement ils ont pu venir d\u2019Asie il y a 20000 ans environ par le d\u00e9troit de B\u00e9ring et s&rsquo;installer sur place car la r\u00e9gion offrait suffisamment de gibier.<br \/>\nSi chaque peuple va d\u00e9velopper des sp\u00e9cificit\u00e9s en fonction du climat et des ressources disponibles, elles se caract\u00e9risent toutes par une vie au rythme de la nature, avec une pratique nomade destin\u00e9e \u00e0 suivre les migrations animales.<br \/>\nLes premiers contacts auront lieu vers 1700 avec des explorateurs russes. Les marchands de fourrures ne viendront qu&rsquo;ensuite.<\/p>\n<p>&nbsp;<\/p>\n<p><b>Lors de la Ru\u00e9e vers l&rsquo;or, les Tr\u2019ond\u00ebk Hw\u00ebch\u2019in ont \u00e9t\u00e9 particuli\u00e8rement expos\u00e9s \u00e0 des changements rapides et brutaux!<\/b><\/p>\n<p>Chaque premi\u00e8re nation a son langage :<\/p>\n<ul>\n<li>Gwich\u2019in (Old Crow)<\/li>\n<li>Han (Dawson City) <a href=\"http:\/\/art-et-culture-du-monde.fr\/blog\/wp-content\/uploads\/2016\/04\/tambour.jpg\"><img loading=\"lazy\" decoding=\"async\" class=\" size-medium wp-image-324 alignright\" src=\"http:\/\/art-et-culture-du-monde.fr\/blog\/wp-content\/uploads\/2016\/04\/tambour-300x196.jpg\" alt=\"tambour\" width=\"300\" height=\"196\" srcset=\"https:\/\/art-et-culture-du-monde.fr\/blog\/wp-content\/uploads\/2016\/04\/tambour-300x196.jpg 300w, https:\/\/art-et-culture-du-monde.fr\/blog\/wp-content\/uploads\/2016\/04\/tambour-600x393.jpg 600w, https:\/\/art-et-culture-du-monde.fr\/blog\/wp-content\/uploads\/2016\/04\/tambour-624x408.jpg 624w, https:\/\/art-et-culture-du-monde.fr\/blog\/wp-content\/uploads\/2016\/04\/tambour.jpg 900w\" sizes=\"(max-width: 300px) 100vw, 300px\" \/><\/a><\/li>\n<li>Tutchone du Nord (Mayo, Carmacks,\u00a0Pelly Crossing)<\/li>\n<li>Tutchone du Sud (Whitehorse, Haines Junction, Burwash Landing et Destruction Bay)<\/li>\n<li>Kaska (Ross River, Watson Lake),<\/li>\n<li>Tagish (Tagish),<\/li>\n<li>Tlingit (Carcross, Teslin)<\/li>\n<li>Haut Tanana (Beaver Creek)<\/li>\n<\/ul>\n<p>Chaque nation dispose d&rsquo;un conseil et depuis quelques ann\u00e9es, le gouvernement canadien a donn\u00e9 droit \u00e0 leurs revendications territoriales, ils disposent maintenant en propre de vastes territoires.<br \/>\nLes <u><b>centres culturels et patrimoniaux autochtones<\/b><\/u> (<b><u>Interpretive Center<\/u><\/b> en anglais) sont des lieux tout indiqu\u00e9s o\u00f9 en apprendre davantage sur la culture des Premi\u00e8res nations du Yukon, notamment le <a href=\"http:\/\/www.yukonmuseums.ca\/cultural\/danoja\/danoja.html\">Centre culturel Danoja Zho<\/a> \u00e0 Dawson, la <a href=\"http:\/\/www.yukonmuseums.ca\/cultural\/jonathan\/jonathan.html\">Maison de Big Jonathan<\/a> \u00e0 Pelly Crossing, le <a href=\"http:\/\/www.yukonmuseums.ca\/cultural\/teslin\/teslin.html\">Centre patrimonial des Tlingit<\/a>\u00a0\u00e0 Teslin, le <a href=\"http:\/\/www.yukonmuseums.ca\/cultural\/tagecho\/tagecho.html\">Centre d\u2019interpr\u00e9tation Tag\u00e9 Cho Hud\u00e4n<\/a>\u00a0\u00e0 Carmacks, et le Centre Da Ku \u00e0 Haines Junction.<\/p>\n<p>Evidemment, chacune mets aussi en avant ses productions artistiques et artisanales. Ainsi, le site travelyukon.com nous dit :<br \/>\n<i>\u00ab\u00a0Les \u0153uvres des artistes et artisans autochtones sont pris\u00e9es pour leur ex\u00e9cution d\u00e9licate et l\u2019heureux mariage entre le monde naturel et le monde spirituel dont elles t\u00e9moignent.\u00a0Nombre d\u2019artisans r\u00e9put\u00e9s du Yukon produisent des pi\u00e8ces qui, bien que faisant appel aux techniques artisanales traditionnelles du tricot, de la courtepointe, du tissage, de la sculpture et du perlage, sont de v\u00e9ritables \u0153uvres d\u2019art.\u00a0Musique, danse et chant sont souvent mis \u00e0 contribution pour \u00e9tayer les contes, pi\u00e8ces de th\u00e9\u00e2tre et po\u00e8mes qui enrichissent la tradition orale des Premi\u00e8res nations.\u00a0On trouve quantit\u00e9 de galeries et boutiques du territoire mettant \u00e0 l\u2019honneur le travail des artistes autochtones, dont des mocassins et des mukluks orn\u00e9s de broderie perl\u00e9e et des sculptures, masques et bijoux d\u2019allure exotique taill\u00e9s dans l\u2019andouiller, le bois, les os, les cornes et m\u00eame l\u2019ivoire de mastodontes.\u00a0 \u00ab\u00a0<\/i><\/p>\n<p><u>Exemple de la premi\u00e8re nation des Tr\u2019ond\u00ebk Hw\u00ebch\u2019in<br \/>\n<\/u> Les Tr\u2019ond\u00ebk Hw\u00ebch\u2019in vivent dans une r\u00e9gion du Yukon qui inclut le site de Dawson city. Bien qu&rsquo;en contact depuis longtemps avec les trappeurs, les russes en provenance d&rsquo;Alaska, mais aussi les hommes de la compagnie de la baie d&rsquo;Hudson, leur mode de vie sera compl\u00e8tement boulevers\u00e9 lors du d\u00e9but de la ru\u00e9e vers l&rsquo;or o\u00f9 des milliers de personnes vont venir s&rsquo;installer \u00e0 Dawson et autour. La population de Dawson partira de quasiment 0 pour atteindre 40000 habitants. Gran fork sortira de terre pour atteindre 10000 habitants.<br \/>\nLeur chef de l&rsquo;\u00e9poque, Isaac, aura la sagesse de pousser son peuple a quitter le site de Dawson et \u00e0 s&rsquo;installer non loin sur le site de Moosehide. Cela a certainement aid\u00e9 \u00e0 maintenir la communaut\u00e9 vivante. Depuis les ann\u00e9es 50, la population de Moosehide a d\u00e9clin\u00e9 et les Tr\u2019ond\u00ebk Hw\u00ebch\u2019in reviennent s&rsquo;installer \u00e0 Dawson city. Toutefois, Moosehide reste un endroit important. Il faut d&rsquo;ailleurs demander une autorisation avant de se rendre sur ce site.<\/p>\n<p>Bien que respectueux de la nature et des traditions, les Tr\u2019ond\u00ebk Hw\u00ebch\u2019in sont pr\u00e9sents sur internet avec le site <a href=\"http:\/\/www.trondek.ca\/\">www.trondek.ca<\/a>, qui permet d&rsquo;entrer en contact avec la communaut\u00e9.<\/p>\n<p>[\/et_pb_text][\/et_pb_column][\/et_pb_row][\/et_pb_section]<\/p>\n","protected":false},"excerpt":{"rendered":"<p>On d\u00e9signe par Premi\u00e8res Nations les peuples autochtones pr\u00e9sents avant l&rsquo;arriv\u00e9e des Europ\u00e9ens au Canada. Au Yukon, il y a 14 premi\u00e8res nations. \u00a0On suppose qu&rsquo;initialement ils ont pu venir d\u2019Asie il y a 20000 ans environ par le d\u00e9troit de B\u00e9ring et s&rsquo;installer sur place car la r\u00e9gion offrait suffisamment de gibier. Si chaque [&hellip;]<\/p>\n","protected":false},"author":1,"featured_media":0,"parent":205,"menu_order":0,"comment_status":"open","ping_status":"open","template":"","meta":{"_et_pb_use_builder":"on","_et_pb_old_content":"<p>On d\u00e9signe par <b><u>Premi\u00e8res Nations<\/u><\/b> les peuples autochtones pr\u00e9sents avant l'arriv\u00e9e des Europ\u00e9ens au Canada.<br \/> Au Yukon, il y a 14 premi\u00e8res nations.<\/p><p><a href=\"http:\/\/art-et-culture-du-monde.fr\/blog\/wp-content\/uploads\/2016\/04\/totem.jpg\"><img class=\" size-medium wp-image-325 alignleft\" src=\"http:\/\/art-et-culture-du-monde.fr\/blog\/wp-content\/uploads\/2016\/04\/totem-201x300.jpg\" alt=\"totem\" width=\"201\" height=\"300\" \/><\/a>\u00a0On suppose qu'initialement ils ont pu venir d\u2019Asie il y a 20000 ans environ par le d\u00e9troit de B\u00e9ring et s'installer sur place car la r\u00e9gion offrait suffisamment de gibier.<br \/> Si chaque peuple va d\u00e9velopper des sp\u00e9cificit\u00e9s en fonction du climat et des ressources disponibles, elles se caract\u00e9risent toutes par une vie au rythme de la nature, avec une pratique nomade destin\u00e9e \u00e0 suivre les migrations animales.<br \/> Les premiers contacts auront lieu vers 1700 avec des explorateurs russes. Les marchands de fourrures ne viendront qu'ensuite.<\/p><p>\u00a0<\/p><p><b>Lors de la Ru\u00e9e vers l'or, les Tr\u2019ond\u00ebk Hw\u00ebch\u2019in ont \u00e9t\u00e9 particuli\u00e8rement expos\u00e9s \u00e0 des changements rapides et brutaux!<\/b><\/p><p>Chaque premi\u00e8re nation a son langage :<\/p><ul><li>Gwich\u2019in (Old Crow)<\/li><li>Han (Dawson City) <a href=\"http:\/\/art-et-culture-du-monde.fr\/blog\/wp-content\/uploads\/2016\/04\/tambour.jpg\"><img class=\" size-medium wp-image-324 alignright\" src=\"http:\/\/art-et-culture-du-monde.fr\/blog\/wp-content\/uploads\/2016\/04\/tambour-300x196.jpg\" alt=\"tambour\" width=\"300\" height=\"196\" \/><\/a><\/li><li>Tutchone du Nord (Mayo, Carmacks,\u00a0Pelly Crossing)<\/li><li>Tutchone du Sud (Whitehorse, Haines Junction, Burwash Landing et Destruction Bay)<\/li><li>Kaska (Ross River, Watson Lake),<\/li><li>Tagish (Tagish),<\/li><li>Tlingit (Carcross, Teslin)<\/li><li>Haut Tanana (Beaver Creek)<\/li><\/ul><p>Chaque nation dispose d'un conseil et depuis quelques ann\u00e9es, le gouvernement canadien a donn\u00e9 droit \u00e0 leurs revendications territoriales, ils disposent maintenant en propre de vastes territoires.<br \/> Les <u><b>centres culturels et patrimoniaux autochtones<\/b><\/u> (<b><u>Interpretive Center<\/u><\/b> en anglais) sont des lieux tout indiqu\u00e9s o\u00f9 en apprendre davantage sur la culture des Premi\u00e8res nations du Yukon, notamment le <a href=\"http:\/\/www.yukonmuseums.ca\/cultural\/danoja\/danoja.html\">Centre culturel Danoja Zho<\/a> \u00e0 Dawson, la <a href=\"http:\/\/www.yukonmuseums.ca\/cultural\/jonathan\/jonathan.html\">Maison de Big Jonathan<\/a> \u00e0 Pelly Crossing, le <a href=\"http:\/\/www.yukonmuseums.ca\/cultural\/teslin\/teslin.html\">Centre patrimonial des Tlingit<\/a>\u00a0\u00e0 Teslin, le <a href=\"http:\/\/www.yukonmuseums.ca\/cultural\/tagecho\/tagecho.html\">Centre d\u2019interpr\u00e9tation Tag\u00e9 Cho Hud\u00e4n<\/a>\u00a0\u00e0 Carmacks, et le Centre Da Ku \u00e0 Haines Junction.<\/p><p>Evidemment, chacune mets aussi en avant ses productions artistiques et artisanales. Ainsi, le site travelyukon.com nous dit :<br \/> <i>\"Les \u0153uvres des artistes et artisans autochtones sont pris\u00e9es pour leur ex\u00e9cution d\u00e9licate et l\u2019heureux mariage entre le monde naturel et le monde spirituel dont elles t\u00e9moignent.\u00a0Nombre d\u2019artisans r\u00e9put\u00e9s du Yukon produisent des pi\u00e8ces qui, bien que faisant appel aux techniques artisanales traditionnelles du tricot, de la courtepointe, du tissage, de la sculpture et du perlage, sont de v\u00e9ritables \u0153uvres d\u2019art.\u00a0Musique, danse et chant sont souvent mis \u00e0 contribution pour \u00e9tayer les contes, pi\u00e8ces de th\u00e9\u00e2tre et po\u00e8mes qui enrichissent la tradition orale des Premi\u00e8res nations.\u00a0On trouve quantit\u00e9 de galeries et boutiques du territoire mettant \u00e0 l\u2019honneur le travail des artistes autochtones, dont des mocassins et des mukluks orn\u00e9s de broderie perl\u00e9e et des sculptures, masques et bijoux d\u2019allure exotique taill\u00e9s dans l\u2019andouiller, le bois, les os, les cornes et m\u00eame l\u2019ivoire de mastodontes.\u00a0 \"<\/i><\/p><p><u>Exemple de la premi\u00e8re nation des Tr\u2019ond\u00ebk Hw\u00ebch\u2019in<br \/> <\/u> Les Tr\u2019ond\u00ebk Hw\u00ebch\u2019in vivent dans une r\u00e9gion du Yukon qui inclut le site de Dawson city. Bien qu'en contact depuis longtemps avec les trappeurs, les russes en provenance d'Alaska, mais aussi les hommes de la compagnie de la baie d'Hudson, leur mode de vie sera compl\u00e8tement boulevers\u00e9 lors du d\u00e9but de la ru\u00e9e vers l'or o\u00f9 des milliers de personnes vont venir s'installer \u00e0 Dawson et autour. La population de Dawson partira de quasiment 0 pour atteindre 40000 habitants. Gran fork sortira de terre pour atteindre 10000 habitants.<br \/> Leur chef de l'\u00e9poque, Isaac, aura la sagesse de pousser son peuple a quitter le site de Dawson et \u00e0 s'installer non loin sur le site de Moosehide. Cela a certainement aid\u00e9 \u00e0 maintenir la communaut\u00e9 vivante. Depuis les ann\u00e9es 50, la population de Moosehide a d\u00e9clin\u00e9 et les Tr\u2019ond\u00ebk Hw\u00ebch\u2019in reviennent s'installer \u00e0 Dawson city. Toutefois, Moosehide reste un endroit important. Il faut d'ailleurs demander une autorisation avant de se rendre sur ce site.<\/p><p>Bien que respectueux de la nature et des traditions, les Tr\u2019ond\u00ebk Hw\u00ebch\u2019in sont pr\u00e9sents sur internet avec le site <a href=\"http:\/\/www.trondek.ca\/\">www.trondek.ca<\/a>, qui permet d'entrer en contact avec la communaut\u00e9.<\/p>","_et_gb_content_width":"","footnotes":""},"class_list":["post-323","page","type-page","status-publish","hentry"],"yoast_head":"<!-- This site is optimized with the Yoast SEO plugin v27.2 - https:\/\/yoast.com\/product\/yoast-seo-wordpress\/ -->\n<title>Premi\u00e8res nations du territoires du Yukon - Canada<\/title>\n<meta name=\"description\" content=\"Pr\u00e9sentation des premi\u00e8res nations du Yukon, noms, effectifs, un peu d&#039;histoire. Et des liens pour aller plus loin, mieux les conna\u00eetre.\" \/>\n<meta name=\"robots\" content=\"index, follow, max-snippet:-1, max-image-preview:large, max-video-preview:-1\" \/>\n<link rel=\"canonical\" href=\"https:\/\/art-et-culture-du-monde.fr\/blog\/dossier-yukon\/premieres-nations\/\" \/>\n<meta property=\"og:locale\" content=\"fr_FR\" \/>\n<meta property=\"og:type\" content=\"article\" \/>\n<meta property=\"og:title\" content=\"Premi\u00e8res nations du territoires du Yukon - Canada\" \/>\n<meta property=\"og:description\" content=\"Pr\u00e9sentation des premi\u00e8res nations du Yukon, noms, effectifs, un peu d&#039;histoire. Et des liens pour aller plus loin, mieux les conna\u00eetre.\" \/>\n<meta property=\"og:url\" content=\"https:\/\/art-et-culture-du-monde.fr\/blog\/dossier-yukon\/premieres-nations\/\" \/>\n<meta property=\"og:site_name\" content=\"La Nature d&#039;Eric\" \/>\n<meta property=\"article:publisher\" content=\"https:\/\/www.facebook.com\/Art-et-Culture-du-Monde-ACM-175103796680\/\" \/>\n<meta property=\"article:modified_time\" content=\"2018-01-15T12:54:06+00:00\" \/>\n<meta property=\"og:image\" content=\"http:\/\/art-et-culture-du-monde.fr\/blog\/wp-content\/uploads\/2016\/04\/totem-201x300.jpg\" \/>\n<meta name=\"twitter:card\" content=\"summary_large_image\" \/>\n<meta name=\"twitter:label1\" content=\"Dur\u00e9e de lecture estim\u00e9e\" \/>\n\t<meta name=\"twitter:data1\" content=\"4 minutes\" \/>\n<script type=\"application\/ld+json\" class=\"yoast-schema-graph\">{\"@context\":\"https:\/\/schema.org\",\"@graph\":[{\"@type\":\"WebPage\",\"@id\":\"https:\/\/art-et-culture-du-monde.fr\/blog\/dossier-yukon\/premieres-nations\/\",\"url\":\"https:\/\/art-et-culture-du-monde.fr\/blog\/dossier-yukon\/premieres-nations\/\",\"name\":\"Premi\u00e8res nations du territoires du Yukon - Canada\",\"isPartOf\":{\"@id\":\"https:\/\/art-et-culture-du-monde.fr\/blog\/#website\"},\"primaryImageOfPage\":{\"@id\":\"https:\/\/art-et-culture-du-monde.fr\/blog\/dossier-yukon\/premieres-nations\/#primaryimage\"},\"image\":{\"@id\":\"https:\/\/art-et-culture-du-monde.fr\/blog\/dossier-yukon\/premieres-nations\/#primaryimage\"},\"thumbnailUrl\":\"http:\/\/art-et-culture-du-monde.fr\/blog\/wp-content\/uploads\/2016\/04\/totem-201x300.jpg\",\"datePublished\":\"2016-04-08T11:48:36+00:00\",\"dateModified\":\"2018-01-15T12:54:06+00:00\",\"description\":\"Pr\u00e9sentation des premi\u00e8res nations du Yukon, noms, effectifs, un peu d'histoire. Et des liens pour aller plus loin, mieux les conna\u00eetre.\",\"breadcrumb\":{\"@id\":\"https:\/\/art-et-culture-du-monde.fr\/blog\/dossier-yukon\/premieres-nations\/#breadcrumb\"},\"inLanguage\":\"fr-FR\",\"potentialAction\":[{\"@type\":\"ReadAction\",\"target\":[\"https:\/\/art-et-culture-du-monde.fr\/blog\/dossier-yukon\/premieres-nations\/\"]}]},{\"@type\":\"ImageObject\",\"inLanguage\":\"fr-FR\",\"@id\":\"https:\/\/art-et-culture-du-monde.fr\/blog\/dossier-yukon\/premieres-nations\/#primaryimage\",\"url\":\"http:\/\/art-et-culture-du-monde.fr\/blog\/wp-content\/uploads\/2016\/04\/totem-201x300.jpg\",\"contentUrl\":\"http:\/\/art-et-culture-du-monde.fr\/blog\/wp-content\/uploads\/2016\/04\/totem-201x300.jpg\"},{\"@type\":\"BreadcrumbList\",\"@id\":\"https:\/\/art-et-culture-du-monde.fr\/blog\/dossier-yukon\/premieres-nations\/#breadcrumb\",\"itemListElement\":[{\"@type\":\"ListItem\",\"position\":1,\"name\":\"Accueil\",\"item\":\"https:\/\/art-et-culture-du-monde.fr\/blog\/\"},{\"@type\":\"ListItem\",\"position\":2,\"name\":\"Dossier Yukon\",\"item\":\"https:\/\/art-et-culture-du-monde.fr\/blog\/dossier-yukon\/\"},{\"@type\":\"ListItem\",\"position\":3,\"name\":\"Premi\u00e8res nations\"}]},{\"@type\":\"WebSite\",\"@id\":\"https:\/\/art-et-culture-du-monde.fr\/blog\/#website\",\"url\":\"https:\/\/art-et-culture-du-monde.fr\/blog\/\",\"name\":\"La Nature d&#039;Eric\",\"description\":\"D\u00e9couvrir - Partager - Pr\u00e9server\",\"potentialAction\":[{\"@type\":\"SearchAction\",\"target\":{\"@type\":\"EntryPoint\",\"urlTemplate\":\"https:\/\/art-et-culture-du-monde.fr\/blog\/?s={search_term_string}\"},\"query-input\":{\"@type\":\"PropertyValueSpecification\",\"valueRequired\":true,\"valueName\":\"search_term_string\"}}],\"inLanguage\":\"fr-FR\"}]}<\/script>\n<!-- \/ Yoast SEO plugin. -->","yoast_head_json":{"title":"Premi\u00e8res nations du territoires du Yukon - Canada","description":"Pr\u00e9sentation des premi\u00e8res nations du Yukon, noms, effectifs, un peu d'histoire. Et des liens pour aller plus loin, mieux les conna\u00eetre.","robots":{"index":"index","follow":"follow","max-snippet":"max-snippet:-1","max-image-preview":"max-image-preview:large","max-video-preview":"max-video-preview:-1"},"canonical":"https:\/\/art-et-culture-du-monde.fr\/blog\/dossier-yukon\/premieres-nations\/","og_locale":"fr_FR","og_type":"article","og_title":"Premi\u00e8res nations du territoires du Yukon - Canada","og_description":"Pr\u00e9sentation des premi\u00e8res nations du Yukon, noms, effectifs, un peu d'histoire. Et des liens pour aller plus loin, mieux les conna\u00eetre.","og_url":"https:\/\/art-et-culture-du-monde.fr\/blog\/dossier-yukon\/premieres-nations\/","og_site_name":"La Nature d&#039;Eric","article_publisher":"https:\/\/www.facebook.com\/Art-et-Culture-du-Monde-ACM-175103796680\/","article_modified_time":"2018-01-15T12:54:06+00:00","og_image":[{"url":"http:\/\/art-et-culture-du-monde.fr\/blog\/wp-content\/uploads\/2016\/04\/totem-201x300.jpg","type":"","width":"","height":""}],"twitter_card":"summary_large_image","twitter_misc":{"Dur\u00e9e de lecture estim\u00e9e":"4 minutes"},"schema":{"@context":"https:\/\/schema.org","@graph":[{"@type":"WebPage","@id":"https:\/\/art-et-culture-du-monde.fr\/blog\/dossier-yukon\/premieres-nations\/","url":"https:\/\/art-et-culture-du-monde.fr\/blog\/dossier-yukon\/premieres-nations\/","name":"Premi\u00e8res nations du territoires du Yukon - Canada","isPartOf":{"@id":"https:\/\/art-et-culture-du-monde.fr\/blog\/#website"},"primaryImageOfPage":{"@id":"https:\/\/art-et-culture-du-monde.fr\/blog\/dossier-yukon\/premieres-nations\/#primaryimage"},"image":{"@id":"https:\/\/art-et-culture-du-monde.fr\/blog\/dossier-yukon\/premieres-nations\/#primaryimage"},"thumbnailUrl":"http:\/\/art-et-culture-du-monde.fr\/blog\/wp-content\/uploads\/2016\/04\/totem-201x300.jpg","datePublished":"2016-04-08T11:48:36+00:00","dateModified":"2018-01-15T12:54:06+00:00","description":"Pr\u00e9sentation des premi\u00e8res nations du Yukon, noms, effectifs, un peu d'histoire. Et des liens pour aller plus loin, mieux les conna\u00eetre.","breadcrumb":{"@id":"https:\/\/art-et-culture-du-monde.fr\/blog\/dossier-yukon\/premieres-nations\/#breadcrumb"},"inLanguage":"fr-FR","potentialAction":[{"@type":"ReadAction","target":["https:\/\/art-et-culture-du-monde.fr\/blog\/dossier-yukon\/premieres-nations\/"]}]},{"@type":"ImageObject","inLanguage":"fr-FR","@id":"https:\/\/art-et-culture-du-monde.fr\/blog\/dossier-yukon\/premieres-nations\/#primaryimage","url":"http:\/\/art-et-culture-du-monde.fr\/blog\/wp-content\/uploads\/2016\/04\/totem-201x300.jpg","contentUrl":"http:\/\/art-et-culture-du-monde.fr\/blog\/wp-content\/uploads\/2016\/04\/totem-201x300.jpg"},{"@type":"BreadcrumbList","@id":"https:\/\/art-et-culture-du-monde.fr\/blog\/dossier-yukon\/premieres-nations\/#breadcrumb","itemListElement":[{"@type":"ListItem","position":1,"name":"Accueil","item":"https:\/\/art-et-culture-du-monde.fr\/blog\/"},{"@type":"ListItem","position":2,"name":"Dossier Yukon","item":"https:\/\/art-et-culture-du-monde.fr\/blog\/dossier-yukon\/"},{"@type":"ListItem","position":3,"name":"Premi\u00e8res nations"}]},{"@type":"WebSite","@id":"https:\/\/art-et-culture-du-monde.fr\/blog\/#website","url":"https:\/\/art-et-culture-du-monde.fr\/blog\/","name":"La Nature d&#039;Eric","description":"D\u00e9couvrir - Partager - Pr\u00e9server","potentialAction":[{"@type":"SearchAction","target":{"@type":"EntryPoint","urlTemplate":"https:\/\/art-et-culture-du-monde.fr\/blog\/?s={search_term_string}"},"query-input":{"@type":"PropertyValueSpecification","valueRequired":true,"valueName":"search_term_string"}}],"inLanguage":"fr-FR"}]}},"jetpack-related-posts":[],"jetpack_sharing_enabled":true,"_links":{"self":[{"href":"https:\/\/art-et-culture-du-monde.fr\/blog\/wp-json\/wp\/v2\/pages\/323","targetHints":{"allow":["GET"]}}],"collection":[{"href":"https:\/\/art-et-culture-du-monde.fr\/blog\/wp-json\/wp\/v2\/pages"}],"about":[{"href":"https:\/\/art-et-culture-du-monde.fr\/blog\/wp-json\/wp\/v2\/types\/page"}],"author":[{"embeddable":true,"href":"https:\/\/art-et-culture-du-monde.fr\/blog\/wp-json\/wp\/v2\/users\/1"}],"replies":[{"embeddable":true,"href":"https:\/\/art-et-culture-du-monde.fr\/blog\/wp-json\/wp\/v2\/comments?post=323"}],"version-history":[{"count":6,"href":"https:\/\/art-et-culture-du-monde.fr\/blog\/wp-json\/wp\/v2\/pages\/323\/revisions"}],"predecessor-version":[{"id":1683,"href":"https:\/\/art-et-culture-du-monde.fr\/blog\/wp-json\/wp\/v2\/pages\/323\/revisions\/1683"}],"up":[{"embeddable":true,"href":"https:\/\/art-et-culture-du-monde.fr\/blog\/wp-json\/wp\/v2\/pages\/205"}],"wp:attachment":[{"href":"https:\/\/art-et-culture-du-monde.fr\/blog\/wp-json\/wp\/v2\/media?parent=323"}],"curies":[{"name":"wp","href":"https:\/\/api.w.org\/{rel}","templated":true}]}}