{"id":3093,"date":"2021-06-21T16:42:27","date_gmt":"2021-06-21T14:42:27","guid":{"rendered":"https:\/\/art-et-culture-du-monde.fr\/blog\/?page_id=3093"},"modified":"2021-06-21T16:42:50","modified_gmt":"2021-06-21T14:42:50","slug":"politique-de-confidentialite","status":"publish","type":"page","link":"https:\/\/art-et-culture-du-monde.fr\/blog\/politique-de-confidentialite\/","title":{"rendered":"Politique de confidentialit\u00e9"},"content":{"rendered":"<div id=\"main-content\">\n<div class=\"container\">\n<div id=\"content-area\" class=\"with_sidebar with_sidebar_right clearfix\">\n<div class=\"et_pb_extra_column_main\">\n<article id=\"post-53\" class=\"post-53 page type-page status-publish hentry\">\n<div class=\"post-wrap\">\n<h1 class=\"entry-title\">Politique de confidentialit\u00e9<\/h1>\n<div class=\"post-content entry-content\">\n<div id=\"et-boc\" class=\"et-boc\">\n<div class=\"et-l et-l--post\">\n<div class=\"et_builder_inner_content et_pb_gutters3\">\n<div class=\"et_pb_section et_pb_section_0 et_section_regular\">\n<div class=\"et_pb_row et_pb_row_0\">\n<div class=\"et_pb_column et_pb_column_4_4 et_pb_column_0 et_pb_css_mix_blend_mode_passthrough et-last-child\">\n<div class=\"et_pb_module et_pb_text et_pb_text_0 et_pb_text_align_left et_pb_bg_layout_light\">\n<div class=\"et_pb_text_inner\">\n<ul>\n<li>Le site art-et-culture-du-monde.fr est propos\u00e9 par l&rsquo;association \u00ab Art et Culture du Monde \u00bb.\n<ul>\n<li>Adresse: Doumenjoun, 31430 <em>Saint-Araille<\/em><\/li>\n<li>Siren 537863102<\/li>\n<li>Contact: eric[@]art-et-culture-du-monde.fr<\/li>\n<li>Le site est h\u00e9berg\u00e9 par la soci\u00e9t\u00e9 <strong>OVH<\/strong> SAS : 2 rue Kellermann \u2013 BP 80157 59053 ROUBAIX CEDEX 1*<\/li>\n<\/ul>\n<\/li>\n<\/ul>\n<ul>\n<li>Conform\u00e9ment \u00e0 la loi \u00ab informatique et libert\u00e9s \u00bb du 6 janvier 1978 modifi\u00e9e en 2004, vous b\u00e9n\u00e9ficiez d\u2019un droit d\u2019acc\u00e8s et de rectification aux informations qui vous concernent, que vous pouvez exercer en vous adressant \u00e0 l\u2019administrateur du site, via email en utilisant <a href=\"https:\/\/art-et-culture-du-monde.fr\/blog\/contact\/\">la page de contact.<\/a><\/li>\n<\/ul>\n<ul>\n<li>Votre email est collect\u00e9 pour vous faire parvenir nos nouveaux articles, nouvelles vid\u00e9os et nos offres commerciales, dans le strict respect de la r\u00e9glementation europ\u00e9enne sur la collecte des donn\u00e9es. Vos donn\u00e9es ne seront jamais revendues \u00e0 des tiers.<\/li>\n<\/ul>\n<ul>\n<li>Tous les emails envoy\u00e9s contiennent un lien de d\u00e9sinscription qui permet de ne plus recevoir de message. Les emails collect\u00e9s sont stock\u00e9s par <a href=\"https:\/\/fr.sendinblue.com\/\" target=\"_blank\" rel=\"noopener\">SendInBlue<\/a>.<\/li>\n<\/ul>\n<ul>\n<li>art-et-culture-du-monde.fr utilise Google Analytics pour un suivi de l\u2019audience du site.<\/li>\n<li>Vos donn\u00e9es personnelles sont conserv\u00e9es de mani\u00e8re confidentielles et ne sont ni c\u00e9d\u00e9es ni vendues \u00e0 des tiers.<\/li>\n<\/ul>\n<\/div>\n<\/div>\n<\/div>\n<\/div>\n<\/div>\n<\/div>\n<\/div>\n<\/div>\n<\/div>\n<\/div>\n<\/article>\n<\/div>\n<\/div>\n<\/div>\n<\/div>\n","protected":false},"excerpt":{"rendered":"<p>Politique de confidentialit\u00e9 Le site art-et-culture-du-monde.fr est propos\u00e9 par l&rsquo;association \u00ab Art et Culture du Monde \u00bb. Adresse: Doumenjoun, 31430 Saint-Araille Siren 537863102 Contact: eric[@]art-et-culture-du-monde.fr Le site est h\u00e9berg\u00e9 par la soci\u00e9t\u00e9 OVH SAS : 2 rue Kellermann \u2013 BP 80157 59053 ROUBAIX CEDEX 1* Conform\u00e9ment \u00e0 la loi \u00ab informatique et libert\u00e9s \u00bb du [&hellip;]<\/p>\n","protected":false},"author":1,"featured_media":0,"parent":0,"menu_order":0,"comment_status":"closed","ping_status":"closed","template":"","meta":{"_et_pb_use_builder":"","_et_pb_old_content":"","_et_gb_content_width":"","footnotes":""},"class_list":["post-3093","page","type-page","status-publish","hentry"],"yoast_head":"<!-- This site is optimized with the Yoast SEO plugin v27.2 - https:\/\/yoast.com\/product\/yoast-seo-wordpress\/ -->\n<title>Politique de confidentialit\u00e9 - La Nature d&#039;Eric<\/title>\n<meta name=\"robots\" content=\"index, follow, max-snippet:-1, max-image-preview:large, max-video-preview:-1\" \/>\n<link rel=\"canonical\" href=\"https:\/\/art-et-culture-du-monde.fr\/blog\/politique-de-confidentialite\/\" \/>\n<meta property=\"og:locale\" content=\"fr_FR\" \/>\n<meta property=\"og:type\" content=\"article\" \/>\n<meta property=\"og:title\" content=\"Politique de confidentialit\u00e9 - La Nature d&#039;Eric\" \/>\n<meta property=\"og:description\" content=\"Politique de confidentialit\u00e9 Le site art-et-culture-du-monde.fr est propos\u00e9 par l&rsquo;association \u00ab Art et Culture du Monde \u00bb. Adresse: Doumenjoun, 31430 Saint-Araille Siren 537863102 Contact: eric[@]art-et-culture-du-monde.fr Le site est h\u00e9berg\u00e9 par la soci\u00e9t\u00e9 OVH SAS : 2 rue Kellermann \u2013 BP 80157 59053 ROUBAIX CEDEX 1* Conform\u00e9ment \u00e0 la loi \u00ab informatique et libert\u00e9s \u00bb du [&hellip;]\" \/>\n<meta property=\"og:url\" content=\"https:\/\/art-et-culture-du-monde.fr\/blog\/politique-de-confidentialite\/\" \/>\n<meta property=\"og:site_name\" content=\"La Nature d&#039;Eric\" \/>\n<meta property=\"article:publisher\" content=\"https:\/\/www.facebook.com\/Art-et-Culture-du-Monde-ACM-175103796680\/\" \/>\n<meta property=\"article:modified_time\" content=\"2021-06-21T14:42:50+00:00\" \/>\n<meta name=\"twitter:card\" content=\"summary_large_image\" \/>\n<meta name=\"twitter:label1\" content=\"Dur\u00e9e de lecture estim\u00e9e\" \/>\n\t<meta name=\"twitter:data1\" content=\"1 minute\" \/>\n<script type=\"application\/ld+json\" class=\"yoast-schema-graph\">{\"@context\":\"https:\/\/schema.org\",\"@graph\":[{\"@type\":\"WebPage\",\"@id\":\"https:\/\/art-et-culture-du-monde.fr\/blog\/politique-de-confidentialite\/\",\"url\":\"https:\/\/art-et-culture-du-monde.fr\/blog\/politique-de-confidentialite\/\",\"name\":\"Politique de confidentialit\u00e9 - La Nature d&#039;Eric\",\"isPartOf\":{\"@id\":\"https:\/\/art-et-culture-du-monde.fr\/blog\/#website\"},\"datePublished\":\"2021-06-21T14:42:27+00:00\",\"dateModified\":\"2021-06-21T14:42:50+00:00\",\"breadcrumb\":{\"@id\":\"https:\/\/art-et-culture-du-monde.fr\/blog\/politique-de-confidentialite\/#breadcrumb\"},\"inLanguage\":\"fr-FR\",\"potentialAction\":[{\"@type\":\"ReadAction\",\"target\":[\"https:\/\/art-et-culture-du-monde.fr\/blog\/politique-de-confidentialite\/\"]}]},{\"@type\":\"BreadcrumbList\",\"@id\":\"https:\/\/art-et-culture-du-monde.fr\/blog\/politique-de-confidentialite\/#breadcrumb\",\"itemListElement\":[{\"@type\":\"ListItem\",\"position\":1,\"name\":\"Accueil\",\"item\":\"https:\/\/art-et-culture-du-monde.fr\/blog\/\"},{\"@type\":\"ListItem\",\"position\":2,\"name\":\"Politique de confidentialit\u00e9\"}]},{\"@type\":\"WebSite\",\"@id\":\"https:\/\/art-et-culture-du-monde.fr\/blog\/#website\",\"url\":\"https:\/\/art-et-culture-du-monde.fr\/blog\/\",\"name\":\"La Nature d&#039;Eric\",\"description\":\"D\u00e9couvrir - Partager - Pr\u00e9server\",\"potentialAction\":[{\"@type\":\"SearchAction\",\"target\":{\"@type\":\"EntryPoint\",\"urlTemplate\":\"https:\/\/art-et-culture-du-monde.fr\/blog\/?s={search_term_string}\"},\"query-input\":{\"@type\":\"PropertyValueSpecification\",\"valueRequired\":true,\"valueName\":\"search_term_string\"}}],\"inLanguage\":\"fr-FR\"}]}<\/script>\n<!-- \/ Yoast SEO plugin. -->","yoast_head_json":{"title":"Politique de confidentialit\u00e9 - La Nature d&#039;Eric","robots":{"index":"index","follow":"follow","max-snippet":"max-snippet:-1","max-image-preview":"max-image-preview:large","max-video-preview":"max-video-preview:-1"},"canonical":"https:\/\/art-et-culture-du-monde.fr\/blog\/politique-de-confidentialite\/","og_locale":"fr_FR","og_type":"article","og_title":"Politique de confidentialit\u00e9 - La Nature d&#039;Eric","og_description":"Politique de confidentialit\u00e9 Le site art-et-culture-du-monde.fr est propos\u00e9 par l&rsquo;association \u00ab Art et Culture du Monde \u00bb. Adresse: Doumenjoun, 31430 Saint-Araille Siren 537863102 Contact: eric[@]art-et-culture-du-monde.fr Le site est h\u00e9berg\u00e9 par la soci\u00e9t\u00e9 OVH SAS : 2 rue Kellermann \u2013 BP 80157 59053 ROUBAIX CEDEX 1* Conform\u00e9ment \u00e0 la loi \u00ab informatique et libert\u00e9s \u00bb du [&hellip;]","og_url":"https:\/\/art-et-culture-du-monde.fr\/blog\/politique-de-confidentialite\/","og_site_name":"La Nature d&#039;Eric","article_publisher":"https:\/\/www.facebook.com\/Art-et-Culture-du-Monde-ACM-175103796680\/","article_modified_time":"2021-06-21T14:42:50+00:00","twitter_card":"summary_large_image","twitter_misc":{"Dur\u00e9e de lecture estim\u00e9e":"1 minute"},"schema":{"@context":"https:\/\/schema.org","@graph":[{"@type":"WebPage","@id":"https:\/\/art-et-culture-du-monde.fr\/blog\/politique-de-confidentialite\/","url":"https:\/\/art-et-culture-du-monde.fr\/blog\/politique-de-confidentialite\/","name":"Politique de confidentialit\u00e9 - La Nature d&#039;Eric","isPartOf":{"@id":"https:\/\/art-et-culture-du-monde.fr\/blog\/#website"},"datePublished":"2021-06-21T14:42:27+00:00","dateModified":"2021-06-21T14:42:50+00:00","breadcrumb":{"@id":"https:\/\/art-et-culture-du-monde.fr\/blog\/politique-de-confidentialite\/#breadcrumb"},"inLanguage":"fr-FR","potentialAction":[{"@type":"ReadAction","target":["https:\/\/art-et-culture-du-monde.fr\/blog\/politique-de-confidentialite\/"]}]},{"@type":"BreadcrumbList","@id":"https:\/\/art-et-culture-du-monde.fr\/blog\/politique-de-confidentialite\/#breadcrumb","itemListElement":[{"@type":"ListItem","position":1,"name":"Accueil","item":"https:\/\/art-et-culture-du-monde.fr\/blog\/"},{"@type":"ListItem","position":2,"name":"Politique de confidentialit\u00e9"}]},{"@type":"WebSite","@id":"https:\/\/art-et-culture-du-monde.fr\/blog\/#website","url":"https:\/\/art-et-culture-du-monde.fr\/blog\/","name":"La Nature d&#039;Eric","description":"D\u00e9couvrir - Partager - Pr\u00e9server","potentialAction":[{"@type":"SearchAction","target":{"@type":"EntryPoint","urlTemplate":"https:\/\/art-et-culture-du-monde.fr\/blog\/?s={search_term_string}"},"query-input":{"@type":"PropertyValueSpecification","valueRequired":true,"valueName":"search_term_string"}}],"inLanguage":"fr-FR"}]}},"jetpack-related-posts":[],"jetpack_sharing_enabled":true,"_links":{"self":[{"href":"https:\/\/art-et-culture-du-monde.fr\/blog\/wp-json\/wp\/v2\/pages\/3093","targetHints":{"allow":["GET"]}}],"collection":[{"href":"https:\/\/art-et-culture-du-monde.fr\/blog\/wp-json\/wp\/v2\/pages"}],"about":[{"href":"https:\/\/art-et-culture-du-monde.fr\/blog\/wp-json\/wp\/v2\/types\/page"}],"author":[{"embeddable":true,"href":"https:\/\/art-et-culture-du-monde.fr\/blog\/wp-json\/wp\/v2\/users\/1"}],"replies":[{"embeddable":true,"href":"https:\/\/art-et-culture-du-monde.fr\/blog\/wp-json\/wp\/v2\/comments?post=3093"}],"version-history":[{"count":2,"href":"https:\/\/art-et-culture-du-monde.fr\/blog\/wp-json\/wp\/v2\/pages\/3093\/revisions"}],"predecessor-version":[{"id":3095,"href":"https:\/\/art-et-culture-du-monde.fr\/blog\/wp-json\/wp\/v2\/pages\/3093\/revisions\/3095"}],"wp:attachment":[{"href":"https:\/\/art-et-culture-du-monde.fr\/blog\/wp-json\/wp\/v2\/media?parent=3093"}],"curies":[{"name":"wp","href":"https:\/\/api.w.org\/{rel}","templated":true}]}}