{"id":2396,"date":"2018-10-10T22:18:37","date_gmt":"2018-10-10T20:18:37","guid":{"rendered":"http:\/\/art-et-culture-du-monde.fr\/blog\/?page_id=2396"},"modified":"2023-04-07T11:30:15","modified_gmt":"2023-04-07T09:30:15","slug":"la-chaine-alimentaire","status":"publish","type":"page","link":"https:\/\/art-et-culture-du-monde.fr\/blog\/la-chaine-alimentaire\/","title":{"rendered":"La cha\u00eene alimentaire &#8230;"},"content":{"rendered":"<p>[et_pb_section fb_built=\u00a0\u00bb1&Prime; _builder_version=\u00a0\u00bb4.16&Prime; global_colors_info=\u00a0\u00bb{}\u00a0\u00bb][et_pb_row _builder_version=\u00a0\u00bb4.16&Prime; background_size=\u00a0\u00bbinitial\u00a0\u00bb background_position=\u00a0\u00bbtop_left\u00a0\u00bb background_repeat=\u00a0\u00bbrepeat\u00a0\u00bb global_colors_info=\u00a0\u00bb{}\u00a0\u00bb][et_pb_column type=\u00a0\u00bb4_4&Prime; _builder_version=\u00a0\u00bb4.16&Prime; custom_padding=\u00a0\u00bb|||\u00a0\u00bb global_colors_info=\u00a0\u00bb{}\u00a0\u00bb custom_padding__hover=\u00a0\u00bb|||\u00a0\u00bb][et_pb_text _builder_version=\u00a0\u00bb4.20.4&Prime; text_font_size=\u00a0\u00bb18px\u00a0\u00bb hover_enabled=\u00a0\u00bb0&Prime; global_colors_info=\u00a0\u00bb{}\u00a0\u00bb sticky_enabled=\u00a0\u00bb0&Prime;]<\/p>\n<h1>Le r\u00e9seau trophique et la cha\u00eene alimentaire<\/h1>\n<p>Le r\u00e9seau trophique peut \u00eatre d\u00e9fini de fa\u00e7on simple comme l&rsquo;ensemble des cha\u00eenes alimentaires dans un biotope donn\u00e9. Une cha\u00eene alimentaire est une relation entre \u00eatres vivants o\u00f9 chacun mange le pr\u00e9c\u00e9dent.<\/p>\n<p>A la base, on trouve les v\u00e9g\u00e9taux, uniquement d\u00e9pendants de l&rsquo;\u00e9nergie solaire pour leur d\u00e9veloppement. Ensuite, les herbivores (consommateurs primaires) consomment les v\u00e9g\u00e9taux. Les consommateurs secondaires sont les pr\u00e9dateurs des herbivores. Enfin, les consommateurs tertiaires, les superpr\u00e9dateurs mangent les consommateurs secondaires.<\/p>\n<p>Le superpr\u00e9dateur a pour caract\u00e9ristique de ne pas avoir de pr\u00e9dateur une fois arriv\u00e9 \u00e0 l&rsquo;\u00e2ge adulte. C&rsquo;est ainsi le cas, par exemple, du loup, de l&rsquo;ours, du hibou Grand-Duc et de l&rsquo;Homme &#8230;<\/p>\n<p>[\/et_pb_text][\/et_pb_column][\/et_pb_row][et_pb_row column_structure=\u00a0\u00bb1_3,1_3,1_3&Prime; _builder_version=\u00a0\u00bb4.16&Prime; background_size=\u00a0\u00bbinitial\u00a0\u00bb background_position=\u00a0\u00bbtop_left\u00a0\u00bb background_repeat=\u00a0\u00bbrepeat\u00a0\u00bb global_colors_info=\u00a0\u00bb{}\u00a0\u00bb][et_pb_column type=\u00a0\u00bb1_3&Prime; _builder_version=\u00a0\u00bb4.16&Prime; custom_padding=\u00a0\u00bb|||\u00a0\u00bb global_colors_info=\u00a0\u00bb{}\u00a0\u00bb custom_padding__hover=\u00a0\u00bb|||\u00a0\u00bb][et_pb_image src=\u00a0\u00bbhttps:\/\/art-et-culture-du-monde.fr\/blog\/wp-content\/uploads\/2018\/10\/cube1-red.jpg\u00a0\u00bb alt=\u00a0\u00bbCha\u00eene alimentaire\u00a0\u00bb align_tablet=\u00a0\u00bbcenter\u00a0\u00bb align_phone=\u00a0\u00bbcenter\u00a0\u00bb align_last_edited=\u00a0\u00bbon|desktop\u00a0\u00bb admin_label=\u00a0\u00bbPyramide\u00a0\u00bb _builder_version=\u00a0\u00bb4.16&Prime; hover_enabled=\u00a0\u00bb0&Prime; global_colors_info=\u00a0\u00bb{}\u00a0\u00bb sticky_enabled=\u00a0\u00bb0&Prime;][\/et_pb_image][\/et_pb_column][et_pb_column type=\u00a0\u00bb1_3&Prime; _builder_version=\u00a0\u00bb4.16&Prime; custom_padding=\u00a0\u00bb|||\u00a0\u00bb global_colors_info=\u00a0\u00bb{}\u00a0\u00bb custom_padding__hover=\u00a0\u00bb|||\u00a0\u00bb][et_pb_text _builder_version=\u00a0\u00bb4.16&Prime; text_font_size=\u00a0\u00bb18px\u00a0\u00bb global_colors_info=\u00a0\u00bb{}\u00a0\u00bb]<\/p>\n<p>On peut repr\u00e9senter une cha\u00eene alimentaire par une pyramide comme sur la photo (il n&rsquo;y a pas de superpr\u00e9dateur dans ce cas). Vous constatez\u00a0 que si un \u00e9tage est supprim\u00e9, le haut de la pyramide s&rsquo;\u00e9croule.<\/p>\n<p>[\/et_pb_text][\/et_pb_column][et_pb_column type=\u00a0\u00bb1_3&Prime; _builder_version=\u00a0\u00bb4.16&Prime; custom_padding=\u00a0\u00bb|||\u00a0\u00bb global_colors_info=\u00a0\u00bb{}\u00a0\u00bb custom_padding__hover=\u00a0\u00bb|||\u00a0\u00bb][et_pb_image src=\u00a0\u00bbhttps:\/\/art-et-culture-du-monde.fr\/blog\/wp-content\/uploads\/2018\/10\/cube5-red.jpg\u00a0\u00bb align_tablet=\u00a0\u00bbcenter\u00a0\u00bb align_phone=\u00a0\u00bbcenter\u00a0\u00bb align_last_edited=\u00a0\u00bbon|desktop\u00a0\u00bb admin_label=\u00a0\u00bbPyramide avec un \u00e9tage en moins\u00a0\u00bb _builder_version=\u00a0\u00bb4.16&Prime; global_colors_info=\u00a0\u00bb{}\u00a0\u00bb][\/et_pb_image][\/et_pb_column][\/et_pb_row][et_pb_row _builder_version=\u00a0\u00bb4.16&Prime; background_size=\u00a0\u00bbinitial\u00a0\u00bb background_position=\u00a0\u00bbtop_left\u00a0\u00bb background_repeat=\u00a0\u00bbrepeat\u00a0\u00bb global_colors_info=\u00a0\u00bb{}\u00a0\u00bb][et_pb_column type=\u00a0\u00bb4_4&Prime; _builder_version=\u00a0\u00bb4.16&Prime; custom_padding=\u00a0\u00bb|||\u00a0\u00bb global_colors_info=\u00a0\u00bb{}\u00a0\u00bb custom_padding__hover=\u00a0\u00bb|||\u00a0\u00bb][et_pb_text _builder_version=\u00a0\u00bb4.16&Prime; text_font_size=\u00a0\u00bb18px\u00a0\u00bb global_colors_info=\u00a0\u00bb{}\u00a0\u00bb]<\/p>\n<p>Autre \u00e9l\u00e9ment important de la cha\u00eene alimentaire: La concentration des polluants et substances nocives.<\/p>\n<p>Admettons qu&rsquo;un polluant soit pr\u00e9sent dans l&rsquo;herbe. Il est consomm\u00e9 par les criquets (1ere concentration), puis les criquets sont consomm\u00e9s par la chouette (2i\u00e8me concentration). C&rsquo;est ainsi qu&rsquo;on arrive \u00e0 des doses nocives dans l&rsquo;organisme animal m\u00eame si la dose r\u00e9pandue est suppos\u00e9e mineure. Il en va de m\u00eame de tout produit dangereux pour la vie.<\/p>\n<p>On imagine ce que cela peut donner quand l&rsquo;Homme se trouve en bout de cha\u00eene alimentaire. Nous finissons par consommer nos produits toxiques.<\/p>\n<p>[\/et_pb_text][\/et_pb_column][\/et_pb_row][et_pb_row column_structure=\u00a0\u00bb1_3,1_3,1_3&Prime; _builder_version=\u00a0\u00bb4.16&Prime; background_size=\u00a0\u00bbinitial\u00a0\u00bb background_position=\u00a0\u00bbtop_left\u00a0\u00bb background_repeat=\u00a0\u00bbrepeat\u00a0\u00bb global_colors_info=\u00a0\u00bb{}\u00a0\u00bb][et_pb_column type=\u00a0\u00bb1_3&Prime; _builder_version=\u00a0\u00bb4.16&Prime; custom_padding=\u00a0\u00bb|||\u00a0\u00bb global_colors_info=\u00a0\u00bb{}\u00a0\u00bb custom_padding__hover=\u00a0\u00bb|||\u00a0\u00bb][et_pb_image src=\u00a0\u00bbhttps:\/\/art-et-culture-du-monde.fr\/blog\/wp-content\/uploads\/2018\/10\/cube2-red.jpg\u00a0\u00bb align_tablet=\u00a0\u00bbcenter\u00a0\u00bb align_phone=\u00a0\u00bbcenter\u00a0\u00bb align_last_edited=\u00a0\u00bbon|desktop\u00a0\u00bb admin_label=\u00a0\u00bbConcentration 1&Prime; _builder_version=\u00a0\u00bb4.16&Prime; global_colors_info=\u00a0\u00bb{}\u00a0\u00bb][\/et_pb_image][\/et_pb_column][et_pb_column type=\u00a0\u00bb1_3&Prime; _builder_version=\u00a0\u00bb4.16&Prime; custom_padding=\u00a0\u00bb|||\u00a0\u00bb global_colors_info=\u00a0\u00bb{}\u00a0\u00bb custom_padding__hover=\u00a0\u00bb|||\u00a0\u00bb][et_pb_image src=\u00a0\u00bbhttps:\/\/art-et-culture-du-monde.fr\/blog\/wp-content\/uploads\/2018\/10\/cube3-red.jpg\u00a0\u00bb align_tablet=\u00a0\u00bbcenter\u00a0\u00bb align_phone=\u00a0\u00bbcenter\u00a0\u00bb align_last_edited=\u00a0\u00bbon|desktop\u00a0\u00bb admin_label=\u00a0\u00bbConcentration 2&Prime; _builder_version=\u00a0\u00bb4.16&Prime; global_colors_info=\u00a0\u00bb{}\u00a0\u00bb][\/et_pb_image][\/et_pb_column][et_pb_column type=\u00a0\u00bb1_3&Prime; _builder_version=\u00a0\u00bb4.16&Prime; custom_padding=\u00a0\u00bb|||\u00a0\u00bb global_colors_info=\u00a0\u00bb{}\u00a0\u00bb custom_padding__hover=\u00a0\u00bb|||\u00a0\u00bb][et_pb_image src=\u00a0\u00bbhttps:\/\/art-et-culture-du-monde.fr\/blog\/wp-content\/uploads\/2018\/10\/cube4-red.jpg\u00a0\u00bb align_tablet=\u00a0\u00bbcenter\u00a0\u00bb align_phone=\u00a0\u00bbcenter\u00a0\u00bb align_last_edited=\u00a0\u00bbon|desktop\u00a0\u00bb admin_label=\u00a0\u00bbConcentration 3&Prime; _builder_version=\u00a0\u00bb4.16&Prime; global_colors_info=\u00a0\u00bb{}\u00a0\u00bb][\/et_pb_image][\/et_pb_column][\/et_pb_row][et_pb_row _builder_version=\u00a0\u00bb4.16&Prime; background_size=\u00a0\u00bbinitial\u00a0\u00bb background_position=\u00a0\u00bbtop_left\u00a0\u00bb background_repeat=\u00a0\u00bbrepeat\u00a0\u00bb global_colors_info=\u00a0\u00bb{}\u00a0\u00bb][et_pb_column type=\u00a0\u00bb4_4&Prime; _builder_version=\u00a0\u00bb4.16&Prime; custom_padding=\u00a0\u00bb|||\u00a0\u00bb global_colors_info=\u00a0\u00bb{}\u00a0\u00bb custom_padding__hover=\u00a0\u00bb|||\u00a0\u00bb][et_pb_text _builder_version=\u00a0\u00bb4.20.4&Prime; text_font_size=\u00a0\u00bb18px\u00a0\u00bb hover_enabled=\u00a0\u00bb0&Prime; global_colors_info=\u00a0\u00bb{}\u00a0\u00bb sticky_enabled=\u00a0\u00bb0&Prime;]<\/p>\n<h2>Le super pr\u00e9dateur, c&rsquo;est qui ?<\/h2>\n<p>Le super pr\u00e9dateur\u00a0 est au sommet de la cha\u00eene alimentaire. Il subit tout ce qui se passe aux niveaux inf\u00e9rieurs, pollutions, produits toxiques, esp\u00e8ces qui disparaissent. On peut conclure que la pr\u00e9sence d&rsquo;un super pr\u00e9dateur est le gage d&rsquo;un environnement favorable.<\/p>\n<p>A l&rsquo;inverse, le super pr\u00e9dateur stabilise les esp\u00e8ces des niveaux pr\u00e9c\u00e9dents. Une r\u00e9gulation efficace dans la mesure o\u00f9 le super pr\u00e9dateur a un taux de reproduction faible. Comme c&rsquo;est g\u00e9n\u00e9ralement le cas, cela en fait des esp\u00e8ces sensibles \u00e0 des \u00e9v\u00e8nements brutaux (catastrophe naturelle ou intervention humaine).<\/p>\n<p>Chacun a donc son r\u00f4le a jouer et perturber cet encha\u00eenement peut avoir des cons\u00e9quences d\u00e9sastreuses. Heureusement, ce syst\u00e8me b\u00e9n\u00e9ficie d&rsquo;une certaine r\u00e9silience. En effet, si une esp\u00e8ce n&rsquo;est plus dans la cha\u00eene, elle peut \u00eatre remplac\u00e9e par une autre. Ainsi, dans l&rsquo;ouest du Canada par exemple, on a d\u00e9couvert des loups qui p\u00eachaient du poisson !<\/p>\n<h2>L&rsquo;\u00e9conomie circulaire, une cr\u00e9ation de la nature !<\/h2>\n<p>Un \u00e9l\u00e9ment souvent oubli\u00e9 dans la pr\u00e9sentation des cha\u00eenes alimentaires: le recyclage !<\/p>\n<p>En effet, les pr\u00e9dateurs ou super pr\u00e9dateurs vont finir fatalement par mourir un jour ou l&rsquo;autre. C&rsquo;est l\u00e0 qu&rsquo;entre en jeu les \u00ab\u00a0recycleurs\u00a0\u00bb, charognards divers, insectes et autres petits animaux qui se nourrissent des \u00ab\u00a0d\u00e9chets\u00a0\u00bb de la nature. En dernier ressort, les d\u00e9composeurs produiront des \u00e9l\u00e9ments utilisables par les plantes et la boucle sera boucl\u00e9e.<\/p>\n<p>Vous souhaitez plus d&rsquo;information ? Nous pouvons aussi r\u00e9aliser une intervention d&rsquo;\u00e9ducation \u00e0 l&rsquo;environnement \u00e0 votre demande. <a href=\"https:\/\/art-et-culture-du-monde.fr\/blog\/contact\/\">Contactez-nous<\/a> !<\/p>\n<p>[\/et_pb_text][et_pb_text _builder_version=\u00a0\u00bb4.16&Prime; text_font_size=\u00a0\u00bb18px\u00a0\u00bb background_color=\u00a0\u00bb#7cda24&Prime; background_size=\u00a0\u00bbinitial\u00a0\u00bb background_position=\u00a0\u00bbtop_left\u00a0\u00bb background_repeat=\u00a0\u00bbrepeat\u00a0\u00bb custom_padding=\u00a0\u00bb|140px||140px\u00a0\u00bb custom_padding_tablet=\u00a0\u00bb\u00a0\u00bb custom_padding_phone=\u00a0\u00bb|20px||20px\u00a0\u00bb custom_padding_last_edited=\u00a0\u00bbon|phone\u00a0\u00bb use_border_color=\u00a0\u00bboff\u00a0\u00bb saved_tabs=\u00a0\u00bball\u00a0\u00bb global_colors_info=\u00a0\u00bb{}\u00a0\u00bb]<\/p>\n<p style=\"text-align: center;\">&#8211;<\/p>\n<p style=\"text-align: center;\"><a href='https:\/\/art-et-culture-du-monde.fr\/blog\/themes\/' class='big-button bigblue' target=\"_blank\">Nos th\u00e8mes et prestations<\/a><\/p>\n<p style=\"text-align: center;\">&#8211;<\/p>\n<p style=\"text-align: center;\">\u00a0<\/p>\n<p>[\/et_pb_text][\/et_pb_column][\/et_pb_row][\/et_pb_section]<\/p>\n","protected":false},"excerpt":{"rendered":"<p>Le r\u00e9seau trophique et la cha\u00eene alimentaire Le r\u00e9seau trophique peut \u00eatre d\u00e9fini de fa\u00e7on simple comme l&rsquo;ensemble des cha\u00eenes alimentaires dans un biotope donn\u00e9. Une cha\u00eene alimentaire est une relation entre \u00eatres vivants o\u00f9 chacun mange le pr\u00e9c\u00e9dent. A la base, on trouve les v\u00e9g\u00e9taux, uniquement d\u00e9pendants de l&rsquo;\u00e9nergie solaire pour leur d\u00e9veloppement. Ensuite, [&hellip;]<\/p>\n","protected":false},"author":1,"featured_media":0,"parent":0,"menu_order":0,"comment_status":"closed","ping_status":"closed","template":"","meta":{"_et_pb_use_builder":"on","_et_pb_old_content":"<p>La cha\u00eene alimentaire est une relation entre \u00eatres vivants o\u00f9 chacun mange le pr\u00e9c\u00e9dent.<\/p><p>A la base, on trouve les v\u00e9g\u00e9taux, uniquement d\u00e9pendants de l'\u00e9nergie solaire pour leur d\u00e9veloppement. Ensuite, les herbivores (consommateurs primaires) consomment les v\u00e9g\u00e9taux. Les consommateurs secondaires sont les pr\u00e9dateurs des herbivores. Enfin, les consommateurs tertiaires, les superpr\u00e9dateurs mangent les consommateurs secondaires.<\/p><p>Le superpr\u00e9dateur a pour caract\u00e9ristique de ne pas avoir de pr\u00e9dateur une fois arriv\u00e9 \u00e0 l'\u00e2ge adulte. C'est ainsi le cas, par exemple, du loup, de l'ours, du hibou Grand-Duc et de l'Homme ...<\/p><p>On peut repr\u00e9senter une cha\u00eene alimentaire par une pyramide comme sur la photo (il n'y a pas de superpr\u00e9dateur dans ce cas). Vous constatez\u00a0 que si un \u00e9tage est supprim\u00e9, le haut de la pyramide s'\u00e9croule.<\/p><p>Autre \u00e9l\u00e9ment important de la cha\u00eene alimentaire: La concentration des polluants et substances nocives.<\/p><p>Admettons qu'un polluant soit pr\u00e9sent dans l'herbe. Il est consomm\u00e9 par les criquets (1ere concentration), puis les criquets sont consomm\u00e9s par la chouette (2i\u00e8me concentration). C'est ainsi qu'on arrive \u00e0 des doses nocives dans l'organisme animal m\u00eame si la dose r\u00e9pandue est suppos\u00e9e mineure. Il en va de m\u00eame de tout produit dangereux pour la vie.<\/p><p>On imagine ce que cela peut donner quand l'Homme se trouve en bout de cha\u00eene alimentaire. Nous finissons par consommer nos produits toxiques.<\/p><p>Le super pr\u00e9dateur, \u00e7a sert \u00e0 quoi ?<\/p><p>Le super pr\u00e9dateur\u00a0 est au sommet de la cha\u00eene alimentaire. Il subit tout ce qui se passe aux niveaux inf\u00e9rieurs, pollutions, produits toxiques, esp\u00e8ces qui disparaissent. On peut conclure que la pr\u00e9sence d'un super pr\u00e9dateur est le gage d'un environnement favorable.<\/p><p>A l'inverse, le super pr\u00e9dateur stabilise les esp\u00e8ces des niveaux pr\u00e9c\u00e9dents. Une r\u00e9gulation efficace dans la mesure o\u00f9 le super pr\u00e9dateur a un taux de reproduction faible. Comme c'est g\u00e9n\u00e9ralement le cas, cela en fait des esp\u00e8ces sensibles \u00e0 des \u00e9v\u00e8nements brutaux (catastrophe naturelle ou intervention humaine).<\/p>","_et_gb_content_width":"","footnotes":""},"class_list":["post-2396","page","type-page","status-publish","hentry"],"yoast_head":"<!-- This site is optimized with the Yoast SEO plugin v27.2 - https:\/\/yoast.com\/product\/yoast-seo-wordpress\/ -->\n<title>La cha\u00eene alimentaire - Exemple simple avec la chouette Chev\u00eache<\/title>\n<meta name=\"description\" content=\"L&#039;importance de la cha\u00eene alimentaire et l&#039;importance du r\u00f4le des grands pr\u00e9dateurs.\" \/>\n<meta name=\"robots\" content=\"index, follow, max-snippet:-1, max-image-preview:large, max-video-preview:-1\" \/>\n<link rel=\"canonical\" href=\"https:\/\/art-et-culture-du-monde.fr\/blog\/la-chaine-alimentaire\/\" \/>\n<meta property=\"og:locale\" content=\"fr_FR\" \/>\n<meta property=\"og:type\" content=\"article\" \/>\n<meta property=\"og:title\" content=\"La cha\u00eene alimentaire - Exemple simple avec la chouette Chev\u00eache\" \/>\n<meta property=\"og:description\" content=\"L&#039;importance de la cha\u00eene alimentaire et l&#039;importance du r\u00f4le des grands pr\u00e9dateurs.\" \/>\n<meta property=\"og:url\" content=\"https:\/\/art-et-culture-du-monde.fr\/blog\/la-chaine-alimentaire\/\" \/>\n<meta property=\"og:site_name\" content=\"La Nature d&#039;Eric\" \/>\n<meta property=\"article:publisher\" content=\"https:\/\/www.facebook.com\/Art-et-Culture-du-Monde-ACM-175103796680\/\" \/>\n<meta property=\"article:modified_time\" content=\"2023-04-07T09:30:15+00:00\" \/>\n<meta name=\"twitter:card\" content=\"summary_large_image\" \/>\n<meta name=\"twitter:label1\" content=\"Dur\u00e9e de lecture estim\u00e9e\" \/>\n\t<meta name=\"twitter:data1\" content=\"4 minutes\" \/>\n<script type=\"application\/ld+json\" class=\"yoast-schema-graph\">{\"@context\":\"https:\/\/schema.org\",\"@graph\":[{\"@type\":\"WebPage\",\"@id\":\"https:\/\/art-et-culture-du-monde.fr\/blog\/la-chaine-alimentaire\/\",\"url\":\"https:\/\/art-et-culture-du-monde.fr\/blog\/la-chaine-alimentaire\/\",\"name\":\"La cha\u00eene alimentaire - Exemple simple avec la chouette Chev\u00eache\",\"isPartOf\":{\"@id\":\"https:\/\/art-et-culture-du-monde.fr\/blog\/#website\"},\"datePublished\":\"2018-10-10T20:18:37+00:00\",\"dateModified\":\"2023-04-07T09:30:15+00:00\",\"description\":\"L'importance de la cha\u00eene alimentaire et l'importance du r\u00f4le des grands pr\u00e9dateurs.\",\"breadcrumb\":{\"@id\":\"https:\/\/art-et-culture-du-monde.fr\/blog\/la-chaine-alimentaire\/#breadcrumb\"},\"inLanguage\":\"fr-FR\",\"potentialAction\":[{\"@type\":\"ReadAction\",\"target\":[\"https:\/\/art-et-culture-du-monde.fr\/blog\/la-chaine-alimentaire\/\"]}]},{\"@type\":\"BreadcrumbList\",\"@id\":\"https:\/\/art-et-culture-du-monde.fr\/blog\/la-chaine-alimentaire\/#breadcrumb\",\"itemListElement\":[{\"@type\":\"ListItem\",\"position\":1,\"name\":\"Accueil\",\"item\":\"https:\/\/art-et-culture-du-monde.fr\/blog\/\"},{\"@type\":\"ListItem\",\"position\":2,\"name\":\"La cha\u00eene alimentaire &#8230;\"}]},{\"@type\":\"WebSite\",\"@id\":\"https:\/\/art-et-culture-du-monde.fr\/blog\/#website\",\"url\":\"https:\/\/art-et-culture-du-monde.fr\/blog\/\",\"name\":\"La Nature d&#039;Eric\",\"description\":\"D\u00e9couvrir - Partager - Pr\u00e9server\",\"potentialAction\":[{\"@type\":\"SearchAction\",\"target\":{\"@type\":\"EntryPoint\",\"urlTemplate\":\"https:\/\/art-et-culture-du-monde.fr\/blog\/?s={search_term_string}\"},\"query-input\":{\"@type\":\"PropertyValueSpecification\",\"valueRequired\":true,\"valueName\":\"search_term_string\"}}],\"inLanguage\":\"fr-FR\"}]}<\/script>\n<!-- \/ Yoast SEO plugin. -->","yoast_head_json":{"title":"La cha\u00eene alimentaire - Exemple simple avec la chouette Chev\u00eache","description":"L'importance de la cha\u00eene alimentaire et l'importance du r\u00f4le des grands pr\u00e9dateurs.","robots":{"index":"index","follow":"follow","max-snippet":"max-snippet:-1","max-image-preview":"max-image-preview:large","max-video-preview":"max-video-preview:-1"},"canonical":"https:\/\/art-et-culture-du-monde.fr\/blog\/la-chaine-alimentaire\/","og_locale":"fr_FR","og_type":"article","og_title":"La cha\u00eene alimentaire - Exemple simple avec la chouette Chev\u00eache","og_description":"L'importance de la cha\u00eene alimentaire et l'importance du r\u00f4le des grands pr\u00e9dateurs.","og_url":"https:\/\/art-et-culture-du-monde.fr\/blog\/la-chaine-alimentaire\/","og_site_name":"La Nature d&#039;Eric","article_publisher":"https:\/\/www.facebook.com\/Art-et-Culture-du-Monde-ACM-175103796680\/","article_modified_time":"2023-04-07T09:30:15+00:00","twitter_card":"summary_large_image","twitter_misc":{"Dur\u00e9e de lecture estim\u00e9e":"4 minutes"},"schema":{"@context":"https:\/\/schema.org","@graph":[{"@type":"WebPage","@id":"https:\/\/art-et-culture-du-monde.fr\/blog\/la-chaine-alimentaire\/","url":"https:\/\/art-et-culture-du-monde.fr\/blog\/la-chaine-alimentaire\/","name":"La cha\u00eene alimentaire - Exemple simple avec la chouette Chev\u00eache","isPartOf":{"@id":"https:\/\/art-et-culture-du-monde.fr\/blog\/#website"},"datePublished":"2018-10-10T20:18:37+00:00","dateModified":"2023-04-07T09:30:15+00:00","description":"L'importance de la cha\u00eene alimentaire et l'importance du r\u00f4le des grands pr\u00e9dateurs.","breadcrumb":{"@id":"https:\/\/art-et-culture-du-monde.fr\/blog\/la-chaine-alimentaire\/#breadcrumb"},"inLanguage":"fr-FR","potentialAction":[{"@type":"ReadAction","target":["https:\/\/art-et-culture-du-monde.fr\/blog\/la-chaine-alimentaire\/"]}]},{"@type":"BreadcrumbList","@id":"https:\/\/art-et-culture-du-monde.fr\/blog\/la-chaine-alimentaire\/#breadcrumb","itemListElement":[{"@type":"ListItem","position":1,"name":"Accueil","item":"https:\/\/art-et-culture-du-monde.fr\/blog\/"},{"@type":"ListItem","position":2,"name":"La cha\u00eene alimentaire &#8230;"}]},{"@type":"WebSite","@id":"https:\/\/art-et-culture-du-monde.fr\/blog\/#website","url":"https:\/\/art-et-culture-du-monde.fr\/blog\/","name":"La Nature d&#039;Eric","description":"D\u00e9couvrir - Partager - Pr\u00e9server","potentialAction":[{"@type":"SearchAction","target":{"@type":"EntryPoint","urlTemplate":"https:\/\/art-et-culture-du-monde.fr\/blog\/?s={search_term_string}"},"query-input":{"@type":"PropertyValueSpecification","valueRequired":true,"valueName":"search_term_string"}}],"inLanguage":"fr-FR"}]}},"jetpack-related-posts":[],"jetpack_sharing_enabled":true,"_links":{"self":[{"href":"https:\/\/art-et-culture-du-monde.fr\/blog\/wp-json\/wp\/v2\/pages\/2396","targetHints":{"allow":["GET"]}}],"collection":[{"href":"https:\/\/art-et-culture-du-monde.fr\/blog\/wp-json\/wp\/v2\/pages"}],"about":[{"href":"https:\/\/art-et-culture-du-monde.fr\/blog\/wp-json\/wp\/v2\/types\/page"}],"author":[{"embeddable":true,"href":"https:\/\/art-et-culture-du-monde.fr\/blog\/wp-json\/wp\/v2\/users\/1"}],"replies":[{"embeddable":true,"href":"https:\/\/art-et-culture-du-monde.fr\/blog\/wp-json\/wp\/v2\/comments?post=2396"}],"version-history":[{"count":19,"href":"https:\/\/art-et-culture-du-monde.fr\/blog\/wp-json\/wp\/v2\/pages\/2396\/revisions"}],"predecessor-version":[{"id":3449,"href":"https:\/\/art-et-culture-du-monde.fr\/blog\/wp-json\/wp\/v2\/pages\/2396\/revisions\/3449"}],"wp:attachment":[{"href":"https:\/\/art-et-culture-du-monde.fr\/blog\/wp-json\/wp\/v2\/media?parent=2396"}],"curies":[{"name":"wp","href":"https:\/\/api.w.org\/{rel}","templated":true}]}}