{"id":2122,"date":"2018-08-09T23:12:42","date_gmt":"2018-08-09T21:12:42","guid":{"rendered":"http:\/\/art-et-culture-du-monde.fr\/blog\/?page_id=2122"},"modified":"2018-09-05T15:57:28","modified_gmt":"2018-09-05T13:57:28","slug":"les-variations-de-taille-des-rapaces","status":"publish","type":"page","link":"https:\/\/art-et-culture-du-monde.fr\/blog\/dossier-oiseaux\/les-variations-de-taille-des-rapaces\/","title":{"rendered":"Les variations de taille des rapaces &#8230;"},"content":{"rendered":"<p>[et_pb_section bb_built=\u00a0\u00bb1&Prime;][et_pb_row][et_pb_column type=\u00a0\u00bb4_4&Prime;][et_pb_text admin_label=\u00a0\u00bbLa variation de taille des rapaces\u00a0\u00bb background_color=\u00a0\u00bb#7cda24&Prime; use_border_color=\u00a0\u00bboff\u00a0\u00bb header_line_height=\u00a0\u00bb2em\u00a0\u00bb text_line_height=\u00a0\u00bb2.3em\u00a0\u00bb background_position=\u00a0\u00bbtop_left\u00a0\u00bb background_repeat=\u00a0\u00bbrepeat\u00a0\u00bb background_size=\u00a0\u00bbinitial\u00a0\u00bb _builder_version=\u00a0\u00bb3.12&Prime; saved_tabs=\u00a0\u00bball\u00a0\u00bb]<\/p>\n<p style=\"text-align: center;\">&#8211;<\/p>\n<h2 style=\"text-align: center;\">La variation de taille des rapaces &#8230;<\/h2>\n<p style=\"text-align: center;\">&#8211;<\/p>\n<p>[\/et_pb_text][et_pb_text _builder_version=\u00a0\u00bb3.12&Prime;]<\/p>\n<p><span style=\"font-size: large;\">Les rapaces sont de c\u00e9l\u00e8bres inconnus. Ils seront assez facilement baptis\u00e9s \u00ab\u00a0buses\u00a0\u00bb ou \u00ab\u00a0aigles\u00a0\u00bb, ou, et c&rsquo;est du v\u00e9cu, on entendra \u00ab\u00a0Oh, il y a des b\u00e9b\u00e9s, si des faucons sont pr\u00e9sent\u00e9s \u00e0 c\u00f4t\u00e9s d&rsquo;esp\u00e8ces plus grosses.<\/p>\n<p><span style=\"font-size: large;\">Dans le tableau ci-dessous, je vous propose de comparer, \u00e0 l&rsquo;\u00e9chelle, les tailles respectives de diff\u00e9rents rapaces. Le Grand-Duc sert de r\u00e9f\u00e9rence avec une envergure autour de 1,80 m.<\/p>\n<p>[\/et_pb_text][et_pb_image _builder_version=\u00a0\u00bb3.12&Prime; src=\u00a0\u00bbhttp:\/\/art-et-culture-du-monde.fr\/blog\/wp-content\/uploads\/2018\/08\/Image-Silhouettes.png\u00a0\u00bb align=\u00a0\u00bbcenter\u00a0\u00bb alt=\u00a0\u00bbComparaison des tailles des rapaces\u00a0\u00bb \/][et_pb_text _builder_version=\u00a0\u00bb3.12&Prime;]<\/p>\n<p><span style=\"font-size: large;\">Pour en savoir plus, n&rsquo;h\u00e9sitez pas \u00e0 nous <a href=\"http:\/\/art-et-culture-du-monde.fr\/blog\/contact\/\" target=\"_blank\" rel=\"noopener\"><span style=\"font-size: large;\">contacter<\/a> ou \u00e0 nous inviter <a href=\"http:\/\/art-et-culture-du-monde.fr\/blog\/animations\/\" target=\"_blank\" rel=\"noopener\"><span style=\"font-size: large;\">pour une rencontre et\/ou une exposition<\/a>.<\/p>\n<p><span style=\"font-size: large;\">Vous pouvez aussi d\u00e9couvrir les autres pages du dossier oiseaux.<\/p>\n<p>[\/et_pb_text][et_pb_text admin_label=\u00a0\u00bbBas de page\u00a0\u00bb use_border_color=\u00a0\u00bboff\u00a0\u00bb custom_padding=\u00a0\u00bb|140px||140px\u00a0\u00bb custom_padding_phone=\u00a0\u00bb|20px||20px\u00a0\u00bb custom_padding_last_edited=\u00a0\u00bbon|phone\u00a0\u00bb background_color=\u00a0\u00bb#7cda24&Prime; saved_tabs=\u00a0\u00bball\u00a0\u00bb _builder_version=\u00a0\u00bb3.12&Prime;]<\/p>\n<p style=\"text-align: center;\">&#8211;<\/p>\n<p style=\"text-align: center;\"><a href='http:\/\/art-et-culture-du-monde.fr\/blog\/dossier-oiseaux\/' class='big-button bigblue'><span style=\"font-size: large;\">Retour vers la page \u00ab\u00a0Dossier oiseaux\u00a0\u00bb<\/a><\/span><\/p>\n<p>&nbsp;<\/p>\n<p style=\"text-align: center;\">&#8211;<\/p>\n<p>[\/et_pb_text][\/et_pb_column][\/et_pb_row][\/et_pb_section]<\/p>\n","protected":false},"excerpt":{"rendered":"<p><div class=\"et_pb_row et_pb_row_0 et_pb_row_empty\">\n\t\t\t\t\n\t\t\t\t\n\t\t\t\t\n\t\t\t\t\n\t\t\t\t\n\t\t\t<\/div> &#8211; La variation de taille des rapaces &#8230; &#8211; Les rapaces sont de c\u00e9l\u00e8bres inconnus. Ils seront assez facilement baptis\u00e9s \u00ab\u00a0buses\u00a0\u00bb ou \u00ab\u00a0aigles\u00a0\u00bb, ou, et c&rsquo;est du v\u00e9cu, on entendra \u00ab\u00a0Oh, il y a des b\u00e9b\u00e9s, si des faucons sont pr\u00e9sent\u00e9s \u00e0 c\u00f4t\u00e9s d&rsquo;esp\u00e8ces plus grosses. Dans le tableau ci-dessous, je vous propose de [&hellip;]<\/p>\n","protected":false},"author":1,"featured_media":0,"parent":207,"menu_order":0,"comment_status":"closed","ping_status":"closed","template":"","meta":{"_et_pb_use_builder":"on","_et_pb_old_content":"","_et_gb_content_width":"","footnotes":""},"class_list":["post-2122","page","type-page","status-publish","hentry"],"yoast_head":"<!-- This site is optimized with the Yoast SEO plugin v27.2 - https:\/\/yoast.com\/product\/yoast-seo-wordpress\/ -->\n<title>Les variations de taille des rapaces ... - La Nature d&#039;Eric<\/title>\n<meta name=\"description\" content=\"D\u00e9couvrez ici les variations de taille qui peuvent exister entre dif\u00e9rentes esp\u00e8ces de rapace. Les silhouettes de rapaces sont repr\u00e9sent\u00e9es \u00e0 l&#039;\u00e9chelle.\" \/>\n<meta name=\"robots\" content=\"index, follow, max-snippet:-1, max-image-preview:large, max-video-preview:-1\" \/>\n<link rel=\"canonical\" href=\"https:\/\/art-et-culture-du-monde.fr\/blog\/dossier-oiseaux\/les-variations-de-taille-des-rapaces\/\" \/>\n<meta property=\"og:locale\" content=\"fr_FR\" \/>\n<meta property=\"og:type\" content=\"article\" \/>\n<meta property=\"og:title\" content=\"Les variations de taille des rapaces ... - La Nature d&#039;Eric\" \/>\n<meta property=\"og:description\" content=\"D\u00e9couvrez ici les variations de taille qui peuvent exister entre dif\u00e9rentes esp\u00e8ces de rapace. Les silhouettes de rapaces sont repr\u00e9sent\u00e9es \u00e0 l&#039;\u00e9chelle.\" \/>\n<meta property=\"og:url\" content=\"https:\/\/art-et-culture-du-monde.fr\/blog\/dossier-oiseaux\/les-variations-de-taille-des-rapaces\/\" \/>\n<meta property=\"og:site_name\" content=\"La Nature d&#039;Eric\" \/>\n<meta property=\"article:publisher\" content=\"https:\/\/www.facebook.com\/Art-et-Culture-du-Monde-ACM-175103796680\/\" \/>\n<meta property=\"article:modified_time\" content=\"2018-09-05T13:57:28+00:00\" \/>\n<meta name=\"twitter:card\" content=\"summary_large_image\" \/>\n<meta name=\"twitter:label1\" content=\"Dur\u00e9e de lecture estim\u00e9e\" \/>\n\t<meta name=\"twitter:data1\" content=\"1 minute\" \/>\n<script type=\"application\/ld+json\" class=\"yoast-schema-graph\">{\"@context\":\"https:\/\/schema.org\",\"@graph\":[{\"@type\":\"WebPage\",\"@id\":\"https:\/\/art-et-culture-du-monde.fr\/blog\/dossier-oiseaux\/les-variations-de-taille-des-rapaces\/\",\"url\":\"https:\/\/art-et-culture-du-monde.fr\/blog\/dossier-oiseaux\/les-variations-de-taille-des-rapaces\/\",\"name\":\"Les variations de taille des rapaces ... - La Nature d&#039;Eric\",\"isPartOf\":{\"@id\":\"https:\/\/art-et-culture-du-monde.fr\/blog\/#website\"},\"datePublished\":\"2018-08-09T21:12:42+00:00\",\"dateModified\":\"2018-09-05T13:57:28+00:00\",\"description\":\"D\u00e9couvrez ici les variations de taille qui peuvent exister entre dif\u00e9rentes esp\u00e8ces de rapace. Les silhouettes de rapaces sont repr\u00e9sent\u00e9es \u00e0 l'\u00e9chelle.\",\"breadcrumb\":{\"@id\":\"https:\/\/art-et-culture-du-monde.fr\/blog\/dossier-oiseaux\/les-variations-de-taille-des-rapaces\/#breadcrumb\"},\"inLanguage\":\"fr-FR\",\"potentialAction\":[{\"@type\":\"ReadAction\",\"target\":[\"https:\/\/art-et-culture-du-monde.fr\/blog\/dossier-oiseaux\/les-variations-de-taille-des-rapaces\/\"]}]},{\"@type\":\"BreadcrumbList\",\"@id\":\"https:\/\/art-et-culture-du-monde.fr\/blog\/dossier-oiseaux\/les-variations-de-taille-des-rapaces\/#breadcrumb\",\"itemListElement\":[{\"@type\":\"ListItem\",\"position\":1,\"name\":\"Accueil\",\"item\":\"https:\/\/art-et-culture-du-monde.fr\/blog\/\"},{\"@type\":\"ListItem\",\"position\":2,\"name\":\"Dossier Oiseaux\",\"item\":\"https:\/\/art-et-culture-du-monde.fr\/blog\/dossier-oiseaux\/\"},{\"@type\":\"ListItem\",\"position\":3,\"name\":\"Les variations de taille des rapaces &#8230;\"}]},{\"@type\":\"WebSite\",\"@id\":\"https:\/\/art-et-culture-du-monde.fr\/blog\/#website\",\"url\":\"https:\/\/art-et-culture-du-monde.fr\/blog\/\",\"name\":\"La Nature d&#039;Eric\",\"description\":\"D\u00e9couvrir - Partager - Pr\u00e9server\",\"potentialAction\":[{\"@type\":\"SearchAction\",\"target\":{\"@type\":\"EntryPoint\",\"urlTemplate\":\"https:\/\/art-et-culture-du-monde.fr\/blog\/?s={search_term_string}\"},\"query-input\":{\"@type\":\"PropertyValueSpecification\",\"valueRequired\":true,\"valueName\":\"search_term_string\"}}],\"inLanguage\":\"fr-FR\"}]}<\/script>\n<!-- \/ Yoast SEO plugin. -->","yoast_head_json":{"title":"Les variations de taille des rapaces ... - La Nature d&#039;Eric","description":"D\u00e9couvrez ici les variations de taille qui peuvent exister entre dif\u00e9rentes esp\u00e8ces de rapace. Les silhouettes de rapaces sont repr\u00e9sent\u00e9es \u00e0 l'\u00e9chelle.","robots":{"index":"index","follow":"follow","max-snippet":"max-snippet:-1","max-image-preview":"max-image-preview:large","max-video-preview":"max-video-preview:-1"},"canonical":"https:\/\/art-et-culture-du-monde.fr\/blog\/dossier-oiseaux\/les-variations-de-taille-des-rapaces\/","og_locale":"fr_FR","og_type":"article","og_title":"Les variations de taille des rapaces ... - La Nature d&#039;Eric","og_description":"D\u00e9couvrez ici les variations de taille qui peuvent exister entre dif\u00e9rentes esp\u00e8ces de rapace. Les silhouettes de rapaces sont repr\u00e9sent\u00e9es \u00e0 l'\u00e9chelle.","og_url":"https:\/\/art-et-culture-du-monde.fr\/blog\/dossier-oiseaux\/les-variations-de-taille-des-rapaces\/","og_site_name":"La Nature d&#039;Eric","article_publisher":"https:\/\/www.facebook.com\/Art-et-Culture-du-Monde-ACM-175103796680\/","article_modified_time":"2018-09-05T13:57:28+00:00","twitter_card":"summary_large_image","twitter_misc":{"Dur\u00e9e de lecture estim\u00e9e":"1 minute"},"schema":{"@context":"https:\/\/schema.org","@graph":[{"@type":"WebPage","@id":"https:\/\/art-et-culture-du-monde.fr\/blog\/dossier-oiseaux\/les-variations-de-taille-des-rapaces\/","url":"https:\/\/art-et-culture-du-monde.fr\/blog\/dossier-oiseaux\/les-variations-de-taille-des-rapaces\/","name":"Les variations de taille des rapaces ... - La Nature d&#039;Eric","isPartOf":{"@id":"https:\/\/art-et-culture-du-monde.fr\/blog\/#website"},"datePublished":"2018-08-09T21:12:42+00:00","dateModified":"2018-09-05T13:57:28+00:00","description":"D\u00e9couvrez ici les variations de taille qui peuvent exister entre dif\u00e9rentes esp\u00e8ces de rapace. Les silhouettes de rapaces sont repr\u00e9sent\u00e9es \u00e0 l'\u00e9chelle.","breadcrumb":{"@id":"https:\/\/art-et-culture-du-monde.fr\/blog\/dossier-oiseaux\/les-variations-de-taille-des-rapaces\/#breadcrumb"},"inLanguage":"fr-FR","potentialAction":[{"@type":"ReadAction","target":["https:\/\/art-et-culture-du-monde.fr\/blog\/dossier-oiseaux\/les-variations-de-taille-des-rapaces\/"]}]},{"@type":"BreadcrumbList","@id":"https:\/\/art-et-culture-du-monde.fr\/blog\/dossier-oiseaux\/les-variations-de-taille-des-rapaces\/#breadcrumb","itemListElement":[{"@type":"ListItem","position":1,"name":"Accueil","item":"https:\/\/art-et-culture-du-monde.fr\/blog\/"},{"@type":"ListItem","position":2,"name":"Dossier Oiseaux","item":"https:\/\/art-et-culture-du-monde.fr\/blog\/dossier-oiseaux\/"},{"@type":"ListItem","position":3,"name":"Les variations de taille des rapaces &#8230;"}]},{"@type":"WebSite","@id":"https:\/\/art-et-culture-du-monde.fr\/blog\/#website","url":"https:\/\/art-et-culture-du-monde.fr\/blog\/","name":"La Nature d&#039;Eric","description":"D\u00e9couvrir - Partager - Pr\u00e9server","potentialAction":[{"@type":"SearchAction","target":{"@type":"EntryPoint","urlTemplate":"https:\/\/art-et-culture-du-monde.fr\/blog\/?s={search_term_string}"},"query-input":{"@type":"PropertyValueSpecification","valueRequired":true,"valueName":"search_term_string"}}],"inLanguage":"fr-FR"}]}},"jetpack-related-posts":[],"jetpack_sharing_enabled":true,"_links":{"self":[{"href":"https:\/\/art-et-culture-du-monde.fr\/blog\/wp-json\/wp\/v2\/pages\/2122","targetHints":{"allow":["GET"]}}],"collection":[{"href":"https:\/\/art-et-culture-du-monde.fr\/blog\/wp-json\/wp\/v2\/pages"}],"about":[{"href":"https:\/\/art-et-culture-du-monde.fr\/blog\/wp-json\/wp\/v2\/types\/page"}],"author":[{"embeddable":true,"href":"https:\/\/art-et-culture-du-monde.fr\/blog\/wp-json\/wp\/v2\/users\/1"}],"replies":[{"embeddable":true,"href":"https:\/\/art-et-culture-du-monde.fr\/blog\/wp-json\/wp\/v2\/comments?post=2122"}],"version-history":[{"count":10,"href":"https:\/\/art-et-culture-du-monde.fr\/blog\/wp-json\/wp\/v2\/pages\/2122\/revisions"}],"predecessor-version":[{"id":2326,"href":"https:\/\/art-et-culture-du-monde.fr\/blog\/wp-json\/wp\/v2\/pages\/2122\/revisions\/2326"}],"up":[{"embeddable":true,"href":"https:\/\/art-et-culture-du-monde.fr\/blog\/wp-json\/wp\/v2\/pages\/207"}],"wp:attachment":[{"href":"https:\/\/art-et-culture-du-monde.fr\/blog\/wp-json\/wp\/v2\/media?parent=2122"}],"curies":[{"name":"wp","href":"https:\/\/api.w.org\/{rel}","templated":true}]}}