{"id":2109,"date":"2018-08-09T15:43:37","date_gmt":"2018-08-09T13:43:37","guid":{"rendered":"http:\/\/art-et-culture-du-monde.fr\/blog\/?page_id=2109"},"modified":"2018-09-02T12:07:27","modified_gmt":"2018-09-02T10:07:27","slug":"cheveche","status":"publish","type":"page","link":"https:\/\/art-et-culture-du-monde.fr\/blog\/dossier-oiseaux\/rapaces-fauconnerie\/cheveche\/","title":{"rendered":"Chev\u00eache"},"content":{"rendered":"<p>[et_pb_section bb_built=\u00a0\u00bb1&Prime;][et_pb_row][et_pb_column type=\u00a0\u00bb4_4&Prime;][et_pb_text admin_label=\u00a0\u00bbChouette Chev\u00eache\u00a0\u00bb background_layout=\u00a0\u00bblight\u00a0\u00bb background_color=\u00a0\u00bb#7cda24&Prime; use_border_color=\u00a0\u00bboff\u00a0\u00bb header_line_height=\u00a0\u00bb2em\u00a0\u00bb text_line_height=\u00a0\u00bb2.3em\u00a0\u00bb background_position=\u00a0\u00bbtop_left\u00a0\u00bb background_repeat=\u00a0\u00bbrepeat\u00a0\u00bb background_size=\u00a0\u00bbinitial\u00a0\u00bb _builder_version=\u00a0\u00bb3.0.97&Prime; saved_tabs=\u00a0\u00bball\u00a0\u00bb]<\/p>\n<p style=\"text-align: center;\">&#8211;<\/p>\n<h2 style=\"text-align: center;\">La Chouette Chev\u00eache<\/h2>\n<p style=\"text-align: center;\">&#8211;<\/p>\n<p>[\/et_pb_text][et_pb_text _builder_version=\u00a0\u00bb3.12&Prime;]<\/p>\n<h2><strong><span style=\"font-size: large;\">Chouette description<\/span><\/strong><\/h2>\n<p><span style=\"font-size: large;\">Petit rapace des milieux ouverts, la Chev\u00eache \u00e9tait tr\u00e8s courante il y a 30 ans dans les zones alternants zones cultiv\u00e9es et boisements peu denses.<\/span><\/p>\n<p>&nbsp;<\/p>\n<ul>\n<li><strong><span style=\"font-size: large;\">Description<\/span><\/strong><\/li>\n<\/ul>\n<p><span style=\"font-size: large;\">Nom scientifique: Athene noctua<br \/>\nPoids: 180-200 g<br \/>\nEnvergure: 55 cm<br \/>\nTaille: 22 cm de haut<\/span><\/p>\n<p>&nbsp;<\/p>\n<ul>\n<li><strong><span style=\"font-size: large;\">Habitat<\/span><\/strong><\/li>\n<\/ul>\n<p><span style=\"font-size: large;\">Bocage, boisements peu denses. Peu nicher dans les toits, les arbres creux ou m\u00eame des tas de pierre.<\/span><\/p>\n<p>&nbsp;<\/p>\n<ul>\n<li><strong><span style=\"font-size: large;\">R\u00e9gime alimentaire<\/span><\/strong><\/li>\n<\/ul>\n<p><span style=\"font-size: large;\">Petits mammif\u00e8res, insectes, vers de terre, petits passereaux en fonction des saisons et des lieux.<\/span><\/p>\n<p>&nbsp;<\/p>\n<ul>\n<li>&nbsp;<strong><span style=\"font-size: large;\">Menaces<\/strong><\/li>\n<\/ul>\n<p><span style=\"font-size: large;\">Disparition de l&rsquo;habitat; Le remembrement a sign\u00e9 la disparition de nombreuses haies. Les arbres creux sont souvent supprim\u00e9s.<\/span><\/p>\n<p><span style=\"font-size: large;\">Les nombreux pesticides employ\u00e9s dans les champs et les jardins empoisonnent indirectement les chouettes.<\/span><\/p>\n<p><span style=\"font-size: large;\">Les abreuvoirs \u00e0 bordures lisses (baignoire par exemple), les piscines, sont des pi\u00e8ges mortels, surtout pour les jeunes.<\/span><\/p>\n<p>&nbsp;<\/p>\n<ul>\n<li><strong><span style=\"font-size: large;\">Comment l&rsquo;aider ?<\/strong><\/li>\n<\/ul>\n<p><span style=\"font-size: large;\">Comme tout \u00eatre vivant, la Chev\u00eache a besoin d&rsquo;un lieu pour vivre et \u00e9lever sa prog\u00e9niture ,et de nourriture.<\/span><\/p>\n<p><span style=\"font-size: large;\">Il y a donc plusieurs fa\u00e7ons de l&rsquo;aider:<br \/>\n1- Mise en place de nichoirs pour compenser la \u00ab\u00a0crise du logement\u00a0\u00bb.<br \/>\n2- Plantations d&rsquo;arbres fruitiers qui vont attirer des insectes, eux-m\u00eames source de nourriture.<br \/>\n3- Conserver les vieux arbres creux comme logement potentiel.<\/span><\/p>\n<p>&nbsp;<\/p>\n<ul>\n<li><strong><span style=\"font-size: large;\">Pourquoi l&rsquo;aider ?<\/strong><\/li>\n<\/ul>\n<p><span style=\"font-size: large;\">On peut se demander pourquoi se pr\u00e9occuper plus de cette esp\u00e8ce plut\u00f4t que d&rsquo;une autre ?<br \/>\nEn effet, tout \u00eatre vivant a un r\u00f4le dans nos \u00e9cosyst\u00e8mes et m\u00e9rite de fait respect.<br \/>\nToutefois, la Chouette chev\u00eache a plusieurs particularit\u00e9 qui m\u00e9ritent consid\u00e9ration:<br \/>\n1- Elle ne pr\u00e9sente aucun danger pour l&rsquo;Homme.<br \/>\n2- Elle est utile en d\u00e9ratisant et supprimant les insectes nuisibles de nos jardins.<br \/>\n3- Son milieu favori est favorable a beaucoup d&rsquo;esp\u00e8ces et donc la prot\u00e9ger rend service \u00e0 beaucoup d&rsquo;autres \u00eatres vivants.<\/span><\/p>\n<p>&nbsp;<\/p>\n<div id=\"attachment_987\" style=\"width: 224px\" class=\"wp-caption aligncenter\"><a href=\"http:\/\/art-et-culture-du-monde.fr\/blog\/wp-content\/uploads\/2017\/02\/cropped-Cheveche.jpg\"><img loading=\"lazy\" decoding=\"async\" aria-describedby=\"caption-attachment-987\" class=\" wp-image-987\" src=\"http:\/\/art-et-culture-du-monde.fr\/blog\/wp-content\/uploads\/2017\/02\/cropped-Cheveche.jpg\" alt=\"Chouette Chev\u00eache\" width=\"214\" height=\"214\" srcset=\"https:\/\/art-et-culture-du-monde.fr\/blog\/wp-content\/uploads\/2017\/02\/cropped-Cheveche.jpg 512w, https:\/\/art-et-culture-du-monde.fr\/blog\/wp-content\/uploads\/2017\/02\/cropped-Cheveche-150x150.jpg 150w, https:\/\/art-et-culture-du-monde.fr\/blog\/wp-content\/uploads\/2017\/02\/cropped-Cheveche-300x300.jpg 300w, https:\/\/art-et-culture-du-monde.fr\/blog\/wp-content\/uploads\/2017\/02\/cropped-Cheveche-270x270.jpg 270w, https:\/\/art-et-culture-du-monde.fr\/blog\/wp-content\/uploads\/2017\/02\/cropped-Cheveche-192x192.jpg 192w, https:\/\/art-et-culture-du-monde.fr\/blog\/wp-content\/uploads\/2017\/02\/cropped-Cheveche-180x180.jpg 180w, https:\/\/art-et-culture-du-monde.fr\/blog\/wp-content\/uploads\/2017\/02\/cropped-Cheveche-32x32.jpg 32w\" sizes=\"(max-width: 214px) 100vw, 214px\" \/><\/a><p id=\"caption-attachment-987\" class=\"wp-caption-text\">Chev\u00eache d&rsquo;Ath\u00e9na, photo E.Mourniac<\/p><\/div>\n<h2 style=\"text-align: left;\"><strong><span style=\"font-size: large;\">Chouette lecture<\/span><\/strong><\/h2>\n<p><span style=\"font-size: large;\">On entend parfois parler des chouettes et de la Chouette Chev\u00eache d&rsquo;Ath\u00e9na, elle est m\u00eame \u00ab\u00a0l&rsquo;\u00e9g\u00e9rie\u00a0\u00bb de producteurs de vin. Mais, pour ceux qui veulent en savoir plus, o\u00f9 se renseigner ?<\/span><\/p>\n<p><span style=\"font-size: large;\">Une des r\u00e9f\u00e9rence sur la Chouette Chev\u00eache reste le livre de JC G\u00e9not et P.Lecomte, \u00ab\u00a0La Chev\u00eache d&rsquo;Ath\u00e9na\u00a0\u00bb. Un peu plus r\u00e9cent, on trouvera aussi le livre de Pascal ETIENNE, \u00ab\u00a0La Chouette Chev\u00eache : Biologie, r\u00e9partition et relation avec l&rsquo;Homme en Europe\u00a0\u00bb<\/span><\/p>\n<p><span style=\"font-size: large;\">A noter que j&rsquo;ai pu \u00e9changer avec Monsieur G\u00e9not qui a bien voulu r\u00e9pondre \u00e0 mes questions lors d&rsquo;une action visant \u00e0 aider les Chouettes Chev\u00eaches au Pays Basque. Il est un grand connaisseur de la nature en g\u00e9n\u00e9ral mais plus particuli\u00e8rement de ce petit rapace nocturne qui a fait l&rsquo;objet d&rsquo;une th\u00e8se.<\/span><\/p>\n<p><span style=\"font-size: large;\">Une autre r\u00e9f\u00e9rence en mati\u00e8re de p\u00e9dagogie, la revue \u00ab\u00a0La hulotte\u00a0\u00bb consacre son num\u00e9ro 105 \u00e0 la chev\u00eache.<\/span><\/p>\n<h2><strong><span style=\"font-size: large;\">Chouette visionnage<\/span><\/strong><\/h2>\n<p><span style=\"font-size: large;\">Les vid\u00e9os de chouette sont pl\u00e9thoriques sur internet. Voici ma pr\u00e9f\u00e9r\u00e9e. On y voit un adulte, des jeunes et on peut voir de pr\u00e8s ce regard incroyable. Examinez aussi la taille des pattes par rapport au reste du corps.<\/span><\/p>\n<p style=\"text-align: center;\"><iframe loading=\"lazy\" src=\"https:\/\/www.youtube.com\/embed\/VA8m1-FgB8c?rel=0\" allowfullscreen=\"allowfullscreen\" width=\"560\" height=\"315\" frameborder=\"0\"><\/iframe><\/p>\n<h2><strong><span style=\"font-size: large;\">Chouette \u00e9coute<\/span><\/strong><\/h2>\n<p><span style=\"font-size: large;\">Ici vous pouvez entendre son chant.<\/span><\/p>\n<p style=\"text-align: center;\"><iframe loading=\"lazy\" src=\"https:\/\/www.youtube.com\/embed\/Y277-NAp2YU?rel=0\" allowfullscreen=\"allowfullscreen\" width=\"560\" height=\"315\" frameborder=\"0\"><\/iframe><\/p>\n<p style=\"text-align: left;\"><span style=\"font-size: large;\">Envie de faire d\u00e9couvrir cet oiseau ?<\/span><\/p>\n<h3><span style=\"font-size: large;\">Nous pouvons organiser une rencontre \u00e0 la fois p\u00e9dagogique et ludique. <strong><a href=\"http:\/\/art-et-culture-du-monde.fr\/blog\/cheveche-la-chouette-aux-yeux-dor\/\">Voir ici.<\/a><\/strong><\/span><\/h3>\n<p>[\/et_pb_text][et_pb_text admin_label=\u00a0\u00bbBas de page retour vers dossier oiseaux\u00a0\u00bb use_border_color=\u00a0\u00bboff\u00a0\u00bb custom_padding=\u00a0\u00bb|140px||140px\u00a0\u00bb custom_padding_phone=\u00a0\u00bb|20px||20px\u00a0\u00bb custom_padding_last_edited=\u00a0\u00bbon|phone\u00a0\u00bb background_color=\u00a0\u00bb#7cda24&Prime; saved_tabs=\u00a0\u00bball\u00a0\u00bb _builder_version=\u00a0\u00bb3.12&Prime;]<\/p>\n<p style=\"text-align: center;\">&#8211;<\/p>\n<p style=\"text-align: center;\"><a href='http:\/\/art-et-culture-du-monde.fr\/blog\/dossier-oiseaux\/' class='big-button bigblue'><span style=\"font-size: large;\">Retour vers la page \u00ab\u00a0Dossier oiseaux\u00a0\u00bb<\/a><\/span><\/p>\n<p>&nbsp;<\/p>\n<p style=\"text-align: center;\">&#8211;<\/p>\n<p>[\/et_pb_text][\/et_pb_column][\/et_pb_row][\/et_pb_section]<\/p>\n","protected":false},"excerpt":{"rendered":"<p><div class=\"et_pb_row et_pb_row_0 et_pb_row_empty\">\n\t\t\t\t\n\t\t\t\t\n\t\t\t\t\n\t\t\t\t\n\t\t\t\t\n\t\t\t<\/div> &#8211; La Chouette Chev\u00eache &#8211; Chouette description Petit rapace des milieux ouverts, la Chev\u00eache \u00e9tait tr\u00e8s courante il y a 30 ans dans les zones alternants zones cultiv\u00e9es et boisements peu denses. &nbsp; Description Nom scientifique: Athene noctua Poids: 180-200 g Envergure: 55 cm Taille: 22 cm de haut &nbsp; Habitat Bocage, boisements peu [&hellip;]<\/p>\n","protected":false},"author":1,"featured_media":0,"parent":209,"menu_order":0,"comment_status":"closed","ping_status":"open","template":"","meta":{"_et_pb_use_builder":"on","_et_pb_old_content":"<h2>Chouette description<\/h2><p>Petit rapace des milieux ouverts, la Chev\u00eache \u00e9tait tr\u00e8s courante il y a 30 ans dans les zones alternants zones cultiv\u00e9es et boisements peu denses.<\/p><ul><li><strong>Description<\/strong><\/li><\/ul><p>Nom scientifique: Athene noctua<br \/>Poids: 180-200 g<br \/>Envergure: 55 cm<br \/>Taille: 22 cm de haut<\/p><ul><li><strong>Habitat<\/strong><\/li><\/ul><p>Bocage, boisements peu denses. Peu nicher dans les toits, les arbres creux ou m\u00eame des tas de pierre.<\/p><ul><li><strong>R\u00e9gime alimentaire<\/strong><\/li><\/ul><p>Petits mammif\u00e8res, insectes, vers de terre, petits passereaux en fonction des saisons et des lieux.<\/p><ul><li>\u00a0<strong>Menaces<\/strong><\/li><\/ul><p>Disparition de l'habitat; Le remembrement a sign\u00e9 la disparition de nombreuses haies. Les arbres creux sont souvent supprim\u00e9s.<\/p><p>Les nombreux pesticides employ\u00e9s dans les champs et les jardins empoisonnent indirectement les chouettes.<\/p><p>Les abreuvoirs \u00e0 bordures lisses (baignoire par exemple), les piscines, sont des pi\u00e8ges mortels, surtout pour les jeunes.<\/p><ul><li><strong>Comment l'aider ?<\/strong><\/li><\/ul><p>Comme tout \u00eatre vivant, la Chev\u00eache a besoin d'un lieu pour vivre et \u00e9lever sa prog\u00e9niture ,et de nourriture.<\/p><p>Il y a donc plusieurs fa\u00e7ons de l'aider:<br \/>1- Mise en place de nichoirs pour compenser la \"crise du logement\".<br \/>2- Plantations d'arbres fruitiers qui vont attirer des insectes, eux-m\u00eames source de nourriture.<br \/>3- Conserver les vieux arbres creux comme logement potentiel.<\/p><ul><li><strong>Pourquoi l'aider ?<\/strong><\/li><\/ul><p>On peut se demander pourquoi se pr\u00e9occuper plus de cette esp\u00e8ce plut\u00f4t que d'une autre ?<br \/>En effet, tout \u00eatre vivant a un r\u00f4le dans nos \u00e9cosyst\u00e8mes et m\u00e9rite de fait respect.<br \/>Toutefois, la Chouette chev\u00eache a plusieurs particularit\u00e9 qui m\u00e9ritent consid\u00e9ration:<br \/>1- Elle ne pr\u00e9sente aucun danger pour l'Homme.<br \/>2- Elle est utile en d\u00e9ratisant et supprimant les insectes nuisibles de nos jardins.<br \/>3- Son milieu favori est favorable a beaucoup d'esp\u00e8ces et donc la prot\u00e9ger rend service \u00e0 beaucoup d'autres \u00eatres vivants.<\/p><p>\u00a0<\/p>[caption id=\"attachment_987\" align=\"aligncenter\" width=\"214\"]<a href=\"http:\/\/art-et-culture-du-monde.fr\/blog\/wp-content\/uploads\/2017\/02\/cropped-Cheveche.jpg\"><img class=\" wp-image-987\" src=\"http:\/\/art-et-culture-du-monde.fr\/blog\/wp-content\/uploads\/2017\/02\/cropped-Cheveche.jpg\" alt=\"Chouette Chev\u00eache\" width=\"214\" height=\"214\" \/><\/a> Chev\u00eache d'Ath\u00e9na, photo E.Mourniac[\/caption]<h2 style=\"text-align: left;\">Chouette lecture<\/h2><p>On entend parfois parler des chouettes et de la Chouette Chev\u00eache d'Ath\u00e9na, elle est m\u00eame \"l'\u00e9g\u00e9rie\" de producteurs de vin. Mais, pour ceux qui veulent en savoir plus, o\u00f9 se renseigner ?<\/p><p>Une des r\u00e9f\u00e9rence sur la Chouette Chev\u00eache reste le livre de JC G\u00e9not et P.Lecomte, \"La Chev\u00eache d'Ath\u00e9na\". Un peu plus r\u00e9cent, on trouvera aussi le livre de Pascal ETIENNE, \"La Chouette Chev\u00eache : Biologie, r\u00e9partition et relation avec l'Homme en Europe\"<\/p><p>A noter que j'ai pu \u00e9changer avec Monsieur G\u00e9not qui a bien voulu r\u00e9pondre \u00e0 mes questions lors d'une action visant \u00e0 aider les Chouettes Chev\u00eaches au Pays Basque. Il est un grand connaisseur de la nature en g\u00e9n\u00e9ral mais plus particuli\u00e8rement de ce petit rapace nocturne qui a fait l'objet d'une th\u00e8se.<\/p><p>Une autre r\u00e9f\u00e9rence en mati\u00e8re de p\u00e9dagogie, la revue \"La hulotte\" consacre son num\u00e9ro 105 \u00e0 la chev\u00eache.<\/p><h2>Chouette visionnage<\/h2><p>Les vid\u00e9os de chouette sont pl\u00e9thoriques sur internet. Voici ma pr\u00e9f\u00e9r\u00e9e. On y voit un adulte, des jeunes et on peut voir de pr\u00e8s ce regard incroyable. Examinez aussi la taille des pattes par rapport au reste du corps.<\/p><p style=\"text-align: center;\"><iframe src=\"https:\/\/www.youtube.com\/embed\/VA8m1-FgB8c?rel=0\" width=\"560\" height=\"315\" frameborder=\"0\" allowfullscreen=\"allowfullscreen\"><\/iframe><\/p><h2>Chouette \u00e9coute<\/h2><p>Ici vous pouvez entendre son chant.<\/p><p style=\"text-align: center;\"><iframe src=\"https:\/\/www.youtube.com\/embed\/Y277-NAp2YU?rel=0\" width=\"560\" height=\"315\" frameborder=\"0\" allowfullscreen=\"allowfullscreen\"><\/iframe><\/p><p style=\"text-align: left;\">Envi de faire d\u00e9couvrir cet oiseau ?<\/p><p>Nous pouvons organiser une rencontre \u00e0 la fois p\u00e9dagogique et ludique. <a href=\"http:\/\/art-et-culture-du-monde.fr\/blog\/cheveche-la-chouette-aux-yeux-dor\/\">Voir ici.<\/a><\/p>","_et_gb_content_width":"","footnotes":""},"class_list":["post-2109","page","type-page","status-publish","hentry"],"yoast_head":"<!-- This site is optimized with the Yoast SEO plugin v27.2 - https:\/\/yoast.com\/product\/yoast-seo-wordpress\/ -->\n<title>Chev\u00eache d&#039;ath\u00e9na - Athene noctua - La chouette aux yeux d&#039;or<\/title>\n<meta name=\"description\" content=\"D\u00e9couvrez la chev\u00eache d&#039;Athena (Athene noctua), ce petit rapace tr\u00e8s utile \u00e0 l&#039;homme et \u00e0 la trogne particuli\u00e8rement sympathique.\" \/>\n<meta name=\"robots\" content=\"index, follow, max-snippet:-1, max-image-preview:large, max-video-preview:-1\" \/>\n<link rel=\"canonical\" href=\"https:\/\/art-et-culture-du-monde.fr\/blog\/dossier-oiseaux\/rapaces-fauconnerie\/cheveche\/\" \/>\n<meta property=\"og:locale\" content=\"fr_FR\" \/>\n<meta property=\"og:type\" content=\"article\" \/>\n<meta property=\"og:title\" content=\"Chev\u00eache d&#039;ath\u00e9na - Athene noctua - La chouette aux yeux d&#039;or\" \/>\n<meta property=\"og:description\" content=\"D\u00e9couvrez la chev\u00eache d&#039;Athena (Athene noctua), ce petit rapace tr\u00e8s utile \u00e0 l&#039;homme et \u00e0 la trogne particuli\u00e8rement sympathique.\" \/>\n<meta property=\"og:url\" content=\"https:\/\/art-et-culture-du-monde.fr\/blog\/dossier-oiseaux\/rapaces-fauconnerie\/cheveche\/\" \/>\n<meta property=\"og:site_name\" content=\"La Nature d&#039;Eric\" \/>\n<meta property=\"article:publisher\" content=\"https:\/\/www.facebook.com\/Art-et-Culture-du-Monde-ACM-175103796680\/\" \/>\n<meta property=\"article:modified_time\" content=\"2018-09-02T10:07:27+00:00\" \/>\n<meta property=\"og:image\" content=\"http:\/\/art-et-culture-du-monde.fr\/blog\/wp-content\/uploads\/2017\/02\/cropped-Cheveche.jpg\" \/>\n<meta name=\"twitter:card\" content=\"summary_large_image\" \/>\n<meta name=\"twitter:label1\" content=\"Dur\u00e9e de lecture estim\u00e9e\" \/>\n\t<meta name=\"twitter:data1\" content=\"4 minutes\" \/>\n<script type=\"application\/ld+json\" class=\"yoast-schema-graph\">{\"@context\":\"https:\/\/schema.org\",\"@graph\":[{\"@type\":\"WebPage\",\"@id\":\"https:\/\/art-et-culture-du-monde.fr\/blog\/dossier-oiseaux\/rapaces-fauconnerie\/cheveche\/\",\"url\":\"https:\/\/art-et-culture-du-monde.fr\/blog\/dossier-oiseaux\/rapaces-fauconnerie\/cheveche\/\",\"name\":\"Chev\u00eache d'ath\u00e9na - Athene noctua - La chouette aux yeux d'or\",\"isPartOf\":{\"@id\":\"https:\/\/art-et-culture-du-monde.fr\/blog\/#website\"},\"primaryImageOfPage\":{\"@id\":\"https:\/\/art-et-culture-du-monde.fr\/blog\/dossier-oiseaux\/rapaces-fauconnerie\/cheveche\/#primaryimage\"},\"image\":{\"@id\":\"https:\/\/art-et-culture-du-monde.fr\/blog\/dossier-oiseaux\/rapaces-fauconnerie\/cheveche\/#primaryimage\"},\"thumbnailUrl\":\"http:\/\/art-et-culture-du-monde.fr\/blog\/wp-content\/uploads\/2017\/02\/cropped-Cheveche.jpg\",\"datePublished\":\"2018-08-09T13:43:37+00:00\",\"dateModified\":\"2018-09-02T10:07:27+00:00\",\"description\":\"D\u00e9couvrez la chev\u00eache d'Athena (Athene noctua), ce petit rapace tr\u00e8s utile \u00e0 l'homme et \u00e0 la trogne particuli\u00e8rement sympathique.\",\"breadcrumb\":{\"@id\":\"https:\/\/art-et-culture-du-monde.fr\/blog\/dossier-oiseaux\/rapaces-fauconnerie\/cheveche\/#breadcrumb\"},\"inLanguage\":\"fr-FR\",\"potentialAction\":[{\"@type\":\"ReadAction\",\"target\":[\"https:\/\/art-et-culture-du-monde.fr\/blog\/dossier-oiseaux\/rapaces-fauconnerie\/cheveche\/\"]}]},{\"@type\":\"ImageObject\",\"inLanguage\":\"fr-FR\",\"@id\":\"https:\/\/art-et-culture-du-monde.fr\/blog\/dossier-oiseaux\/rapaces-fauconnerie\/cheveche\/#primaryimage\",\"url\":\"http:\/\/art-et-culture-du-monde.fr\/blog\/wp-content\/uploads\/2017\/02\/cropped-Cheveche.jpg\",\"contentUrl\":\"http:\/\/art-et-culture-du-monde.fr\/blog\/wp-content\/uploads\/2017\/02\/cropped-Cheveche.jpg\"},{\"@type\":\"BreadcrumbList\",\"@id\":\"https:\/\/art-et-culture-du-monde.fr\/blog\/dossier-oiseaux\/rapaces-fauconnerie\/cheveche\/#breadcrumb\",\"itemListElement\":[{\"@type\":\"ListItem\",\"position\":1,\"name\":\"Accueil\",\"item\":\"https:\/\/art-et-culture-du-monde.fr\/blog\/\"},{\"@type\":\"ListItem\",\"position\":2,\"name\":\"Dossier Oiseaux\",\"item\":\"https:\/\/art-et-culture-du-monde.fr\/blog\/dossier-oiseaux\/\"},{\"@type\":\"ListItem\",\"position\":3,\"name\":\"Rapaces\",\"item\":\"https:\/\/art-et-culture-du-monde.fr\/blog\/dossier-oiseaux\/rapaces-fauconnerie\/\"},{\"@type\":\"ListItem\",\"position\":4,\"name\":\"Chev\u00eache\"}]},{\"@type\":\"WebSite\",\"@id\":\"https:\/\/art-et-culture-du-monde.fr\/blog\/#website\",\"url\":\"https:\/\/art-et-culture-du-monde.fr\/blog\/\",\"name\":\"La Nature d&#039;Eric\",\"description\":\"D\u00e9couvrir - Partager - Pr\u00e9server\",\"potentialAction\":[{\"@type\":\"SearchAction\",\"target\":{\"@type\":\"EntryPoint\",\"urlTemplate\":\"https:\/\/art-et-culture-du-monde.fr\/blog\/?s={search_term_string}\"},\"query-input\":{\"@type\":\"PropertyValueSpecification\",\"valueRequired\":true,\"valueName\":\"search_term_string\"}}],\"inLanguage\":\"fr-FR\"}]}<\/script>\n<!-- \/ Yoast SEO plugin. -->","yoast_head_json":{"title":"Chev\u00eache d'ath\u00e9na - Athene noctua - La chouette aux yeux d'or","description":"D\u00e9couvrez la chev\u00eache d'Athena (Athene noctua), ce petit rapace tr\u00e8s utile \u00e0 l'homme et \u00e0 la trogne particuli\u00e8rement sympathique.","robots":{"index":"index","follow":"follow","max-snippet":"max-snippet:-1","max-image-preview":"max-image-preview:large","max-video-preview":"max-video-preview:-1"},"canonical":"https:\/\/art-et-culture-du-monde.fr\/blog\/dossier-oiseaux\/rapaces-fauconnerie\/cheveche\/","og_locale":"fr_FR","og_type":"article","og_title":"Chev\u00eache d'ath\u00e9na - Athene noctua - La chouette aux yeux d'or","og_description":"D\u00e9couvrez la chev\u00eache d'Athena (Athene noctua), ce petit rapace tr\u00e8s utile \u00e0 l'homme et \u00e0 la trogne particuli\u00e8rement sympathique.","og_url":"https:\/\/art-et-culture-du-monde.fr\/blog\/dossier-oiseaux\/rapaces-fauconnerie\/cheveche\/","og_site_name":"La Nature d&#039;Eric","article_publisher":"https:\/\/www.facebook.com\/Art-et-Culture-du-Monde-ACM-175103796680\/","article_modified_time":"2018-09-02T10:07:27+00:00","og_image":[{"url":"http:\/\/art-et-culture-du-monde.fr\/blog\/wp-content\/uploads\/2017\/02\/cropped-Cheveche.jpg","type":"","width":"","height":""}],"twitter_card":"summary_large_image","twitter_misc":{"Dur\u00e9e de lecture estim\u00e9e":"4 minutes"},"schema":{"@context":"https:\/\/schema.org","@graph":[{"@type":"WebPage","@id":"https:\/\/art-et-culture-du-monde.fr\/blog\/dossier-oiseaux\/rapaces-fauconnerie\/cheveche\/","url":"https:\/\/art-et-culture-du-monde.fr\/blog\/dossier-oiseaux\/rapaces-fauconnerie\/cheveche\/","name":"Chev\u00eache d'ath\u00e9na - Athene noctua - La chouette aux yeux d'or","isPartOf":{"@id":"https:\/\/art-et-culture-du-monde.fr\/blog\/#website"},"primaryImageOfPage":{"@id":"https:\/\/art-et-culture-du-monde.fr\/blog\/dossier-oiseaux\/rapaces-fauconnerie\/cheveche\/#primaryimage"},"image":{"@id":"https:\/\/art-et-culture-du-monde.fr\/blog\/dossier-oiseaux\/rapaces-fauconnerie\/cheveche\/#primaryimage"},"thumbnailUrl":"http:\/\/art-et-culture-du-monde.fr\/blog\/wp-content\/uploads\/2017\/02\/cropped-Cheveche.jpg","datePublished":"2018-08-09T13:43:37+00:00","dateModified":"2018-09-02T10:07:27+00:00","description":"D\u00e9couvrez la chev\u00eache d'Athena (Athene noctua), ce petit rapace tr\u00e8s utile \u00e0 l'homme et \u00e0 la trogne particuli\u00e8rement sympathique.","breadcrumb":{"@id":"https:\/\/art-et-culture-du-monde.fr\/blog\/dossier-oiseaux\/rapaces-fauconnerie\/cheveche\/#breadcrumb"},"inLanguage":"fr-FR","potentialAction":[{"@type":"ReadAction","target":["https:\/\/art-et-culture-du-monde.fr\/blog\/dossier-oiseaux\/rapaces-fauconnerie\/cheveche\/"]}]},{"@type":"ImageObject","inLanguage":"fr-FR","@id":"https:\/\/art-et-culture-du-monde.fr\/blog\/dossier-oiseaux\/rapaces-fauconnerie\/cheveche\/#primaryimage","url":"http:\/\/art-et-culture-du-monde.fr\/blog\/wp-content\/uploads\/2017\/02\/cropped-Cheveche.jpg","contentUrl":"http:\/\/art-et-culture-du-monde.fr\/blog\/wp-content\/uploads\/2017\/02\/cropped-Cheveche.jpg"},{"@type":"BreadcrumbList","@id":"https:\/\/art-et-culture-du-monde.fr\/blog\/dossier-oiseaux\/rapaces-fauconnerie\/cheveche\/#breadcrumb","itemListElement":[{"@type":"ListItem","position":1,"name":"Accueil","item":"https:\/\/art-et-culture-du-monde.fr\/blog\/"},{"@type":"ListItem","position":2,"name":"Dossier Oiseaux","item":"https:\/\/art-et-culture-du-monde.fr\/blog\/dossier-oiseaux\/"},{"@type":"ListItem","position":3,"name":"Rapaces","item":"https:\/\/art-et-culture-du-monde.fr\/blog\/dossier-oiseaux\/rapaces-fauconnerie\/"},{"@type":"ListItem","position":4,"name":"Chev\u00eache"}]},{"@type":"WebSite","@id":"https:\/\/art-et-culture-du-monde.fr\/blog\/#website","url":"https:\/\/art-et-culture-du-monde.fr\/blog\/","name":"La Nature d&#039;Eric","description":"D\u00e9couvrir - Partager - Pr\u00e9server","potentialAction":[{"@type":"SearchAction","target":{"@type":"EntryPoint","urlTemplate":"https:\/\/art-et-culture-du-monde.fr\/blog\/?s={search_term_string}"},"query-input":{"@type":"PropertyValueSpecification","valueRequired":true,"valueName":"search_term_string"}}],"inLanguage":"fr-FR"}]}},"jetpack-related-posts":[],"jetpack_sharing_enabled":true,"_links":{"self":[{"href":"https:\/\/art-et-culture-du-monde.fr\/blog\/wp-json\/wp\/v2\/pages\/2109","targetHints":{"allow":["GET"]}}],"collection":[{"href":"https:\/\/art-et-culture-du-monde.fr\/blog\/wp-json\/wp\/v2\/pages"}],"about":[{"href":"https:\/\/art-et-culture-du-monde.fr\/blog\/wp-json\/wp\/v2\/types\/page"}],"author":[{"embeddable":true,"href":"https:\/\/art-et-culture-du-monde.fr\/blog\/wp-json\/wp\/v2\/users\/1"}],"replies":[{"embeddable":true,"href":"https:\/\/art-et-culture-du-monde.fr\/blog\/wp-json\/wp\/v2\/comments?post=2109"}],"version-history":[{"count":5,"href":"https:\/\/art-et-culture-du-monde.fr\/blog\/wp-json\/wp\/v2\/pages\/2109\/revisions"}],"predecessor-version":[{"id":2313,"href":"https:\/\/art-et-culture-du-monde.fr\/blog\/wp-json\/wp\/v2\/pages\/2109\/revisions\/2313"}],"up":[{"embeddable":true,"href":"https:\/\/art-et-culture-du-monde.fr\/blog\/wp-json\/wp\/v2\/pages\/209"}],"wp:attachment":[{"href":"https:\/\/art-et-culture-du-monde.fr\/blog\/wp-json\/wp\/v2\/media?parent=2109"}],"curies":[{"name":"wp","href":"https:\/\/api.w.org\/{rel}","templated":true}]}}