{"id":209,"date":"2016-03-31T12:50:00","date_gmt":"2016-03-31T10:50:00","guid":{"rendered":"http:\/\/art-et-culture-du-monde.fr\/blog\/?page_id=209"},"modified":"2018-08-31T21:35:02","modified_gmt":"2018-08-31T19:35:02","slug":"rapaces-fauconnerie","status":"publish","type":"page","link":"https:\/\/art-et-culture-du-monde.fr\/blog\/dossier-oiseaux\/rapaces-fauconnerie\/","title":{"rendered":"Rapaces"},"content":{"rendered":"<p><span style=\"font-size: large;\">\u00ab\u00a0Rapace\u00a0\u00bb, mot p\u00e9joratif quand il se r\u00e9f\u00e8re \u00e0 un humain. Il d\u00e9signe pourtant une cat\u00e9gorie d&rsquo;oiseaux tr\u00e8s utile aux \u00e9cosyst\u00e8mes auxquels elle participe.<\/span><\/p>\n<p><span style=\"font-size: large;\">Depuis 1976, tous les rapaces sont des esp\u00e8ces prot\u00e9g\u00e9es et leur d\u00e9tention tr\u00e8s r\u00e9glement\u00e9e, C&rsquo;est le cas partout en Europe mais la France se montre particuli\u00e8rement exigeante. Pas assez pour certains, trop pour d&rsquo;autres, mais ce n&rsquo;est pas le propos d&rsquo;en d\u00e9battre ici.<\/span><\/p>\n<p><span style=\"font-size: large;\">Si nous avons \u00e0 peu pr\u00e8s tous en t\u00eate l&rsquo;image d&rsquo;un rapace, Il n&rsquo;est pas toujours \u00e9vident d&rsquo;en donner une d\u00e9finition.<\/span><\/p>\n<p><span style=\"font-size: large;\">En fait, le terme rapace regroupe plusieurs familles d&rsquo;oiseaux pr\u00e9dateurs dot\u00e9s de serres et d&rsquo;un bec crochu.<\/span><\/p>\n<p><span style=\"font-size: large;\">Globalement, on peut distinguer 2 grands groupes de rapaces:<\/span><\/p>\n<ul><span style=\"font-size: large;\"><\/p>\n<li>Les rapaces diurnes<\/li>\n<li>Les rapaces nocturnes<\/li>\n<\/ul>\n<p><span style=\"font-size: large;\">D\u00e9couvrez des d\u00e9tails suppl\u00e9mentaires sur:<\/span><\/p>\n<ul><span style=\"font-size: large;\"><\/p>\n<li><a href=\"http:\/\/art-et-culture-du-monde.fr\/blog\/dossier-oiseaux\/rapaces-fauconnerie\/cheveche\/\">La Chev\u00eache<\/a><\/li>\n<li><a href=\"http:\/\/art-et-culture-du-monde.fr\/blog\/dossier-oiseaux\/rapaces-fauconnerie\/grand-duc-deurope\/\">Le Hibou Grand-Duc<\/a><\/li>\n<li>La Chouette Effraie (En construction)<\/li>\n<li>La Chouette Hulotte (En construction)<\/li>\n<li>Le Milan royal (En construction)<\/li>\n<\/ul>\n<p>&nbsp;<\/p>\n<p><a href=\"http:\/\/art-et-culture-du-monde.fr\/blog\/dossier-oiseaux\/\"><span style=\"font-size: large;\">Retour vers le dossier oiseaux<\/span><\/a><\/p>\n<p>&nbsp;<\/p>\n","protected":false},"excerpt":{"rendered":"<p>\u00ab\u00a0Rapace\u00a0\u00bb, mot p\u00e9joratif quand il se r\u00e9f\u00e8re \u00e0 un humain. Il d\u00e9signe pourtant une cat\u00e9gorie d&rsquo;oiseaux tr\u00e8s utile aux \u00e9cosyst\u00e8mes auxquels elle participe. Depuis 1976, tous les rapaces sont des esp\u00e8ces prot\u00e9g\u00e9es et leur d\u00e9tention tr\u00e8s r\u00e9glement\u00e9e, C&rsquo;est le cas partout en Europe mais la France se montre particuli\u00e8rement exigeante. Pas assez pour certains, trop [&hellip;]<\/p>\n","protected":false},"author":1,"featured_media":0,"parent":207,"menu_order":0,"comment_status":"closed","ping_status":"open","template":"","meta":{"_et_pb_use_builder":"","_et_pb_old_content":"","_et_gb_content_width":"","footnotes":""},"class_list":["post-209","page","type-page","status-publish","hentry"],"yoast_head":"<!-- This site is optimized with the Yoast SEO plugin v27.2 - https:\/\/yoast.com\/product\/yoast-seo-wordpress\/ -->\n<title>Rapaces - La Nature d&#039;Eric<\/title>\n<meta name=\"robots\" content=\"index, follow, max-snippet:-1, max-image-preview:large, max-video-preview:-1\" \/>\n<link rel=\"canonical\" href=\"https:\/\/art-et-culture-du-monde.fr\/blog\/dossier-oiseaux\/rapaces-fauconnerie\/\" \/>\n<meta property=\"og:locale\" content=\"fr_FR\" \/>\n<meta property=\"og:type\" content=\"article\" \/>\n<meta property=\"og:title\" content=\"Rapaces - La Nature d&#039;Eric\" \/>\n<meta property=\"og:description\" content=\"\u00ab\u00a0Rapace\u00a0\u00bb, mot p\u00e9joratif quand il se r\u00e9f\u00e8re \u00e0 un humain. Il d\u00e9signe pourtant une cat\u00e9gorie d&rsquo;oiseaux tr\u00e8s utile aux \u00e9cosyst\u00e8mes auxquels elle participe. Depuis 1976, tous les rapaces sont des esp\u00e8ces prot\u00e9g\u00e9es et leur d\u00e9tention tr\u00e8s r\u00e9glement\u00e9e, C&rsquo;est le cas partout en Europe mais la France se montre particuli\u00e8rement exigeante. Pas assez pour certains, trop [&hellip;]\" \/>\n<meta property=\"og:url\" content=\"https:\/\/art-et-culture-du-monde.fr\/blog\/dossier-oiseaux\/rapaces-fauconnerie\/\" \/>\n<meta property=\"og:site_name\" content=\"La Nature d&#039;Eric\" \/>\n<meta property=\"article:publisher\" content=\"https:\/\/www.facebook.com\/Art-et-Culture-du-Monde-ACM-175103796680\/\" \/>\n<meta property=\"article:modified_time\" content=\"2018-08-31T19:35:02+00:00\" \/>\n<meta name=\"twitter:card\" content=\"summary_large_image\" \/>\n<meta name=\"twitter:label1\" content=\"Dur\u00e9e de lecture estim\u00e9e\" \/>\n\t<meta name=\"twitter:data1\" content=\"1 minute\" \/>\n<script type=\"application\/ld+json\" class=\"yoast-schema-graph\">{\"@context\":\"https:\/\/schema.org\",\"@graph\":[{\"@type\":\"WebPage\",\"@id\":\"https:\/\/art-et-culture-du-monde.fr\/blog\/dossier-oiseaux\/rapaces-fauconnerie\/\",\"url\":\"https:\/\/art-et-culture-du-monde.fr\/blog\/dossier-oiseaux\/rapaces-fauconnerie\/\",\"name\":\"Rapaces - La Nature d&#039;Eric\",\"isPartOf\":{\"@id\":\"https:\/\/art-et-culture-du-monde.fr\/blog\/#website\"},\"datePublished\":\"2016-03-31T10:50:00+00:00\",\"dateModified\":\"2018-08-31T19:35:02+00:00\",\"breadcrumb\":{\"@id\":\"https:\/\/art-et-culture-du-monde.fr\/blog\/dossier-oiseaux\/rapaces-fauconnerie\/#breadcrumb\"},\"inLanguage\":\"fr-FR\",\"potentialAction\":[{\"@type\":\"ReadAction\",\"target\":[\"https:\/\/art-et-culture-du-monde.fr\/blog\/dossier-oiseaux\/rapaces-fauconnerie\/\"]}]},{\"@type\":\"BreadcrumbList\",\"@id\":\"https:\/\/art-et-culture-du-monde.fr\/blog\/dossier-oiseaux\/rapaces-fauconnerie\/#breadcrumb\",\"itemListElement\":[{\"@type\":\"ListItem\",\"position\":1,\"name\":\"Accueil\",\"item\":\"https:\/\/art-et-culture-du-monde.fr\/blog\/\"},{\"@type\":\"ListItem\",\"position\":2,\"name\":\"Dossier Oiseaux\",\"item\":\"https:\/\/art-et-culture-du-monde.fr\/blog\/dossier-oiseaux\/\"},{\"@type\":\"ListItem\",\"position\":3,\"name\":\"Rapaces\"}]},{\"@type\":\"WebSite\",\"@id\":\"https:\/\/art-et-culture-du-monde.fr\/blog\/#website\",\"url\":\"https:\/\/art-et-culture-du-monde.fr\/blog\/\",\"name\":\"La Nature d&#039;Eric\",\"description\":\"D\u00e9couvrir - Partager - Pr\u00e9server\",\"potentialAction\":[{\"@type\":\"SearchAction\",\"target\":{\"@type\":\"EntryPoint\",\"urlTemplate\":\"https:\/\/art-et-culture-du-monde.fr\/blog\/?s={search_term_string}\"},\"query-input\":{\"@type\":\"PropertyValueSpecification\",\"valueRequired\":true,\"valueName\":\"search_term_string\"}}],\"inLanguage\":\"fr-FR\"}]}<\/script>\n<!-- \/ Yoast SEO plugin. -->","yoast_head_json":{"title":"Rapaces - La Nature d&#039;Eric","robots":{"index":"index","follow":"follow","max-snippet":"max-snippet:-1","max-image-preview":"max-image-preview:large","max-video-preview":"max-video-preview:-1"},"canonical":"https:\/\/art-et-culture-du-monde.fr\/blog\/dossier-oiseaux\/rapaces-fauconnerie\/","og_locale":"fr_FR","og_type":"article","og_title":"Rapaces - La Nature d&#039;Eric","og_description":"\u00ab\u00a0Rapace\u00a0\u00bb, mot p\u00e9joratif quand il se r\u00e9f\u00e8re \u00e0 un humain. Il d\u00e9signe pourtant une cat\u00e9gorie d&rsquo;oiseaux tr\u00e8s utile aux \u00e9cosyst\u00e8mes auxquels elle participe. Depuis 1976, tous les rapaces sont des esp\u00e8ces prot\u00e9g\u00e9es et leur d\u00e9tention tr\u00e8s r\u00e9glement\u00e9e, C&rsquo;est le cas partout en Europe mais la France se montre particuli\u00e8rement exigeante. Pas assez pour certains, trop [&hellip;]","og_url":"https:\/\/art-et-culture-du-monde.fr\/blog\/dossier-oiseaux\/rapaces-fauconnerie\/","og_site_name":"La Nature d&#039;Eric","article_publisher":"https:\/\/www.facebook.com\/Art-et-Culture-du-Monde-ACM-175103796680\/","article_modified_time":"2018-08-31T19:35:02+00:00","twitter_card":"summary_large_image","twitter_misc":{"Dur\u00e9e de lecture estim\u00e9e":"1 minute"},"schema":{"@context":"https:\/\/schema.org","@graph":[{"@type":"WebPage","@id":"https:\/\/art-et-culture-du-monde.fr\/blog\/dossier-oiseaux\/rapaces-fauconnerie\/","url":"https:\/\/art-et-culture-du-monde.fr\/blog\/dossier-oiseaux\/rapaces-fauconnerie\/","name":"Rapaces - La Nature d&#039;Eric","isPartOf":{"@id":"https:\/\/art-et-culture-du-monde.fr\/blog\/#website"},"datePublished":"2016-03-31T10:50:00+00:00","dateModified":"2018-08-31T19:35:02+00:00","breadcrumb":{"@id":"https:\/\/art-et-culture-du-monde.fr\/blog\/dossier-oiseaux\/rapaces-fauconnerie\/#breadcrumb"},"inLanguage":"fr-FR","potentialAction":[{"@type":"ReadAction","target":["https:\/\/art-et-culture-du-monde.fr\/blog\/dossier-oiseaux\/rapaces-fauconnerie\/"]}]},{"@type":"BreadcrumbList","@id":"https:\/\/art-et-culture-du-monde.fr\/blog\/dossier-oiseaux\/rapaces-fauconnerie\/#breadcrumb","itemListElement":[{"@type":"ListItem","position":1,"name":"Accueil","item":"https:\/\/art-et-culture-du-monde.fr\/blog\/"},{"@type":"ListItem","position":2,"name":"Dossier Oiseaux","item":"https:\/\/art-et-culture-du-monde.fr\/blog\/dossier-oiseaux\/"},{"@type":"ListItem","position":3,"name":"Rapaces"}]},{"@type":"WebSite","@id":"https:\/\/art-et-culture-du-monde.fr\/blog\/#website","url":"https:\/\/art-et-culture-du-monde.fr\/blog\/","name":"La Nature d&#039;Eric","description":"D\u00e9couvrir - Partager - Pr\u00e9server","potentialAction":[{"@type":"SearchAction","target":{"@type":"EntryPoint","urlTemplate":"https:\/\/art-et-culture-du-monde.fr\/blog\/?s={search_term_string}"},"query-input":{"@type":"PropertyValueSpecification","valueRequired":true,"valueName":"search_term_string"}}],"inLanguage":"fr-FR"}]}},"jetpack-related-posts":[],"jetpack_sharing_enabled":true,"_links":{"self":[{"href":"https:\/\/art-et-culture-du-monde.fr\/blog\/wp-json\/wp\/v2\/pages\/209","targetHints":{"allow":["GET"]}}],"collection":[{"href":"https:\/\/art-et-culture-du-monde.fr\/blog\/wp-json\/wp\/v2\/pages"}],"about":[{"href":"https:\/\/art-et-culture-du-monde.fr\/blog\/wp-json\/wp\/v2\/types\/page"}],"author":[{"embeddable":true,"href":"https:\/\/art-et-culture-du-monde.fr\/blog\/wp-json\/wp\/v2\/users\/1"}],"replies":[{"embeddable":true,"href":"https:\/\/art-et-culture-du-monde.fr\/blog\/wp-json\/wp\/v2\/comments?post=209"}],"version-history":[{"count":15,"href":"https:\/\/art-et-culture-du-monde.fr\/blog\/wp-json\/wp\/v2\/pages\/209\/revisions"}],"predecessor-version":[{"id":2220,"href":"https:\/\/art-et-culture-du-monde.fr\/blog\/wp-json\/wp\/v2\/pages\/209\/revisions\/2220"}],"up":[{"embeddable":true,"href":"https:\/\/art-et-culture-du-monde.fr\/blog\/wp-json\/wp\/v2\/pages\/207"}],"wp:attachment":[{"href":"https:\/\/art-et-culture-du-monde.fr\/blog\/wp-json\/wp\/v2\/media?parent=209"}],"curies":[{"name":"wp","href":"https:\/\/api.w.org\/{rel}","templated":true}]}}