{"id":207,"date":"2016-03-31T12:48:12","date_gmt":"2016-03-31T10:48:12","guid":{"rendered":"http:\/\/art-et-culture-du-monde.fr\/blog\/?page_id=207"},"modified":"2018-09-03T23:14:58","modified_gmt":"2018-09-03T21:14:58","slug":"dossier-oiseaux","status":"publish","type":"page","link":"https:\/\/art-et-culture-du-monde.fr\/blog\/dossier-oiseaux\/","title":{"rendered":"Dossier Oiseaux"},"content":{"rendered":"<p>[et_pb_section bb_built=\u00a0\u00bb1&Prime; admin_label=\u00a0\u00bbsection\u00a0\u00bb][et_pb_row admin_label=\u00a0\u00bbrow\u00a0\u00bb background_position=\u00a0\u00bbtop_left\u00a0\u00bb background_repeat=\u00a0\u00bbrepeat\u00a0\u00bb background_size=\u00a0\u00bbinitial\u00a0\u00bb][et_pb_column type=\u00a0\u00bb4_4&Prime;][et_pb_text admin_label=\u00a0\u00bbDossier Oiseaux\u00a0\u00bb background_layout=\u00a0\u00bblight\u00a0\u00bb background_color=\u00a0\u00bb#7cda24&Prime; use_border_color=\u00a0\u00bboff\u00a0\u00bb header_line_height=\u00a0\u00bb2em\u00a0\u00bb text_line_height=\u00a0\u00bb2.3em\u00a0\u00bb background_position=\u00a0\u00bbtop_left\u00a0\u00bb background_repeat=\u00a0\u00bbrepeat\u00a0\u00bb background_size=\u00a0\u00bbinitial\u00a0\u00bb _builder_version=\u00a0\u00bb3.0.97&Prime; saved_tabs=\u00a0\u00bball\u00a0\u00bb]<\/p>\n<p style=\"text-align: center;\">&#8211;<\/p>\n<h2 style=\"text-align: center;\">Dossier Oiseaux<\/h2>\n<p style=\"text-align: center;\">&#8211;<\/p>\n<p>[\/et_pb_text][et_pb_text admin_label=\u00a0\u00bb1er paragraphe\u00a0\u00bb _builder_version=\u00a0\u00bb3.12&Prime;]<\/p>\n<h2><span style=\"font-size: large;\">Les oiseaux ?<\/span><\/h2>\n<p><span style=\"font-size: large;\">Vaste sujet \u00e0 la d\u00e9finition simple: <strong>L&rsquo;oiseau est le seul animal \u00e0 plume<\/strong>.<\/span><\/p>\n<p><span style=\"font-size: large;\">Les oiseaux sont pr\u00e9sents sur tous les continents. Certains ne volent pas alors que d&rsquo;autres ne se posent pour ainsi dire jamais, certains p\u00e8sent quelques dizaines de grammes et d&rsquo;autres plusieurs dizaines de kilos, certains sont herbivores et d&rsquo;autres sont de redoutables chasseurs. Nous nous int\u00e9ressons ici principalement aux rapaces mais pas toujours !<\/span><\/p>\n<p>[\/et_pb_text][et_pb_text admin_label=\u00a0\u00bb2i\u00e8me paragraphe\u00a0\u00bb _builder_version=\u00a0\u00bb3.12&Prime;]<\/p>\n<p><span style=\"font-size: large;\">Rien n&rsquo;est moins vrai que l&rsquo;expression \u00ab\u00a0cervelle d&rsquo;oiseau\u00a0\u00bb. Outre leur capacit\u00e9 \u00e0 se d\u00e9placer en 3 dimensions, ces animaux ont d\u00e9velopp\u00e9 des strat\u00e9gies tr\u00e8s efficaces pour se d\u00e9fendre, s&rsquo;abriter, ou se nourrir. Ils m\u00e9ritent tout notre respect et pourquoi peuvent \u00eatre des sources d&rsquo;inspiration, comme l&rsquo;ensemble de la Nature d&rsquo;ailleurs.<\/span><\/p>\n<p>[\/et_pb_text][et_pb_text admin_label=\u00a0\u00bb3i\u00e8me paragraphe\u00a0\u00bb _builder_version=\u00a0\u00bb3.12&Prime;]<\/p>\n<p><span style=\"font-size: large;\">Alors, regardons-les, admirons-les, sachons les c\u00f4toyer pacifiquement et m\u00eame leur offrir un environnement attrayant. Ce n&rsquo;est souvent pas compliqu\u00e9.<\/span><\/p>\n<p>[\/et_pb_text][\/et_pb_column][\/et_pb_row][et_pb_row admin_label=\u00a0\u00bbrow\u00a0\u00bb background_position=\u00a0\u00bbtop_left\u00a0\u00bb background_repeat=\u00a0\u00bbrepeat\u00a0\u00bb background_size=\u00a0\u00bbinitial\u00a0\u00bb][et_pb_column type=\u00a0\u00bb2_3&Prime;][et_pb_text admin_label=\u00a0\u00bb4i\u00e8me paragraphe\u00a0\u00bb _builder_version=\u00a0\u00bb3.12&Prime;]<\/p>\n<p><span style=\"font-size: large;\">D\u00e9couvrez ci-dessous les diff\u00e9rents th\u00e8mes du dossier.<\/span><\/p>\n<p>&nbsp;<\/p>\n<ul>\n<li><a href=\"http:\/\/art-et-culture-du-monde.fr\/blog\/dossier-oiseaux\/rapaces-fauconnerie\/\"><span style=\"font-size: large;\">Rapaces<\/span><\/a><\/li>\n<li><a href=\"http:\/\/art-et-culture-du-monde.fr\/blog\/dossier-oiseaux\/rapaces-fauconnerie\/cheveche\/\"><span style=\"font-size: large;\">Chev\u00eache, la chouette aux yeux d&rsquo;or<\/span><\/a><\/li>\n<li><a href=\"http:\/\/art-et-culture-du-monde.fr\/blog\/dossier-oiseaux\/rapaces-fauconnerie\/grand-duc-deurope\/\"><span style=\"font-size: large;\">Hibou Grand-Duc<\/span><\/a><\/li>\n<li><a href=\"http:\/\/art-et-culture-du-monde.fr\/blog\/dossier-oiseaux\/les-videos-sur-les-rapaces\/\"><span style=\"font-size: large;\">Les rapaces en vid\u00e9o<\/span><\/a><\/li>\n<li><span style=\"font-size: large;\"><a href=\"http:\/\/art-et-culture-du-monde.fr\/blog\/dossier-oiseaux\/1806-2\/\">O\u00f9 voir un spectacle de rapaces ?<\/a><br \/>\n<\/span><\/li>\n<li><a href=\"http:\/\/art-et-culture-du-monde.fr\/blog\/2018\/03\/oh-cest-une-buse-ou-la-reconnaissance-incertaine-des-rapaces\/\" target=\"_blank\" rel=\"noopener\"><span style=\"font-size: large;\">Comment diff\u00e9rencier un Milan noir, un Milan royal et une buse variable ?<\/span><\/a><\/li>\n<li><a href=\"http:\/\/art-et-culture-du-monde.fr\/blog\/dossier-oiseaux\/les-variations-de-taille-des-rapaces\/\"><span style=\"font-size: large;\">Les variations de taille des rapaces d&rsquo;une esp\u00e8ce \u00e0 l&rsquo;autre<\/span><\/a><\/li>\n<li><a href=\"http:\/\/art-et-culture-du-monde.fr\/blog\/2018\/08\/combien-peut-porter-un-aigle-ou-un-autre-rapace\/\" target=\"_blank\" rel=\"noopener\"><span style=\"font-size: large;\">Quel poids peut porter un aigle ?<\/span><\/a><\/li>\n<\/ul>\n<p>&nbsp;<\/p>\n<p>&nbsp;<\/p>\n<p>&nbsp;<\/p>\n<p>[\/et_pb_text][\/et_pb_column][et_pb_column type=\u00a0\u00bb1_3&Prime;][et_pb_image _builder_version=\u00a0\u00bb3.12&Prime; src=\u00a0\u00bbhttp:\/\/art-et-culture-du-monde.fr\/blog\/wp-content\/uploads\/2018\/08\/IMG_7742-red.jpg\u00a0\u00bb \/][\/et_pb_column][\/et_pb_row][\/et_pb_section]<\/p>\n","protected":false},"excerpt":{"rendered":"<p>&#8211; Dossier Oiseaux &#8211; Les oiseaux ? Vaste sujet \u00e0 la d\u00e9finition simple: L&rsquo;oiseau est le seul animal \u00e0 plume. Les oiseaux sont pr\u00e9sents sur tous les continents. Certains ne volent pas alors que d&rsquo;autres ne se posent pour ainsi dire jamais, certains p\u00e8sent quelques dizaines de grammes et d&rsquo;autres plusieurs dizaines de kilos, certains [&hellip;]<\/p>\n","protected":false},"author":1,"featured_media":0,"parent":0,"menu_order":0,"comment_status":"closed","ping_status":"open","template":"","meta":{"_et_pb_use_builder":"on","_et_pb_old_content":"<h2>Les oiseaux ?<\/h2><p><span style=\"color: #000000;\">Vaste sujet \u00e0 la d\u00e9finition simple: <strong>L'oiseau est le seul animal \u00e0 plume<\/strong>.<\/span><\/p><p><span style=\"color: #000000;\">Les oiseaux sont pr\u00e9sents sur tous les continents. Certains ne volent pas alors que d'autres ne se posent pour ainsi dire jamais, certains p\u00e8sent quelques dizaines de grammes et d'autres plusieurs dizaines de kilos, certains sont herbivores et d'autres sont de redoutables chasseurs. Nous nous int\u00e9ressons ici principalement aux rapaces mais pas toujours !<br \/> <\/span><\/p><p><span style=\"color: #000000;\">Rien n'est moins vrai que l'expression \"cervelle d'oiseau\". Outre leur capacit\u00e9 \u00e0 se d\u00e9placer en 3 dimensions, ces animaux ont d\u00e9velopp\u00e9 des strat\u00e9gies tr\u00e8s efficaces pour se d\u00e9fendre, s'abriter, ou se nourrir. Ils m\u00e9ritent tout notre respect et pourquoi peuvent \u00eatre des sources d'inspiration, comme l'ensemble de la Nature d'ailleurs.<\/span><\/p><p><span style=\"color: #000000;\">D\u00e9couvrez ci-dessous les diff\u00e9rents th\u00e8mes du dossier.<\/span><\/p><ul><li><a href=\"http:\/\/art-et-culture-du-monde.fr\/blog\/dossier-oiseaux\/rapaces-fauconnerie\/\">Rapaces<\/a><\/li><li><a href=\"http:\/\/art-et-culture-du-monde.fr\/blog\/dossier-oiseaux\/rapaces-fauconnerie\/cheveche\/\">Chev\u00eache, la chouette aux yeux d'or<\/a><\/li><li><a href=\"http:\/\/art-et-culture-du-monde.fr\/blog\/dossier-oiseaux\/rapaces-fauconnerie\/grand-duc-deurope\/\">Hibou Grand-Duc<\/a><\/li><li><a href=\"http:\/\/art-et-culture-du-monde.fr\/blog\/dossier-oiseaux\/les-videos-sur-les-rapaces\/\">Les rapaces en vid\u00e9o<\/a><\/li><\/ul><p>Page en \u00e9volution constante, repassez r\u00e9guli\u00e8rement !<\/p><p><a href=\"http:\/\/art-et-culture-du-monde.fr\/blog\/\">Retour \u00e0 l'accueil<\/a><\/p>","_et_gb_content_width":"","footnotes":""},"class_list":["post-207","page","type-page","status-publish","hentry"],"yoast_head":"<!-- This site is optimized with the Yoast SEO plugin v27.2 - https:\/\/yoast.com\/product\/yoast-seo-wordpress\/ -->\n<title>Dossier oiseaux - rapaces - corvid\u00e9s - passereaux<\/title>\n<meta name=\"description\" content=\"Retrouvez ici diff\u00e9rentes informations sur les oiseaux et particuli\u00e8rement les rapaces, ces redoutables chasseurs pr\u00e9sents quasiment partout sur Terre.\" \/>\n<meta name=\"robots\" content=\"index, follow, max-snippet:-1, max-image-preview:large, max-video-preview:-1\" \/>\n<link rel=\"canonical\" href=\"https:\/\/art-et-culture-du-monde.fr\/blog\/dossier-oiseaux\/\" \/>\n<meta property=\"og:locale\" content=\"fr_FR\" \/>\n<meta property=\"og:type\" content=\"article\" \/>\n<meta property=\"og:title\" content=\"Dossier oiseaux - rapaces - corvid\u00e9s - passereaux\" \/>\n<meta property=\"og:description\" content=\"Retrouvez ici diff\u00e9rentes informations sur les oiseaux et particuli\u00e8rement les rapaces, ces redoutables chasseurs pr\u00e9sents quasiment partout sur Terre.\" \/>\n<meta property=\"og:url\" content=\"https:\/\/art-et-culture-du-monde.fr\/blog\/dossier-oiseaux\/\" \/>\n<meta property=\"og:site_name\" content=\"La Nature d&#039;Eric\" \/>\n<meta property=\"article:publisher\" content=\"https:\/\/www.facebook.com\/Art-et-Culture-du-Monde-ACM-175103796680\/\" \/>\n<meta property=\"article:modified_time\" content=\"2018-09-03T21:14:58+00:00\" \/>\n<meta name=\"twitter:card\" content=\"summary_large_image\" \/>\n<meta name=\"twitter:label1\" content=\"Dur\u00e9e de lecture estim\u00e9e\" \/>\n\t<meta name=\"twitter:data1\" content=\"2 minutes\" \/>\n<script type=\"application\/ld+json\" class=\"yoast-schema-graph\">{\"@context\":\"https:\/\/schema.org\",\"@graph\":[{\"@type\":\"WebPage\",\"@id\":\"https:\/\/art-et-culture-du-monde.fr\/blog\/dossier-oiseaux\/\",\"url\":\"https:\/\/art-et-culture-du-monde.fr\/blog\/dossier-oiseaux\/\",\"name\":\"Dossier oiseaux - rapaces - corvid\u00e9s - passereaux\",\"isPartOf\":{\"@id\":\"https:\/\/art-et-culture-du-monde.fr\/blog\/#website\"},\"datePublished\":\"2016-03-31T10:48:12+00:00\",\"dateModified\":\"2018-09-03T21:14:58+00:00\",\"description\":\"Retrouvez ici diff\u00e9rentes informations sur les oiseaux et particuli\u00e8rement les rapaces, ces redoutables chasseurs pr\u00e9sents quasiment partout sur Terre.\",\"breadcrumb\":{\"@id\":\"https:\/\/art-et-culture-du-monde.fr\/blog\/dossier-oiseaux\/#breadcrumb\"},\"inLanguage\":\"fr-FR\",\"potentialAction\":[{\"@type\":\"ReadAction\",\"target\":[\"https:\/\/art-et-culture-du-monde.fr\/blog\/dossier-oiseaux\/\"]}]},{\"@type\":\"BreadcrumbList\",\"@id\":\"https:\/\/art-et-culture-du-monde.fr\/blog\/dossier-oiseaux\/#breadcrumb\",\"itemListElement\":[{\"@type\":\"ListItem\",\"position\":1,\"name\":\"Accueil\",\"item\":\"https:\/\/art-et-culture-du-monde.fr\/blog\/\"},{\"@type\":\"ListItem\",\"position\":2,\"name\":\"Dossier Oiseaux\"}]},{\"@type\":\"WebSite\",\"@id\":\"https:\/\/art-et-culture-du-monde.fr\/blog\/#website\",\"url\":\"https:\/\/art-et-culture-du-monde.fr\/blog\/\",\"name\":\"La Nature d&#039;Eric\",\"description\":\"D\u00e9couvrir - Partager - Pr\u00e9server\",\"potentialAction\":[{\"@type\":\"SearchAction\",\"target\":{\"@type\":\"EntryPoint\",\"urlTemplate\":\"https:\/\/art-et-culture-du-monde.fr\/blog\/?s={search_term_string}\"},\"query-input\":{\"@type\":\"PropertyValueSpecification\",\"valueRequired\":true,\"valueName\":\"search_term_string\"}}],\"inLanguage\":\"fr-FR\"}]}<\/script>\n<!-- \/ Yoast SEO plugin. -->","yoast_head_json":{"title":"Dossier oiseaux - rapaces - corvid\u00e9s - passereaux","description":"Retrouvez ici diff\u00e9rentes informations sur les oiseaux et particuli\u00e8rement les rapaces, ces redoutables chasseurs pr\u00e9sents quasiment partout sur Terre.","robots":{"index":"index","follow":"follow","max-snippet":"max-snippet:-1","max-image-preview":"max-image-preview:large","max-video-preview":"max-video-preview:-1"},"canonical":"https:\/\/art-et-culture-du-monde.fr\/blog\/dossier-oiseaux\/","og_locale":"fr_FR","og_type":"article","og_title":"Dossier oiseaux - rapaces - corvid\u00e9s - passereaux","og_description":"Retrouvez ici diff\u00e9rentes informations sur les oiseaux et particuli\u00e8rement les rapaces, ces redoutables chasseurs pr\u00e9sents quasiment partout sur Terre.","og_url":"https:\/\/art-et-culture-du-monde.fr\/blog\/dossier-oiseaux\/","og_site_name":"La Nature d&#039;Eric","article_publisher":"https:\/\/www.facebook.com\/Art-et-Culture-du-Monde-ACM-175103796680\/","article_modified_time":"2018-09-03T21:14:58+00:00","twitter_card":"summary_large_image","twitter_misc":{"Dur\u00e9e de lecture estim\u00e9e":"2 minutes"},"schema":{"@context":"https:\/\/schema.org","@graph":[{"@type":"WebPage","@id":"https:\/\/art-et-culture-du-monde.fr\/blog\/dossier-oiseaux\/","url":"https:\/\/art-et-culture-du-monde.fr\/blog\/dossier-oiseaux\/","name":"Dossier oiseaux - rapaces - corvid\u00e9s - passereaux","isPartOf":{"@id":"https:\/\/art-et-culture-du-monde.fr\/blog\/#website"},"datePublished":"2016-03-31T10:48:12+00:00","dateModified":"2018-09-03T21:14:58+00:00","description":"Retrouvez ici diff\u00e9rentes informations sur les oiseaux et particuli\u00e8rement les rapaces, ces redoutables chasseurs pr\u00e9sents quasiment partout sur Terre.","breadcrumb":{"@id":"https:\/\/art-et-culture-du-monde.fr\/blog\/dossier-oiseaux\/#breadcrumb"},"inLanguage":"fr-FR","potentialAction":[{"@type":"ReadAction","target":["https:\/\/art-et-culture-du-monde.fr\/blog\/dossier-oiseaux\/"]}]},{"@type":"BreadcrumbList","@id":"https:\/\/art-et-culture-du-monde.fr\/blog\/dossier-oiseaux\/#breadcrumb","itemListElement":[{"@type":"ListItem","position":1,"name":"Accueil","item":"https:\/\/art-et-culture-du-monde.fr\/blog\/"},{"@type":"ListItem","position":2,"name":"Dossier Oiseaux"}]},{"@type":"WebSite","@id":"https:\/\/art-et-culture-du-monde.fr\/blog\/#website","url":"https:\/\/art-et-culture-du-monde.fr\/blog\/","name":"La Nature d&#039;Eric","description":"D\u00e9couvrir - Partager - Pr\u00e9server","potentialAction":[{"@type":"SearchAction","target":{"@type":"EntryPoint","urlTemplate":"https:\/\/art-et-culture-du-monde.fr\/blog\/?s={search_term_string}"},"query-input":{"@type":"PropertyValueSpecification","valueRequired":true,"valueName":"search_term_string"}}],"inLanguage":"fr-FR"}]}},"jetpack-related-posts":[],"jetpack_sharing_enabled":true,"_links":{"self":[{"href":"https:\/\/art-et-culture-du-monde.fr\/blog\/wp-json\/wp\/v2\/pages\/207","targetHints":{"allow":["GET"]}}],"collection":[{"href":"https:\/\/art-et-culture-du-monde.fr\/blog\/wp-json\/wp\/v2\/pages"}],"about":[{"href":"https:\/\/art-et-culture-du-monde.fr\/blog\/wp-json\/wp\/v2\/types\/page"}],"author":[{"embeddable":true,"href":"https:\/\/art-et-culture-du-monde.fr\/blog\/wp-json\/wp\/v2\/users\/1"}],"replies":[{"embeddable":true,"href":"https:\/\/art-et-culture-du-monde.fr\/blog\/wp-json\/wp\/v2\/comments?post=207"}],"version-history":[{"count":24,"href":"https:\/\/art-et-culture-du-monde.fr\/blog\/wp-json\/wp\/v2\/pages\/207\/revisions"}],"predecessor-version":[{"id":455,"href":"https:\/\/art-et-culture-du-monde.fr\/blog\/wp-json\/wp\/v2\/pages\/207\/revisions\/455"}],"wp:attachment":[{"href":"https:\/\/art-et-culture-du-monde.fr\/blog\/wp-json\/wp\/v2\/media?parent=207"}],"curies":[{"name":"wp","href":"https:\/\/api.w.org\/{rel}","templated":true}]}}