{"id":1960,"date":"2018-06-19T14:56:38","date_gmt":"2018-06-19T12:56:38","guid":{"rendered":"http:\/\/art-et-culture-du-monde.fr\/blog\/?page_id=1960"},"modified":"2023-01-11T16:23:39","modified_gmt":"2023-01-11T15:23:39","slug":"comment-reconnaitre-et-differencier-les-chouettes","status":"publish","type":"page","link":"https:\/\/art-et-culture-du-monde.fr\/blog\/dossier-oiseaux\/comment-reconnaitre-et-differencier-les-chouettes\/","title":{"rendered":"Comment reconna\u00eetre et diff\u00e9rencier les chouettes ?"},"content":{"rendered":"<p>[et_pb_section fb_built=\u00a0\u00bb1&Prime; _builder_version=\u00a0\u00bb4.16&Prime; global_colors_info=\u00a0\u00bb{}\u00a0\u00bb][et_pb_row _builder_version=\u00a0\u00bb4.16&Prime; background_size=\u00a0\u00bbinitial\u00a0\u00bb background_position=\u00a0\u00bbtop_left\u00a0\u00bb background_repeat=\u00a0\u00bbrepeat\u00a0\u00bb global_colors_info=\u00a0\u00bb{}\u00a0\u00bb][et_pb_column type=\u00a0\u00bb4_4&Prime; _builder_version=\u00a0\u00bb4.16&Prime; custom_padding=\u00a0\u00bb|||\u00a0\u00bb global_colors_info=\u00a0\u00bb{}\u00a0\u00bb custom_padding__hover=\u00a0\u00bb|||\u00a0\u00bb][et_pb_text _builder_version=\u00a0\u00bb4.19.4&Prime; text_text_color=\u00a0\u00bb#000000&Prime; text_font_size=\u00a0\u00bb18px\u00a0\u00bb hover_enabled=\u00a0\u00bb0&Prime; global_colors_info=\u00a0\u00bb{}\u00a0\u00bb sticky_enabled=\u00a0\u00bb0&Prime;]<\/p>\n<h2>&#8211;<\/h2>\n<h2>Les chouettes diff\u00e9rences entre les rapaces nocturnes<\/h2>\n<p>Certains se diront peut-\u00eatre que l&rsquo;article est inutile car les rapaces nocturnes sortent seulement la nuit. Eh bien pas tout \u00e0 fait.<\/p>\n<p>Tout d&rsquo;abord, il est possible d&rsquo;en observer de jour. La chouette Chev\u00eache aime bien prendre le soleil dans des cobs discrets et \u00e9lev\u00e9s. Au cr\u00e9puscule ou t\u00f4t le matin, il n&rsquo;est pas exclu d&rsquo;observer chouette effraie et chouette Hulotte. De plus, en voiture, on peut parfois voir passer dans le faisceau des phares un oiseau. En hiver, il est m\u00eame assez courant de voir les effraies au bord de la route pr\u00e8s des habitations.<\/p>\n<p>Apprenons maintenant \u00e0 faire la diff\u00e9rence entre la chouette Effraie, la chouette Hulotte et la chouette Chev\u00eache. Pourquoi ces trois l\u00e0 ? Parce qu&rsquo;elles sont tr\u00e8s pr\u00e9sentent en France avec des variations suivant les r\u00e9gions.<\/p>\n<p style=\"text-align: center;\">&#8211;<\/p>\n<h2 style=\"text-align: center;\">Chouette Effraie<\/h2>\n<p><a href=\"https:\/\/art-et-culture-du-monde.fr\/blog\/wp-content\/uploads\/2017\/04\/IMG_5474_easyHDR-red.jpg\"><img loading=\"lazy\" decoding=\"async\" class=\"alignnone size-medium wp-image-1199 aligncenter\" src=\"https:\/\/art-et-culture-du-monde.fr\/blog\/wp-content\/uploads\/2017\/04\/IMG_5474_easyHDR-red-300x200.jpg\" alt=\"Chouette effraie\" width=\"300\" height=\"200\" srcset=\"https:\/\/art-et-culture-du-monde.fr\/blog\/wp-content\/uploads\/2017\/04\/IMG_5474_easyHDR-red-300x200.jpg 300w, https:\/\/art-et-culture-du-monde.fr\/blog\/wp-content\/uploads\/2017\/04\/IMG_5474_easyHDR-red-600x400.jpg 600w, https:\/\/art-et-culture-du-monde.fr\/blog\/wp-content\/uploads\/2017\/04\/IMG_5474_easyHDR-red-768x512.jpg 768w, https:\/\/art-et-culture-du-monde.fr\/blog\/wp-content\/uploads\/2017\/04\/IMG_5474_easyHDR-red.jpg 800w\" sizes=\"(max-width: 300px) 100vw, 300px\" \/><\/a><\/p>\n<p style=\"text-align: center;\">&#8211;<\/p>\n<p>Georges Brassens disait que la Chouette Effraie \u00ab\u00a0porte son c\u0153ur sur sa figure\u00a0\u00bb. Elle a en effet un masque faciale typique en forme de c\u0153ur. Le dessus de son plumage est orang\u00e9 alors que le dessous est blanc. Ce qui lui a valu le nom de \u00ab\u00a0Dame Blanche\u00a0\u00bb.<\/p>\n<p>Cette brave demoiselle ne craint pas trop les hommes. Elle logera donc facilement dans un grenier ou une grange.<\/p>\n<p>Enfin, si on ne peut pas la voir, on peut l&rsquo;entendre et son cri est \u00e0 nul autre pareil et pas du tout m\u00e9lodieux. Les gens superstitieux croyaient qu&rsquo;elle portait malheur. Votre serviteur se souvient tr\u00e8s bien en avoir vu une clou\u00e9e sur la porte d&rsquo;une grange. Elle est pourtant un auxiliaire pr\u00e9cieux de l&rsquo;agriculteur comme la plupart des rapaces.<\/p>\n<p style=\"text-align: center;\">&#8211;<\/p>\n<p style=\"text-align: center;\"><iframe loading=\"lazy\" src=\"https:\/\/www.youtube.com\/embed\/0wLdTpucILQ?rel=0\" allowfullscreen=\"allowfullscreen\" width=\"560\" height=\"315\" frameborder=\"0\"><\/iframe><\/p>\n<h2 style=\"text-align: center;\">&#8211;<\/h2>\n<h2 style=\"text-align: center;\">Chouette Hulotte<\/h2>\n<p style=\"text-align: center;\"><a href=\"https:\/\/art-et-culture-du-monde.fr\/blog\/wp-content\/uploads\/2018\/06\/tawny-owl-1304289-red.jpg\"><img loading=\"lazy\" decoding=\"async\" class=\"alignnone size-medium wp-image-1968\" src=\"https:\/\/art-et-culture-du-monde.fr\/blog\/wp-content\/uploads\/2018\/06\/tawny-owl-1304289-red-300x200.jpg\" alt=\"Chouette Hulotte\" width=\"300\" height=\"200\" srcset=\"https:\/\/art-et-culture-du-monde.fr\/blog\/wp-content\/uploads\/2018\/06\/tawny-owl-1304289-red-300x200.jpg 300w, https:\/\/art-et-culture-du-monde.fr\/blog\/wp-content\/uploads\/2018\/06\/tawny-owl-1304289-red-600x400.jpg 600w, https:\/\/art-et-culture-du-monde.fr\/blog\/wp-content\/uploads\/2018\/06\/tawny-owl-1304289-red-768x512.jpg 768w, https:\/\/art-et-culture-du-monde.fr\/blog\/wp-content\/uploads\/2018\/06\/tawny-owl-1304289-red.jpg 800w\" sizes=\"(max-width: 300px) 100vw, 300px\" \/><\/a><\/p>\n<p style=\"text-align: center;\">&#8211;<\/p>\n<p>Plut\u00f4t grise ou marron, elle affectionne les arbres pour trouver son logement. Elle est plut\u00f4t foresti\u00e8re m\u00eame si j&rsquo;en ai d\u00e9j\u00e0 rencontr\u00e9 une qui logeait dans un platane sur la place d&rsquo;un village. Son masque facial est constitu\u00e9 de 2 ovales qui se rejoignent \u00e0 la verticale du bec. Les yeux apparaissent tout noir.<\/p>\n<p>Cri de la chouette Hulotte (On entend d&rsquo;abord Monsieur et Madame r\u00e9pond).<\/p>\n<p style=\"text-align: center;\"><iframe loading=\"lazy\" src=\"https:\/\/www.youtube.com\/embed\/96YpoMVE_HM?rel=0&amp;start=18\" allowfullscreen=\"allowfullscreen\" width=\"560\" height=\"315\" frameborder=\"0\"><\/iframe><\/p>\n<h2 style=\"text-align: center;\">&#8211;<\/h2>\n<h2 style=\"text-align: center;\">Chouette Chev\u00eache<\/h2>\n<p style=\"text-align: center;\"><a href=\"https:\/\/art-et-culture-du-monde.fr\/blog\/wp-content\/uploads\/2017\/02\/Cheveche.jpg\"><img loading=\"lazy\" decoding=\"async\" class=\"size-medium wp-image-744\" src=\"https:\/\/art-et-culture-du-monde.fr\/blog\/wp-content\/uploads\/2017\/02\/Cheveche-300x169.jpg\" alt=\"Chev\u00eache\" width=\"300\" height=\"169\" srcset=\"https:\/\/art-et-culture-du-monde.fr\/blog\/wp-content\/uploads\/2017\/02\/Cheveche-300x169.jpg 300w, https:\/\/art-et-culture-du-monde.fr\/blog\/wp-content\/uploads\/2017\/02\/Cheveche.jpg 380w\" sizes=\"(max-width: 300px) 100vw, 300px\" \/><\/a><\/p>\n<p style=\"text-align: center;\">&#8211;<\/p>\n<p>La plus petite du trio, elle est du poids d&rsquo;une pomme et pas tellement plus grosse. Plus pr\u00e8s, on remarque ses yeux jaunes et ses \u00ab\u00a0sourcils\u00a0\u00bb blancs. Elle aime bien prendre le soleil sur un toit ou au bord d&rsquo;une chemin\u00e9e. Pour loger, elle affectionne aussi bien les toits, les vieux murs que les arbres, surtout les plus vieux qui comportent des creux.<\/p>\n<p>Cependant, elle fuira les zones trop bois\u00e9es, hant\u00e9es par la Hulotte, car cette derni\u00e8re n&rsquo;h\u00e9site pas \u00e0 capturer une Chev\u00eache pour en faire son casse-cro\u00fbte.<\/p>\n<p>Vous noterez que son chant peut se confondre avec celui de Madame Hulotte. Le type de lieu o\u00f9 vous l&rsquo;entendez permets en g\u00e9n\u00e9ral de ne pas faire d&rsquo;erreur. N&rsquo;h\u00e9sitez pas \u00e0 consulter notre <a href=\"https:\/\/art-et-culture-du-monde.fr\/blog\/dossier-oiseaux\/rapaces-fauconnerie\/cheveche\/\" target=\"_blank\" rel=\"noopener\">page consacr\u00e9e \u00e0 la Chouette Chev\u00eache<\/a>.<\/p>\n<p>Chant de la Chouette Chev\u00eache:<\/p>\n<p style=\"text-align: center;\"><iframe loading=\"lazy\" src=\"https:\/\/www.youtube.com\/embed\/lSWhzIUEISo?rel=0\" allowfullscreen=\"allowfullscreen\" width=\"560\" height=\"315\" frameborder=\"0\"><\/iframe><\/p>\n<p>&nbsp;<\/p>\n<p>Envie d&rsquo;en savoir plus ?<\/p>\n<ul>\n<li>Un chouette livre (lien affili\u00e9): <a target=\"_blank\" href=\"https:\/\/www.amazon.fr\/Rapaces-nocturnes-France-dEurope-Theodor\/dp\/2603014064\/ref=sr_1_3?__mk_fr_FR=%25C3%2585M%25C3%2585%25C5%25BD%25C3%2595%25C3%2591&amp;crid=OW5XY71Y9QXY&amp;keywords=rapaces+nocturnes&amp;qid=1673450120&amp;s=books&amp;sprefix=rapaces+nocturnes%252Cstripbooks%252C74&amp;sr=1-3&#038;_encoding=UTF8&#038;tag=emcprod-21&#038;linkCode=ur2&#038;linkId=1a2ff14b614890a765b5bb95d8efa55c&#038;camp=1642&#038;creative=6746\" rel=\"noopener\">Rapaces nocturnes<\/a><\/li>\n<li>Lisez aussi<a href=\"https:\/\/art-et-culture-du-monde.fr\/blog\/2018\/03\/oh-cest-une-buse-ou-la-reconnaissance-incertaine-des-rapaces\/\" target=\"_blank\" rel=\"noopener\"> la page o\u00f9 vous apprendrez \u00e0 distinguer un Milan noir, d&rsquo;un Milan royal ou d&rsquo;une Buse variable<\/a>.<\/li>\n<li>Parcourez notre catalogue d&rsquo;<a href=\"https:\/\/art-et-culture-du-monde.fr\/blog\/nos-actions\/location-dexposition\/\" target=\"_blank\" rel=\"noopener\">expositions<\/a> et d&rsquo;<a href=\"https:\/\/art-et-culture-du-monde.fr\/blog\/animations\/\" target=\"_blank\" rel=\"noopener\">interventions<\/a><\/li>\n<li>Une question ? N&rsquo;h\u00e9sitez pas \u00e0 nous<a href=\"https:\/\/art-et-culture-du-monde.fr\/blog\/contact\/\" target=\"_blank\" rel=\"noopener\"> contacter<\/a><\/li>\n<\/ul>\n<p>Eric<\/p>\n<p>[\/et_pb_text][\/et_pb_column][\/et_pb_row][\/et_pb_section]<\/p>\n","protected":false},"excerpt":{"rendered":"<p>&#8211; Les chouettes diff\u00e9rences entre les rapaces nocturnes Certains se diront peut-\u00eatre que l&rsquo;article est inutile car les rapaces nocturnes sortent seulement la nuit. Eh bien pas tout \u00e0 fait. Tout d&rsquo;abord, il est possible d&rsquo;en observer de jour. La chouette Chev\u00eache aime bien prendre le soleil dans des cobs discrets et \u00e9lev\u00e9s. Au cr\u00e9puscule [&hellip;]<\/p>\n","protected":false},"author":1,"featured_media":0,"parent":207,"menu_order":0,"comment_status":"closed","ping_status":"closed","template":"","meta":{"_et_pb_use_builder":"on","_et_pb_old_content":"<h2>-<\/h2><h2>Les chouettes diff\u00e9rences entre les rapaces nocturnes<\/h2><p>Certains se diront peut-\u00eatre que l'article est inutile car les rapaces nocturnes sortent seulement la nuit. Eh bien pas tout \u00e0 fait.<\/p><p>Tout d'abord, il est possible d'en observer de jour. La chouette Chev\u00eache aime bien prendre le soleil dans des cobs discrets et \u00e9lev\u00e9s. Au cr\u00e9puscule ou t\u00f4t le matin, il n'est pas exclu d'observer chouette effraie et chouette Hulotte. De plus, en voiture, on peut parfois voir passer dans le faisceau des phares un oiseau. En hiver, il est m\u00eame assez courant de voir les effraies au bord de la route pr\u00e8s des habitations.<\/p><p>Apprenons maintenant \u00e0 faire la diff\u00e9rence entre la chouette Effraie, la chouette Hulotte et la chouette Chev\u00eache. Pourquoi ces trois l\u00e0 ? Parce qu'elles sont tr\u00e8s pr\u00e9sentent en France avec des variations suivant les r\u00e9gions.<\/p><p style=\"text-align: center;\">-<\/p><h2 style=\"text-align: center;\">Chouette Effraie<\/h2><p><a href=\"http:\/\/art-et-culture-du-monde.fr\/blog\/wp-content\/uploads\/2017\/04\/IMG_5474_easyHDR-red.jpg\"><img class=\"alignnone size-medium wp-image-1199 aligncenter\" src=\"http:\/\/art-et-culture-du-monde.fr\/blog\/wp-content\/uploads\/2017\/04\/IMG_5474_easyHDR-red-300x200.jpg\" alt=\"Chouette effraie\" width=\"300\" height=\"200\" \/><\/a><\/p><p style=\"text-align: center;\">-<\/p><p>Georges Brassens disait que la Chouette Effraie \"porte son c\u0153ur sur sa figure\". Elle a en effet un masque faciale typique en forme de c\u0153ur. Le dessus de son plumage est orang\u00e9 alors que le dessous est blanc. Ce qui lui a valu le nom de \"Dame Blanche\".<\/p><p>Cette brave demoiselle ne craint pas trop les hommes. Elle logera donc facilement dans un grenier ou une grange.<\/p><p>Enfin, si on ne peut pas la voir, on peut l'entendre et son cri est \u00e0 nul autre pareil et pas du tout m\u00e9lodieux. Les gens superstitieux croyaient qu'elle portait malheur. Votre serviteur se souvient tr\u00e8s bien en avoir vu une clou\u00e9e sur la porte d'une grange. Elle est pourtant un auxiliaire pr\u00e9cieux de l'agriculteur comme la plupart des rapaces.<\/p><p style=\"text-align: center;\">-<\/p><p style=\"text-align: center;\"><iframe src=\"https:\/\/www.youtube.com\/embed\/0wLdTpucILQ?rel=0\" width=\"560\" height=\"315\" frameborder=\"0\" allowfullscreen=\"allowfullscreen\"><\/iframe><\/p><h2 style=\"text-align: center;\">-<\/h2><h2 style=\"text-align: center;\">Chouette Hulotte<\/h2><p style=\"text-align: center;\"><a href=\"http:\/\/art-et-culture-du-monde.fr\/blog\/wp-content\/uploads\/2018\/06\/tawny-owl-1304289-red.jpg\"><img class=\"alignnone size-medium wp-image-1968\" src=\"http:\/\/art-et-culture-du-monde.fr\/blog\/wp-content\/uploads\/2018\/06\/tawny-owl-1304289-red-300x200.jpg\" alt=\"Chouette Hulotte\" width=\"300\" height=\"200\" \/><\/a><\/p><p style=\"text-align: center;\">-<\/p><p>Plut\u00f4t grise ou marron, elle affectionne les arbres pour trouver son logement. Elle est plut\u00f4t foresti\u00e8re m\u00eame si j'en ai d\u00e9j\u00e0 rencontr\u00e9 une qui logeait dans un platane sur la place d'un village. Son masque facial est constitu\u00e9 de 2 ovales qui se rejoignent \u00e0 la verticale du bec. Les yeux apparaissent tout noir.<\/p><p>Cri de la chouette Hulotte (On entend d'abord Monsieur et Madame r\u00e9pond).<\/p><p style=\"text-align: center;\"><iframe src=\"https:\/\/www.youtube.com\/embed\/96YpoMVE_HM?rel=0&start=18\" width=\"560\" height=\"315\" frameborder=\"0\" allowfullscreen=\"allowfullscreen\"><\/iframe><\/p><h2 style=\"text-align: center;\">-<\/h2><h2 style=\"text-align: center;\">Chouette Chev\u00eache<\/h2><p style=\"text-align: center;\"><a href=\"http:\/\/art-et-culture-du-monde.fr\/blog\/wp-content\/uploads\/2017\/02\/Cheveche.jpg\"><img class=\"size-medium wp-image-744\" src=\"http:\/\/art-et-culture-du-monde.fr\/blog\/wp-content\/uploads\/2017\/02\/Cheveche-300x169.jpg\" alt=\"Chev\u00eache\" width=\"300\" height=\"169\" \/><\/a><\/p><p style=\"text-align: center;\">-<\/p><p>La plus petite du trio, elle est du poids d'une pomme et pas tellement plus grosse. Plus pr\u00e8s, on remarque ses yeux jaunes et ses \"sourcils\" blancs. Elle aime bien prendre le soleil sur un toit ou au bord d'une chemin\u00e9e. Pour loger, elle affectionne aussi bien les toits, les vieux murs que les arbres, surtout les plus vieux qui comportent des creux.<\/p><p>Cependant, elle fuira les zones trop bois\u00e9es, hant\u00e9es par la Hulotte, car cette derni\u00e8re n'h\u00e9site pas \u00e0 capturer une Chev\u00eache pour en faire son casse-cro\u00fbte.<\/p><p>Vous noterez que son chant peut se confondre avec celui de Madame Hulotte. Le type de lieu o\u00f9 vous l'entendez permets en g\u00e9n\u00e9ral de ne pas faire d'erreur.<\/p><p>Chant de la Chouette Chev\u00eache:<\/p><p style=\"text-align: center;\"><iframe src=\"https:\/\/www.youtube.com\/embed\/lSWhzIUEISo?rel=0\" width=\"560\" height=\"315\" frameborder=\"0\" allowfullscreen=\"allowfullscreen\"><\/iframe><\/p><p>\u00a0<\/p><p>Envie d'en savoir plus ?<\/p><ul><li>Lisez aussi<a href=\"http:\/\/art-et-culture-du-monde.fr\/blog\/2018\/03\/oh-cest-une-buse-ou-la-reconnaissance-incertaine-des-rapaces\/\" target=\"_blank\" rel=\"noopener\"> la page o\u00f9 vous apprendrez \u00e0 distinguer un Milan noir, d'un Milan royal ou d'une Buse variable<\/a>.<\/li><li>Parcourez notre catalogue d'<a href=\"http:\/\/art-et-culture-du-monde.fr\/blog\/nos-actions\/location-dexposition\/\" target=\"_blank\" rel=\"noopener\">expositions<\/a> et d'<a href=\"http:\/\/art-et-culture-du-monde.fr\/blog\/animations\/\" target=\"_blank\" rel=\"noopener\">interventions<\/a><\/li><li>Une question ? N'h\u00e9sitez pas \u00e0 nous<a href=\"http:\/\/art-et-culture-du-monde.fr\/blog\/contact\/\" target=\"_blank\" rel=\"noopener\"> contacter<\/a><\/li><\/ul><p>Eric pour ACM<\/p>","_et_gb_content_width":"","footnotes":""},"class_list":["post-1960","page","type-page","status-publish","hentry"],"yoast_head":"<!-- This site is optimized with the Yoast SEO plugin v27.2 - https:\/\/yoast.com\/product\/yoast-seo-wordpress\/ -->\n<title>Comment reconna\u00eetre et diff\u00e9rencier les chouettes ?<\/title>\n<meta name=\"description\" content=\"Apprenez \u00e0 reconna\u00eetre et diff\u00e9rencier les chouettes Effraie, Chev\u00eache et Hulotte. Par leur allure, leur chant ou bien le type de vol.\" \/>\n<meta name=\"robots\" content=\"index, follow, max-snippet:-1, max-image-preview:large, max-video-preview:-1\" \/>\n<link rel=\"canonical\" href=\"https:\/\/art-et-culture-du-monde.fr\/blog\/dossier-oiseaux\/comment-reconnaitre-et-differencier-les-chouettes\/\" \/>\n<meta property=\"og:locale\" content=\"fr_FR\" \/>\n<meta property=\"og:type\" content=\"article\" \/>\n<meta property=\"og:title\" content=\"Comment reconna\u00eetre et diff\u00e9rencier les chouettes ?\" \/>\n<meta property=\"og:description\" content=\"Apprenez \u00e0 reconna\u00eetre et diff\u00e9rencier les chouettes Effraie, Chev\u00eache et Hulotte. Par leur allure, leur chant ou bien le type de vol.\" \/>\n<meta property=\"og:url\" content=\"https:\/\/art-et-culture-du-monde.fr\/blog\/dossier-oiseaux\/comment-reconnaitre-et-differencier-les-chouettes\/\" \/>\n<meta property=\"og:site_name\" content=\"La Nature d&#039;Eric\" \/>\n<meta property=\"article:publisher\" content=\"https:\/\/www.facebook.com\/Art-et-Culture-du-Monde-ACM-175103796680\/\" \/>\n<meta property=\"article:modified_time\" content=\"2023-01-11T15:23:39+00:00\" \/>\n<meta property=\"og:image\" content=\"https:\/\/art-et-culture-du-monde.fr\/blog\/wp-content\/uploads\/2017\/04\/IMG_5474_easyHDR-red-300x200.jpg\" \/>\n<meta name=\"twitter:card\" content=\"summary_large_image\" \/>\n<meta name=\"twitter:label1\" content=\"Dur\u00e9e de lecture estim\u00e9e\" \/>\n\t<meta name=\"twitter:data1\" content=\"4 minutes\" \/>\n<script type=\"application\/ld+json\" class=\"yoast-schema-graph\">{\"@context\":\"https:\/\/schema.org\",\"@graph\":[{\"@type\":\"WebPage\",\"@id\":\"https:\/\/art-et-culture-du-monde.fr\/blog\/dossier-oiseaux\/comment-reconnaitre-et-differencier-les-chouettes\/\",\"url\":\"https:\/\/art-et-culture-du-monde.fr\/blog\/dossier-oiseaux\/comment-reconnaitre-et-differencier-les-chouettes\/\",\"name\":\"Comment reconna\u00eetre et diff\u00e9rencier les chouettes ?\",\"isPartOf\":{\"@id\":\"https:\/\/art-et-culture-du-monde.fr\/blog\/#website\"},\"primaryImageOfPage\":{\"@id\":\"https:\/\/art-et-culture-du-monde.fr\/blog\/dossier-oiseaux\/comment-reconnaitre-et-differencier-les-chouettes\/#primaryimage\"},\"image\":{\"@id\":\"https:\/\/art-et-culture-du-monde.fr\/blog\/dossier-oiseaux\/comment-reconnaitre-et-differencier-les-chouettes\/#primaryimage\"},\"thumbnailUrl\":\"https:\/\/art-et-culture-du-monde.fr\/blog\/wp-content\/uploads\/2017\/04\/IMG_5474_easyHDR-red-300x200.jpg\",\"datePublished\":\"2018-06-19T12:56:38+00:00\",\"dateModified\":\"2023-01-11T15:23:39+00:00\",\"description\":\"Apprenez \u00e0 reconna\u00eetre et diff\u00e9rencier les chouettes Effraie, Chev\u00eache et Hulotte. Par leur allure, leur chant ou bien le type de vol.\",\"breadcrumb\":{\"@id\":\"https:\/\/art-et-culture-du-monde.fr\/blog\/dossier-oiseaux\/comment-reconnaitre-et-differencier-les-chouettes\/#breadcrumb\"},\"inLanguage\":\"fr-FR\",\"potentialAction\":[{\"@type\":\"ReadAction\",\"target\":[\"https:\/\/art-et-culture-du-monde.fr\/blog\/dossier-oiseaux\/comment-reconnaitre-et-differencier-les-chouettes\/\"]}]},{\"@type\":\"ImageObject\",\"inLanguage\":\"fr-FR\",\"@id\":\"https:\/\/art-et-culture-du-monde.fr\/blog\/dossier-oiseaux\/comment-reconnaitre-et-differencier-les-chouettes\/#primaryimage\",\"url\":\"https:\/\/art-et-culture-du-monde.fr\/blog\/wp-content\/uploads\/2017\/04\/IMG_5474_easyHDR-red.jpg\",\"contentUrl\":\"https:\/\/art-et-culture-du-monde.fr\/blog\/wp-content\/uploads\/2017\/04\/IMG_5474_easyHDR-red.jpg\",\"width\":800,\"height\":533,\"caption\":\"Chouette effraie\"},{\"@type\":\"BreadcrumbList\",\"@id\":\"https:\/\/art-et-culture-du-monde.fr\/blog\/dossier-oiseaux\/comment-reconnaitre-et-differencier-les-chouettes\/#breadcrumb\",\"itemListElement\":[{\"@type\":\"ListItem\",\"position\":1,\"name\":\"Accueil\",\"item\":\"https:\/\/art-et-culture-du-monde.fr\/blog\/\"},{\"@type\":\"ListItem\",\"position\":2,\"name\":\"Dossier Oiseaux\",\"item\":\"https:\/\/art-et-culture-du-monde.fr\/blog\/dossier-oiseaux\/\"},{\"@type\":\"ListItem\",\"position\":3,\"name\":\"Comment reconna\u00eetre et diff\u00e9rencier les chouettes ?\"}]},{\"@type\":\"WebSite\",\"@id\":\"https:\/\/art-et-culture-du-monde.fr\/blog\/#website\",\"url\":\"https:\/\/art-et-culture-du-monde.fr\/blog\/\",\"name\":\"La Nature d&#039;Eric\",\"description\":\"D\u00e9couvrir - Partager - Pr\u00e9server\",\"potentialAction\":[{\"@type\":\"SearchAction\",\"target\":{\"@type\":\"EntryPoint\",\"urlTemplate\":\"https:\/\/art-et-culture-du-monde.fr\/blog\/?s={search_term_string}\"},\"query-input\":{\"@type\":\"PropertyValueSpecification\",\"valueRequired\":true,\"valueName\":\"search_term_string\"}}],\"inLanguage\":\"fr-FR\"}]}<\/script>\n<!-- \/ Yoast SEO plugin. -->","yoast_head_json":{"title":"Comment reconna\u00eetre et diff\u00e9rencier les chouettes ?","description":"Apprenez \u00e0 reconna\u00eetre et diff\u00e9rencier les chouettes Effraie, Chev\u00eache et Hulotte. Par leur allure, leur chant ou bien le type de vol.","robots":{"index":"index","follow":"follow","max-snippet":"max-snippet:-1","max-image-preview":"max-image-preview:large","max-video-preview":"max-video-preview:-1"},"canonical":"https:\/\/art-et-culture-du-monde.fr\/blog\/dossier-oiseaux\/comment-reconnaitre-et-differencier-les-chouettes\/","og_locale":"fr_FR","og_type":"article","og_title":"Comment reconna\u00eetre et diff\u00e9rencier les chouettes ?","og_description":"Apprenez \u00e0 reconna\u00eetre et diff\u00e9rencier les chouettes Effraie, Chev\u00eache et Hulotte. Par leur allure, leur chant ou bien le type de vol.","og_url":"https:\/\/art-et-culture-du-monde.fr\/blog\/dossier-oiseaux\/comment-reconnaitre-et-differencier-les-chouettes\/","og_site_name":"La Nature d&#039;Eric","article_publisher":"https:\/\/www.facebook.com\/Art-et-Culture-du-Monde-ACM-175103796680\/","article_modified_time":"2023-01-11T15:23:39+00:00","og_image":[{"url":"https:\/\/art-et-culture-du-monde.fr\/blog\/wp-content\/uploads\/2017\/04\/IMG_5474_easyHDR-red-300x200.jpg","type":"","width":"","height":""}],"twitter_card":"summary_large_image","twitter_misc":{"Dur\u00e9e de lecture estim\u00e9e":"4 minutes"},"schema":{"@context":"https:\/\/schema.org","@graph":[{"@type":"WebPage","@id":"https:\/\/art-et-culture-du-monde.fr\/blog\/dossier-oiseaux\/comment-reconnaitre-et-differencier-les-chouettes\/","url":"https:\/\/art-et-culture-du-monde.fr\/blog\/dossier-oiseaux\/comment-reconnaitre-et-differencier-les-chouettes\/","name":"Comment reconna\u00eetre et diff\u00e9rencier les chouettes ?","isPartOf":{"@id":"https:\/\/art-et-culture-du-monde.fr\/blog\/#website"},"primaryImageOfPage":{"@id":"https:\/\/art-et-culture-du-monde.fr\/blog\/dossier-oiseaux\/comment-reconnaitre-et-differencier-les-chouettes\/#primaryimage"},"image":{"@id":"https:\/\/art-et-culture-du-monde.fr\/blog\/dossier-oiseaux\/comment-reconnaitre-et-differencier-les-chouettes\/#primaryimage"},"thumbnailUrl":"https:\/\/art-et-culture-du-monde.fr\/blog\/wp-content\/uploads\/2017\/04\/IMG_5474_easyHDR-red-300x200.jpg","datePublished":"2018-06-19T12:56:38+00:00","dateModified":"2023-01-11T15:23:39+00:00","description":"Apprenez \u00e0 reconna\u00eetre et diff\u00e9rencier les chouettes Effraie, Chev\u00eache et Hulotte. Par leur allure, leur chant ou bien le type de vol.","breadcrumb":{"@id":"https:\/\/art-et-culture-du-monde.fr\/blog\/dossier-oiseaux\/comment-reconnaitre-et-differencier-les-chouettes\/#breadcrumb"},"inLanguage":"fr-FR","potentialAction":[{"@type":"ReadAction","target":["https:\/\/art-et-culture-du-monde.fr\/blog\/dossier-oiseaux\/comment-reconnaitre-et-differencier-les-chouettes\/"]}]},{"@type":"ImageObject","inLanguage":"fr-FR","@id":"https:\/\/art-et-culture-du-monde.fr\/blog\/dossier-oiseaux\/comment-reconnaitre-et-differencier-les-chouettes\/#primaryimage","url":"https:\/\/art-et-culture-du-monde.fr\/blog\/wp-content\/uploads\/2017\/04\/IMG_5474_easyHDR-red.jpg","contentUrl":"https:\/\/art-et-culture-du-monde.fr\/blog\/wp-content\/uploads\/2017\/04\/IMG_5474_easyHDR-red.jpg","width":800,"height":533,"caption":"Chouette effraie"},{"@type":"BreadcrumbList","@id":"https:\/\/art-et-culture-du-monde.fr\/blog\/dossier-oiseaux\/comment-reconnaitre-et-differencier-les-chouettes\/#breadcrumb","itemListElement":[{"@type":"ListItem","position":1,"name":"Accueil","item":"https:\/\/art-et-culture-du-monde.fr\/blog\/"},{"@type":"ListItem","position":2,"name":"Dossier Oiseaux","item":"https:\/\/art-et-culture-du-monde.fr\/blog\/dossier-oiseaux\/"},{"@type":"ListItem","position":3,"name":"Comment reconna\u00eetre et diff\u00e9rencier les chouettes ?"}]},{"@type":"WebSite","@id":"https:\/\/art-et-culture-du-monde.fr\/blog\/#website","url":"https:\/\/art-et-culture-du-monde.fr\/blog\/","name":"La Nature d&#039;Eric","description":"D\u00e9couvrir - Partager - Pr\u00e9server","potentialAction":[{"@type":"SearchAction","target":{"@type":"EntryPoint","urlTemplate":"https:\/\/art-et-culture-du-monde.fr\/blog\/?s={search_term_string}"},"query-input":{"@type":"PropertyValueSpecification","valueRequired":true,"valueName":"search_term_string"}}],"inLanguage":"fr-FR"}]}},"jetpack-related-posts":[],"jetpack_sharing_enabled":true,"_links":{"self":[{"href":"https:\/\/art-et-culture-du-monde.fr\/blog\/wp-json\/wp\/v2\/pages\/1960","targetHints":{"allow":["GET"]}}],"collection":[{"href":"https:\/\/art-et-culture-du-monde.fr\/blog\/wp-json\/wp\/v2\/pages"}],"about":[{"href":"https:\/\/art-et-culture-du-monde.fr\/blog\/wp-json\/wp\/v2\/types\/page"}],"author":[{"embeddable":true,"href":"https:\/\/art-et-culture-du-monde.fr\/blog\/wp-json\/wp\/v2\/users\/1"}],"replies":[{"embeddable":true,"href":"https:\/\/art-et-culture-du-monde.fr\/blog\/wp-json\/wp\/v2\/comments?post=1960"}],"version-history":[{"count":19,"href":"https:\/\/art-et-culture-du-monde.fr\/blog\/wp-json\/wp\/v2\/pages\/1960\/revisions"}],"predecessor-version":[{"id":3368,"href":"https:\/\/art-et-culture-du-monde.fr\/blog\/wp-json\/wp\/v2\/pages\/1960\/revisions\/3368"}],"up":[{"embeddable":true,"href":"https:\/\/art-et-culture-du-monde.fr\/blog\/wp-json\/wp\/v2\/pages\/207"}],"wp:attachment":[{"href":"https:\/\/art-et-culture-du-monde.fr\/blog\/wp-json\/wp\/v2\/media?parent=1960"}],"curies":[{"name":"wp","href":"https:\/\/api.w.org\/{rel}","templated":true}]}}