{"id":1806,"date":"2018-03-13T14:18:51","date_gmt":"2018-03-13T13:18:51","guid":{"rendered":"http:\/\/art-et-culture-du-monde.fr\/blog\/?page_id=1806"},"modified":"2022-05-09T22:34:35","modified_gmt":"2022-05-09T20:34:35","slug":"1806-2","status":"publish","type":"page","link":"https:\/\/art-et-culture-du-monde.fr\/blog\/dossier-oiseaux\/1806-2\/","title":{"rendered":"O\u00f9 voir un spectacle de rapaces ?"},"content":{"rendered":"<p>[et_pb_section fb_built=\u00a0\u00bb1&Prime; _builder_version=\u00a0\u00bb3.22&Prime; global_colors_info=\u00a0\u00bb{}\u00a0\u00bb][et_pb_row _builder_version=\u00a0\u00bb3.25&Prime; background_size=\u00a0\u00bbinitial\u00a0\u00bb background_position=\u00a0\u00bbtop_left\u00a0\u00bb background_repeat=\u00a0\u00bbrepeat\u00a0\u00bb global_colors_info=\u00a0\u00bb{}\u00a0\u00bb][et_pb_column type=\u00a0\u00bb4_4&Prime; _builder_version=\u00a0\u00bb3.25&Prime; custom_padding=\u00a0\u00bb|||\u00a0\u00bb global_colors_info=\u00a0\u00bb{}\u00a0\u00bb custom_padding__hover=\u00a0\u00bb|||\u00a0\u00bb][et_pb_text _builder_version=\u00a0\u00bb4.14.8&Prime; global_colors_info=\u00a0\u00bb{}\u00a0\u00bb]<\/p>\n<p><span style=\"font-size: large;\">Lieu id\u00e9al pour approcher de pr\u00e8s aigles, faucons, hiboux, chouettes, voici une carte des voleries de rapaces en France. Cette carte sera compl\u00e9t\u00e9e au fur et \u00e0 mesure des d\u00e9couvertes.<\/span><\/p>\n<p><span style=\"font-size: large;\">N&rsquo;h\u00e9sitez pas aussi \u00e0 sugg\u00e9rer des adresses ou a me signaler d&rsquo;\u00e9ventuelles erreurs.<\/span><\/p>\n<p><span style=\"font-size: large;\">Les rapaces sont des esp\u00e8ces prot\u00e9g\u00e9es. Les conditions pour pouvoir en d\u00e9tenir sont s\u00e9v\u00e8res et la capture dans la nature n&rsquo;est pas autoris\u00e9e. Alors, que vous soyez amateurs de chouette, de hibou, de buse, d&rsquo;aigle ou de faucon, n&rsquo;h\u00e9sitez plus !<br \/><\/span><\/p>\n<p>[\/et_pb_text][et_pb_text admin_label=\u00a0\u00bbTableau des voleries\u00a0\u00bb _builder_version=\u00a0\u00bb4.14.8&Prime; global_colors_info=\u00a0\u00bb{}\u00a0\u00bb]<\/p>\n<p style=\"text-align: center;\">&#8211;<\/p>\n<table width=\"363\">\n<tbody>\n<tr>\n<td width=\"80\">Dept<\/td>\n<td width=\"182\">Nom<\/td>\n<td width=\"101\">Site Internet<\/td>\n<\/tr>\n<tr>\n<td>02<\/td>\n<td>Les remparts du Chateau<\/td>\n<td><a href=\"https:\/\/www.aigles-chateau-thierry.com\/\" target=\"blank\" rel=\"noopener\">https:\/\/www.aigles-chateau-thierry.com\/<\/a><\/td>\n<\/tr>\n<tr>\n<td>09<\/td>\n<td>Ch\u00e2teau de Lordat<\/td>\n<td>\u00a0<\/td>\n<\/tr>\n<tr>\n<td>12<\/td>\n<td>Les ailes du Larzac<\/td>\n<td><a href=\"https:\/\/fauconnerie-effarouchement-demonstration.com\/\" target=\"blank\" rel=\"noopener\">https:\/\/fauconnerie-effarouchement-demonstration.com\/<\/a><\/td>\n<\/tr>\n<tr>\n<td>26<\/td>\n<td>Zoo de Upie<\/td>\n<td><a href=\"https:\/\/www.jardin-aux-oiseaux.com\/fr\/\" target=\"blank\" rel=\"noopener\">https:\/\/www.jardin-aux-oiseaux.com\/fr\/<\/a><\/td>\n<\/tr>\n<tr>\n<td>42<\/td>\n<td>Volerie du Forez<\/td>\n<td><a href=\"http:\/\/volerieduforez.fr\/\" target=\"blank\" rel=\"noopener\">http:\/\/volerieduforez.fr\/<\/a><\/td>\n<\/tr>\n<tr>\n<td>43<\/td>\n<td>Ch\u00e2teau de Rochebaron<\/td>\n<td><a href=\"http:\/\/www.rochebaron.org\/demonstrations\/\" target=\"blank\" rel=\"noopener\">http:\/\/www.rochebaron.org\/demonstrations\/<\/a><\/td>\n<\/tr>\n<tr>\n<td>46<\/td>\n<td>Le Rocher des Aigles<\/td>\n<td><a href=\"http:\/\/www.rocherdesaigles.com\/\" target=\"blank\" rel=\"noopener\">http:\/\/www.rocherdesaigles.com\/<\/a><\/td>\n<\/tr>\n<tr>\n<td>57<\/td>\n<td>Zoo d&rsquo;Amn\u00e9ville<\/td>\n<td><a href=\"http:\/\/www.zoo-amneville.com\/spectacles\/rapaces.php\" target=\"blank\" rel=\"noopener\">http:\/\/www.zoo-amneville.com\/spectacles\/rapaces.php<\/a><\/td>\n<\/tr>\n<tr>\n<td>65<\/td>\n<td>Le Parc aux Rapaces<\/td>\n<td><a href=\"http:\/\/fauconnerie-marche.fr\/\" target=\"blank\" rel=\"noopener\">http:\/\/fauconnerie-marche.fr\/<\/a><\/td>\n<\/tr>\n<tr>\n<td>65<\/td>\n<td>Donjon des Aigles<\/td>\n<td>\n<table style=\"width: 205px;\">\n<tbody>\n<tr>\n<td style=\"width: 195px;\"><a href=\"https:\/\/www.donjon-des-aigles.com\/\" target=\"blank\" rel=\"noopener\">https:\/\/www.donjon-des-aigles.com\/<\/a><\/td>\n<\/tr>\n<\/tbody>\n<\/table>\n<\/td>\n<\/tr>\n<tr>\n<td>65<\/td>\n<td>Les aigles d&rsquo;Aure<\/td>\n<td><a href=\"http:\/\/www.aigles-daure.com\/\" target=\"blank\" rel=\"noopener\">http:\/\/www.aigles-daure.com\/<\/a><\/td>\n<\/tr>\n<tr>\n<td>67<\/td>\n<td>Ch\u00e2teau de Kintzheim<\/td>\n<td><a href=\"http:\/\/www.voleriedesaigles.com\/\">www.voleriedesaigles.com<\/a><\/td>\n<\/tr>\n<tr>\n<td>74<\/td>\n<td>Les aigles du L\u00e9man<\/td>\n<td><a href=\"http:\/\/lesaiglesduleman.com\/\" target=\"blank\" rel=\"noopener\">http:\/\/lesaiglesduleman.com\/<\/a><\/td>\n<\/tr>\n<tr>\n<td>77<\/td>\n<td>Les aigles des remparts<\/td>\n<td><a href=\"https:\/\/www.vollibre.fr\/\" target=\"blank\" rel=\"noopener\">https:\/\/www.vollibre.fr\/<\/a><\/td>\n<\/tr>\n<tr>\n<td>78<\/td>\n<td>Espace Rambouillet<\/td>\n<td><a href=\"http:\/\/www.espacerambouillet.fr\/les-activites\/la-foret-des-aigles\/spectacle-rapace\/\" target=\"blank\" rel=\"noopener\">http:\/\/www.espacerambouillet.fr\/les-activites\/la-foret-des-aigles\/spectacle-rapace\/<\/a><\/td>\n<\/tr>\n<tr>\n<td>85<\/td>\n<td>Le Grand Parc du Puy du Fou<\/td>\n<td><a href=\"https:\/\/www.puydufou.com\/fr\" target=\"blank\" rel=\"noopener\">https:\/\/www.puydufou.com\/fr<\/a><\/td>\n<\/tr>\n<tr>\n<td>86<\/td>\n<td>Les g\u00e9ants du ciel<\/td>\n<td><a href=\"https:\/\/www.geantsduciel.com\/\" target=\"blank\" rel=\"noopener\">https:\/\/www.geantsduciel.com\/<\/a><\/td>\n<\/tr>\n<\/tbody>\n<\/table>\n<p style=\"text-align: center;\">&#8211;<\/p>\n<p>[\/et_pb_text][et_pb_text _builder_version=\u00a0\u00bb4.14.8&Prime; hover_enabled=\u00a0\u00bb0&Prime; global_colors_info=\u00a0\u00bb{}\u00a0\u00bb sticky_enabled=\u00a0\u00bb0&Prime;]<\/p>\n<p style=\"text-align: left;\"><span style=\"font-size: large;\">Bien qu&rsquo;on parle de \u00ab\u00a0Spectacle\u00a0\u00bb, il s&rsquo;agit, de fa\u00e7on plus r\u00e9aliste, de d\u00e9monstration de vol o\u00f9 les rapaces font ce qu&rsquo;ils feraient dans la nature. Il s&rsquo;agit donc d&rsquo;une occasion rare d&rsquo;approcher et comprendre aussi ce qui se passe dans la nature pour les rapaces, qu&rsquo;ils soient diurnes ou nocturnes.<\/span><\/a><\/span><\/p>\n<p style=\"text-align: center;\"><span style=\"font-size: large;\">Une question, une suggestion, <a href=\"https:\/\/art-et-culture-du-monde.fr\/blog\/contact\/\"><span style=\"font-size: large;\">n&rsquo;h\u00e9sitez pas \u00e0 nous contacter !<\/span><\/a><\/span><\/p>\n<p style=\"text-align: center;\"><a href=\"https:\/\/art-et-culture-du-monde.fr\/blog\/themes\/\"><span style=\"font-size: large;\">Nous proposons aussi des expositions et des rencontres sur le th\u00e8me des rapaces.<\/span><\/a><\/p>\n<p style=\"text-align: center;\"><a href='https:\/\/art-et-culture-du-monde.fr\/blog\/dossier-oiseaux\/' class='small-button smallblue'><span style=\"font-size: large;\">Retour sur la page du dossier oiseaux<\/a> <\/span><\/p>\n<p>[\/et_pb_text][\/et_pb_column][\/et_pb_row][\/et_pb_section]<\/p>\n","protected":false},"excerpt":{"rendered":"<p>Lieu id\u00e9al pour approcher de pr\u00e8s aigles, faucons, hiboux, chouettes, voici une carte des voleries de rapaces en France. Cette carte sera compl\u00e9t\u00e9e au fur et \u00e0 mesure des d\u00e9couvertes. N&rsquo;h\u00e9sitez pas aussi \u00e0 sugg\u00e9rer des adresses ou a me signaler d&rsquo;\u00e9ventuelles erreurs. Les rapaces sont des esp\u00e8ces prot\u00e9g\u00e9es. Les conditions pour pouvoir en d\u00e9tenir [&hellip;]<\/p>\n","protected":false},"author":1,"featured_media":0,"parent":207,"menu_order":0,"comment_status":"closed","ping_status":"closed","template":"","meta":{"_et_pb_use_builder":"on","_et_pb_old_content":"","_et_gb_content_width":"","footnotes":""},"class_list":["post-1806","page","type-page","status-publish","hentry"],"yoast_head":"<!-- This site is optimized with the Yoast SEO plugin v27.2 - https:\/\/yoast.com\/product\/yoast-seo-wordpress\/ -->\n<title>O\u00f9 voir un spectacle de rapaces ? - La Nature d&#039;Eric<\/title>\n<meta name=\"description\" content=\"Carte des voleries de rapaces en France. L&#039;occasion de voir de pr\u00e8s et en vol des rapaces du monde entier. AIgles, buses, chouettes, hiboux.\" \/>\n<meta name=\"robots\" content=\"index, follow, max-snippet:-1, max-image-preview:large, max-video-preview:-1\" \/>\n<link rel=\"canonical\" href=\"https:\/\/art-et-culture-du-monde.fr\/blog\/dossier-oiseaux\/1806-2\/\" \/>\n<meta property=\"og:locale\" content=\"fr_FR\" \/>\n<meta property=\"og:type\" content=\"article\" \/>\n<meta property=\"og:title\" content=\"O\u00f9 voir un spectacle de rapaces ? - La Nature d&#039;Eric\" \/>\n<meta property=\"og:description\" content=\"Carte des voleries de rapaces en France. L&#039;occasion de voir de pr\u00e8s et en vol des rapaces du monde entier. AIgles, buses, chouettes, hiboux.\" \/>\n<meta property=\"og:url\" content=\"https:\/\/art-et-culture-du-monde.fr\/blog\/dossier-oiseaux\/1806-2\/\" \/>\n<meta property=\"og:site_name\" content=\"La Nature d&#039;Eric\" \/>\n<meta property=\"article:publisher\" content=\"https:\/\/www.facebook.com\/Art-et-Culture-du-Monde-ACM-175103796680\/\" \/>\n<meta property=\"article:modified_time\" content=\"2022-05-09T20:34:35+00:00\" \/>\n<meta name=\"twitter:card\" content=\"summary_large_image\" \/>\n<meta name=\"twitter:label1\" content=\"Dur\u00e9e de lecture estim\u00e9e\" \/>\n\t<meta name=\"twitter:data1\" content=\"2 minutes\" \/>\n<script type=\"application\/ld+json\" class=\"yoast-schema-graph\">{\"@context\":\"https:\/\/schema.org\",\"@graph\":[{\"@type\":\"WebPage\",\"@id\":\"https:\/\/art-et-culture-du-monde.fr\/blog\/dossier-oiseaux\/1806-2\/\",\"url\":\"https:\/\/art-et-culture-du-monde.fr\/blog\/dossier-oiseaux\/1806-2\/\",\"name\":\"O\u00f9 voir un spectacle de rapaces ? - La Nature d&#039;Eric\",\"isPartOf\":{\"@id\":\"https:\/\/art-et-culture-du-monde.fr\/blog\/#website\"},\"datePublished\":\"2018-03-13T13:18:51+00:00\",\"dateModified\":\"2022-05-09T20:34:35+00:00\",\"description\":\"Carte des voleries de rapaces en France. L'occasion de voir de pr\u00e8s et en vol des rapaces du monde entier. AIgles, buses, chouettes, hiboux.\",\"breadcrumb\":{\"@id\":\"https:\/\/art-et-culture-du-monde.fr\/blog\/dossier-oiseaux\/1806-2\/#breadcrumb\"},\"inLanguage\":\"fr-FR\",\"potentialAction\":[{\"@type\":\"ReadAction\",\"target\":[\"https:\/\/art-et-culture-du-monde.fr\/blog\/dossier-oiseaux\/1806-2\/\"]}]},{\"@type\":\"BreadcrumbList\",\"@id\":\"https:\/\/art-et-culture-du-monde.fr\/blog\/dossier-oiseaux\/1806-2\/#breadcrumb\",\"itemListElement\":[{\"@type\":\"ListItem\",\"position\":1,\"name\":\"Accueil\",\"item\":\"https:\/\/art-et-culture-du-monde.fr\/blog\/\"},{\"@type\":\"ListItem\",\"position\":2,\"name\":\"Dossier Oiseaux\",\"item\":\"https:\/\/art-et-culture-du-monde.fr\/blog\/dossier-oiseaux\/\"},{\"@type\":\"ListItem\",\"position\":3,\"name\":\"O\u00f9 voir un spectacle de rapaces ?\"}]},{\"@type\":\"WebSite\",\"@id\":\"https:\/\/art-et-culture-du-monde.fr\/blog\/#website\",\"url\":\"https:\/\/art-et-culture-du-monde.fr\/blog\/\",\"name\":\"La Nature d&#039;Eric\",\"description\":\"D\u00e9couvrir - Partager - Pr\u00e9server\",\"potentialAction\":[{\"@type\":\"SearchAction\",\"target\":{\"@type\":\"EntryPoint\",\"urlTemplate\":\"https:\/\/art-et-culture-du-monde.fr\/blog\/?s={search_term_string}\"},\"query-input\":{\"@type\":\"PropertyValueSpecification\",\"valueRequired\":true,\"valueName\":\"search_term_string\"}}],\"inLanguage\":\"fr-FR\"}]}<\/script>\n<!-- \/ Yoast SEO plugin. -->","yoast_head_json":{"title":"O\u00f9 voir un spectacle de rapaces ? - La Nature d&#039;Eric","description":"Carte des voleries de rapaces en France. L'occasion de voir de pr\u00e8s et en vol des rapaces du monde entier. AIgles, buses, chouettes, hiboux.","robots":{"index":"index","follow":"follow","max-snippet":"max-snippet:-1","max-image-preview":"max-image-preview:large","max-video-preview":"max-video-preview:-1"},"canonical":"https:\/\/art-et-culture-du-monde.fr\/blog\/dossier-oiseaux\/1806-2\/","og_locale":"fr_FR","og_type":"article","og_title":"O\u00f9 voir un spectacle de rapaces ? - La Nature d&#039;Eric","og_description":"Carte des voleries de rapaces en France. L'occasion de voir de pr\u00e8s et en vol des rapaces du monde entier. AIgles, buses, chouettes, hiboux.","og_url":"https:\/\/art-et-culture-du-monde.fr\/blog\/dossier-oiseaux\/1806-2\/","og_site_name":"La Nature d&#039;Eric","article_publisher":"https:\/\/www.facebook.com\/Art-et-Culture-du-Monde-ACM-175103796680\/","article_modified_time":"2022-05-09T20:34:35+00:00","twitter_card":"summary_large_image","twitter_misc":{"Dur\u00e9e de lecture estim\u00e9e":"2 minutes"},"schema":{"@context":"https:\/\/schema.org","@graph":[{"@type":"WebPage","@id":"https:\/\/art-et-culture-du-monde.fr\/blog\/dossier-oiseaux\/1806-2\/","url":"https:\/\/art-et-culture-du-monde.fr\/blog\/dossier-oiseaux\/1806-2\/","name":"O\u00f9 voir un spectacle de rapaces ? - La Nature d&#039;Eric","isPartOf":{"@id":"https:\/\/art-et-culture-du-monde.fr\/blog\/#website"},"datePublished":"2018-03-13T13:18:51+00:00","dateModified":"2022-05-09T20:34:35+00:00","description":"Carte des voleries de rapaces en France. L'occasion de voir de pr\u00e8s et en vol des rapaces du monde entier. AIgles, buses, chouettes, hiboux.","breadcrumb":{"@id":"https:\/\/art-et-culture-du-monde.fr\/blog\/dossier-oiseaux\/1806-2\/#breadcrumb"},"inLanguage":"fr-FR","potentialAction":[{"@type":"ReadAction","target":["https:\/\/art-et-culture-du-monde.fr\/blog\/dossier-oiseaux\/1806-2\/"]}]},{"@type":"BreadcrumbList","@id":"https:\/\/art-et-culture-du-monde.fr\/blog\/dossier-oiseaux\/1806-2\/#breadcrumb","itemListElement":[{"@type":"ListItem","position":1,"name":"Accueil","item":"https:\/\/art-et-culture-du-monde.fr\/blog\/"},{"@type":"ListItem","position":2,"name":"Dossier Oiseaux","item":"https:\/\/art-et-culture-du-monde.fr\/blog\/dossier-oiseaux\/"},{"@type":"ListItem","position":3,"name":"O\u00f9 voir un spectacle de rapaces ?"}]},{"@type":"WebSite","@id":"https:\/\/art-et-culture-du-monde.fr\/blog\/#website","url":"https:\/\/art-et-culture-du-monde.fr\/blog\/","name":"La Nature d&#039;Eric","description":"D\u00e9couvrir - Partager - Pr\u00e9server","potentialAction":[{"@type":"SearchAction","target":{"@type":"EntryPoint","urlTemplate":"https:\/\/art-et-culture-du-monde.fr\/blog\/?s={search_term_string}"},"query-input":{"@type":"PropertyValueSpecification","valueRequired":true,"valueName":"search_term_string"}}],"inLanguage":"fr-FR"}]}},"jetpack-related-posts":[],"jetpack_sharing_enabled":true,"_links":{"self":[{"href":"https:\/\/art-et-culture-du-monde.fr\/blog\/wp-json\/wp\/v2\/pages\/1806","targetHints":{"allow":["GET"]}}],"collection":[{"href":"https:\/\/art-et-culture-du-monde.fr\/blog\/wp-json\/wp\/v2\/pages"}],"about":[{"href":"https:\/\/art-et-culture-du-monde.fr\/blog\/wp-json\/wp\/v2\/types\/page"}],"author":[{"embeddable":true,"href":"https:\/\/art-et-culture-du-monde.fr\/blog\/wp-json\/wp\/v2\/users\/1"}],"replies":[{"embeddable":true,"href":"https:\/\/art-et-culture-du-monde.fr\/blog\/wp-json\/wp\/v2\/comments?post=1806"}],"version-history":[{"count":33,"href":"https:\/\/art-et-culture-du-monde.fr\/blog\/wp-json\/wp\/v2\/pages\/1806\/revisions"}],"predecessor-version":[{"id":3347,"href":"https:\/\/art-et-culture-du-monde.fr\/blog\/wp-json\/wp\/v2\/pages\/1806\/revisions\/3347"}],"up":[{"embeddable":true,"href":"https:\/\/art-et-culture-du-monde.fr\/blog\/wp-json\/wp\/v2\/pages\/207"}],"wp:attachment":[{"href":"https:\/\/art-et-culture-du-monde.fr\/blog\/wp-json\/wp\/v2\/media?parent=1806"}],"curies":[{"name":"wp","href":"https:\/\/api.w.org\/{rel}","templated":true}]}}