{"id":1731,"date":"2018-01-19T22:21:14","date_gmt":"2018-01-19T21:21:14","guid":{"rendered":"http:\/\/art-et-culture-du-monde.fr\/blog\/?page_id=1731"},"modified":"2018-10-20T10:06:39","modified_gmt":"2018-10-20T08:06:39","slug":"le-stand-qui-ne-vend-rien-mais-partage-tout","status":"publish","type":"page","link":"https:\/\/art-et-culture-du-monde.fr\/blog\/animations\/le-stand-qui-ne-vend-rien-mais-partage-tout\/","title":{"rendered":"Stand d&rsquo;\u00e9ducation \u00e0 l&rsquo;environnement"},"content":{"rendered":"<p>[et_pb_section bb_built=\u00a0\u00bb1&Prime; admin_label=\u00a0\u00bbsection\u00a0\u00bb transparent_background=\u00a0\u00bboff\u00a0\u00bb background_color=\u00a0\u00bbrgba(124,226,77,0.54)\u00a0\u00bb allow_player_pause=\u00a0\u00bboff\u00a0\u00bb inner_shadow=\u00a0\u00bboff\u00a0\u00bb parallax=\u00a0\u00bboff\u00a0\u00bb parallax_method=\u00a0\u00bboff\u00a0\u00bb make_fullwidth=\u00a0\u00bboff\u00a0\u00bb use_custom_width=\u00a0\u00bboff\u00a0\u00bb width_unit=\u00a0\u00bbon\u00a0\u00bb custom_width_px=\u00a0\u00bb1080px\u00a0\u00bb custom_width_percent=\u00a0\u00bb80%\u00a0\u00bb make_equal=\u00a0\u00bboff\u00a0\u00bb use_custom_gutter=\u00a0\u00bboff\u00a0\u00bb fullwidth=\u00a0\u00bboff\u00a0\u00bb specialty=\u00a0\u00bboff\u00a0\u00bb disabled=\u00a0\u00bboff\u00a0\u00bb][et_pb_row admin_label=\u00a0\u00bbrow\u00a0\u00bb make_fullwidth=\u00a0\u00bboff\u00a0\u00bb use_custom_width=\u00a0\u00bboff\u00a0\u00bb width_unit=\u00a0\u00bbon\u00a0\u00bb custom_width_px=\u00a0\u00bb1080px\u00a0\u00bb custom_width_percent=\u00a0\u00bb80%\u00a0\u00bb use_custom_gutter=\u00a0\u00bboff\u00a0\u00bb gutter_width=\u00a0\u00bb3&Prime; background_color=\u00a0\u00bb#ffffff\u00a0\u00bb allow_player_pause=\u00a0\u00bboff\u00a0\u00bb parallax=\u00a0\u00bboff\u00a0\u00bb parallax_method=\u00a0\u00bboff\u00a0\u00bb make_equal=\u00a0\u00bboff\u00a0\u00bb parallax_1=\u00a0\u00bboff\u00a0\u00bb parallax_method_1=\u00a0\u00bboff\u00a0\u00bb parallax_2=\u00a0\u00bboff\u00a0\u00bb parallax_method_2=\u00a0\u00bbon\u00a0\u00bb parallax_3=\u00a0\u00bboff\u00a0\u00bb parallax_method_3=\u00a0\u00bbon\u00a0\u00bb parallax_4=\u00a0\u00bboff\u00a0\u00bb parallax_method_4=\u00a0\u00bbon\u00a0\u00bb disabled=\u00a0\u00bboff\u00a0\u00bb background_position=\u00a0\u00bbtop_left\u00a0\u00bb background_repeat=\u00a0\u00bbrepeat\u00a0\u00bb background_size=\u00a0\u00bbinitial\u00a0\u00bb][et_pb_column type=\u00a0\u00bb4_4&Prime;][et_pb_text background_color=\u00a0\u00bb#7cda24&Prime; use_border_color=\u00a0\u00bboff\u00a0\u00bb background_position=\u00a0\u00bbtop_left\u00a0\u00bb background_repeat=\u00a0\u00bbrepeat\u00a0\u00bb background_size=\u00a0\u00bbinitial\u00a0\u00bb _builder_version=\u00a0\u00bb3.12&Prime;]<\/p>\n<p style=\"text-align: center;\">&#8211;<\/p>\n<h2 style=\"text-align: center;\">Stand d&rsquo;\u00e9ducation \u00e0 l&rsquo;environnement<\/h2>\n<p style=\"text-align: center;\">&#8211;<\/p>\n<p>[\/et_pb_text][\/et_pb_column][\/et_pb_row][et_pb_row admin_label=\u00a0\u00bbrow\u00a0\u00bb make_fullwidth=\u00a0\u00bboff\u00a0\u00bb use_custom_width=\u00a0\u00bboff\u00a0\u00bb width_unit=\u00a0\u00bbon\u00a0\u00bb custom_width_px=\u00a0\u00bb1080px\u00a0\u00bb custom_width_percent=\u00a0\u00bb80%\u00a0\u00bb use_custom_gutter=\u00a0\u00bboff\u00a0\u00bb gutter_width=\u00a0\u00bb3&Prime; background_color=\u00a0\u00bb#ffffff\u00a0\u00bb allow_player_pause=\u00a0\u00bboff\u00a0\u00bb parallax=\u00a0\u00bboff\u00a0\u00bb parallax_method=\u00a0\u00bboff\u00a0\u00bb make_equal=\u00a0\u00bboff\u00a0\u00bb parallax_1=\u00a0\u00bboff\u00a0\u00bb parallax_method_1=\u00a0\u00bboff\u00a0\u00bb parallax_2=\u00a0\u00bboff\u00a0\u00bb parallax_method_2=\u00a0\u00bbon\u00a0\u00bb parallax_3=\u00a0\u00bboff\u00a0\u00bb parallax_method_3=\u00a0\u00bbon\u00a0\u00bb parallax_4=\u00a0\u00bboff\u00a0\u00bb parallax_method_4=\u00a0\u00bbon\u00a0\u00bb disabled=\u00a0\u00bboff\u00a0\u00bb background_position=\u00a0\u00bbtop_left\u00a0\u00bb background_repeat=\u00a0\u00bbrepeat\u00a0\u00bb background_size=\u00a0\u00bbinitial\u00a0\u00bb _builder_version=\u00a0\u00bb3.12&Prime;][et_pb_column type=\u00a0\u00bb1_2&Prime;][et_pb_image admin_label=\u00a0\u00bbstand Lombez\u00a0\u00bb _builder_version=\u00a0\u00bb3.12&Prime; src=\u00a0\u00bbhttp:\/\/art-et-culture-du-monde.fr\/blog\/wp-content\/uploads\/2018\/08\/Animation_Lombez_2.jpg\u00a0\u00bb align=\u00a0\u00bbcenter\u00a0\u00bb alt=\u00a0\u00bbAnimation d&rsquo;\u00e9ducation \u00e0 l&rsquo;environnement\u00a0\u00bb \/][et_pb_image admin_label=\u00a0\u00bbLes Pujols\u00a0\u00bb _builder_version=\u00a0\u00bb3.12&Prime; src=\u00a0\u00bbhttp:\/\/art-et-culture-du-monde.fr\/blog\/wp-content\/uploads\/2017\/03\/MG_8837-red.jpg\u00a0\u00bb align=\u00a0\u00bbcenter\u00a0\u00bb alt=\u00a0\u00bbSilhouette de Grizzli grandeur nature\u00a0\u00bb \/][\/et_pb_column][et_pb_column type=\u00a0\u00bb1_2&Prime;][et_pb_text use_border_color=\u00a0\u00bboff\u00a0\u00bb disabled=\u00a0\u00bboff\u00a0\u00bb custom_margin=\u00a0\u00bb|50px||\u00a0\u00bb custom_margin_tablet=\u00a0\u00bb|70px||\u00a0\u00bb custom_margin_phone=\u00a0\u00bb|20px||\u00a0\u00bb custom_margin_last_edited=\u00a0\u00bbon|desktop\u00a0\u00bb background_position=\u00a0\u00bbtop_left\u00a0\u00bb background_repeat=\u00a0\u00bbrepeat\u00a0\u00bb background_size=\u00a0\u00bbinitial\u00a0\u00bb _builder_version=\u00a0\u00bb3.12&Prime; text_orientation=\u00a0\u00bbjustified\u00a0\u00bb]<\/p>\n<p><span style=\"font-size: large;\">De nos jours, il est extr\u00eamement difficile de faire venir un nouveau public \u00e0 une conf\u00e9rence consacr\u00e9e \u00e0 l&rsquo;\u00e9ducation \u00e0 l&rsquo;environnement, m\u00eame courte. C&rsquo;est pourquoi nous poussons ici le concept d&rsquo;interpr\u00e9tation et de partage encore plus loin.<\/span><\/p>\n<p><span style=\"font-size: large;\">Nous ins\u00e9rons dans votre \u00e9v\u00e8nement (foire, f\u00eate, march\u00e9, etc &#8230;) un stand sur un th\u00e8me pr\u00e9cis, avec des supports ludiques (panneaux, maquettes, silhouettes &#8230;) et nous interpellons le public puis r\u00e9pondons aux questions<\/span><span style=\"font-size: large;\">. Les \u00e9changes peuvent \u00eatre libres ou conduits via des jeux comme des devinettes, des charades etc &#8230;<br \/>\n<\/span><\/p>\n<p><span style=\"font-size: large;\">Notre d\u00e9fi ? Faire en sorte que m\u00eame les personnes non int\u00e9ress\u00e9es repartent avec quelques id\u00e9es, voire m\u00eame en se posant des questions.<\/span><\/p>\n<p><span style=\"font-size: large;\">Et toujours dans le respect de notre devise: DECOUVRIR &#8211; PARTAGER &#8211; PRESERVER<br \/>\n<\/span><\/p>\n<p>&nbsp;<\/p>\n<p>[\/et_pb_text][\/et_pb_column][\/et_pb_row][et_pb_row admin_label=\u00a0\u00bbrow\u00a0\u00bb make_fullwidth=\u00a0\u00bboff\u00a0\u00bb use_custom_width=\u00a0\u00bboff\u00a0\u00bb width_unit=\u00a0\u00bbon\u00a0\u00bb custom_width_px=\u00a0\u00bb1080px\u00a0\u00bb custom_width_percent=\u00a0\u00bb80%\u00a0\u00bb use_custom_gutter=\u00a0\u00bboff\u00a0\u00bb gutter_width=\u00a0\u00bb3&Prime; background_color=\u00a0\u00bb#ffffff\u00a0\u00bb allow_player_pause=\u00a0\u00bboff\u00a0\u00bb parallax=\u00a0\u00bboff\u00a0\u00bb parallax_method=\u00a0\u00bboff\u00a0\u00bb make_equal=\u00a0\u00bboff\u00a0\u00bb parallax_1=\u00a0\u00bboff\u00a0\u00bb parallax_method_1=\u00a0\u00bboff\u00a0\u00bb parallax_2=\u00a0\u00bboff\u00a0\u00bb parallax_method_2=\u00a0\u00bbon\u00a0\u00bb parallax_3=\u00a0\u00bboff\u00a0\u00bb parallax_method_3=\u00a0\u00bbon\u00a0\u00bb parallax_4=\u00a0\u00bboff\u00a0\u00bb parallax_method_4=\u00a0\u00bbon\u00a0\u00bb disabled=\u00a0\u00bboff\u00a0\u00bb background_position=\u00a0\u00bbtop_left\u00a0\u00bb background_repeat=\u00a0\u00bbrepeat\u00a0\u00bb background_size=\u00a0\u00bbinitial\u00a0\u00bb][et_pb_column type=\u00a0\u00bb1_2&Prime;][et_pb_text use_border_color=\u00a0\u00bboff\u00a0\u00bb disabled=\u00a0\u00bboff\u00a0\u00bb custom_margin=\u00a0\u00bb|||140px\u00a0\u00bb custom_margin_tablet=\u00a0\u00bb|||70px\u00a0\u00bb custom_margin_phone=\u00a0\u00bb|||20px\u00a0\u00bb custom_margin_last_edited=\u00a0\u00bbon|phone\u00a0\u00bb background_position=\u00a0\u00bbtop_left\u00a0\u00bb background_repeat=\u00a0\u00bbrepeat\u00a0\u00bb background_size=\u00a0\u00bbinitial\u00a0\u00bb _builder_version=\u00a0\u00bb3.12&Prime;]<\/p>\n<p><span style=\"font-size: large;\">Les th\u00e8mes pouvant \u00eatre abord\u00e9s sont:<\/span><\/p>\n<ul>\n<li style=\"list-style-type: none;\">\n<ul>\n<li><span style=\"font-size: large;\"> Les rapaces (Nocturnes et diurnes, en France)<br \/>\n<\/span><\/li>\n<li><span style=\"font-size: large;\">Le Grand Nord: Nord canadien, similitude avec nos montagnes<\/span><\/li>\n<li><span style=\"font-size: large;\">La reconnaissance des empreintes des animaux<\/span><\/li>\n<li><span style=\"font-size: large;\">Les nuisibles<\/span><\/li>\n<\/ul>\n<\/li>\n<\/ul>\n<p>[\/et_pb_text][\/et_pb_column][et_pb_column type=\u00a0\u00bb1_2&Prime;][et_pb_image admin_label=\u00a0\u00bbstand Lombez\u00a0\u00bb _builder_version=\u00a0\u00bb3.12&Prime; src=\u00a0\u00bbhttp:\/\/art-et-culture-du-monde.fr\/blog\/wp-content\/uploads\/2018\/08\/Animation_Lombez_1.jpg\u00a0\u00bb alt=\u00a0\u00bbAnimation d&rsquo;\u00e9ducation \u00e0 l&rsquo;environnement &#8211; sur les traces des animaux\u00a0\u00bb \/][\/et_pb_column][\/et_pb_row][et_pb_row admin_label=\u00a0\u00bbrow\u00a0\u00bb make_fullwidth=\u00a0\u00bboff\u00a0\u00bb use_custom_width=\u00a0\u00bboff\u00a0\u00bb width_unit=\u00a0\u00bbon\u00a0\u00bb custom_width_px=\u00a0\u00bb1080px\u00a0\u00bb custom_width_percent=\u00a0\u00bb80%\u00a0\u00bb use_custom_gutter=\u00a0\u00bboff\u00a0\u00bb gutter_width=\u00a0\u00bb3&Prime; background_color=\u00a0\u00bb#ffffff\u00a0\u00bb allow_player_pause=\u00a0\u00bboff\u00a0\u00bb parallax=\u00a0\u00bboff\u00a0\u00bb parallax_method=\u00a0\u00bboff\u00a0\u00bb make_equal=\u00a0\u00bboff\u00a0\u00bb parallax_1=\u00a0\u00bboff\u00a0\u00bb parallax_method_1=\u00a0\u00bboff\u00a0\u00bb parallax_2=\u00a0\u00bboff\u00a0\u00bb parallax_method_2=\u00a0\u00bbon\u00a0\u00bb parallax_3=\u00a0\u00bboff\u00a0\u00bb parallax_method_3=\u00a0\u00bbon\u00a0\u00bb parallax_4=\u00a0\u00bboff\u00a0\u00bb parallax_method_4=\u00a0\u00bbon\u00a0\u00bb disabled=\u00a0\u00bboff\u00a0\u00bb background_position=\u00a0\u00bbtop_left\u00a0\u00bb background_repeat=\u00a0\u00bbrepeat\u00a0\u00bb background_size=\u00a0\u00bbinitial\u00a0\u00bb][et_pb_column type=\u00a0\u00bb4_4&Prime;][et_pb_text use_border_color=\u00a0\u00bboff\u00a0\u00bb disabled=\u00a0\u00bboff\u00a0\u00bb custom_margin=\u00a0\u00bb|140px||140px\u00a0\u00bb custom_margin_tablet=\u00a0\u00bb|70px||70px\u00a0\u00bb custom_margin_phone=\u00a0\u00bb|20px||20px\u00a0\u00bb custom_margin_last_edited=\u00a0\u00bbon|phone\u00a0\u00bb background_position=\u00a0\u00bbtop_left\u00a0\u00bb background_repeat=\u00a0\u00bbrepeat\u00a0\u00bb background_size=\u00a0\u00bbinitial\u00a0\u00bb _builder_version=\u00a0\u00bb3.12&Prime; text_orientation=\u00a0\u00bbjustified\u00a0\u00bb]<\/p>\n<p><span style=\"font-size: large;\">Ce stand est id\u00e9al pour aborder un public a priori peut au fait des sujets environnementaux ou dans un contexte qui ne se pr\u00eate pas \u00e0 une longue intervention. Il s&rsquo;agit du cha\u00eenon manquant entre le simple stand d&rsquo;information et la conf\u00e9rence ou l&rsquo;animation Nature classique.<\/span><\/p>\n<p><span style=\"font-size: large;\">Nous nous faisons d&rsquo;ailleurs un plaisir d&rsquo;orienter les personnes d\u00e9sireuses d&rsquo;aller plus loin vers les interlocuteurs les mieux adapt\u00e9s.<br \/>\n<\/span><\/p>\n<p>[\/et_pb_text][et_pb_text admin_label=\u00a0\u00bbBas de page\u00a0\u00bb use_border_color=\u00a0\u00bboff\u00a0\u00bb custom_padding=\u00a0\u00bb|140px||140px\u00a0\u00bb custom_padding_phone=\u00a0\u00bb|20px||20px\u00a0\u00bb custom_padding_last_edited=\u00a0\u00bbon|phone\u00a0\u00bb background_color=\u00a0\u00bb#7cda24&Prime; saved_tabs=\u00a0\u00bball\u00a0\u00bb background_position=\u00a0\u00bbtop_left\u00a0\u00bb background_repeat=\u00a0\u00bbrepeat\u00a0\u00bb background_size=\u00a0\u00bbinitial\u00a0\u00bb _builder_version=\u00a0\u00bb3.12&Prime;]<\/p>\n<p>&nbsp;<\/p>\n<p style=\"text-align: center;\">&#8211;<\/p>\n<p style=\"text-align: center;\"><a href='http:\/\/art-et-culture-du-monde.fr\/blog\/nos-actions\/location-dexposition\/' class='small-button smallblue'><span style=\"font-size: large;\">Retour vers la page location d&rsquo;expositions<\/span><\/a><\/p>\n<p style=\"text-align: center;\"><a href='http:\/\/art-et-culture-du-monde.fr\/blog\/animations\/' class='small-button smallblue'><span style=\"font-size: large;\"> Retour vers la page Rencontres<\/span><\/a><\/p>\n<p style=\"text-align: center;\">&#8211;<\/p>\n<p>&nbsp;<\/p>\n<p style=\"text-align: center;\">\n<p>[\/et_pb_text][\/et_pb_column][\/et_pb_row][\/et_pb_section]<\/p>\n","protected":false},"excerpt":{"rendered":"<p>Profitez de notre exp\u00e9rience et de notre adaptabilit\u00e9 pour proposer \u00e0 votre public une animation d&rsquo;\u00e9ducation \u00e0 l&rsquo;environnement flexible qui s&rsquo;adaptera \u00e0 tous.<\/p>\n","protected":false},"author":1,"featured_media":0,"parent":192,"menu_order":0,"comment_status":"closed","ping_status":"closed","template":"","meta":{"_et_pb_use_builder":"on","_et_pb_old_content":"<p><a href=\"http:\/\/art-et-culture-du-monde.fr\/blog\/wp-content\/uploads\/2016\/04\/grizzly.jpg\"><img class=\"size-thumbnail wp-image-753 alignleft\" src=\"http:\/\/art-et-culture-du-monde.fr\/blog\/wp-content\/uploads\/2016\/04\/grizzly-150x150.jpg\" alt=\"\" width=\"150\" height=\"150\" \/><\/a>Lieu mythique et pourtant m\u00e9connu dans sa r\u00e9alit\u00e9. Partez \u00e0 la d\u00e9couverte de ce lieu mis \u00e0 l'honneur par Jack London, Charlie Chaplin et Picsou !<\/p><p>Les panneaux richement illustr\u00e9s, vous feront d\u00e9couvrir la g\u00e9ographie, la faune, la flore et l'histoire de cette r\u00e9gion si injustement m\u00e9connue en France.<\/p><p><a href=\"http:\/\/art-et-culture-du-monde.fr\/blog\/wp-content\/uploads\/2016\/04\/temp.jpg\"><img class=\"alignnone size-thumbnail wp-image-754\" src=\"http:\/\/art-et-culture-du-monde.fr\/blog\/wp-content\/uploads\/2016\/04\/temp-150x150.jpg\" alt=\"\" width=\"150\" height=\"150\" \/><\/a><a href=\"http:\/\/art-et-culture-du-monde.fr\/blog\/wp-content\/uploads\/2017\/02\/IMG_1593_easyHDR-rec-30x40-red.jpg\"><img class=\"alignnone size-thumbnail wp-image-828\" src=\"http:\/\/art-et-culture-du-monde.fr\/blog\/wp-content\/uploads\/2017\/02\/IMG_1593_easyHDR-rec-30x40-red-150x150.jpg\" alt=\"\" width=\"150\" height=\"150\" \/><\/a><a href=\"http:\/\/art-et-culture-du-monde.fr\/blog\/wp-content\/uploads\/2017\/02\/IMG_7973-ret2-20x30-red.jpg\"><img class=\"alignnone size-thumbnail wp-image-829\" src=\"http:\/\/art-et-culture-du-monde.fr\/blog\/wp-content\/uploads\/2017\/02\/IMG_7973-ret2-20x30-red-150x150.jpg\" alt=\"\" width=\"150\" height=\"150\" \/><\/a><\/p><p><a href=\"http:\/\/art-et-culture-du-monde.fr\/blog\/wp-content\/uploads\/2017\/02\/IMG_8058-20x30-red.jpg\"><img class=\"alignnone size-thumbnail wp-image-830\" src=\"http:\/\/art-et-culture-du-monde.fr\/blog\/wp-content\/uploads\/2017\/02\/IMG_8058-20x30-red-150x150.jpg\" alt=\"\" width=\"150\" height=\"150\" \/><\/a><a href=\"http:\/\/art-et-culture-du-monde.fr\/blog\/wp-content\/uploads\/2017\/02\/IMG_7910-20x30-red.jpg\"><img class=\"alignnone size-thumbnail wp-image-831\" src=\"http:\/\/art-et-culture-du-monde.fr\/blog\/wp-content\/uploads\/2017\/02\/IMG_7910-20x30-red-150x150.jpg\" alt=\"\" width=\"150\" height=\"150\" \/><\/a><a href=\"http:\/\/art-et-culture-du-monde.fr\/blog\/wp-content\/uploads\/2017\/02\/IMG_7886-20x30-red.jpg\"><img class=\"alignnone size-thumbnail wp-image-832\" src=\"http:\/\/art-et-culture-du-monde.fr\/blog\/wp-content\/uploads\/2017\/02\/IMG_7886-20x30-red-150x150.jpg\" alt=\"\" width=\"150\" height=\"150\" \/><\/a><\/p><p>Le nombre de panneaux est ajustable en fonction de la place disponibles et des sujets souhait\u00e9s.<\/p><p>Si l'exposition est associ\u00e9e \u00e0 une rencontre, nous fournissons aussi du mat\u00e9riel suppl\u00e9mentaire: Mat\u00e9riel de survie, fourrures ...<\/p><p><a href=\"http:\/\/art-et-culture-du-monde.fr\/blog\/nos-actions\/location-dexposition\/\">Retour vers la page location d'exposition<\/a><\/p><p><a href=\"http:\/\/art-et-culture-du-monde.fr\/blog\/animations\/\">Retour vers la page Rencontres<\/a><\/p>","_et_gb_content_width":"","footnotes":""},"class_list":["post-1731","page","type-page","status-publish","hentry"],"yoast_head":"<!-- This site is optimized with the Yoast SEO plugin v27.6 - https:\/\/yoast.com\/product\/yoast-seo-wordpress\/ -->\n<title>Proposer l&#039;\u00e9ducation \u00e0 l&#039;environnement accessible \u00e0 tous<\/title>\n<meta name=\"description\" content=\"Profitez de notre exp\u00e9rience pour proposer \u00e0 votre public une animation d&#039;\u00e9ducation \u00e0 l&#039;environnement flexible qui s&#039;adaptera \u00e0 tous.\" \/>\n<meta name=\"robots\" content=\"index, follow, max-snippet:-1, max-image-preview:large, max-video-preview:-1\" \/>\n<link rel=\"canonical\" href=\"https:\/\/art-et-culture-du-monde.fr\/blog\/animations\/le-stand-qui-ne-vend-rien-mais-partage-tout\/\" \/>\n<meta property=\"og:locale\" content=\"fr_FR\" \/>\n<meta property=\"og:type\" content=\"article\" \/>\n<meta property=\"og:title\" content=\"Proposer l&#039;\u00e9ducation \u00e0 l&#039;environnement accessible \u00e0 tous\" \/>\n<meta property=\"og:description\" content=\"Profitez de notre exp\u00e9rience pour proposer \u00e0 votre public une animation d&#039;\u00e9ducation \u00e0 l&#039;environnement flexible qui s&#039;adaptera \u00e0 tous.\" \/>\n<meta property=\"og:url\" content=\"https:\/\/art-et-culture-du-monde.fr\/blog\/animations\/le-stand-qui-ne-vend-rien-mais-partage-tout\/\" \/>\n<meta property=\"og:site_name\" content=\"La Nature d&#039;Eric\" \/>\n<meta property=\"article:publisher\" content=\"https:\/\/www.facebook.com\/Art-et-Culture-du-Monde-ACM-175103796680\/\" \/>\n<meta property=\"article:modified_time\" content=\"2018-10-20T08:06:39+00:00\" \/>\n<meta name=\"twitter:card\" content=\"summary_large_image\" \/>\n<meta name=\"twitter:label1\" content=\"Dur\u00e9e de lecture estim\u00e9e\" \/>\n\t<meta name=\"twitter:data1\" content=\"5 minutes\" \/>\n<script type=\"application\/ld+json\" class=\"yoast-schema-graph\">{\"@context\":\"https:\\\/\\\/schema.org\",\"@graph\":[{\"@type\":\"WebPage\",\"@id\":\"https:\\\/\\\/art-et-culture-du-monde.fr\\\/blog\\\/animations\\\/le-stand-qui-ne-vend-rien-mais-partage-tout\\\/\",\"url\":\"https:\\\/\\\/art-et-culture-du-monde.fr\\\/blog\\\/animations\\\/le-stand-qui-ne-vend-rien-mais-partage-tout\\\/\",\"name\":\"Proposer l'\u00e9ducation \u00e0 l'environnement accessible \u00e0 tous\",\"isPartOf\":{\"@id\":\"https:\\\/\\\/art-et-culture-du-monde.fr\\\/blog\\\/#website\"},\"datePublished\":\"2018-01-19T21:21:14+00:00\",\"dateModified\":\"2018-10-20T08:06:39+00:00\",\"description\":\"Profitez de notre exp\u00e9rience pour proposer \u00e0 votre public une animation d'\u00e9ducation \u00e0 l'environnement flexible qui s'adaptera \u00e0 tous.\",\"breadcrumb\":{\"@id\":\"https:\\\/\\\/art-et-culture-du-monde.fr\\\/blog\\\/animations\\\/le-stand-qui-ne-vend-rien-mais-partage-tout\\\/#breadcrumb\"},\"inLanguage\":\"fr-FR\",\"potentialAction\":[{\"@type\":\"ReadAction\",\"target\":[\"https:\\\/\\\/art-et-culture-du-monde.fr\\\/blog\\\/animations\\\/le-stand-qui-ne-vend-rien-mais-partage-tout\\\/\"]}]},{\"@type\":\"BreadcrumbList\",\"@id\":\"https:\\\/\\\/art-et-culture-du-monde.fr\\\/blog\\\/animations\\\/le-stand-qui-ne-vend-rien-mais-partage-tout\\\/#breadcrumb\",\"itemListElement\":[{\"@type\":\"ListItem\",\"position\":1,\"name\":\"Accueil\",\"item\":\"https:\\\/\\\/art-et-culture-du-monde.fr\\\/blog\\\/\"},{\"@type\":\"ListItem\",\"position\":2,\"name\":\"Rencontres\",\"item\":\"https:\\\/\\\/art-et-culture-du-monde.fr\\\/blog\\\/animations\\\/\"},{\"@type\":\"ListItem\",\"position\":3,\"name\":\"Stand d&#8217;\u00e9ducation \u00e0 l&#8217;environnement\"}]},{\"@type\":\"WebSite\",\"@id\":\"https:\\\/\\\/art-et-culture-du-monde.fr\\\/blog\\\/#website\",\"url\":\"https:\\\/\\\/art-et-culture-du-monde.fr\\\/blog\\\/\",\"name\":\"La Nature d&#039;Eric\",\"description\":\"D\u00e9couvrir - Partager - Pr\u00e9server\",\"potentialAction\":[{\"@type\":\"SearchAction\",\"target\":{\"@type\":\"EntryPoint\",\"urlTemplate\":\"https:\\\/\\\/art-et-culture-du-monde.fr\\\/blog\\\/?s={search_term_string}\"},\"query-input\":{\"@type\":\"PropertyValueSpecification\",\"valueRequired\":true,\"valueName\":\"search_term_string\"}}],\"inLanguage\":\"fr-FR\"}]}<\/script>\n<!-- \/ Yoast SEO plugin. -->","yoast_head_json":{"title":"Proposer l'\u00e9ducation \u00e0 l'environnement accessible \u00e0 tous","description":"Profitez de notre exp\u00e9rience pour proposer \u00e0 votre public une animation d'\u00e9ducation \u00e0 l'environnement flexible qui s'adaptera \u00e0 tous.","robots":{"index":"index","follow":"follow","max-snippet":"max-snippet:-1","max-image-preview":"max-image-preview:large","max-video-preview":"max-video-preview:-1"},"canonical":"https:\/\/art-et-culture-du-monde.fr\/blog\/animations\/le-stand-qui-ne-vend-rien-mais-partage-tout\/","og_locale":"fr_FR","og_type":"article","og_title":"Proposer l'\u00e9ducation \u00e0 l'environnement accessible \u00e0 tous","og_description":"Profitez de notre exp\u00e9rience pour proposer \u00e0 votre public une animation d'\u00e9ducation \u00e0 l'environnement flexible qui s'adaptera \u00e0 tous.","og_url":"https:\/\/art-et-culture-du-monde.fr\/blog\/animations\/le-stand-qui-ne-vend-rien-mais-partage-tout\/","og_site_name":"La Nature d&#039;Eric","article_publisher":"https:\/\/www.facebook.com\/Art-et-Culture-du-Monde-ACM-175103796680\/","article_modified_time":"2018-10-20T08:06:39+00:00","twitter_card":"summary_large_image","twitter_misc":{"Dur\u00e9e de lecture estim\u00e9e":"5 minutes"},"schema":{"@context":"https:\/\/schema.org","@graph":[{"@type":"WebPage","@id":"https:\/\/art-et-culture-du-monde.fr\/blog\/animations\/le-stand-qui-ne-vend-rien-mais-partage-tout\/","url":"https:\/\/art-et-culture-du-monde.fr\/blog\/animations\/le-stand-qui-ne-vend-rien-mais-partage-tout\/","name":"Proposer l'\u00e9ducation \u00e0 l'environnement accessible \u00e0 tous","isPartOf":{"@id":"https:\/\/art-et-culture-du-monde.fr\/blog\/#website"},"datePublished":"2018-01-19T21:21:14+00:00","dateModified":"2018-10-20T08:06:39+00:00","description":"Profitez de notre exp\u00e9rience pour proposer \u00e0 votre public une animation d'\u00e9ducation \u00e0 l'environnement flexible qui s'adaptera \u00e0 tous.","breadcrumb":{"@id":"https:\/\/art-et-culture-du-monde.fr\/blog\/animations\/le-stand-qui-ne-vend-rien-mais-partage-tout\/#breadcrumb"},"inLanguage":"fr-FR","potentialAction":[{"@type":"ReadAction","target":["https:\/\/art-et-culture-du-monde.fr\/blog\/animations\/le-stand-qui-ne-vend-rien-mais-partage-tout\/"]}]},{"@type":"BreadcrumbList","@id":"https:\/\/art-et-culture-du-monde.fr\/blog\/animations\/le-stand-qui-ne-vend-rien-mais-partage-tout\/#breadcrumb","itemListElement":[{"@type":"ListItem","position":1,"name":"Accueil","item":"https:\/\/art-et-culture-du-monde.fr\/blog\/"},{"@type":"ListItem","position":2,"name":"Rencontres","item":"https:\/\/art-et-culture-du-monde.fr\/blog\/animations\/"},{"@type":"ListItem","position":3,"name":"Stand d&#8217;\u00e9ducation \u00e0 l&#8217;environnement"}]},{"@type":"WebSite","@id":"https:\/\/art-et-culture-du-monde.fr\/blog\/#website","url":"https:\/\/art-et-culture-du-monde.fr\/blog\/","name":"La Nature d&#039;Eric","description":"D\u00e9couvrir - Partager - Pr\u00e9server","potentialAction":[{"@type":"SearchAction","target":{"@type":"EntryPoint","urlTemplate":"https:\/\/art-et-culture-du-monde.fr\/blog\/?s={search_term_string}"},"query-input":{"@type":"PropertyValueSpecification","valueRequired":true,"valueName":"search_term_string"}}],"inLanguage":"fr-FR"}]}},"jetpack-related-posts":[],"jetpack_sharing_enabled":true,"_links":{"self":[{"href":"https:\/\/art-et-culture-du-monde.fr\/blog\/wp-json\/wp\/v2\/pages\/1731","targetHints":{"allow":["GET"]}}],"collection":[{"href":"https:\/\/art-et-culture-du-monde.fr\/blog\/wp-json\/wp\/v2\/pages"}],"about":[{"href":"https:\/\/art-et-culture-du-monde.fr\/blog\/wp-json\/wp\/v2\/types\/page"}],"author":[{"embeddable":true,"href":"https:\/\/art-et-culture-du-monde.fr\/blog\/wp-json\/wp\/v2\/users\/1"}],"replies":[{"embeddable":true,"href":"https:\/\/art-et-culture-du-monde.fr\/blog\/wp-json\/wp\/v2\/comments?post=1731"}],"version-history":[{"count":24,"href":"https:\/\/art-et-culture-du-monde.fr\/blog\/wp-json\/wp\/v2\/pages\/1731\/revisions"}],"predecessor-version":[{"id":2429,"href":"https:\/\/art-et-culture-du-monde.fr\/blog\/wp-json\/wp\/v2\/pages\/1731\/revisions\/2429"}],"up":[{"embeddable":true,"href":"https:\/\/art-et-culture-du-monde.fr\/blog\/wp-json\/wp\/v2\/pages\/192"}],"wp:attachment":[{"href":"https:\/\/art-et-culture-du-monde.fr\/blog\/wp-json\/wp\/v2\/media?parent=1731"}],"curies":[{"name":"wp","href":"https:\/\/api.w.org\/{rel}","templated":true}]}}