{"id":1654,"date":"2018-01-11T23:43:25","date_gmt":"2018-01-11T22:43:25","guid":{"rendered":"http:\/\/art-et-culture-du-monde.fr\/blog\/?page_id=1654"},"modified":"2018-09-02T19:05:50","modified_gmt":"2018-09-02T17:05:50","slug":"les-videos-sur-les-rapaces","status":"publish","type":"page","link":"https:\/\/art-et-culture-du-monde.fr\/blog\/dossier-oiseaux\/les-videos-sur-les-rapaces\/","title":{"rendered":"Les vid\u00e9os sur les rapaces &#8230;"},"content":{"rendered":"<p>[et_pb_section bb_built=\u00a0\u00bb1&Prime; admin_label=\u00a0\u00bbsection\u00a0\u00bb][et_pb_row admin_label=\u00a0\u00bbrow\u00a0\u00bb background_position=\u00a0\u00bbtop_left\u00a0\u00bb background_repeat=\u00a0\u00bbrepeat\u00a0\u00bb background_size=\u00a0\u00bbinitial\u00a0\u00bb][et_pb_column type=\u00a0\u00bb4_4&Prime;][et_pb_text admin_label=\u00a0\u00bbLes rapaces en images\u00a0\u00bb background_color=\u00a0\u00bb#7cda24&Prime; use_border_color=\u00a0\u00bboff\u00a0\u00bb header_line_height=\u00a0\u00bb2em\u00a0\u00bb text_line_height=\u00a0\u00bb2.3em\u00a0\u00bb background_position=\u00a0\u00bbtop_left\u00a0\u00bb background_repeat=\u00a0\u00bbrepeat\u00a0\u00bb background_size=\u00a0\u00bbinitial\u00a0\u00bb _builder_version=\u00a0\u00bb3.12&Prime; saved_tabs=\u00a0\u00bball\u00a0\u00bb]<\/p>\n<p style=\"text-align: center;\">&#8211;<\/p>\n<h2 style=\"text-align: center;\"><span style=\"font-size: large;\">Les rapaces en images<\/h2>\n<p style=\"text-align: center;\">&#8211;<\/p>\n<p>[\/et_pb_text][et_pb_text use_border_color=\u00a0\u00bboff\u00a0\u00bb background_position=\u00a0\u00bbtop_left\u00a0\u00bb background_repeat=\u00a0\u00bbrepeat\u00a0\u00bb background_size=\u00a0\u00bbinitial\u00a0\u00bb _builder_version=\u00a0\u00bb3.12&Prime;]<\/p>\n<p><span style=\"color: #000000;\"><span style=\"font-size: large;\">Je pr\u00e9sente ici un choix de vid\u00e9os glan\u00e9es sur internet au sujet de nos amis les rapaces. Les vid\u00e9os sont choisies soit pour leurs belles images, soit pour leur caract\u00e8re informatif. Cette liste s\u2019agrandira au fur et \u00e0 mesure des d\u00e9couvertes. Bien s\u00fbr, rien ne vaut de les voir en vrai quand on peut. Promenez-vous sortez, levez la t\u00eate, souvent ils sont l\u00e0. Parfois m\u00eame en ville! <\/span><\/span><\/p>\n<h2><span style=\"font-size: large;\">Les rapaces nocturnes<\/span><\/h2>\n<p><span style=\"color: #000000;\"><span style=\"font-size: large;\">Cette premi\u00e8re vid\u00e9o traite des rapaces qui me tiennent particuli\u00e8rement \u00e0 c\u0153ur, les nocturnes. De belles images, de bonnes informations avec entre autre une explication:<\/span><\/span><\/p>\n<ol>\n<li><span style=\"color: #000000;\"><span style=\"font-size: large;\"> de notre int\u00e9r\u00eat \u00e0 les prot\u00e9ger: Ce sont des d\u00e9ratiseurs hors pair, donc des auxiliaires de l&rsquo;agriculture.<\/span><\/span><\/li>\n<li><span style=\"color: #000000;\"><span style=\"font-size: large;\">de comment les prot\u00e9ger: sauvegarde des habitats et protection des sources de nourriture en limitant les pesticides. Peu de pr\u00e9cision sur les chocs avec les v\u00e9hicules (comme implanter des haies en bord de route par exemple) en revanche explication pertinente sur la protection des abreuvoirs pour les jeunes chev\u00eaches.<\/span><\/span><\/li>\n<\/ol>\n<p style=\"text-align: center;\"><iframe loading=\"lazy\" src=\"https:\/\/www.youtube.com\/embed\/ZTSE_VC2KDE?rel=0\" width=\"560\" height=\"315\" frameborder=\"0\" allowfullscreen=\"allowfullscreen\"><\/iframe><\/p>\n<h2><span style=\"color: #000000;\"><span style=\"font-size: large;\">Les rapaces, chasseurs d&rsquo;\u00e9lite<\/span><\/span><\/h2>\n<p><span style=\"color: #000000;\"><span style=\"font-size: large;\">Ensuite, celle-ci traite de l&rsquo;extraordinaire adaptation des rapaces \u00e0 la chasse. En particulier, une excellente explication sur le faucon p\u00e8lerin et ses capacit\u00e9s \u00e0 faire de la vitesse. La Nature n&rsquo;a pas fini de nous \u00e9tonner.<\/span><\/span><\/p>\n<p style=\"text-align: center;\"><iframe loading=\"lazy\" src=\"https:\/\/www.youtube.com\/embed\/anvN1wO-OEg?rel=0\" width=\"560\" height=\"315\" frameborder=\"0\" allowfullscreen=\"allowfullscreen\"><\/iframe><\/p>\n<h2><span style=\"color: #000000;\"><span style=\"font-size: large;\">La vue des rapaces<\/span><\/span><\/h2>\n<p><span style=\"color: #000000;\"><span style=\"font-size: large;\">Voici une courte vid\u00e9o qui explique de fa\u00e7on tr\u00e8s claire pourquoi les rapaces y voit si bien par rapport \u00e0 l&rsquo;homme. C&rsquo;est un avantage incomparable pour la chasse. Alors que nous ne distinguons rien, l&rsquo;oiseau, lui voit la proie! \u00c9videmment, l\u2019ou\u00efe joue aussi un r\u00f4le, mais plus pr\u00e8s. <\/span><\/span><\/p>\n<p style=\"text-align: center;\"><iframe loading=\"lazy\" src=\"https:\/\/www.youtube.com\/embed\/o8dEuBXK1w8?rel=0\" width=\"560\" height=\"315\" frameborder=\"0\" allowfullscreen=\"allowfullscreen\"><\/iframe><\/p>\n<h2><span style=\"font-size: large;\">La fauconnerie<\/span><\/h2>\n<p><span style=\"font-size: large;\">Enfin, la fauconnerie qui est la chasse avec des rapaces. Strictement parlant, il s&rsquo;agit de chasse avec des faucons (chasse de haut-vol). La chasse avec d&rsquo;autres rapaces s&rsquo;appelle l&rsquo;autourserie ou chasse de bas-vol. Si la fauconnerie \u00e9tait r\u00e9serv\u00e9e aux nobles fortun\u00e9s, la chasse de bas-vol \u00e9tait plus pratiqu\u00e9 par le petit peuple, qui n&rsquo;avait pas le droit de chasse. Il ne fallait pas se faire rep\u00e9rer, il valait donc mieux des oiseaux qui volent bas! La vid\u00e9o ci-dessous pr\u00e9sente des fauconniers am\u00e9ricains. De fort belles images de vol. Attention aux \u00e2mes sensibles. Il s&rsquo;agit de chasse, il y a donc des images o\u00f9 le rapace attrape sa proie. A noter qu&rsquo;il ne fait rien d&rsquo;autre que ce qu&rsquo;il ferait dans son milieu naturel.<\/span><\/p>\n<p style=\"text-align: center;\"><iframe loading=\"lazy\" src=\"https:\/\/www.youtube.com\/embed\/czd50vQp9zo?rel=0\" width=\"560\" height=\"315\" frameborder=\"0\" allowfullscreen=\"allowfullscreen\"><\/iframe><\/p>\n<p>&#8211; <span style=\"color: #000000;\"><span style=\"font-size: large;\">Envie d&rsquo;en savoir plus sur les rapaces, la fauconnerie ? Pensez \u00e0 nos expositions et rencontres. <\/span><\/span><\/p>\n<p style=\"text-align: center;\"><a href='http:\/\/art-et-culture-du-monde.fr\/blog\/animations\/' class='small-button smallblue' target=\"_blank\"><span style=\"font-size: large;\">Cliquez ici pour en savoir plus sur nos services !<\/a><\/span><\/p>\n<p>[\/et_pb_text][et_pb_text admin_label=\u00a0\u00bbRetour vers le dossier oiseaux\u00a0\u00bb use_border_color=\u00a0\u00bboff\u00a0\u00bb custom_padding=\u00a0\u00bb|140px||140px\u00a0\u00bb custom_padding_phone=\u00a0\u00bb|20px||20px\u00a0\u00bb custom_padding_last_edited=\u00a0\u00bbon|phone\u00a0\u00bb background_color=\u00a0\u00bb#7cda24&Prime; saved_tabs=\u00a0\u00bball\u00a0\u00bb _builder_version=\u00a0\u00bb3.12&Prime;]<\/p>\n<p style=\"text-align: center;\">&#8211;<\/p>\n<p style=\"text-align: center;\"><a href='http:\/\/art-et-culture-du-monde.fr\/blog\/dossier-oiseaux\/' class='big-button bigblue'><span style=\"font-size: large;\">Retour vers la page \u00ab\u00a0Dossier oiseaux\u00a0\u00bb<\/a><\/span><\/p>\n<p style=\"text-align: center;\">&#8211;<\/p>\n<p>[\/et_pb_text][\/et_pb_column][\/et_pb_row][\/et_pb_section]<\/p>\n","protected":false},"excerpt":{"rendered":"<p>&#8211; Les rapaces en images &#8211; Je pr\u00e9sente ici un choix de vid\u00e9os glan\u00e9es sur internet au sujet de nos amis les rapaces. Les vid\u00e9os sont choisies soit pour leurs belles images, soit pour leur caract\u00e8re informatif. Cette liste s\u2019agrandira au fur et \u00e0 mesure des d\u00e9couvertes. Bien s\u00fbr, rien ne vaut de les voir [&hellip;]<\/p>\n","protected":false},"author":1,"featured_media":0,"parent":207,"menu_order":0,"comment_status":"closed","ping_status":"closed","template":"","meta":{"_et_pb_use_builder":"on","_et_pb_old_content":"<h2><span style=\"color: #000000;\">Les rapaces en images<\/span><\/h2><p><span style=\"color: #000000;\">Je pr\u00e9sente ici un choix de vid\u00e9os glan\u00e9es sur internet au sujet de nos amis les rapaces. Les vid\u00e9os sont choisies soit pour leurs belles images, soit pour leur caract\u00e8re informatif. Cette liste s\u2019agrandira au fur et \u00e0 mesure des d\u00e9couvertes. Bien s\u00fbr, rien ne vaut de les voir en vrai quand on peut. Promenez-vous sortez, levez la t\u00eate, souvent ils sont l\u00e0. Parfois m\u00eame en ville!<br \/> <\/span><\/p><h2>Les rapaces nocturnes<\/h2><p><span style=\"color: #000000;\">Cette premi\u00e8re vid\u00e9o traite des rapaces qui me tiennent particuli\u00e8rement \u00e0 c\u0153ur, les nocturnes. De belles images, de bonnes informations avec entre autre une explication:<\/span><\/p><ol><li><span style=\"color: #000000;\"> de notre int\u00e9r\u00eat \u00e0 les prot\u00e9ger: Ce sont des d\u00e9ratiseurs hors pair, donc des auxiliaires de l'agriculture.<\/span><\/li><li><span style=\"color: #000000;\">de comment les prot\u00e9ger: sauvegarde des habitats et protection des sources de nourriture en limitant les pesticides. Peu de pr\u00e9cision sur les chocs avec les v\u00e9hicules (comme implanter des haies en bord de route par exemple) en revanche explication pertinente sur la protection des abreuvoirs pour les jeunes chev\u00eaches.<\/span><\/li><\/ol><p style=\"text-align: center;\"><iframe src=\"https:\/\/www.youtube.com\/embed\/ZTSE_VC2KDE?rel=0\" width=\"560\" height=\"315\" frameborder=\"0\" allowfullscreen=\"allowfullscreen\"><\/iframe><\/p><p>\u00a0<\/p><h2><span style=\"color: #000000;\">Les rapaces, chasseurs d'\u00e9lite<\/span><\/h2><p><span style=\"color: #000000;\">Celle-ci traite de l'extraordinaire adaptation des rapaces \u00e0 la chasse. En particulier, une excellente explication sur le faucon p\u00e8lerin et ses capacit\u00e9s \u00e0 faire de la vitesse. La Nature n'a pas fini de nous \u00e9tonner.<\/span><\/p><p style=\"text-align: center;\"><iframe src=\"https:\/\/www.youtube.com\/embed\/anvN1wO-OEg?rel=0\" width=\"560\" height=\"315\" frameborder=\"0\" allowfullscreen=\"allowfullscreen\"><\/iframe><\/p><h2><span style=\"color: #000000;\">La vue des rapaces<\/span><\/h2><p><span style=\"color: #000000;\">Une courte vid\u00e9o qui explique de fa\u00e7on tr\u00e8s claire pourquoi les rapaces y voit si bien par rapport \u00e0 l'homme. C'est un avantage incomparable pour la chasse. Alors que nous ne distinguons rien, l'oiseau, lui voit la proie! Evidemment, l'ouie joue aussi un r\u00f4le, mais plus pr\u00e8s.<br \/> <\/span><\/p><p style=\"text-align: center;\"><iframe src=\"https:\/\/www.youtube.com\/embed\/o8dEuBXK1w8?rel=0\" width=\"560\" height=\"315\" frameborder=\"0\" allowfullscreen=\"allowfullscreen\"><\/iframe><\/p><p><span style=\"color: #000000;\">A suivre !<\/span><\/p><p><a href=\"http:\/\/art-et-culture-du-monde.fr\/blog\/dossier-oiseaux\/\">Retour au dossier oiseaux<\/a><\/p>","_et_gb_content_width":"","footnotes":""},"class_list":["post-1654","page","type-page","status-publish","hentry"],"yoast_head":"<!-- This site is optimized with the Yoast SEO plugin v27.2 - https:\/\/yoast.com\/product\/yoast-seo-wordpress\/ -->\n<title>Les rapaces en vid\u00e9os, leurs capacit\u00e9s, leurs sens<\/title>\n<meta name=\"description\" content=\"Des vid\u00e9os mettant en valeur les rapaces diurnes ou les rapaces nocturnes, et leurs extraordinaires capacit\u00e9s de vol et de chasse.\" \/>\n<meta name=\"robots\" content=\"index, follow, max-snippet:-1, max-image-preview:large, max-video-preview:-1\" \/>\n<link rel=\"canonical\" href=\"https:\/\/art-et-culture-du-monde.fr\/blog\/dossier-oiseaux\/les-videos-sur-les-rapaces\/\" \/>\n<meta property=\"og:locale\" content=\"fr_FR\" \/>\n<meta property=\"og:type\" content=\"article\" \/>\n<meta property=\"og:title\" content=\"Les rapaces en vid\u00e9os, leurs capacit\u00e9s, leurs sens\" \/>\n<meta property=\"og:description\" content=\"Des vid\u00e9os mettant en valeur les rapaces diurnes ou les rapaces nocturnes, et leurs extraordinaires capacit\u00e9s de vol et de chasse.\" \/>\n<meta property=\"og:url\" content=\"https:\/\/art-et-culture-du-monde.fr\/blog\/dossier-oiseaux\/les-videos-sur-les-rapaces\/\" \/>\n<meta property=\"og:site_name\" content=\"La Nature d&#039;Eric\" \/>\n<meta property=\"article:publisher\" content=\"https:\/\/www.facebook.com\/Art-et-Culture-du-Monde-ACM-175103796680\/\" \/>\n<meta property=\"article:modified_time\" content=\"2018-09-02T17:05:50+00:00\" \/>\n<meta name=\"twitter:card\" content=\"summary_large_image\" \/>\n<meta name=\"twitter:label1\" content=\"Dur\u00e9e de lecture estim\u00e9e\" \/>\n\t<meta name=\"twitter:data1\" content=\"3 minutes\" \/>\n<script type=\"application\/ld+json\" class=\"yoast-schema-graph\">{\"@context\":\"https:\/\/schema.org\",\"@graph\":[{\"@type\":\"WebPage\",\"@id\":\"https:\/\/art-et-culture-du-monde.fr\/blog\/dossier-oiseaux\/les-videos-sur-les-rapaces\/\",\"url\":\"https:\/\/art-et-culture-du-monde.fr\/blog\/dossier-oiseaux\/les-videos-sur-les-rapaces\/\",\"name\":\"Les rapaces en vid\u00e9os, leurs capacit\u00e9s, leurs sens\",\"isPartOf\":{\"@id\":\"https:\/\/art-et-culture-du-monde.fr\/blog\/#website\"},\"datePublished\":\"2018-01-11T22:43:25+00:00\",\"dateModified\":\"2018-09-02T17:05:50+00:00\",\"description\":\"Des vid\u00e9os mettant en valeur les rapaces diurnes ou les rapaces nocturnes, et leurs extraordinaires capacit\u00e9s de vol et de chasse.\",\"breadcrumb\":{\"@id\":\"https:\/\/art-et-culture-du-monde.fr\/blog\/dossier-oiseaux\/les-videos-sur-les-rapaces\/#breadcrumb\"},\"inLanguage\":\"fr-FR\",\"potentialAction\":[{\"@type\":\"ReadAction\",\"target\":[\"https:\/\/art-et-culture-du-monde.fr\/blog\/dossier-oiseaux\/les-videos-sur-les-rapaces\/\"]}]},{\"@type\":\"BreadcrumbList\",\"@id\":\"https:\/\/art-et-culture-du-monde.fr\/blog\/dossier-oiseaux\/les-videos-sur-les-rapaces\/#breadcrumb\",\"itemListElement\":[{\"@type\":\"ListItem\",\"position\":1,\"name\":\"Accueil\",\"item\":\"https:\/\/art-et-culture-du-monde.fr\/blog\/\"},{\"@type\":\"ListItem\",\"position\":2,\"name\":\"Dossier Oiseaux\",\"item\":\"https:\/\/art-et-culture-du-monde.fr\/blog\/dossier-oiseaux\/\"},{\"@type\":\"ListItem\",\"position\":3,\"name\":\"Les vid\u00e9os sur les rapaces &#8230;\"}]},{\"@type\":\"WebSite\",\"@id\":\"https:\/\/art-et-culture-du-monde.fr\/blog\/#website\",\"url\":\"https:\/\/art-et-culture-du-monde.fr\/blog\/\",\"name\":\"La Nature d&#039;Eric\",\"description\":\"D\u00e9couvrir - Partager - Pr\u00e9server\",\"potentialAction\":[{\"@type\":\"SearchAction\",\"target\":{\"@type\":\"EntryPoint\",\"urlTemplate\":\"https:\/\/art-et-culture-du-monde.fr\/blog\/?s={search_term_string}\"},\"query-input\":{\"@type\":\"PropertyValueSpecification\",\"valueRequired\":true,\"valueName\":\"search_term_string\"}}],\"inLanguage\":\"fr-FR\"}]}<\/script>\n<!-- \/ Yoast SEO plugin. -->","yoast_head_json":{"title":"Les rapaces en vid\u00e9os, leurs capacit\u00e9s, leurs sens","description":"Des vid\u00e9os mettant en valeur les rapaces diurnes ou les rapaces nocturnes, et leurs extraordinaires capacit\u00e9s de vol et de chasse.","robots":{"index":"index","follow":"follow","max-snippet":"max-snippet:-1","max-image-preview":"max-image-preview:large","max-video-preview":"max-video-preview:-1"},"canonical":"https:\/\/art-et-culture-du-monde.fr\/blog\/dossier-oiseaux\/les-videos-sur-les-rapaces\/","og_locale":"fr_FR","og_type":"article","og_title":"Les rapaces en vid\u00e9os, leurs capacit\u00e9s, leurs sens","og_description":"Des vid\u00e9os mettant en valeur les rapaces diurnes ou les rapaces nocturnes, et leurs extraordinaires capacit\u00e9s de vol et de chasse.","og_url":"https:\/\/art-et-culture-du-monde.fr\/blog\/dossier-oiseaux\/les-videos-sur-les-rapaces\/","og_site_name":"La Nature d&#039;Eric","article_publisher":"https:\/\/www.facebook.com\/Art-et-Culture-du-Monde-ACM-175103796680\/","article_modified_time":"2018-09-02T17:05:50+00:00","twitter_card":"summary_large_image","twitter_misc":{"Dur\u00e9e de lecture estim\u00e9e":"3 minutes"},"schema":{"@context":"https:\/\/schema.org","@graph":[{"@type":"WebPage","@id":"https:\/\/art-et-culture-du-monde.fr\/blog\/dossier-oiseaux\/les-videos-sur-les-rapaces\/","url":"https:\/\/art-et-culture-du-monde.fr\/blog\/dossier-oiseaux\/les-videos-sur-les-rapaces\/","name":"Les rapaces en vid\u00e9os, leurs capacit\u00e9s, leurs sens","isPartOf":{"@id":"https:\/\/art-et-culture-du-monde.fr\/blog\/#website"},"datePublished":"2018-01-11T22:43:25+00:00","dateModified":"2018-09-02T17:05:50+00:00","description":"Des vid\u00e9os mettant en valeur les rapaces diurnes ou les rapaces nocturnes, et leurs extraordinaires capacit\u00e9s de vol et de chasse.","breadcrumb":{"@id":"https:\/\/art-et-culture-du-monde.fr\/blog\/dossier-oiseaux\/les-videos-sur-les-rapaces\/#breadcrumb"},"inLanguage":"fr-FR","potentialAction":[{"@type":"ReadAction","target":["https:\/\/art-et-culture-du-monde.fr\/blog\/dossier-oiseaux\/les-videos-sur-les-rapaces\/"]}]},{"@type":"BreadcrumbList","@id":"https:\/\/art-et-culture-du-monde.fr\/blog\/dossier-oiseaux\/les-videos-sur-les-rapaces\/#breadcrumb","itemListElement":[{"@type":"ListItem","position":1,"name":"Accueil","item":"https:\/\/art-et-culture-du-monde.fr\/blog\/"},{"@type":"ListItem","position":2,"name":"Dossier Oiseaux","item":"https:\/\/art-et-culture-du-monde.fr\/blog\/dossier-oiseaux\/"},{"@type":"ListItem","position":3,"name":"Les vid\u00e9os sur les rapaces &#8230;"}]},{"@type":"WebSite","@id":"https:\/\/art-et-culture-du-monde.fr\/blog\/#website","url":"https:\/\/art-et-culture-du-monde.fr\/blog\/","name":"La Nature d&#039;Eric","description":"D\u00e9couvrir - Partager - Pr\u00e9server","potentialAction":[{"@type":"SearchAction","target":{"@type":"EntryPoint","urlTemplate":"https:\/\/art-et-culture-du-monde.fr\/blog\/?s={search_term_string}"},"query-input":{"@type":"PropertyValueSpecification","valueRequired":true,"valueName":"search_term_string"}}],"inLanguage":"fr-FR"}]}},"jetpack-related-posts":[],"jetpack_sharing_enabled":true,"_links":{"self":[{"href":"https:\/\/art-et-culture-du-monde.fr\/blog\/wp-json\/wp\/v2\/pages\/1654","targetHints":{"allow":["GET"]}}],"collection":[{"href":"https:\/\/art-et-culture-du-monde.fr\/blog\/wp-json\/wp\/v2\/pages"}],"about":[{"href":"https:\/\/art-et-culture-du-monde.fr\/blog\/wp-json\/wp\/v2\/types\/page"}],"author":[{"embeddable":true,"href":"https:\/\/art-et-culture-du-monde.fr\/blog\/wp-json\/wp\/v2\/users\/1"}],"replies":[{"embeddable":true,"href":"https:\/\/art-et-culture-du-monde.fr\/blog\/wp-json\/wp\/v2\/comments?post=1654"}],"version-history":[{"count":21,"href":"https:\/\/art-et-culture-du-monde.fr\/blog\/wp-json\/wp\/v2\/pages\/1654\/revisions"}],"predecessor-version":[{"id":2320,"href":"https:\/\/art-et-culture-du-monde.fr\/blog\/wp-json\/wp\/v2\/pages\/1654\/revisions\/2320"}],"up":[{"embeddable":true,"href":"https:\/\/art-et-culture-du-monde.fr\/blog\/wp-json\/wp\/v2\/pages\/207"}],"wp:attachment":[{"href":"https:\/\/art-et-culture-du-monde.fr\/blog\/wp-json\/wp\/v2\/media?parent=1654"}],"curies":[{"name":"wp","href":"https:\/\/api.w.org\/{rel}","templated":true}]}}