{"id":1624,"date":"2018-01-06T08:04:33","date_gmt":"2018-01-06T07:04:33","guid":{"rendered":"http:\/\/art-et-culture-du-monde.fr\/blog\/?page_id=1624"},"modified":"2024-09-29T18:57:39","modified_gmt":"2024-09-29T16:57:39","slug":"outils-pedagogiques-2","status":"publish","type":"page","link":"https:\/\/art-et-culture-du-monde.fr\/blog\/outils-pedagogiques-2\/","title":{"rendered":"Outils P\u00e9dagogiques"},"content":{"rendered":"<p>[et_pb_section fb_built=\u00a0\u00bb1&Prime; admin_label=\u00a0\u00bbsection\u00a0\u00bb _builder_version=\u00a0\u00bb4.16&Prime; global_colors_info=\u00a0\u00bb{}\u00a0\u00bb][et_pb_row admin_label=\u00a0\u00bbrow\u00a0\u00bb _builder_version=\u00a0\u00bb4.16&Prime; background_size=\u00a0\u00bbinitial\u00a0\u00bb background_position=\u00a0\u00bbtop_left\u00a0\u00bb background_repeat=\u00a0\u00bbrepeat\u00a0\u00bb global_colors_info=\u00a0\u00bb{}\u00a0\u00bb][et_pb_column type=\u00a0\u00bb4_4&Prime; _builder_version=\u00a0\u00bb4.16&Prime; custom_padding=\u00a0\u00bb|||\u00a0\u00bb global_colors_info=\u00a0\u00bb{}\u00a0\u00bb custom_padding__hover=\u00a0\u00bb|||\u00a0\u00bb][et_pb_post_title meta=\u00a0\u00bboff\u00a0\u00bb _builder_version=\u00a0\u00bb4.16&Prime; title_line_height=\u00a0\u00bb2em\u00a0\u00bb meta_line_height=\u00a0\u00bb2em\u00a0\u00bb background_color=\u00a0\u00bb#7cda24&Prime; parallax=\u00a0\u00bbon\u00a0\u00bb parallax_method=\u00a0\u00bboff\u00a0\u00bb text_orientation=\u00a0\u00bbcenter\u00a0\u00bb parallax_effect=\u00a0\u00bbon\u00a0\u00bb module_bg_color=\u00a0\u00bb#7cda24&Prime; use_border_color=\u00a0\u00bboff\u00a0\u00bb border_color=\u00a0\u00bb#ffffff\u00a0\u00bb border_style=\u00a0\u00bbsolid\u00a0\u00bb saved_tabs=\u00a0\u00bball\u00a0\u00bb global_colors_info=\u00a0\u00bb{}\u00a0\u00bb][\/et_pb_post_title][et_pb_text admin_label=\u00a0\u00bbIntroduction\u00a0\u00bb _builder_version=\u00a0\u00bb4.16&Prime; global_colors_info=\u00a0\u00bb{}\u00a0\u00bb]<\/p>\n<p>\n<span style=\"font-size: large;\">Pour vos le\u00e7ons, pour compl\u00e9ter votre exposition, ou tout simplement pour une d\u00e9coration th\u00e9matique, je vous propose quelques outils valid\u00e9s par l&rsquo;exp\u00e9rience. Rien ne remplacera l&rsquo;interaction humaine, toutefois, un outil bien choisi peut \u00eatre un support tr\u00e8s efficace pour faire passer les messages que vous souhaitez.<\/p>\n<p>[\/et_pb_text][et_pb_gallery gallery_ids=\u00a0\u00bb2144,2145,2146,2147&Prime; show_title_and_caption=\u00a0\u00bboff\u00a0\u00bb zoom_icon_color=\u00a0\u00bb#2ea3f2&Prime; admin_label=\u00a0\u00bbGalerie 3&Prime; _builder_version=\u00a0\u00bb4.16&Prime; pagination_font_size_tablet=\u00a0\u00bb51&Prime; pagination_line_height_tablet=\u00a0\u00bb2&Prime; global_colors_info=\u00a0\u00bb{}\u00a0\u00bb][\/et_pb_gallery][\/et_pb_column][\/et_pb_row][et_pb_row admin_label=\u00a0\u00bbrow\u00a0\u00bb _builder_version=\u00a0\u00bb4.16&Prime; background_size=\u00a0\u00bbinitial\u00a0\u00bb background_position=\u00a0\u00bbtop_left\u00a0\u00bb background_repeat=\u00a0\u00bbrepeat\u00a0\u00bb global_colors_info=\u00a0\u00bb{}\u00a0\u00bb][et_pb_column type=\u00a0\u00bb4_4&Prime; _builder_version=\u00a0\u00bb4.16&Prime; custom_padding=\u00a0\u00bb|||\u00a0\u00bb global_colors_info=\u00a0\u00bb{}\u00a0\u00bb custom_padding__hover=\u00a0\u00bb|||\u00a0\u00bb][et_pb_text admin_label=\u00a0\u00bbTitre Kit Silhouette 1&Prime; _builder_version=\u00a0\u00bb4.27.0&Prime; background_color=\u00a0\u00bb#7cda24&Prime; custom_padding=\u00a0\u00bb5px|5px|5px|5px\u00a0\u00bb custom_padding_tablet=\u00a0\u00bb\u00a0\u00bb custom_padding_phone=\u00a0\u00bb\u00a0\u00bb custom_padding_last_edited=\u00a0\u00bbon|\u00a0\u00bb hover_enabled=\u00a0\u00bb0&Prime; global_colors_info=\u00a0\u00bb{}\u00a0\u00bb sticky_enabled=\u00a0\u00bb0&Prime;]<\/p>\n<h2>Exemples de silhouettes de rapaces<\/h2>\n<p>[\/et_pb_text][et_pb_gallery gallery_ids=\u00a0\u00bb1929,1931,1930,775&Prime; show_title_and_caption=\u00a0\u00bboff\u00a0\u00bb zoom_icon_color=\u00a0\u00bb#2ea3f2&Prime; admin_label=\u00a0\u00bbGalerie 1&Prime; _builder_version=\u00a0\u00bb4.16&Prime; pagination_font_size_tablet=\u00a0\u00bb51&Prime; pagination_line_height_tablet=\u00a0\u00bb2&Prime; global_colors_info=\u00a0\u00bb{}\u00a0\u00bb][\/et_pb_gallery][et_pb_text admin_label=\u00a0\u00bbKits silhouettes 1&Prime; _builder_version=\u00a0\u00bb4.27.0&Prime; background_size=\u00a0\u00bbinitial\u00a0\u00bb background_position=\u00a0\u00bbtop_left\u00a0\u00bb background_repeat=\u00a0\u00bbrepeat\u00a0\u00bb background_layout=\u00a0\u00bbdark\u00a0\u00bb hover_enabled=\u00a0\u00bb0&Prime; use_border_color=\u00a0\u00bboff\u00a0\u00bb global_colors_info=\u00a0\u00bb{}\u00a0\u00bb sticky_enabled=\u00a0\u00bb0&Prime;]<\/p>\n<p><span style=\"color: #000000;\"><span style=\"font-size: large;\">Les enfants comme les adultes ont souvent du mal \u00e0 \u00e9valuer la taille des rapaces qui \u00e9voluent dans le ciel. D&rsquo;o\u00f9 une m\u00e9connaissance de leurs capacit\u00e9s et des peurs totalement infond\u00e9es. En effet, les maquettes et photos manquent de concrets. Les animaux naturalis\u00e9s sont difficiles \u00e0 trouver et on ne peut pas les toucher. C&rsquo;est pourquoi je vous propose des silhouettes de rapaces d\u00e9coup\u00e9es dans un mat\u00e9riau souple et r\u00e9sistant. Ainsi, les enfants, comme les adultes pourront les toucher et se comparer directement \u00e0 la taille des oiseaux.<br \/><\/span><\/span><\/p>\n<div id=\"attachment_1026\" style=\"width: 268px\" class=\"wp-caption alignright\"><a style=\"color: #000000;\" href=\"https:\/\/art-et-culture-du-monde.fr\/blog\/wp-content\/uploads\/2017\/03\/animation-red.jpg\"><img loading=\"lazy\" decoding=\"async\" aria-describedby=\"caption-attachment-1026\" class=\" wp-image-1026\" src=\"https:\/\/art-et-culture-du-monde.fr\/blog\/wp-content\/uploads\/2017\/03\/animation-red.jpg\" alt=\"Animation Chev\u00eache avec utilisation des outils p\u00e9dagogiques rapaces\" width=\"258\" height=\"193\" srcset=\"https:\/\/art-et-culture-du-monde.fr\/blog\/wp-content\/uploads\/2017\/03\/animation-red.jpg 800w, https:\/\/art-et-culture-du-monde.fr\/blog\/wp-content\/uploads\/2017\/03\/animation-red-600x450.jpg 600w, https:\/\/art-et-culture-du-monde.fr\/blog\/wp-content\/uploads\/2017\/03\/animation-red-300x225.jpg 300w, https:\/\/art-et-culture-du-monde.fr\/blog\/wp-content\/uploads\/2017\/03\/animation-red-768x576.jpg 768w, https:\/\/art-et-culture-du-monde.fr\/blog\/wp-content\/uploads\/2017\/03\/animation-red-510x382.jpg 510w\" sizes=\"(max-width: 258px) 100vw, 258px\" \/><\/a><p id=\"caption-attachment-1026\" class=\"wp-caption-text\"><span style=\"color: #000000;\">Animation Chev\u00eache et comparaison avec la buse variable.<\/span><\/p><\/div>\n<p><span style=\"color: #000000;\"><span style=\"font-size: large;\">3 esp\u00e8ces:<\/span><\/span><\/p>\n<p>&nbsp;<\/p>\n<ul>\n<li><span style=\"color: #000000;\">Chouette Chev\u00eache<\/span><\/li>\n<li><span style=\"color: #000000;\">Buse variable<\/span><\/li>\n<li><span style=\"color: #000000;\">Milan royal<\/span><\/li>\n<\/ul>\n<p>&nbsp;<\/p>\n<p>&nbsp;<\/p>\n<p>&nbsp;<\/p>\n<p>&nbsp;<\/p>\n<p>[\/et_pb_text][et_pb_text admin_label=\u00a0\u00bbTitre Kit Silhouette 2&Prime; _builder_version=\u00a0\u00bb4.27.0&Prime; background_color=\u00a0\u00bb#7cda24&Prime; custom_padding=\u00a0\u00bb5px|5px|5px|5px\u00a0\u00bb custom_padding_tablet=\u00a0\u00bb\u00a0\u00bb custom_padding_phone=\u00a0\u00bb\u00a0\u00bb custom_padding_last_edited=\u00a0\u00bbon|\u00a0\u00bb hover_enabled=\u00a0\u00bb0&Prime; global_colors_info=\u00a0\u00bb{}\u00a0\u00bb sticky_enabled=\u00a0\u00bb0&Prime;]<\/p>\n<h2>Exemples silhouettes de rapaces 2 (Nocturnes)<\/h2>\n<p>[\/et_pb_text][et_pb_gallery gallery_ids=\u00a0\u00bb1939,1937,1938,1940&Prime; show_title_and_caption=\u00a0\u00bboff\u00a0\u00bb zoom_icon_color=\u00a0\u00bb#2ea3f2&Prime; admin_label=\u00a0\u00bbGalerie 2&Prime; _builder_version=\u00a0\u00bb4.16&Prime; pagination_font_size_tablet=\u00a0\u00bb51&Prime; pagination_line_height_tablet=\u00a0\u00bb2&Prime; global_colors_info=\u00a0\u00bb{}\u00a0\u00bb][\/et_pb_gallery][et_pb_text admin_label=\u00a0\u00bbKits silhouettes 2&Prime; _builder_version=\u00a0\u00bb4.27.0&Prime; background_size=\u00a0\u00bbinitial\u00a0\u00bb background_position=\u00a0\u00bbtop_left\u00a0\u00bb background_repeat=\u00a0\u00bbrepeat\u00a0\u00bb background_layout=\u00a0\u00bbdark\u00a0\u00bb hover_enabled=\u00a0\u00bb0&Prime; use_border_color=\u00a0\u00bboff\u00a0\u00bb global_colors_info=\u00a0\u00bb{}\u00a0\u00bb sticky_enabled=\u00a0\u00bb0&Prime;]<\/p>\n<p><span style=\"color: #000000;\"><span style=\"font-size: large;\">Les enfants comme les adultes ont souvent du mal \u00e0 \u00e9valuer la taille des rapaces qui \u00e9voluent dans le ciel. D&rsquo;o\u00f9 une m\u00e9connaissance de leurs capacit\u00e9s et des peurs totalement infond\u00e9es. En effet, les maquettes et photos manquent de concrets. Les animaux naturalis\u00e9s sont difficiles \u00e0 trouver et on ne peut pas les toucher. C&rsquo;est pourquoi je vous propose des silhouettes de rapaces d\u00e9coup\u00e9es dans un mat\u00e9riau souple et r\u00e9sistant. Ainsi, les enfants, comme les adultes pourront les toucher et se comparer directement \u00e0 la taille des oiseaux.<br \/><\/span><\/span><\/p>\n<p><span style=\"color: #000000;\"><span style=\"font-size: large;\">Les silhouettes de rapaces nocturnes ont d&rsquo;autant plus d&rsquo;int\u00e9r\u00eat p\u00e9dagogique qu&rsquo;il est souvent difficile de les observer en vol.<\/span><\/span><\/p>\n<p><span style=\"color: #000000;\"><span style=\"font-size: large;\">3 esp\u00e8ces:<\/span><\/span><\/p>\n<p>&nbsp;<\/p>\n<ul>\n<li><span style=\"color: #000000;\">Chouette Chev\u00eache<\/span><\/li>\n<li><span style=\"color: #000000;\">Chouette effraie<\/span><\/li>\n<li><span style=\"color: #000000;\">Hibou Grand-Duc<\/span><\/li>\n<\/ul>\n<p>&nbsp;<\/p>\n<p>[\/et_pb_text][et_pb_text admin_label=\u00a0\u00bbTitre Kit comment commander\u00a0\u00bb _builder_version=\u00a0\u00bb4.27.0&Prime; background_color=\u00a0\u00bb#8300e9&Prime; custom_padding=\u00a0\u00bb5px|5px|5px|5px\u00a0\u00bb custom_padding_tablet=\u00a0\u00bb\u00a0\u00bb custom_padding_phone=\u00a0\u00bb\u00a0\u00bb custom_padding_last_edited=\u00a0\u00bbon|\u00a0\u00bb global_colors_info=\u00a0\u00bb{}\u00a0\u00bb]<\/p>\n<h2>Comment commander ?<\/h2>\n<p>[\/et_pb_text][et_pb_text admin_label=\u00a0\u00bbKits: Comment commander\u00a0\u00bb _builder_version=\u00a0\u00bb4.27.0&Prime; background_size=\u00a0\u00bbinitial\u00a0\u00bb background_position=\u00a0\u00bbtop_left\u00a0\u00bb background_repeat=\u00a0\u00bbrepeat\u00a0\u00bb background_layout=\u00a0\u00bbdark\u00a0\u00bb use_border_color=\u00a0\u00bboff\u00a0\u00bb global_colors_info=\u00a0\u00bb{}\u00a0\u00bb]<\/p>\n<p><span style=\"color: #0000ff;\"><a style=\"color: #0000ff;\" href=\"https:\/\/art-et-culture-du-monde.fr\/blog\/contact\/\" target=\"_blank\" rel=\"noopener\"><span style=\"font-size: large;\">Me contacter pour la commande.<\/span><\/a><\/span><\/p>\n<p><span style=\"color: #000000;\"><span style=\"font-size: large;\">Le paiement est \u00e0 effectuer \u00e0 la commande par ch\u00e8que ou virement. Les silhouettes sont dessin\u00e9es \u00e0 la main et d\u00e9coup\u00e9es \u00e0 la demande. Pr\u00e9voir un d\u00e9lai de 15 jours.<\/span><\/span><\/p>\n<p>[\/et_pb_text][et_pb_image align_tablet=\u00a0\u00bbcenter\u00a0\u00bb align_phone=\u00a0\u00bbcenter\u00a0\u00bb align_last_edited=\u00a0\u00bbon|desktop\u00a0\u00bb _builder_version=\u00a0\u00bb4.16&Prime; global_colors_info=\u00a0\u00bb{}\u00a0\u00bb][\/et_pb_image][\/et_pb_column][\/et_pb_row][et_pb_row admin_label=\u00a0\u00bbrow\u00a0\u00bb _builder_version=\u00a0\u00bb4.16&Prime; background_size=\u00a0\u00bbinitial\u00a0\u00bb background_position=\u00a0\u00bbtop_left\u00a0\u00bb background_repeat=\u00a0\u00bbrepeat\u00a0\u00bb global_colors_info=\u00a0\u00bb{}\u00a0\u00bb][et_pb_column type=\u00a0\u00bb4_4&Prime; _builder_version=\u00a0\u00bb4.16&Prime; custom_padding=\u00a0\u00bb|||\u00a0\u00bb global_colors_info=\u00a0\u00bb{}\u00a0\u00bb custom_padding__hover=\u00a0\u00bb|||\u00a0\u00bb][et_pb_text admin_label=\u00a0\u00bbBas de page \/ liens retour\u00a0\u00bb _builder_version=\u00a0\u00bb4.16&Prime; background_color=\u00a0\u00bb#7cda24&Prime; background_size=\u00a0\u00bbinitial\u00a0\u00bb background_position=\u00a0\u00bbtop_left\u00a0\u00bb background_repeat=\u00a0\u00bbrepeat\u00a0\u00bb custom_padding=\u00a0\u00bb|140px||140px\u00a0\u00bb custom_padding_tablet=\u00a0\u00bb\u00a0\u00bb custom_padding_phone=\u00a0\u00bb|20px||20px\u00a0\u00bb custom_padding_last_edited=\u00a0\u00bbon|phone\u00a0\u00bb use_border_color=\u00a0\u00bboff\u00a0\u00bb border_color=\u00a0\u00bb#ffffff\u00a0\u00bb border_style=\u00a0\u00bbsolid\u00a0\u00bb saved_tabs=\u00a0\u00bball\u00a0\u00bb global_colors_info=\u00a0\u00bb{}\u00a0\u00bb]<\/p>\n<p style=\"text-align: center;\"><a href='' class='small-button smallblue'><span style=\"font-size: large;\"> Retour vers nos th\u00e8mes d&rsquo;activit\u00e9<\/a><\/span><\/p>\n<p style=\"text-align: center;\">\u00a0<\/p>\n<p>[\/et_pb_text][\/et_pb_column][\/et_pb_row][\/et_pb_section]<\/p>\n","protected":false},"excerpt":{"rendered":"<p>Pour vos le\u00e7ons, pour compl\u00e9ter votre exposition, ou tout simplement pour une d\u00e9coration th\u00e9matique, je vous propose quelques outils valid\u00e9s par l&rsquo;exp\u00e9rience. Rien ne remplacera l&rsquo;interaction humaine, toutefois, un outil bien choisi peut \u00eatre un support tr\u00e8s efficace pour faire passer les messages que vous souhaitez. Exemples de silhouettes de rapacesLes enfants comme les adultes [&hellip;]<\/p>\n","protected":false},"author":1,"featured_media":0,"parent":0,"menu_order":0,"comment_status":"closed","ping_status":"closed","template":"","meta":{"_et_pb_use_builder":"on","_et_pb_old_content":"<p>EN CONSTRUCTION<\/p>","_et_gb_content_width":"","footnotes":""},"class_list":["post-1624","page","type-page","status-publish","hentry"],"yoast_head":"<!-- This site is optimized with the Yoast SEO plugin v27.2 - https:\/\/yoast.com\/product\/yoast-seo-wordpress\/ -->\n<title>Outils P\u00e9dagogiques - La Nature d&#039;Eric<\/title>\n<meta name=\"description\" content=\"Pour vous aider \u00e0 illustrer vos le\u00e7ons ou expositions, voici pour tous les \u00e2ges des outils p\u00e9dagogiques valid\u00e9s par l&#039;exp\u00e9rience. Rien ne vaut le concret !\" \/>\n<meta name=\"robots\" content=\"index, follow, max-snippet:-1, max-image-preview:large, max-video-preview:-1\" \/>\n<link rel=\"canonical\" href=\"https:\/\/art-et-culture-du-monde.fr\/blog\/outils-pedagogiques-2\/\" \/>\n<meta property=\"og:locale\" content=\"fr_FR\" \/>\n<meta property=\"og:type\" content=\"article\" \/>\n<meta property=\"og:title\" content=\"Outils P\u00e9dagogiques - La Nature d&#039;Eric\" \/>\n<meta property=\"og:description\" content=\"Pour vous aider \u00e0 illustrer vos le\u00e7ons ou expositions, voici pour tous les \u00e2ges des outils p\u00e9dagogiques valid\u00e9s par l&#039;exp\u00e9rience. Rien ne vaut le concret !\" \/>\n<meta property=\"og:url\" content=\"https:\/\/art-et-culture-du-monde.fr\/blog\/outils-pedagogiques-2\/\" \/>\n<meta property=\"og:site_name\" content=\"La Nature d&#039;Eric\" \/>\n<meta property=\"article:publisher\" content=\"https:\/\/www.facebook.com\/Art-et-Culture-du-Monde-ACM-175103796680\/\" \/>\n<meta property=\"article:modified_time\" content=\"2024-09-29T16:57:39+00:00\" \/>\n<meta property=\"og:image\" content=\"https:\/\/art-et-culture-du-monde.fr\/blog\/wp-content\/uploads\/2017\/03\/animation-red.jpg\" \/>\n<meta name=\"twitter:card\" content=\"summary_large_image\" \/>\n<meta name=\"twitter:label1\" content=\"Dur\u00e9e de lecture estim\u00e9e\" \/>\n\t<meta name=\"twitter:data1\" content=\"5 minutes\" \/>\n<script type=\"application\/ld+json\" class=\"yoast-schema-graph\">{\"@context\":\"https:\/\/schema.org\",\"@graph\":[{\"@type\":\"WebPage\",\"@id\":\"https:\/\/art-et-culture-du-monde.fr\/blog\/outils-pedagogiques-2\/\",\"url\":\"https:\/\/art-et-culture-du-monde.fr\/blog\/outils-pedagogiques-2\/\",\"name\":\"Outils P\u00e9dagogiques - La Nature d&#039;Eric\",\"isPartOf\":{\"@id\":\"https:\/\/art-et-culture-du-monde.fr\/blog\/#website\"},\"primaryImageOfPage\":{\"@id\":\"https:\/\/art-et-culture-du-monde.fr\/blog\/outils-pedagogiques-2\/#primaryimage\"},\"image\":{\"@id\":\"https:\/\/art-et-culture-du-monde.fr\/blog\/outils-pedagogiques-2\/#primaryimage\"},\"thumbnailUrl\":\"https:\/\/art-et-culture-du-monde.fr\/blog\/wp-content\/uploads\/2017\/03\/animation-red.jpg\",\"datePublished\":\"2018-01-06T07:04:33+00:00\",\"dateModified\":\"2024-09-29T16:57:39+00:00\",\"description\":\"Pour vous aider \u00e0 illustrer vos le\u00e7ons ou expositions, voici pour tous les \u00e2ges des outils p\u00e9dagogiques valid\u00e9s par l'exp\u00e9rience. Rien ne vaut le concret !\",\"breadcrumb\":{\"@id\":\"https:\/\/art-et-culture-du-monde.fr\/blog\/outils-pedagogiques-2\/#breadcrumb\"},\"inLanguage\":\"fr-FR\",\"potentialAction\":[{\"@type\":\"ReadAction\",\"target\":[\"https:\/\/art-et-culture-du-monde.fr\/blog\/outils-pedagogiques-2\/\"]}]},{\"@type\":\"ImageObject\",\"inLanguage\":\"fr-FR\",\"@id\":\"https:\/\/art-et-culture-du-monde.fr\/blog\/outils-pedagogiques-2\/#primaryimage\",\"url\":\"https:\/\/art-et-culture-du-monde.fr\/blog\/wp-content\/uploads\/2017\/03\/animation-red.jpg\",\"contentUrl\":\"https:\/\/art-et-culture-du-monde.fr\/blog\/wp-content\/uploads\/2017\/03\/animation-red.jpg\"},{\"@type\":\"BreadcrumbList\",\"@id\":\"https:\/\/art-et-culture-du-monde.fr\/blog\/outils-pedagogiques-2\/#breadcrumb\",\"itemListElement\":[{\"@type\":\"ListItem\",\"position\":1,\"name\":\"Accueil\",\"item\":\"https:\/\/art-et-culture-du-monde.fr\/blog\/\"},{\"@type\":\"ListItem\",\"position\":2,\"name\":\"Outils P\u00e9dagogiques\"}]},{\"@type\":\"WebSite\",\"@id\":\"https:\/\/art-et-culture-du-monde.fr\/blog\/#website\",\"url\":\"https:\/\/art-et-culture-du-monde.fr\/blog\/\",\"name\":\"La Nature d&#039;Eric\",\"description\":\"D\u00e9couvrir - Partager - Pr\u00e9server\",\"potentialAction\":[{\"@type\":\"SearchAction\",\"target\":{\"@type\":\"EntryPoint\",\"urlTemplate\":\"https:\/\/art-et-culture-du-monde.fr\/blog\/?s={search_term_string}\"},\"query-input\":{\"@type\":\"PropertyValueSpecification\",\"valueRequired\":true,\"valueName\":\"search_term_string\"}}],\"inLanguage\":\"fr-FR\"}]}<\/script>\n<!-- \/ Yoast SEO plugin. -->","yoast_head_json":{"title":"Outils P\u00e9dagogiques - La Nature d&#039;Eric","description":"Pour vous aider \u00e0 illustrer vos le\u00e7ons ou expositions, voici pour tous les \u00e2ges des outils p\u00e9dagogiques valid\u00e9s par l'exp\u00e9rience. Rien ne vaut le concret !","robots":{"index":"index","follow":"follow","max-snippet":"max-snippet:-1","max-image-preview":"max-image-preview:large","max-video-preview":"max-video-preview:-1"},"canonical":"https:\/\/art-et-culture-du-monde.fr\/blog\/outils-pedagogiques-2\/","og_locale":"fr_FR","og_type":"article","og_title":"Outils P\u00e9dagogiques - La Nature d&#039;Eric","og_description":"Pour vous aider \u00e0 illustrer vos le\u00e7ons ou expositions, voici pour tous les \u00e2ges des outils p\u00e9dagogiques valid\u00e9s par l'exp\u00e9rience. Rien ne vaut le concret !","og_url":"https:\/\/art-et-culture-du-monde.fr\/blog\/outils-pedagogiques-2\/","og_site_name":"La Nature d&#039;Eric","article_publisher":"https:\/\/www.facebook.com\/Art-et-Culture-du-Monde-ACM-175103796680\/","article_modified_time":"2024-09-29T16:57:39+00:00","og_image":[{"url":"https:\/\/art-et-culture-du-monde.fr\/blog\/wp-content\/uploads\/2017\/03\/animation-red.jpg","type":"","width":"","height":""}],"twitter_card":"summary_large_image","twitter_misc":{"Dur\u00e9e de lecture estim\u00e9e":"5 minutes"},"schema":{"@context":"https:\/\/schema.org","@graph":[{"@type":"WebPage","@id":"https:\/\/art-et-culture-du-monde.fr\/blog\/outils-pedagogiques-2\/","url":"https:\/\/art-et-culture-du-monde.fr\/blog\/outils-pedagogiques-2\/","name":"Outils P\u00e9dagogiques - La Nature d&#039;Eric","isPartOf":{"@id":"https:\/\/art-et-culture-du-monde.fr\/blog\/#website"},"primaryImageOfPage":{"@id":"https:\/\/art-et-culture-du-monde.fr\/blog\/outils-pedagogiques-2\/#primaryimage"},"image":{"@id":"https:\/\/art-et-culture-du-monde.fr\/blog\/outils-pedagogiques-2\/#primaryimage"},"thumbnailUrl":"https:\/\/art-et-culture-du-monde.fr\/blog\/wp-content\/uploads\/2017\/03\/animation-red.jpg","datePublished":"2018-01-06T07:04:33+00:00","dateModified":"2024-09-29T16:57:39+00:00","description":"Pour vous aider \u00e0 illustrer vos le\u00e7ons ou expositions, voici pour tous les \u00e2ges des outils p\u00e9dagogiques valid\u00e9s par l'exp\u00e9rience. Rien ne vaut le concret !","breadcrumb":{"@id":"https:\/\/art-et-culture-du-monde.fr\/blog\/outils-pedagogiques-2\/#breadcrumb"},"inLanguage":"fr-FR","potentialAction":[{"@type":"ReadAction","target":["https:\/\/art-et-culture-du-monde.fr\/blog\/outils-pedagogiques-2\/"]}]},{"@type":"ImageObject","inLanguage":"fr-FR","@id":"https:\/\/art-et-culture-du-monde.fr\/blog\/outils-pedagogiques-2\/#primaryimage","url":"https:\/\/art-et-culture-du-monde.fr\/blog\/wp-content\/uploads\/2017\/03\/animation-red.jpg","contentUrl":"https:\/\/art-et-culture-du-monde.fr\/blog\/wp-content\/uploads\/2017\/03\/animation-red.jpg"},{"@type":"BreadcrumbList","@id":"https:\/\/art-et-culture-du-monde.fr\/blog\/outils-pedagogiques-2\/#breadcrumb","itemListElement":[{"@type":"ListItem","position":1,"name":"Accueil","item":"https:\/\/art-et-culture-du-monde.fr\/blog\/"},{"@type":"ListItem","position":2,"name":"Outils P\u00e9dagogiques"}]},{"@type":"WebSite","@id":"https:\/\/art-et-culture-du-monde.fr\/blog\/#website","url":"https:\/\/art-et-culture-du-monde.fr\/blog\/","name":"La Nature d&#039;Eric","description":"D\u00e9couvrir - Partager - Pr\u00e9server","potentialAction":[{"@type":"SearchAction","target":{"@type":"EntryPoint","urlTemplate":"https:\/\/art-et-culture-du-monde.fr\/blog\/?s={search_term_string}"},"query-input":{"@type":"PropertyValueSpecification","valueRequired":true,"valueName":"search_term_string"}}],"inLanguage":"fr-FR"}]}},"jetpack-related-posts":[],"jetpack_sharing_enabled":true,"_links":{"self":[{"href":"https:\/\/art-et-culture-du-monde.fr\/blog\/wp-json\/wp\/v2\/pages\/1624","targetHints":{"allow":["GET"]}}],"collection":[{"href":"https:\/\/art-et-culture-du-monde.fr\/blog\/wp-json\/wp\/v2\/pages"}],"about":[{"href":"https:\/\/art-et-culture-du-monde.fr\/blog\/wp-json\/wp\/v2\/types\/page"}],"author":[{"embeddable":true,"href":"https:\/\/art-et-culture-du-monde.fr\/blog\/wp-json\/wp\/v2\/users\/1"}],"replies":[{"embeddable":true,"href":"https:\/\/art-et-culture-du-monde.fr\/blog\/wp-json\/wp\/v2\/comments?post=1624"}],"version-history":[{"count":39,"href":"https:\/\/art-et-culture-du-monde.fr\/blog\/wp-json\/wp\/v2\/pages\/1624\/revisions"}],"predecessor-version":[{"id":3653,"href":"https:\/\/art-et-culture-du-monde.fr\/blog\/wp-json\/wp\/v2\/pages\/1624\/revisions\/3653"}],"wp:attachment":[{"href":"https:\/\/art-et-culture-du-monde.fr\/blog\/wp-json\/wp\/v2\/media?parent=1624"}],"curies":[{"name":"wp","href":"https:\/\/api.w.org\/{rel}","templated":true}]}}