{"id":1225,"date":"2017-04-10T12:51:31","date_gmt":"2017-04-10T10:51:31","guid":{"rendered":"http:\/\/art-et-culture-du-monde.fr\/blog\/?page_id=1225"},"modified":"2019-04-03T16:38:48","modified_gmt":"2019-04-03T14:38:48","slug":"pourquoi-faire-appel-a-nous","status":"publish","type":"page","link":"https:\/\/art-et-culture-du-monde.fr\/blog\/pourquoi-faire-appel-a-nous\/","title":{"rendered":"Pourquoi faire appel \u00e0 nous ?"},"content":{"rendered":"<p>[et_pb_section bb_built=\u00a0\u00bb1&Prime; admin_label=\u00a0\u00bbsection\u00a0\u00bb transparent_background=\u00a0\u00bboff\u00a0\u00bb background_color=\u00a0\u00bbrgba(124,226,77,0.54)\u00a0\u00bb allow_player_pause=\u00a0\u00bboff\u00a0\u00bb inner_shadow=\u00a0\u00bboff\u00a0\u00bb parallax=\u00a0\u00bboff\u00a0\u00bb parallax_method=\u00a0\u00bboff\u00a0\u00bb make_fullwidth=\u00a0\u00bboff\u00a0\u00bb use_custom_width=\u00a0\u00bboff\u00a0\u00bb width_unit=\u00a0\u00bbon\u00a0\u00bb custom_width_px=\u00a0\u00bb1080px\u00a0\u00bb custom_width_percent=\u00a0\u00bb80%\u00a0\u00bb make_equal=\u00a0\u00bboff\u00a0\u00bb use_custom_gutter=\u00a0\u00bboff\u00a0\u00bb fullwidth=\u00a0\u00bboff\u00a0\u00bb specialty=\u00a0\u00bboff\u00a0\u00bb disabled=\u00a0\u00bboff\u00a0\u00bb][et_pb_row admin_label=\u00a0\u00bbrow\u00a0\u00bb make_fullwidth=\u00a0\u00bboff\u00a0\u00bb use_custom_width=\u00a0\u00bboff\u00a0\u00bb width_unit=\u00a0\u00bbon\u00a0\u00bb custom_width_px=\u00a0\u00bb1080px\u00a0\u00bb custom_width_percent=\u00a0\u00bb80%\u00a0\u00bb use_custom_gutter=\u00a0\u00bboff\u00a0\u00bb gutter_width=\u00a0\u00bb3&Prime; background_color=\u00a0\u00bb#ffffff\u00a0\u00bb allow_player_pause=\u00a0\u00bboff\u00a0\u00bb parallax=\u00a0\u00bboff\u00a0\u00bb parallax_method=\u00a0\u00bboff\u00a0\u00bb make_equal=\u00a0\u00bboff\u00a0\u00bb parallax_1=\u00a0\u00bboff\u00a0\u00bb parallax_method_1=\u00a0\u00bboff\u00a0\u00bb parallax_2=\u00a0\u00bboff\u00a0\u00bb parallax_method_2=\u00a0\u00bbon\u00a0\u00bb parallax_3=\u00a0\u00bboff\u00a0\u00bb parallax_method_3=\u00a0\u00bbon\u00a0\u00bb parallax_4=\u00a0\u00bboff\u00a0\u00bb parallax_method_4=\u00a0\u00bbon\u00a0\u00bb disabled=\u00a0\u00bboff\u00a0\u00bb background_position=\u00a0\u00bbtop_left\u00a0\u00bb background_repeat=\u00a0\u00bbrepeat\u00a0\u00bb background_size=\u00a0\u00bbinitial\u00a0\u00bb][et_pb_column type=\u00a0\u00bb4_4&Prime;][et_pb_gallery _builder_version=\u00a0\u00bb3.19.7&Prime; gallery_ids=\u00a0\u00bb2024,1195,1193,1030&Prime; zoom_icon_color=\u00a0\u00bb#2ea3f2&Prime; hover_overlay_color=\u00a0\u00bbrgba(255,255,255,0.9)\u00a0\u00bb \/][et_pb_text use_border_color=\u00a0\u00bboff\u00a0\u00bb border_style=\u00a0\u00bbsolid\u00a0\u00bb disabled=\u00a0\u00bboff\u00a0\u00bb background_position=\u00a0\u00bbtop_left\u00a0\u00bb background_repeat=\u00a0\u00bbrepeat\u00a0\u00bb background_size=\u00a0\u00bbinitial\u00a0\u00bb _builder_version=\u00a0\u00bb3.12&Prime;]<\/p>\n<p><span style=\"font-size: large;\">Nos th\u00e8mes vous int\u00e9ressent mais vous h\u00e9sitez ? Alors, voici quelques raisons de nous choisir:<\/span><\/p>\n<p style=\"padding-left: 60px;\"><span style=\"font-size: large;\">&#8211; <strong>Comp\u00e9tence<\/strong> d&rsquo;animation reconnue (<a href=\"http:\/\/art-et-culture-du-monde.fr\/blog\/a-propos-de-art-et-culture-du-monde\/\" target=\"_blank\" rel=\"noopener\">Eric<\/a> est dipl\u00f4m\u00e9 du BTS G.P.N).<\/span><br \/>\n<span style=\"font-size: large;\"> &#8211; Du v\u00e9cu: Le dipl\u00f4me n&rsquo;est rien sans <strong>l&rsquo;exp\u00e9rience<\/strong> de l&rsquo;animation mais aussi des sujets choisis.<\/span><br \/>\n<span style=\"font-size: large;\"> &#8211; De la <strong>rigueur<\/strong>: Des faits, rien que des faits, refus de tout militantisme.<\/span><br \/>\n<span style=\"font-size: large;\"> &#8211; <strong>Adaptabilit\u00e9<\/strong>: <a href=\"http:\/\/art-et-culture-du-monde.fr\/blog\/a-propos-de-art-et-culture-du-monde\/\" target=\"_blank\" rel=\"noopener\">Eric<\/a> s&rsquo;adresse \u00e0 tous les publics de la grande section de maternelle jusqu&rsquo;aux adultes de tous \u00e2ges.<\/span><br \/>\n<span style=\"font-size: large;\"> &#8211; <strong>Flexibilit\u00e9<\/strong>: Vous avez en projet un sujet proche des n\u00f4tres mais ce n&rsquo;est pas tout \u00e0 fait le m\u00eame ? <a href=\"..\/contact\/\">Contactez-nous<\/a>, nous adaptons les interventions, et m\u00eame les panneaux d&rsquo;exposition, \u00e0 vos demandes.<\/span><\/p>\n<p style=\"padding-left: 60px;\"><span style=\"font-size: large;\">&#8211;<strong> Du fun et de l&rsquo;\u00e9change: Car on n&rsquo;est pas l\u00e0 pour s&rsquo;ennuyer!<\/strong><\/span><\/p>\n<p><span style=\"font-size: large;\">Alors, encore des h\u00e9sitations ? <a href=\"..\/contact\/\">Contactez-nous<\/a> !<\/span><\/p>\n<p><span style=\"font-size: large;\"><a href=\"..\/\">Retour \u00e0 l&rsquo;accueil<\/a><\/span><\/p>\n<p>[\/et_pb_text][et_pb_gallery _builder_version=\u00a0\u00bb3.12&Prime; gallery_ids=\u00a0\u00bb2296,2286,2263,1028&Prime; zoom_icon_color=\u00a0\u00bb#2ea3f2&Prime; hover_overlay_color=\u00a0\u00bbrgba(255,255,255,0.9)\u00a0\u00bb \/][\/et_pb_column][\/et_pb_row][\/et_pb_section]<\/p>\n","protected":false},"excerpt":{"rendered":"<p>Nos th\u00e8mes vous int\u00e9ressent mais vous h\u00e9sitez ? Alors, voici quelques raisons de nous choisir: &#8211; Comp\u00e9tence d&rsquo;animation reconnue (Eric est dipl\u00f4m\u00e9 du BTS G.P.N). &#8211; Du v\u00e9cu: Le dipl\u00f4me n&rsquo;est rien sans l&rsquo;exp\u00e9rience de l&rsquo;animation mais aussi des sujets choisis. &#8211; De la rigueur: Des faits, rien que des faits, refus de tout militantisme. [&hellip;]<\/p>\n","protected":false},"author":1,"featured_media":0,"parent":0,"menu_order":0,"comment_status":"closed","ping_status":"closed","template":"","meta":{"_et_pb_use_builder":"on","_et_pb_old_content":"<p>Nos th\u00e8mes vous int\u00e9ressent mais vous h\u00e9sitez ? Alors, voici quelques raisons de nous choisir:<\/p><ul><li>Comp\u00e9tence d'animation reconnue (Eric est dipl\u00f4m\u00e9 du BTS G.P.N).<\/li><li>Du v\u00e9cu: Le dipl\u00f4me n'est rien sans l'exp\u00e9rience de l'animation mais aussi des sujets choisis.<\/li><li>De la rigueur: Des faits, rien que des faits, refus de tout militantisme.<\/li><li>Adaptabilit\u00e9: Eric s'adresse \u00e0 tous les publics de la grande section de maternelle jusqu'aux adultes de tous \u00e2ges.<\/li><li>Flexibilit\u00e9: Vous avez en projet un sujet proche des notres mais ce n'est pas tout \u00e0 fait le m\u00eame ? Contactez-nous, nous adaptons les interventions et m\u00eame les panneaux d'exposition \u00e0 vos demandes.<\/li><li>Du fun et de l'\u00e9change: Car on n'est pas l\u00e0 pour s'ennuyer!<\/li><\/ul>","_et_gb_content_width":"","footnotes":""},"class_list":["post-1225","page","type-page","status-publish","hentry"],"yoast_head":"<!-- This site is optimized with the Yoast SEO plugin v27.2 - https:\/\/yoast.com\/product\/yoast-seo-wordpress\/ -->\n<title>Pourquoi faire appel \u00e0 nous ? - La Nature d&#039;Eric<\/title>\n<meta name=\"robots\" content=\"index, follow, max-snippet:-1, max-image-preview:large, max-video-preview:-1\" \/>\n<link rel=\"canonical\" href=\"https:\/\/art-et-culture-du-monde.fr\/blog\/pourquoi-faire-appel-a-nous\/\" \/>\n<meta property=\"og:locale\" content=\"fr_FR\" \/>\n<meta property=\"og:type\" content=\"article\" \/>\n<meta property=\"og:title\" content=\"Pourquoi faire appel \u00e0 nous ? - La Nature d&#039;Eric\" \/>\n<meta property=\"og:description\" content=\"Nos th\u00e8mes vous int\u00e9ressent mais vous h\u00e9sitez ? Alors, voici quelques raisons de nous choisir: - Comp\u00e9tence d&#039;animation reconnue (Eric est dipl\u00f4m\u00e9 du BTS G.P.N). - Du v\u00e9cu: Le dipl\u00f4me n&#039;est rien sans l&#039;exp\u00e9rience de l&#039;animation mais aussi des sujets choisis. - De la rigueur: Des faits, rien que des faits, refus de tout militantisme. [&hellip;]\" \/>\n<meta property=\"og:url\" content=\"https:\/\/art-et-culture-du-monde.fr\/blog\/pourquoi-faire-appel-a-nous\/\" \/>\n<meta property=\"og:site_name\" content=\"La Nature d&#039;Eric\" \/>\n<meta property=\"article:publisher\" content=\"https:\/\/www.facebook.com\/Art-et-Culture-du-Monde-ACM-175103796680\/\" \/>\n<meta property=\"article:modified_time\" content=\"2019-04-03T14:38:48+00:00\" \/>\n<meta name=\"twitter:card\" content=\"summary_large_image\" \/>\n<meta name=\"twitter:label1\" content=\"Dur\u00e9e de lecture estim\u00e9e\" \/>\n\t<meta name=\"twitter:data1\" content=\"2 minutes\" \/>\n<script type=\"application\/ld+json\" class=\"yoast-schema-graph\">{\"@context\":\"https:\/\/schema.org\",\"@graph\":[{\"@type\":\"WebPage\",\"@id\":\"https:\/\/art-et-culture-du-monde.fr\/blog\/pourquoi-faire-appel-a-nous\/\",\"url\":\"https:\/\/art-et-culture-du-monde.fr\/blog\/pourquoi-faire-appel-a-nous\/\",\"name\":\"Pourquoi faire appel \u00e0 nous ? - La Nature d&#039;Eric\",\"isPartOf\":{\"@id\":\"https:\/\/art-et-culture-du-monde.fr\/blog\/#website\"},\"datePublished\":\"2017-04-10T10:51:31+00:00\",\"dateModified\":\"2019-04-03T14:38:48+00:00\",\"breadcrumb\":{\"@id\":\"https:\/\/art-et-culture-du-monde.fr\/blog\/pourquoi-faire-appel-a-nous\/#breadcrumb\"},\"inLanguage\":\"fr-FR\",\"potentialAction\":[{\"@type\":\"ReadAction\",\"target\":[\"https:\/\/art-et-culture-du-monde.fr\/blog\/pourquoi-faire-appel-a-nous\/\"]}]},{\"@type\":\"BreadcrumbList\",\"@id\":\"https:\/\/art-et-culture-du-monde.fr\/blog\/pourquoi-faire-appel-a-nous\/#breadcrumb\",\"itemListElement\":[{\"@type\":\"ListItem\",\"position\":1,\"name\":\"Accueil\",\"item\":\"https:\/\/art-et-culture-du-monde.fr\/blog\/\"},{\"@type\":\"ListItem\",\"position\":2,\"name\":\"Pourquoi faire appel \u00e0 nous ?\"}]},{\"@type\":\"WebSite\",\"@id\":\"https:\/\/art-et-culture-du-monde.fr\/blog\/#website\",\"url\":\"https:\/\/art-et-culture-du-monde.fr\/blog\/\",\"name\":\"La Nature d&#039;Eric\",\"description\":\"D\u00e9couvrir - Partager - Pr\u00e9server\",\"potentialAction\":[{\"@type\":\"SearchAction\",\"target\":{\"@type\":\"EntryPoint\",\"urlTemplate\":\"https:\/\/art-et-culture-du-monde.fr\/blog\/?s={search_term_string}\"},\"query-input\":{\"@type\":\"PropertyValueSpecification\",\"valueRequired\":true,\"valueName\":\"search_term_string\"}}],\"inLanguage\":\"fr-FR\"}]}<\/script>\n<!-- \/ Yoast SEO plugin. -->","yoast_head_json":{"title":"Pourquoi faire appel \u00e0 nous ? - La Nature d&#039;Eric","robots":{"index":"index","follow":"follow","max-snippet":"max-snippet:-1","max-image-preview":"max-image-preview:large","max-video-preview":"max-video-preview:-1"},"canonical":"https:\/\/art-et-culture-du-monde.fr\/blog\/pourquoi-faire-appel-a-nous\/","og_locale":"fr_FR","og_type":"article","og_title":"Pourquoi faire appel \u00e0 nous ? - La Nature d&#039;Eric","og_description":"Nos th\u00e8mes vous int\u00e9ressent mais vous h\u00e9sitez ? Alors, voici quelques raisons de nous choisir: - Comp\u00e9tence d'animation reconnue (Eric est dipl\u00f4m\u00e9 du BTS G.P.N). - Du v\u00e9cu: Le dipl\u00f4me n'est rien sans l'exp\u00e9rience de l'animation mais aussi des sujets choisis. - De la rigueur: Des faits, rien que des faits, refus de tout militantisme. [&hellip;]","og_url":"https:\/\/art-et-culture-du-monde.fr\/blog\/pourquoi-faire-appel-a-nous\/","og_site_name":"La Nature d&#039;Eric","article_publisher":"https:\/\/www.facebook.com\/Art-et-Culture-du-Monde-ACM-175103796680\/","article_modified_time":"2019-04-03T14:38:48+00:00","twitter_card":"summary_large_image","twitter_misc":{"Dur\u00e9e de lecture estim\u00e9e":"2 minutes"},"schema":{"@context":"https:\/\/schema.org","@graph":[{"@type":"WebPage","@id":"https:\/\/art-et-culture-du-monde.fr\/blog\/pourquoi-faire-appel-a-nous\/","url":"https:\/\/art-et-culture-du-monde.fr\/blog\/pourquoi-faire-appel-a-nous\/","name":"Pourquoi faire appel \u00e0 nous ? - La Nature d&#039;Eric","isPartOf":{"@id":"https:\/\/art-et-culture-du-monde.fr\/blog\/#website"},"datePublished":"2017-04-10T10:51:31+00:00","dateModified":"2019-04-03T14:38:48+00:00","breadcrumb":{"@id":"https:\/\/art-et-culture-du-monde.fr\/blog\/pourquoi-faire-appel-a-nous\/#breadcrumb"},"inLanguage":"fr-FR","potentialAction":[{"@type":"ReadAction","target":["https:\/\/art-et-culture-du-monde.fr\/blog\/pourquoi-faire-appel-a-nous\/"]}]},{"@type":"BreadcrumbList","@id":"https:\/\/art-et-culture-du-monde.fr\/blog\/pourquoi-faire-appel-a-nous\/#breadcrumb","itemListElement":[{"@type":"ListItem","position":1,"name":"Accueil","item":"https:\/\/art-et-culture-du-monde.fr\/blog\/"},{"@type":"ListItem","position":2,"name":"Pourquoi faire appel \u00e0 nous ?"}]},{"@type":"WebSite","@id":"https:\/\/art-et-culture-du-monde.fr\/blog\/#website","url":"https:\/\/art-et-culture-du-monde.fr\/blog\/","name":"La Nature d&#039;Eric","description":"D\u00e9couvrir - Partager - Pr\u00e9server","potentialAction":[{"@type":"SearchAction","target":{"@type":"EntryPoint","urlTemplate":"https:\/\/art-et-culture-du-monde.fr\/blog\/?s={search_term_string}"},"query-input":{"@type":"PropertyValueSpecification","valueRequired":true,"valueName":"search_term_string"}}],"inLanguage":"fr-FR"}]}},"jetpack-related-posts":[],"jetpack_sharing_enabled":true,"_links":{"self":[{"href":"https:\/\/art-et-culture-du-monde.fr\/blog\/wp-json\/wp\/v2\/pages\/1225","targetHints":{"allow":["GET"]}}],"collection":[{"href":"https:\/\/art-et-culture-du-monde.fr\/blog\/wp-json\/wp\/v2\/pages"}],"about":[{"href":"https:\/\/art-et-culture-du-monde.fr\/blog\/wp-json\/wp\/v2\/types\/page"}],"author":[{"embeddable":true,"href":"https:\/\/art-et-culture-du-monde.fr\/blog\/wp-json\/wp\/v2\/users\/1"}],"replies":[{"embeddable":true,"href":"https:\/\/art-et-culture-du-monde.fr\/blog\/wp-json\/wp\/v2\/comments?post=1225"}],"version-history":[{"count":15,"href":"https:\/\/art-et-culture-du-monde.fr\/blog\/wp-json\/wp\/v2\/pages\/1225\/revisions"}],"predecessor-version":[{"id":2783,"href":"https:\/\/art-et-culture-du-monde.fr\/blog\/wp-json\/wp\/v2\/pages\/1225\/revisions\/2783"}],"wp:attachment":[{"href":"https:\/\/art-et-culture-du-monde.fr\/blog\/wp-json\/wp\/v2\/media?parent=1225"}],"curies":[{"name":"wp","href":"https:\/\/api.w.org\/{rel}","templated":true}]}}